{"id":31871,"date":"2026-04-17T10:45:48","date_gmt":"2026-04-17T13:45:48","guid":{"rendered":"https:\/\/com-automotive.com\/alternador24v-120a-lin-compatible-con-0124655478-para-daf-xf106-euro6\/"},"modified":"2026-04-17T10:45:48","modified_gmt":"2026-04-17T13:45:48","slug":"alternador24v-120a-lin-compatible-con-0124655478-para-daf-xf106-euro6","status":"publish","type":"product","link":"https:\/\/com-automotive.com\/es\/alternador24v-120a-lin-compatible-con-0124655478-para-daf-xf106-euro6\/","title":{"rendered":"Alternador24V 120A LIN compatible con 0124655478 para DAF XF106 Euro6<span class=\"product-sku\" style=\"display: block; font-size: 0.85em; color: #777; margin-top: 5px; margin-bottom: 5px;\">SKU: 8000.5478-COM<\/span>"},"content":{"rendered":"<h1><strong>COM-AUTOMOTIVE, producto con Calidad y Dise\u00f1o Original.<\/strong><\/h1>\n<p>Alternador24V 120A LIN compatible con 0124655478 para DAF XF106 Euro6<\/p>\n<h2>Preguntas m\u00e1s frecuentes<\/h2>\n<h3><strong>\u00bfCu\u00e1les son las referencias cruzadas de este producto de la marca COM Automotive?<\/strong><\/h3>\n<p>2022546, 0124655477, 0124655478, 72572744, MG1200, 11209775, AAN8310, IA9561, 0124655477, 0124655478, 21635N, 0124655478, 8000.5478-COM, 80005478-COM, 80005478<\/p>\n<h2><strong>Tabla de aplicaci\u00f3n<\/strong><\/h2>\n<p>A\u00f1o<br \/>\nmodelo CF FA 330 05.2013 &#8211; &#8230;<br \/>\nCF FA 340 05.2017 &#8211; &#8230;<br \/>\nCF FA 370 05.2017 &#8211; &#8230;<br \/>\nCF FA 370 05.2013 &#8211; &#8230;<br \/>\nCF FA 400 05.2013 &#8211; &#8230;<br \/>\nCF FA 400 05.2013 &#8211; &#8230;<br \/>\nCF FA 410 10.2017 &#8211; &#8230;<br \/>\nCF FA 410 05.2013 &#8211; &#8230;<br \/>\nCF FA 410 05.2013 &#8211; &#8230;<br \/>\nCF FA 430 10.2017 &#8211; &#8230;<br \/>\nCF FA 440 05.2013 &#8211; &#8230;<br \/>\nCF FA 440 05.2013 &#8211; &#8230;<br \/>\nCF FA 450 05.2017 &#8211; &#8230;<br \/>\nCF FA 460 05.2013 &#8211; &#8230;<br \/>\nCF FA 460 05.2013 &#8211; &#8230;<br \/>\nCF FA 480 05.2017 &#8211; &#8230;<br \/>\nCF FA 510 05.2013 &#8211; &#8230;<br \/>\nCF FA 510 05.2013 &#8211; &#8230;<br \/>\nCF FA 530 05.2017 &#8211; &#8230;<br \/>\nCF FAC 370 05.2017 &#8211; &#8230;<br \/>\nCF FAC 400 12.2015 &#8211; &#8230;<br \/>\nCF FAC 410 12.2015 &#8211; &#8230;<br \/>\nCF FAC 410 10.2017 &#8211; &#8230;<br \/>\nCF FAC 430 05.2017 &#8211; &#8230;<br \/>\nCF FAC 440 12.2015 &#8211; &#8230;<br \/>\nCF FAC 450 05.2017 &#8211; &#8230;<br \/>\nCF FAC 460 12.2015 &#8211; &#8230;<br \/>\nCF FAC 480 05.2017 &#8211; &#8230;<br \/>\nCF FAC 510 12.2015 &#8211; &#8230;<br \/>\nCF FAC 530 05.2017 &#8211; &#8230;<br \/>\nCF FAD 290 05.2013 &#8211; &#8230;<br \/>\nCF FAD 290 05.2013 &#8211; &#8230;<br \/>\nCF FAD 330 05.2013 &#8211; &#8230;<br \/>\nCF FAD 330 05.2013 &#8211; &#8230;<br \/>\nCF FAD 370 05.2013 &#8211; &#8230;<br \/>\nCF FAD 370 05.2017 &#8211; &#8230;<br \/>\nCF FAD 370 05.2017 &#8211; &#8230;<br \/>\nCF FAD 370 05.2013 &#8211; &#8230;<br \/>\nCF FAD 400 05.2013 &#8211; &#8230;<br \/>\nCF FAD 400 05.2013 &#8211; &#8230;<br \/>\nCF FAD 410 10.2017 &#8211; &#8230;<br \/>\nCF FAD 410 10.2017 &#8211; &#8230;<br \/>\nCF FAD 410 05.2013 &#8211; &#8230;<br \/>\nCF FAD 410 05.2013 &#8211; &#8230;<br \/>\nCF FAD 430 05.2017 &#8211; &#8230;<br \/>\nCF FAD 430 05.2017 &#8211; &#8230;<br \/>\nCF FAD 440 05.2013 &#8211; &#8230;<br \/>\nCF FAD 440 05.2013 &#8211; &#8230;<br \/>\nCF FAD 450 05.2017 &#8211; &#8230;<br \/>\nCF FAD 450 05.2017 &#8211; &#8230;<br \/>\nCF FAD 460 05.2013 &#8211; &#8230;<br \/>\nCF FAD 460 05.2013 &#8211; &#8230;<br \/>\nCF FAD 480 05.2017 &#8211; &#8230;<br \/>\nCF FAD 480 05.2017 &#8211; &#8230;<br \/>\nCF FAD 510 05.2013 &#8211; &#8230;<br \/>\nCF FAD 510 05.2013 &#8211; &#8230;<br \/>\nCF FAD 530 05.2017 &#8211; &#8230;<br \/>\nCF FAD 530 05.2017 &#8211; &#8230;<br \/>\nCF FAG 300 05.2017 &#8211; &#8230;<br \/>\nCF FAG 340 05.2017 &#8211; &#8230;<br \/>\nCF FAG 370 05.2017 &#8211; &#8230;<br \/>\nCF FAG 410 05.2017 &#8211; &#8230;<br \/>\nCF FAG 450 05.2017 &#8211; &#8230;<br \/>\nCF FAK 370 05.2017 &#8211; &#8230;<br \/>\nCF FAK 410 10.2017 &#8211; &#8230;<br \/>\nCF FAK 430 05.2017 &#8211; &#8230;<br \/>\nCF FAK 450 05.2017 &#8211; &#8230;<br \/>\nCF FAK 480 05.2017 &#8211; &#8230;<br \/>\nCF FAK 530 05.2017 &#8211; &#8230;<br \/>\nCF FAN 290, FAG 290 05.2013 &#8211; &#8230;<br \/>\nCF FAN 300 05.2017 &#8211; &#8230;<br \/>\nCF FAN 330, FAG 330 05.2013 &#8211; &#8230;<br \/>\nCF FAN 340 05.2017 &#8211; &#8230;<br \/>\nCF FAN 370 05.2017 &#8211; &#8230;<br \/>\nCF FAN 370 05.2017 &#8211; &#8230;<br \/>\nCF FAN 370, FAG 370 05.2013 &#8211; &#8230;<br \/>\nCF FAN 400, FAG 400 05.2013 &#8211; &#8230;<br \/>\nCF FAN 410 05.2017 &#8211; &#8230;<br \/>\nCF FAN 410 05.2017 &#8211; &#8230;<br \/>\nCF FAN 410, FAG 410 05.2013 &#8211; &#8230;<br \/>\nCF FAN 430 05.2017 &#8211; &#8230;<br \/>\nCF FAN 430 05.2017 &#8211; &#8230;<br \/>\nCF FAN 440, FAG 440 05.2013 &#8211; &#8230;<br \/>\nCF FAN 450 05.2017 &#8211; &#8230;<br \/>\nCF FAN 450 05.2017 &#8211; &#8230;<br \/>\nCF FAN 460, FAG 460 05.2013 &#8211; &#8230;<br \/>\nCF FAN 480 05.2017 &#8211; &#8230;<br \/>\nCF FAN 480 05.2017 &#8211; &#8230;<br \/>\nCF FAN 510, FAG 510 05.2013 &#8211; &#8230;<br \/>\nCF FAN 530 05.2017 &#8211; &#8230;<br \/>\nCF FAN 530 05.2017 &#8211; &#8230;<br \/>\nCF FAQ 370 05.2017 &#8211; &#8230;<br \/>\nCF FAQ 400, FAX 400 12.2015 &#8211; &#8230;<\/p>\n<div><strong>ATENCI\u00d3N:<\/strong><\/div>\n<div>Recomendamos que la instalaci\u00f3n del producto sea realizada por un profesional capacitado y especializado.<\/div>\n<div>Somente realize a compra deste produto com a certeza que ele seja compat\u00edvel com seu ve\u00edculo, caso tenha d\u00favidas, n\u00e3o hesite em nos procurar. Nuestro horario de apertura es de lunes a viernes de 8 a 18 h.<\/div>\n<div><\/div>\n<div><strong>SOBRE NOSOTROS:<\/strong><\/div>\n<div>COM Automotive est\u00e1 especializada en piezas de autom\u00f3vil de dise\u00f1o original para el sector de la reparaci\u00f3n posventa, clientes industriales y fabricantes de veh\u00edculos especiales OEM.<\/div>\n<div>Nuestro equipo tiene m\u00e1s de 28 a\u00f1os de experiencia en la fabricaci\u00f3n y el suministro de piezas de automoci\u00f3n a escala mundial.<\/div>\n<div>Nuestra <strong>MISI\u00d3N <\/strong> es ofrecer productos de dise\u00f1o original con una calidad impecable y una sustituci\u00f3n personalizada.<\/div>\n<div>Nuestra <strong>VISI\u00d3N<\/strong> es promover el crecimiento y un valor inigualable para nuestros clientes.<\/div>\n<div><\/div>\n<div><strong>DISE\u00d1O ORIGINAL<\/strong><\/div>\n<div>El t\u00e9rmino \u00abDise\u00f1o Original\u00bb se refiere a la percepci\u00f3n \u00fanica e innovadora y a la propuesta de valor de los productos de COM Automotive, as\u00ed como a la experiencia ofrecida durante su compra. Esto abarca no solo el empaque y la est\u00e9tica del producto, sino tambi\u00e9n la autenticidad y creatividad de la marca.  COM Automotive busca ofrecer productos de alta calidad que satisfagan las necesidades de la industria del mercado de repuestos, aline\u00e1ndose con su Visi\u00f3n, Misi\u00f3n y Valores.<\/div>\n<div><\/div>\n<div><strong>NOTAR:<\/strong><\/div>\n<div>C\u00f3digo de Protecci\u00f3n al Consumidor (CDC): La Ley N\u00b0 8.078, de 11 de septiembre de 1990, establece que la informaci\u00f3n proporcionada al consumidor debe ser clara y precisa. El art\u00edculo 31 del CDC exige que la publicidad y el etiquetado de los productos y servicios sean veraces y no induzcan a error al consumidor.  Esto incluye asegurarse de que la informaci\u00f3n sobre la compatibilidad, la marca y las caracter\u00edsticas se describa correctamente para evitar malentendidos. El uso del t\u00e9rmino &#8216;compatible&#8217; tambi\u00e9n est\u00e1 regulado por los grandes mercados del mercado para la catalogaci\u00f3n adecuada de productos y la aplicaci\u00f3n automotriz.<\/div>\n","protected":false},"excerpt":{"rendered":"<p>8000.5478-COM. Compatible con: 2022546, 0124655477, 0124655478, 72572744, MG1200, 11209775, AAN8310, IA9561, 0124655477, 0124655478, 21635N, 0124655478, 8000.5478-COM, 80005478-COM, 80005478. Marca: COM Automotive &#8211; Producto con calidad y dise\u00f1o original.<\/p>\n","protected":false},"featured_media":31869,"comment_status":"open","ping_status":"closed","template":"","meta":[],"product_brand":[],"product_cat":[8109],"product_tag":[44172,44173,44176,44171,44179,44174,44180,44182,44181,44177,44178,44175],"class_list":{"0":"post-31871","1":"product","2":"type-product","3":"status-publish","4":"has-post-thumbnail","6":"product_cat-alternador-es-2","7":"product_tag-44172","8":"product_tag-44173","9":"product_tag-44176","10":"product_tag-44171","11":"product_tag-21635n","12":"product_tag-44174","13":"product_tag-8000-5478-com","14":"product_tag-44182","15":"product_tag-80005478-com","16":"product_tag-aan8310","17":"product_tag-ia9561","18":"product_tag-mg1200","20":"first","21":"instock","22":"taxable","23":"shipping-taxable","24":"purchasable","25":"product-type-simple"},"_links":{"self":[{"href":"https:\/\/com-automotive.com\/es\/wp-json\/wp\/v2\/product\/31871","targetHints":{"allow":["GET"]}}],"collection":[{"href":"https:\/\/com-automotive.com\/es\/wp-json\/wp\/v2\/product"}],"about":[{"href":"https:\/\/com-automotive.com\/es\/wp-json\/wp\/v2\/types\/product"}],"replies":[{"embeddable":true,"href":"https:\/\/com-automotive.com\/es\/wp-json\/wp\/v2\/comments?post=31871"}],"wp:featuredmedia":[{"embeddable":true,"href":"https:\/\/com-automotive.com\/es\/wp-json\/wp\/v2\/media\/31869"}],"wp:attachment":[{"href":"https:\/\/com-automotive.com\/es\/wp-json\/wp\/v2\/media?parent=31871"}],"wp:term":[{"taxonomy":"product_brand","embeddable":true,"href":"https:\/\/com-automotive.com\/es\/wp-json\/wp\/v2\/product_brand?post=31871"},{"taxonomy":"product_cat","embeddable":true,"href":"https:\/\/com-automotive.com\/es\/wp-json\/wp\/v2\/product_cat?post=31871"},{"taxonomy":"product_tag","embeddable":true,"href":"https:\/\/com-automotive.com\/es\/wp-json\/wp\/v2\/product_tag?post=31871"}],"curies":[{"name":"wp","href":"https:\/\/api.w.org\/{rel}","templated":true}]}}