{"id":31836,"date":"2026-04-15T21:20:27","date_gmt":"2026-04-16T00:20:27","guid":{"rendered":"https:\/\/com-automotive.com\/motor-de-arranque-12v-9t-22kw-compatible-con-0001218159-para-ducato-boxer-25\/"},"modified":"2026-04-15T21:27:56","modified_gmt":"2026-04-16T00:27:56","slug":"motor-de-arranque-12v-9t-22kw-compatible-con-0001218159-para-ducato-boxer-25","status":"publish","type":"product","link":"https:\/\/com-automotive.com\/es\/motor-de-arranque-12v-9t-22kw-compatible-con-0001218159-para-ducato-boxer-25\/","title":{"rendered":"Motor de arranque 12V 9T 2,2Kw compatible con 0001218159 para Ducato Boxer 2,5<span class=\"product-sku\" style=\"display: block; font-size: 0.85em; color: #777; margin-top: 5px; margin-bottom: 5px;\">SKU: 6000.8159-COM<\/span>"},"content":{"rendered":"<h1><strong>COM-AUTOMOTIVE, producto con Calidad y Dise\u00f1o Original.<\/strong><\/h1>\n<p>Motor de arranque 12V 9T 2,2Kw compatible con 0001218159 para Ducato Boxer 2,5<\/p>\n<h2>Preguntas m\u00e1s frecuentes<\/h2>\n<h3><strong>\u00bfCu\u00e1les son las referencias cruzadas de este producto de la marca COM Automotive?<\/strong><\/h3>\n<p>130019808, 1300198080, 46231643, 46231646, 71721242, 71782324, K1300198080, 131955508, 5802-EC, 5802-Y1, 5802-Y2, 5802EC, 5802V4, 5802Y1, 5802Y2, 0001218159, 0001218759, 0986017020, 72735639, MS1085, MS11, 458504, EURO 20538, 0001218159, 0001218759, 0986017020, 35259950, 33221N, 0001218159, 6000.8159-COM, 60008159-COM, 60008159<\/p>\n<h2><strong>Tabla de aplicaci\u00f3n<\/strong><\/h2>\n<div><strong>ATENCI\u00d3N:<\/strong><\/div>\n<div>Recomendamos que la instalaci\u00f3n del producto sea realizada por un profesional capacitado y especializado.<\/div>\n<div>Somente realize a compra deste produto com a certeza que ele seja compat\u00edvel com seu ve\u00edculo, caso tenha d\u00favidas, n\u00e3o hesite em nos procurar. Nuestro horario de apertura es de lunes a viernes de 8 a 18 h.<\/div>\n<div><\/div>\n<div><strong>SOBRE NOSOTROS:<\/strong><\/div>\n<div>COM Automotive est\u00e1 especializada en piezas de autom\u00f3vil de dise\u00f1o original para el sector de la reparaci\u00f3n posventa, clientes industriales y fabricantes de veh\u00edculos especiales OEM.<\/div>\n<div>Nuestro equipo tiene m\u00e1s de 28 a\u00f1os de experiencia en la fabricaci\u00f3n y el suministro de piezas de automoci\u00f3n a escala mundial.<\/div>\n<div>Nuestra <strong>MISI\u00d3N <\/strong> es ofrecer productos de dise\u00f1o original con una calidad impecable y una sustituci\u00f3n personalizada.<\/div>\n<div>Nuestra <strong>VISI\u00d3N<\/strong> es promover el crecimiento y un valor inigualable para nuestros clientes.<\/div>\n<div><\/div>\n<div><strong>DISE\u00d1O ORIGINAL<\/strong><\/div>\n<div>El t\u00e9rmino \u00abDise\u00f1o Original\u00bb se refiere a la percepci\u00f3n \u00fanica e innovadora y a la propuesta de valor de los productos de COM Automotive, as\u00ed como a la experiencia ofrecida durante su compra. Esto abarca no solo el empaque y la est\u00e9tica del producto, sino tambi\u00e9n la autenticidad y creatividad de la marca.  COM Automotive busca ofrecer productos de alta calidad que satisfagan las necesidades de la industria del mercado de repuestos, aline\u00e1ndose con su Visi\u00f3n, Misi\u00f3n y Valores.<\/div>\n<div><\/div>\n<div><strong>NOTAR:<\/strong><\/div>\n<div>C\u00f3digo de Protecci\u00f3n al Consumidor (CDC): La Ley N\u00b0 8.078, de 11 de septiembre de 1990, establece que la informaci\u00f3n proporcionada al consumidor debe ser clara y precisa. El art\u00edculo 31 del CDC exige que la publicidad y el etiquetado de los productos y servicios sean veraces y no induzcan a error al consumidor.  Esto incluye asegurarse de que la informaci\u00f3n sobre la compatibilidad, la marca y las caracter\u00edsticas se describa correctamente para evitar malentendidos. El uso del t\u00e9rmino &#8216;compatible&#8217; tambi\u00e9n est\u00e1 regulado por los grandes mercados del mercado para la catalogaci\u00f3n adecuada de productos y la aplicaci\u00f3n automotriz.<\/div>\n","protected":false},"excerpt":{"rendered":"<p>6000.8159-COM. Compatible con: 130019808, 1300198080, 46231643, 46231646, 71721242, 71782324, K1300198080, 131955508, 5802-EC, 5802-Y1, 5802-Y2, 5802EC, 5802V4, 5802Y1, 5802Y2, 0001218159, 0001218759, 0986017020, 72735639, MS1085, MS11, 458504, EURO 20538, 0001218159, 0001218759, 0986017020, 35259950, 33221N, 0001218159, 6000.8159-COM, 60008159-COM, 60008159. Marca: COM Automotive &#8211; Producto con calidad y dise\u00f1o original.<\/p>\n","protected":false},"featured_media":31831,"comment_status":"open","ping_status":"closed","template":"","meta":[],"product_brand":[],"product_cat":[8119],"product_tag":[44131,44149,44132,44134,14247,44140,44155,44154,44133,44135,44136,44141,44142,44143,44144,44145,44147,44148,44156,44158,44157,44137,44138,44150,44153,44139,44151,44152],"class_list":{"0":"post-31836","1":"product","2":"type-product","3":"status-publish","4":"has-post-thumbnail","6":"product_cat-motor-de-arranque","7":"product_tag-44131","8":"product_tag-44149","9":"product_tag-44132","10":"product_tag-44134","11":"product_tag-1300198080-es","12":"product_tag-44140","13":"product_tag-33221n","14":"product_tag-44154","15":"product_tag-44133","16":"product_tag-44135","17":"product_tag-44136","18":"product_tag-5802-ec","19":"product_tag-5802-y1","20":"product_tag-5802-y2","21":"product_tag-5802ec","22":"product_tag-5802v4","23":"product_tag-5802y1","24":"product_tag-5802y2","25":"product_tag-6000-8159-com","26":"product_tag-44158","27":"product_tag-60008159-com","28":"product_tag-44137","29":"product_tag-44138","30":"product_tag-44150","31":"product_tag-euro-20538","32":"product_tag-k1300198080","33":"product_tag-ms1085","34":"product_tag-ms11","36":"first","37":"instock","38":"taxable","39":"shipping-taxable","40":"purchasable","41":"product-type-simple"},"_links":{"self":[{"href":"https:\/\/com-automotive.com\/es\/wp-json\/wp\/v2\/product\/31836","targetHints":{"allow":["GET"]}}],"collection":[{"href":"https:\/\/com-automotive.com\/es\/wp-json\/wp\/v2\/product"}],"about":[{"href":"https:\/\/com-automotive.com\/es\/wp-json\/wp\/v2\/types\/product"}],"replies":[{"embeddable":true,"href":"https:\/\/com-automotive.com\/es\/wp-json\/wp\/v2\/comments?post=31836"}],"wp:featuredmedia":[{"embeddable":true,"href":"https:\/\/com-automotive.com\/es\/wp-json\/wp\/v2\/media\/31831"}],"wp:attachment":[{"href":"https:\/\/com-automotive.com\/es\/wp-json\/wp\/v2\/media?parent=31836"}],"wp:term":[{"taxonomy":"product_brand","embeddable":true,"href":"https:\/\/com-automotive.com\/es\/wp-json\/wp\/v2\/product_brand?post=31836"},{"taxonomy":"product_cat","embeddable":true,"href":"https:\/\/com-automotive.com\/es\/wp-json\/wp\/v2\/product_cat?post=31836"},{"taxonomy":"product_tag","embeddable":true,"href":"https:\/\/com-automotive.com\/es\/wp-json\/wp\/v2\/product_tag?post=31836"}],"curies":[{"name":"wp","href":"https:\/\/api.w.org\/{rel}","templated":true}]}}