{"id":31706,"date":"2026-01-28T20:42:01","date_gmt":"2026-01-28T23:42:01","guid":{"rendered":"https:\/\/com-automotive.com\/12v-11t-1-7kw-motor-de-arranque-m000t25171-chrysler-jeep-toro-compass-diesel-2016\/"},"modified":"2026-01-28T20:42:01","modified_gmt":"2026-01-28T23:42:01","slug":"12v-11t-1-7kw-motor-de-arranque-m000t25171-chrysler-jeep-toro-compass-diesel-2016","status":"publish","type":"product","link":"https:\/\/com-automotive.com\/es\/12v-11t-1-7kw-motor-de-arranque-m000t25171-chrysler-jeep-toro-compass-diesel-2016\/","title":{"rendered":"12V 11T 1.7KW Motor de arranque M000T25171 Chrysler Jeep Toro Compass Di\u00e9sel 2016&gt;<span class=\"product-sku\" style=\"display: block; font-size: 0.85em; color: #777; margin-top: 5px; margin-bottom: 5px;\">SKU: 6000.25171-COM<\/span>"},"content":{"rendered":"<h1><strong>COM-AUTOMOTIVE, producto con Calidad y Dise\u00f1o Original.<\/strong><\/h1>\n<p>12V 11T 1.7KW Motor de arranque con M000T25171 para Chrysler Jeep Toro COmpass Diesel 2016&gt;<\/p>\n<h2>Preguntas m\u00e1s frecuentes<\/h2>\n<h3><strong>\u00bfCu\u00e1les son las referencias cruzadas de este producto de la marca COM Automotive?<\/strong><\/h3>\n<p>52115072F109, 56029712AB, 56029712AC, 50050732, 50056183, 1986S00706, 0001174015, 55009VLP, M000T25171, M000T25171ZC, ZEN 35032, EURO 20454, DITA 20395, 60004011<\/p>\n<h2><strong>Tabla de aplicaci\u00f3n<\/strong><\/h2>\n<p>JEEP COMPASS LONGITUDE 2.0 ,TIGERSHARK TIGERSHARK 2.0 L 16V DOHC L4 FLEX, 2019-2023.<br \/>\nFIAT TORO VOLCANO TURBODIESEL AT9 4X4 G-1, FPT INDUSTRIAL MULTIJET II ECD 2.0 L 16V DOHC L4 DIESEL, 2015-2023.<br \/>\nJEEP COMPASS LIMITED 2.0 TURBO G-2, FPT INDUSTRIAL MULTIJET II ECD 2.0 L 16V DOHC L4 DIESEL, 2017-2023.<br \/>\nJEEP COMPASS SPORT G-2,TIGERSHARK2.0 L 16V DOHC L4 FLEX, 2016-2019.<br \/>\nFIAT TORO RANCH TURBODIESEL AT9 4X4 G-1, FPT INDUSTRIAL MULTIJET II ECD 2.0 L 16V DOHC L4 DIESEL, 2019-2023.<br \/>\nJEEP COMPASS SPORT 2.0 ,TIGERSHARK TIGERSHARK 2.0 L 16V DOHC L4 FLEX, 2019-2023.<br \/>\nJEEP COMPASS LONGITUDE 2.0 TURBO , FPT INDUSTRIAL MULTIJET II ECD 2.0 L 16V DOHC L4 DIESEL, 2019-2023.<br \/>\nFIAT TORO FREEDOM TURBODIESEL MT6 4X2 G-1, FPT INDUSTRIAL MULTIJET II ECD 2.0 L 16V DOHC L4 DIESEL, 2015-2019.<br \/>\nFIAT TORO FREEDOM TURBODIESEL MT6 4X4 G-1, FPT INDUSTRIAL MULTIJET II ECD 2.0 L 16V DOHC L4 DIESEL, 2015-2019.<br \/>\nFIAT TORO FREEDOM TURBODIESEL AT9 4X4 G-1, FPT INDUSTRIAL MULTIJET II ECD 2.0 L 16V DOHC L4 DIESEL, 2019-2023.<br \/>\nJEEP RENEGADE LONGITUDE 2.0 DIESEL AT9 4X4 G-1, FPT INDUSTRIAL MULTIJET II ECD 2.0 L 16V DOHC L4 DIESEL, 2017-2023.<br \/>\nJEEP COMPASS LIMITED 2.0 ,TIGERSHARK TIGERSHARK 2.0 L 16V DOHC L4 FLEX, 2019-2023.<br \/>\nJEEP COMPASS LONGITUDE G-2,2.0 L 16V DOHC L4 FLEX, 2016-2018.<br \/>\nJEEP RENEGADE TRAILHAWK 2.0 DIESEL AT9 4X4 G-1, FPT INDUSTRIAL MULTIJET II ECD 2.0 L 16V DOHC L4 DIESEL, 2017-2023.<br \/>\nJEEP COMPASS LIMITED G-2,2.0 L 16V DOHC L4 FLEX, 2016-2019.<br \/>\nJEEP COMPASS S G-2, FPT INDUSTRIAL MULTIJET II ECD 2.0 L 16V DOHC L4 DIESEL, 2019-2023.<br \/>\nJEEP COMPASS TRAILHAWK G-2,2.0 L 16V DOHC L4 DIESEL, 2016-2018.<br \/>\nFIAT TORO ULTRA TURBODIESEL AT9 4X4 G-1, FPT INDUSTRIAL MULTIJET II ECD 2.0 L 16V DOHC L4 DIESEL, 2020-2023.<br \/>\nJEEP RENEGADE SPORT 2.0 DIESEL AT9 4X4 G-1, FPT INDUSTRIAL MULTIJET II ECD 2.0 L 16V DOHC L4 DIESEL, 2017-2019.<br \/>\nJEEP COMPASS LONGITUDE TURBODIESEL G-2,2.0 L 16V DOHC L4 DIESEL, 2016-2018.<br \/>\nJEEP COMPASS OPENING EDITION 2.0 AT G-2,2.0 L 16V DOHC L4 FLEX, 2016-2018.<br \/>\nJEEP COMPASS TRAILHAWK 2.0 TURBO , FPT INDUSTRIAL MULTIJET II ECD 2.0 L 16V DOHC L4 DIESEL, 2019-2023.<br \/>\nFIAT TORO ENDURANCE TURBODIESEL AT9 4X4 G-1, FPT INDUSTRIAL MULTIJET II ECD 2.0 L 16V DOHC L4 DIESEL, 2019-2023.<br \/>\nJEEP RENEGADE 75 A\u00d1OS 2.0 DIESEL AT9 4X4 G-1, FPT INDUSTRIAL MULTIJET II ECD 2.0 L 16V DOHC L4 DIESEL, 2017-2018.<br \/>\nJEEP RENEGADE MOAB , FPT INDUSTRIAL MULTIJET II ECD 2.0 L 16V DOHC L4 DIESEL, 2020-2023.<br \/>\nJEEP RENEGADE TRAILHAWK ,MULTIJET II ECD 2.0 L 16V DOHC L4 DIESEL, 2015-2016.<br \/>\nJEEP COMPASS 2.0 L 16V , ECN 2.0 L 16V DOHC L4 GASOLINA, 2012-2015.<br \/>\nJEEP RENEGADE CUSTOM 2.0 AT 4X4 G-1, FPT INDUSTRIAL MULTIJET II ECD 2.0 L 16V DOHC L4 DIESEL, 2017-2019.<br \/>\nJEEP RENEGADE NIGHT EAGLE 2.0 AT 4X4 G-1, FPT INDUSTRIAL MULTIJET II ECD 2.0 L 16V DOHC L4 DIESEL, 2017-2018.<br \/>\nFIAT TORO FREEDOM S-DESIGN TURBODIESEL AT9 4X4 G-1, FPT INDUSTRIAL MULTIJET II ECD 2.0 L 16V DOHC L4 DIESEL, 2020-2023.<br \/>\nJEEP COMPASS NIGHT EAGLE G-2, FPT INDUSTRIAL TIGERSHARK TIGERSHARK 2.0 L 16V DOHC L4 FLEX, 2019-2019.<br \/>\nJEEP RENEGADE LIMITED , FPT INDUSTRIAL MULTIJET II ECD 2.0 L 16V DOHC L4 DIESEL, 2019-2019.<br \/>\nJEEP RENEGADE WILLYS , FPT INDUSTRIAL MULTIJET II ECD 2.0 L 16V DOHC L4 DIESEL, 2020-2023.<\/p>\n<div><strong>ATENCI\u00d3N:<\/strong><\/div>\n<div>Recomendamos que la instalaci\u00f3n del producto sea realizada por un profesional capacitado y especializado.<\/div>\n<div>Somente realize a compra deste produto com a certeza que ele seja compat\u00edvel com seu ve\u00edculo, caso tenha d\u00favidas, n\u00e3o hesite em nos procurar. Nuestro horario de apertura es de lunes a viernes de 8 a 18 h.<\/div>\n<div><\/div>\n<div><strong>SOBRE NOSOTROS:<\/strong><\/div>\n<div>COM Automotive est\u00e1 especializada en piezas de autom\u00f3vil de dise\u00f1o original para el sector de la reparaci\u00f3n posventa, clientes industriales y fabricantes de veh\u00edculos especiales OEM.<\/div>\n<div>Nuestro equipo tiene m\u00e1s de 28 a\u00f1os de experiencia en la fabricaci\u00f3n y el suministro de piezas de automoci\u00f3n a escala mundial.<\/div>\n<div>Nuestra <strong>MISI\u00d3N <\/strong> es ofrecer productos de dise\u00f1o original con una calidad impecable y una sustituci\u00f3n personalizada.<\/div>\n<div>Nuestra <strong>VISI\u00d3N<\/strong> es promover el crecimiento y un valor inigualable para nuestros clientes.<\/div>\n<div><\/div>\n<div><strong>DISE\u00d1O ORIGINAL<\/strong><\/div>\n<div>El t\u00e9rmino \u00abDise\u00f1o Original\u00bb se refiere a la percepci\u00f3n \u00fanica e innovadora y a la propuesta de valor de los productos de COM Automotive, as\u00ed como a la experiencia ofrecida durante su compra. Esto abarca no solo el empaque y la est\u00e9tica del producto, sino tambi\u00e9n la autenticidad y creatividad de la marca.  COM Automotive busca ofrecer productos de alta calidad que satisfagan las necesidades de la industria del mercado de repuestos, aline\u00e1ndose con su Visi\u00f3n, Misi\u00f3n y Valores.<\/div>\n<div><\/div>\n<div><strong>NOTAR:<\/strong><\/div>\n<div>C\u00f3digo de Protecci\u00f3n al Consumidor (CDC): La Ley N\u00b0 8.078, de 11 de septiembre de 1990, establece que la informaci\u00f3n proporcionada al consumidor debe ser clara y precisa. El art\u00edculo 31 del CDC exige que la publicidad y el etiquetado de los productos y servicios sean veraces y no induzcan a error al consumidor.  Esto incluye asegurarse de que la informaci\u00f3n sobre la compatibilidad, la marca y las caracter\u00edsticas se describa correctamente para evitar malentendidos. El uso del t\u00e9rmino &#8216;compatible&#8217; tambi\u00e9n est\u00e1 regulado por los grandes mercados del mercado para la catalogaci\u00f3n adecuada de productos y la aplicaci\u00f3n automotriz.<\/div>\n","protected":false},"excerpt":{"rendered":"<p>6000.25171-COM. Compatible con: 52115072F109, 56029712AB, 56029712AC, 50050732, 50056183, 1986S00706, 0001174015, 55009VLP, M000T25171, M000T25171ZC, ZEN 35032, EURO 20454, DITA 20395, 60004011. Marca: COM Automotive &#8211; Producto con calidad y dise\u00f1o original<\/p>\n","protected":false},"featured_media":31374,"comment_status":"open","ping_status":"closed","template":"","meta":[],"product_brand":[],"product_cat":[8119],"product_tag":[9227,9239,43783,43784,9231,43787,43782,43778,43789,43786,43781,43788,43779,43780,43785],"class_list":{"0":"post-31706","1":"product","2":"type-product","3":"status-publish","4":"has-post-thumbnail","6":"product_cat-motor-de-arranque","7":"product_tag-0001174015-es","8":"product_tag-1986s00706-es","9":"product_tag-43783","10":"product_tag-43784","11":"product_tag-52115072f109-es","12":"product_tag-55009vlp","13":"product_tag-56029712-ac","14":"product_tag-56029712ab","15":"product_tag-6000-25171-com","16":"product_tag-43786","17":"product_tag-dita-20395","18":"product_tag-euro-20454","19":"product_tag-m000t25171","20":"product_tag-m000t25171zc","21":"product_tag-zen-35032","23":"first","24":"instock","25":"taxable","26":"shipping-taxable","27":"purchasable","28":"product-type-simple"},"_links":{"self":[{"href":"https:\/\/com-automotive.com\/es\/wp-json\/wp\/v2\/product\/31706","targetHints":{"allow":["GET"]}}],"collection":[{"href":"https:\/\/com-automotive.com\/es\/wp-json\/wp\/v2\/product"}],"about":[{"href":"https:\/\/com-automotive.com\/es\/wp-json\/wp\/v2\/types\/product"}],"replies":[{"embeddable":true,"href":"https:\/\/com-automotive.com\/es\/wp-json\/wp\/v2\/comments?post=31706"}],"wp:featuredmedia":[{"embeddable":true,"href":"https:\/\/com-automotive.com\/es\/wp-json\/wp\/v2\/media\/31374"}],"wp:attachment":[{"href":"https:\/\/com-automotive.com\/es\/wp-json\/wp\/v2\/media?parent=31706"}],"wp:term":[{"taxonomy":"product_brand","embeddable":true,"href":"https:\/\/com-automotive.com\/es\/wp-json\/wp\/v2\/product_brand?post=31706"},{"taxonomy":"product_cat","embeddable":true,"href":"https:\/\/com-automotive.com\/es\/wp-json\/wp\/v2\/product_cat?post=31706"},{"taxonomy":"product_tag","embeddable":true,"href":"https:\/\/com-automotive.com\/es\/wp-json\/wp\/v2\/product_tag?post=31706"}],"curies":[{"name":"wp","href":"https:\/\/api.w.org\/{rel}","templated":true}]}}