{"id":31278,"date":"2026-01-19T10:59:56","date_gmt":"2026-01-19T13:59:56","guid":{"rendered":"https:\/\/com-automotive.com\/marcha-12v-10t-33kw-29mt-compatible-con-8200849-vw\/"},"modified":"2026-01-19T10:59:56","modified_gmt":"2026-01-19T13:59:56","slug":"marcha-12v-10t-33kw-29mt-compatible-con-8200849-vw","status":"publish","type":"product","link":"https:\/\/com-automotive.com\/es\/marcha-12v-10t-33kw-29mt-compatible-con-8200849-vw\/","title":{"rendered":"Marcha 12V 10T 3,3KW 29MT compatible con 8200849 VW<span class=\"product-sku\" style=\"display: block; font-size: 0.85em; color: #777; margin-top: 5px; margin-bottom: 5px;\">SKU: 6000.0849-COM<\/span>"},"content":{"rendered":"<h1><strong>COM-AUTOMOTIVE, producto con Calidad y Dise\u00f1o Original.<\/strong><\/h1>\n<p>Marcha 12V 10T 3,3KW 29MT compatible con 8200849 VW<\/p>\n<h2>Preguntas m\u00e1s frecuentes<\/h2>\n<h3><strong>\u00bfCu\u00e1les son las referencias cruzadas de este producto de la marca COM Automotive?<\/strong><\/h3>\n<p>2R0911023E, 905720100111, TJG911023B, 35259430, 905720100093, T001000064, 8200326, 8200326M, 8200326R3, 8200849, ZEN 33020, ZM 8029002, EURO 20647, 35261360, DITA 20450, 6364N, 8200849, 6000.0849-COM, 60000849-COM, 60000849<\/p>\n<h2><strong>Tabla de aplicaci\u00f3n<\/strong><\/h2>\n<p>VOLKSWAGEN 8-120, MWM SERIE 10, X10 4.10 TCA 4.3 L 8V SOHV L4 DIESEL, 2000-2012.<br \/>\nVOLKSWAGEN WORKER 13-180 CN , MWM SERIE 10, X10 6.10 TCA 6.5 L 12V SOHV L6 DIESEL, 2006-2020.<br \/>\nVOLKSWAGEN 8-150, MWM SERIE 10, X10 4.10 TCA 4.3 L 8V SOHV L4 DIESEL, 2000-2019.<br \/>\nAGRALE MA 8.0T, MWM SERIE 10, X10 4.10 T 4.3 L 8V SOHV L4 DIESEL, 2005-2011.<br \/>\nVOLKSWAGEN WORKER 15-180 , MWM SERIE 10, X10 6.10 TCA 6.5 L 12V SOHV L6 DIESEL, 2006-2020.<br \/>\nVOLKSWAGEN 13-180, MWM SERIE 10, X10 6.10 TCA 6.5 L 12V SOHV L6 DIESEL, 2000-2016.<br \/>\nVOLKSWAGEN WORKER 17-180 , MWM SERIE 10, X10 6.10 TCA 6.5 L 12V SOHV L6 DIESEL, 2006-2017.<br \/>\nVOLKSWAGEN 16.210 CO, MWM SERIE 10, X10 6.10 TCA 6.5 L 12V SOHV L6 DIESEL, 1997-2002.<br \/>\nVOLKSWAGEN 15-180, MWM SERIE 10, X10 6.10 TCA 6.5 L 12V SOHV L6 DIESEL, 2000-2019.<br \/>\nVOLKSWAGEN 17.210 OD, MWM SERIE 10, X10 6.10 TCA 6.5 L 12V SOHV L6 DIESEL, 2001-2006.<br \/>\nVOLKSWAGEN 16.180 CO, MWM SERIE 10, X10 6.10 TCA 6.5 L 12V SOHV L6 DIESEL, 1992-1998.<br \/>\nVOLKSWAGEN 9.150 OD, MWM SERIE 10, X10 4.10 TCA 4.3 L 8V SOHV L4 DIESEL, 2001-2004.<br \/>\nAGRALE A8 VOLARE D, MWM SERIE 10, X10 4.10 TCA 4.3 L 8V SOHV L4 DIESEL, 2000-2006.<br \/>\nAGRALE MA 8.5, MWM SERIE 12, X12 4.12 TCE ACTEON 4.8 L 8V SOHV L4 DIESEL, 2011-2016.<br \/>\nVOLKSWAGEN 8.120 OD, MWM SERIE 10, X10 4.10 TCA 4.3 L 8V SOHV L4 DIESEL, 2003-2012.<br \/>\nVOLKSWAGEN 7-110, MWM SERIE 10, X10 4.10 TCA 4.3 L 8V SOHV L4 DIESEL, 2002-2005.<br \/>\nVOLKSWAGEN 8.150 OD, MWM SERIE 10, X10 4.10 TCA 4.3 L 8V SOHV L4 DIESEL, 2001-2005.<br \/>\nAGRALE MA 8.5T, MWM SERIE 10, X10 4.10 TCA 4.3 L 8V SOHV L4 DIESEL, 1997-2007.<br \/>\nAGRALE W8, MWM SERIE 10, X10 4.10 TCA 4.3 L 8V SOHV L4 DIESEL, 2003-2018.<br \/>\nAGRALE 7000 TDX, MWM SERIE 10, X10 4.10 T 4.3 L 8V SOHV L4 DIESEL, 1996-2005.<br \/>\nVOLKSWAGEN 13-150, MWM SERIE 10, X10 4.10 TCA 4.3 L 8V SOHV L4 DIESEL, 2000-2016.<br \/>\nVOLKSWAGEN 23-210, MWM SERIE 10, X10 6.10 TCA 6.5 L 12V SOHV L6 DIESEL, 2002-2016.<br \/>\nAGRALE MA 7.9 E, MWM SERIE 10, X10 4.10 TCA 4.3 L 8V SOHV L4 DIESEL, 2010-2016.<br \/>\nVOLKSWAGEN 17.240 OT, MWM SERIE 10, X10 6.10 TCA 6.5 L 12V SOHV L6 DIESEL, 2001-2006.<br \/>\nAGRALE MA 8.5E, MWM SERIE 12, X12 4.12 TCE ACTEON 4.8 L 8V SOHV L4 DIESEL, 2005-2011.<br \/>\nAGRALE MA 15.0, MWM SERIE 12, X12 4.12 TCE ACTEON 4.8 L 8V SOHV L4 DIESEL, 2007-2012.<br \/>\nVOLKSWAGEN 17-210, MWM SERIE 10, X10 6.10 TCA 6.5 L 12V SOHV L6 DIESEL, 2001-2019.<br \/>\nVOLKSWAGEN WORKER 15-210 FAB MILITAR, MWM SERIE 10, X10 6.10 TCA 6.5 L 12V SOHV L6 DIESEL, 2006-2017.<br \/>\nAGRALE 9200 CE (4.12) , MWM SERIE 12, X12 4.12 TCE ACTEON 4.8 L 8V SOHV L4 DIESEL, 2005-2012.<br \/>\nAGRALE 8500 TDX, MWM SERIE 10, X10 4.10 T 4.3 L 8V SOHV L4 DIESEL, 1997-2006.<br \/>\nAGRALE 8500 E-MEC , MWM SERIE 10, X10 4.10 TCA 4.3 L 8V SOHV L4 DIESEL, 2006-2010.<br \/>\nAGRALE MA 7.5T AUT. , MWM SERIE 10, X10 4.10 TCA 4.3 L 8V SOHV L4 DIESEL, 1996-2005.<br \/>\nAGRALE 7500 TDX, MWM SERIE 10, X10 4.10 T 4.3 L 8V SOHV L4 DIESEL, 1994-2005.<br \/>\nAGRALE 8500 E-MEC CD , MWM SERIE 10, X10 4.10 TCA 4.3 L 8V SOHV L4 DIESEL, 2005-2015.<br \/>\nAGRALE 8500 CE (4.12) , MWM SERIE 12, X12 4.12 TCE ACTEON 4.8 L 8V SOHV L4 DIESEL, 2005-2011.<br \/>\nAGRALE MA 9.2E, MWM SERIE 12, X12 4.12 TCE ACTEON 4.8 L 8V SOHV L4 DIESEL, 2004-2011.<br \/>\nAGRALE 9200, MWM SERIE 10, X10 4.10 T 4.3 L 8V SOHV L4 DIESEL, 2003-2006.<br \/>\nAGRALE MA 7.9 E-MEC, MWM SERIE 10, X10 4.10 TCA 4.3 L 8V SOHV L4 DIESEL, 2005-2011.<br \/>\nAGRALE 6000 E-MEC , MWM SERIE 10, X10 4.10 TCA 4.3 L 8V SOHV L4 DIESEL, 2006-2015.<br \/>\nAGRALE MA 9.2, MWM SERIE 10, X10 4.10 TCA 4.3 L 8V SOHV L4 DIESEL, 2004-2007.<br \/>\nVOLKSWAGEN 12-180, MWM SERIE 10, X10 6.10 TCA 6.5 L 12V SOHV L6 DIESEL, 1999-2000.<br \/>\nVOLKSWAGEN 14-180, MWM SERIE 10, X10 6.10 TCA 6.5 L 12V SOHV L6 DIESEL, 2000-2000.<br \/>\nAGRALE W8 E, MWM SERIE 12, X12 4.12 TCE ACTEON 4.8 L 8V SOHV L4 DIESEL, 2004-2018.<br \/>\nVOLKSWAGEN 15-210 4X4 , MWM SERIE 10, X10 6.10 TCA 6.5 L 12V SOHV L6 DIESEL, 2018-2023.<br \/>\nAGRALE V8, MWM SERIE 10, X10 4.10 TCA 4.3 L 8V SOHV L4 DIESEL, 2004-2004.<br \/>\nAGRALE MA 7.5E, MWM SERIE 12, X12 4.12 TCE ACTEON 4.8 L 8V SOHV L4 DIESEL, 2005-2005.<\/p>\n<div><strong>ATENCI\u00d3N:<\/strong><\/div>\n<div>Recomendamos que la instalaci\u00f3n del producto sea realizada por un profesional capacitado y especializado.<\/div>\n<div>Somente realize a compra deste produto com a certeza que ele seja compat\u00edvel com seu ve\u00edculo, caso tenha d\u00favidas, n\u00e3o hesite em nos procurar. Nuestro horario de apertura es de lunes a viernes de 8 a 18 h.<\/div>\n<div><\/div>\n<div><strong>SOBRE NOSOTROS:<\/strong><\/div>\n<div>COM Automotive est\u00e1 especializada en piezas de autom\u00f3vil de dise\u00f1o original para el sector de la reparaci\u00f3n posventa, clientes industriales y fabricantes de veh\u00edculos especiales OEM.<\/div>\n<div>Nuestro equipo tiene m\u00e1s de 28 a\u00f1os de experiencia en la fabricaci\u00f3n y el suministro de piezas de automoci\u00f3n a escala mundial.<\/div>\n<div>Nuestra <strong>MISI\u00d3N <\/strong> es ofrecer productos de dise\u00f1o original con una calidad impecable y una sustituci\u00f3n personalizada.<\/div>\n<div>Nuestra <strong>VISI\u00d3N<\/strong> es promover el crecimiento y un valor inigualable para nuestros clientes.<\/div>\n<div><\/div>\n<div><strong>DISE\u00d1O ORIGINAL<\/strong><\/div>\n<div>El t\u00e9rmino \u00abDise\u00f1o Original\u00bb se refiere a la percepci\u00f3n \u00fanica e innovadora y a la propuesta de valor de los productos de COM Automotive, as\u00ed como a la experiencia ofrecida durante su compra. Esto abarca no solo el empaque y la est\u00e9tica del producto, sino tambi\u00e9n la autenticidad y creatividad de la marca.  COM Automotive busca ofrecer productos de alta calidad que satisfagan las necesidades de la industria del mercado de repuestos, aline\u00e1ndose con su Visi\u00f3n, Misi\u00f3n y Valores.<\/div>\n<div><\/div>\n<div><strong>NOTAR:<\/strong><\/div>\n<div>C\u00f3digo de Protecci\u00f3n al Consumidor (CDC): La Ley N\u00b0 8.078, de 11 de septiembre de 1990, establece que la informaci\u00f3n proporcionada al consumidor debe ser clara y precisa. El art\u00edculo 31 del CDC exige que la publicidad y el etiquetado de los productos y servicios sean veraces y no induzcan a error al consumidor.  Esto incluye asegurarse de que la informaci\u00f3n sobre la compatibilidad, la marca y las caracter\u00edsticas se describa correctamente para evitar malentendidos. El uso del t\u00e9rmino &#8216;compatible&#8217; tambi\u00e9n est\u00e1 regulado por los grandes mercados del mercado para la catalogaci\u00f3n adecuada de productos y la aplicaci\u00f3n automotriz.<\/div>\n","protected":false},"excerpt":{"rendered":"<p>6000.0849-COM. Compat\u00edvel com: 2R0911023E, 905720100111, TJG911023B, 35259430, 905720100093, T001000064, 8200326, 8200326M, 8200326R3, 8200849, ZEN 33020, ZM 8029002, EURO 20647, 35261360, DITA 20450, 6364N, 8200849, 6000.0849-COM, 60000849-COM, 60000849. Marca: COM Automotive &#8211; Produto com Qualidade e Design Original  <\/p>\n","protected":false},"featured_media":31269,"comment_status":"open","ping_status":"closed","template":"","meta":[],"product_brand":[],"product_cat":[8119],"product_tag":[9260,9266,27147,43372,43374,43373,27150,9259,9268,9270,9272,27145,9262,43371,43370,9258,9264,9274,9276],"class_list":{"0":"post-31278","1":"product","2":"type-product","3":"status-publish","4":"has-post-thumbnail","6":"product_cat-motor-de-arranque","7":"product_tag-2r0911023e-es","8":"product_tag-35259430-es","9":"product_tag-35261360-es","10":"product_tag-6000-0849-com","11":"product_tag-43374","12":"product_tag-60000849-com","13":"product_tag-6364n-es","14":"product_tag-8200326-es","15":"product_tag-8200326m-es","16":"product_tag-8200326r3-es","17":"product_tag-8200849-es","18":"product_tag-905720100093-es","19":"product_tag-905720100111-es","20":"product_tag-dita-20450","21":"product_tag-euro-20647","22":"product_tag-t001000064-es","23":"product_tag-tjg911023b-es","24":"product_tag-zen-33020-es","25":"product_tag-zm-8029002-es","27":"first","28":"instock","29":"taxable","30":"shipping-taxable","31":"purchasable","32":"product-type-simple"},"_links":{"self":[{"href":"https:\/\/com-automotive.com\/es\/wp-json\/wp\/v2\/product\/31278","targetHints":{"allow":["GET"]}}],"collection":[{"href":"https:\/\/com-automotive.com\/es\/wp-json\/wp\/v2\/product"}],"about":[{"href":"https:\/\/com-automotive.com\/es\/wp-json\/wp\/v2\/types\/product"}],"replies":[{"embeddable":true,"href":"https:\/\/com-automotive.com\/es\/wp-json\/wp\/v2\/comments?post=31278"}],"wp:featuredmedia":[{"embeddable":true,"href":"https:\/\/com-automotive.com\/es\/wp-json\/wp\/v2\/media\/31269"}],"wp:attachment":[{"href":"https:\/\/com-automotive.com\/es\/wp-json\/wp\/v2\/media?parent=31278"}],"wp:term":[{"taxonomy":"product_brand","embeddable":true,"href":"https:\/\/com-automotive.com\/es\/wp-json\/wp\/v2\/product_brand?post=31278"},{"taxonomy":"product_cat","embeddable":true,"href":"https:\/\/com-automotive.com\/es\/wp-json\/wp\/v2\/product_cat?post=31278"},{"taxonomy":"product_tag","embeddable":true,"href":"https:\/\/com-automotive.com\/es\/wp-json\/wp\/v2\/product_tag?post=31278"}],"curies":[{"name":"wp","href":"https:\/\/api.w.org\/{rel}","templated":true}]}}