{"id":31194,"date":"2026-01-17T11:14:07","date_gmt":"2026-01-17T14:14:07","guid":{"rendered":"https:\/\/com-automotive.com\/alternador-12v-145a-22si-compatible-con-10459205-para-ford-international-year9307\/"},"modified":"2026-01-17T11:14:07","modified_gmt":"2026-01-17T14:14:07","slug":"alternador-12v-145a-22si-compatible-con-10459205-para-ford-international-year9307","status":"publish","type":"product","link":"https:\/\/com-automotive.com\/es\/alternador-12v-145a-22si-compatible-con-10459205-para-ford-international-year9307\/","title":{"rendered":"Alternador 12V 145A 22SI compatible con 10459205 para Ford International Year93&gt;07<span class=\"product-sku\" style=\"display: block; font-size: 0.85em; color: #777; margin-top: 5px; margin-bottom: 5px;\">SKU: 8000.9205-COM<\/span>"},"content":{"rendered":"<h1><strong>COM-AUTOMOTIVE, producto con Calidad y Dise\u00f1o Original.<\/strong><\/h1>\n<p>Alternador 12V 145A 22SI compatible con 10459205 para Ford International Year93&gt;07<\/p>\n<h2>Preguntas m\u00e1s frecuentes<\/h2>\n<h3><strong>\u00bfCu\u00e1les son las referencias cruzadas?<\/strong><\/h3>\n<p>8076N, 104256A1, 0R3527, 1214134, 3935527, 3935528, 3935529, 3675240RX, F3HT10300DA, F3HT10300EA, F3HT10300FA, F3HZ10346E, F3HZ10346J, F4HT10300GA, F4HT10300HA, F4HT10300JA, F4HT10300LA, F5HZ10346B, F6HT10300BA, F6HT10300CA, F6HZ10346A, F6HZ10346B, GL333, GL336, GL359, GL364, GL365, &#8216;F042300003, 10459205, 10459217, 10459254, 19020306, 19020310, , 8076N, 80009205<\/p>\n<h2><strong>Tabla de aplicaci\u00f3n<\/strong><\/h2>\n<p>FORD | B-600 | CUMMINS 5.9L-359 (FD1060) | 1997-1999,<br \/>\nFORD | B-600 | CUMMINS 8.3L-504 (FD1460) | 1997-1999,<br \/>\nFORD | B-700 | CUMMINS 5.9L-359 (FD1060) | 1997-1999,<br \/>\nFORD | B-700 | CUMMINS 8.3L-504 (FD1460) | 1997-1999,<br \/>\nFORD | SERIE B800 | CUMMINS 5.9L-359 (FD1060) | 1997-1999,<br \/>\nFORD | SERIE B800 | CUMMINS 8.3L-504 (FD1460) | 1997-1999,<br \/>\nFORD | F-600 | CUMMINS 8.3L-504 (FD1460) | 1997-1999,<br \/>\nFORD | F-600 | L6 5.9L 359CID | 1997-1999,<br \/>\nFORD | F-700 | CUMMINS 8.3L-504 (FD1460) | 1997-1999,<br \/>\nFORD | F-700 | L6 5.9L 359CID | 1993-1999,<br \/>\nFORD | F-800 | CUMMINS 8.3L-504 (FD1460) | 1999,<br \/>\nFORD | F-800 | L6 5.9L 359CID | 1997-1999,<br \/>\nFORD | F-800 | L6 8.3L 504CID | 1997-1998,<br \/>\nFORD | F900 | CUMMINS 5.9L-359 (FD1060) | 1997-1999,<br \/>\nFORD | F900 | CUMMINS 8.3L-504 (FD1460) | 1997-1999,<br \/>\nFORD | L6000 | CATERPILLAR 3126 | 1995-1999,<br \/>\nFORD | L6000 | CATERPILLAR 3176 | 1995-1999,<br \/>\nFORD | L6000 | CATERPILLAR 3208 | 1995-1999,<br \/>\nFORD | L6000 | CATERPILLAR 3306 | 1995-1999,<br \/>\nFORD | L6000 | CATERPILLAR 3406 | 1995-1999,<br \/>\nFORD | L6000 | CATERPILLAR C-10 | 1997-1999,<br \/>\nFORD | L6000 | ORUGA C-12 | 1997-1999,<br \/>\nFORD | L6000 | CUMMINS 5.9L-359 (FD1060) | 1995-1999,<br \/>\nFORD | L6000 | CUMMINS 8.3L-504 (FD1460) | 1995-1999,<br \/>\nFORD | L6000 | CUMMINS L-10 | 1995-1999,<br \/>\nFORD | L6000 | CUMMINS M11 | 1995-1999,<br \/>\nFORD | L6000 | CUMMINS N14 | 1995-1999,<br \/>\nFORD | L6000 | SERIE DD 60 | 1995-1999,<br \/>\nFORD | L7000 | CATERPILLAR 3126 | 1995-1999,<br \/>\nFORD | L7000 | CATERPILLAR 3176 | 1995-1999,<br \/>\nFORD | L7000 | CATERPILLAR 3208 | 1995-1999,<br \/>\nFORD | L7000 | CATERPILLAR 3306 | 1995-1999,<br \/>\nFORD | L7000 | CATERPILLAR 3406 | 1995-1999,<br \/>\nFORD | L7000 | CATERPILLAR C-10 | 1997-1999,<br \/>\nFORD | L7000 | ORUGA C-12 | 1997-1999,<br \/>\nFORD | L7000 | CUMMINS 5.9L-359 (FD1060) | 1995-1999,<br \/>\nFORD | L7000 | CUMMINS 8.3L-504 (FD1460) | 1995-1999,<br \/>\nFORD | L7000 | CUMMINS L-10 | 1995-1999,<br \/>\nFORD | L7000 | CUMMINS M11 | 1995-1999,<br \/>\nFORD | L7000 | CUMMINS N14 | 1995-1999,<br \/>\nFORD | L7000 | SERIE DD 60 | 1995-1999,<br \/>\nFORD | SERIE L8000 | CATERPILLAR 3126 | 1995-1999,<br \/>\nFORD | SERIE L8000 | CATERPILLAR 3176 | 1995-1999,<br \/>\nFORD | SERIE L8000 | CATERPILLAR 3208 | 1995-1999,<br \/>\nFORD | SERIE L8000 | CATERPILLAR 3306 | 1995-1999,<br \/>\nFORD | SERIE L8000 | CATERPILLAR 3406 | 1995-1999,<br \/>\nFORD | SERIE L8000 | CATERPILLAR C-10 | 1997-1999,<br \/>\nFORD | SERIE L8000 | ORUGA C-12 | 1997-1999,<br \/>\nFORD | SERIE L8000 | CUMMINS 5.9L-359 (FD1060) | 1995-1999,<br \/>\nFORD | SERIE L8000 | CUMMINS 8.3L-504 (FD1460) | 1995-1999,<br \/>\nFORD | SERIE L8000 | CUMMINS L-10 | 1995-1999,<br \/>\nFORD | SERIE L8000 | CUMMINS M11 | 1995-1999,<br \/>\nFORD | SERIE L8000 | CUMMINS N14 | 1995-1999,<br \/>\nFORD | SERIE L8000 | SERIE DD 60 | 1995-1999,<br \/>\nFORD | SERIE L9000 | CATERPILLAR 3126 | 1995-1999,<br \/>\nFORD | SERIE L9000 | CATERPILLAR 3176 | 1995-1999,<br \/>\nFORD | SERIE L9000 | CATERPILLAR 3208 | 1995-1999,<br \/>\nFORD | SERIE L9000 | CATERPILLAR 3306 | 1995-1999,<br \/>\nFORD | SERIE L9000 | CATERPILLAR 3406 | 1995-1999,<br \/>\nFORD | SERIE L9000 | CATERPILLAR C-10 | 1997-1999,<br \/>\nFORD | SERIE L9000 | ORUGA C-12 | 1997-1999,<br \/>\nFORD | SERIE L9000 | CUMMINS 5.9L-359 (FD1060) | 1995-1999,<br \/>\nFORD | SERIE L9000 | CUMMINS 8.3L-504 (FD1460) | 1995-1999,<br \/>\nFORD | SERIE L9000 | CUMMINS L-10 | 1995-1999,<br \/>\nFORD | SERIE L9000 | CUMMINS M11 | 1995-1999,<br \/>\nFORD | SERIE L9000 | CUMMINS N14 | 1995-1999,<br \/>\nFORD | SERIE L9000 | SERIE DD 60 | 1995-1999,<br \/>\nINTERNACIONAL | 2554 | L6 7,6L 466CID IHC DT-466 | 1996-2002,<br \/>\nINTERNACIONAL | 2554 | L6 8.7L 8687CC 530CID IHC DT-530 | 1996-2000,<br \/>\nINTERNACIONAL | 2654 | L6 7,6L 466CID IHC DT-466 | 1999-2002,<br \/>\nINTERNACIONAL | 2654 | L6 7,6L 466CID IHC DT-466 | 1996,<br \/>\nINTERNACIONAL | 3400 | V8 7.3L 444CID | 1997-2002,<br \/>\nINTERNACIONAL | 4000 | 6 CYL. 7.6L 466CID | 1997-1999,<br \/>\nINTERNACIONAL | 4000 | 8 CYL. 7.3L 444CID | 1997-1999,<br \/>\nINTERNACIONAL | 1652 \/ 1654 | IHC 7.3L (T-444E) | 1993-2003,<br \/>\nINTERNACIONAL | 1652 \/ 1654 | IHC NGD-V8 | 1995-1998,<br \/>\nINTERNACIONAL | 1652SC | V8 7.3L 7277CC 444CID | 1995-2003,<br \/>\nINTERNACIONAL | SERIE 2300-2375 | CUMMINS N14 | 1997-2003,<br \/>\nINTERNACIONAL | SERIE 2554 \/ 2564 | IHC DT-466 | 1996-2003,<br \/>\nINTERNACIONAL | SERIE 2554 \/ 2564 | IHC DT-530 | 1997-2003,<br \/>\nINTERNACIONAL | SERIE 2574 \/ 2575 | ORUGA C-12 | 1997-2003,<br \/>\nINTERNACIONAL | SERIE 2574 \/ 2575 | CUMMINS ISM | 1997-2003,<br \/>\nINTERNACIONAL | SERIE 2574 \/ 2575 | CUMMINS L-10 | 1997-2003,<br \/>\nINTERNACIONAL | SERIE 2574 \/ 2575 | CUMMINS N14 | 1997-2003,<br \/>\nINTERNACIONAL | SERIE 2574 \/ 2575 | IHC DT-530 | 1997-2000,<br \/>\nINTERNACIONAL | SERIE 2674 \/ 2675 | CATERPILLAR 3176 | 1997-1999,<br \/>\nINTERNACIONAL | SERIE 2674 \/ 2675 | CATERPILLAR C-10 | 1997-2003,<br \/>\nINTERNACIONAL | SERIE 2674 \/ 2675 | CUMMINS L-10 | 1997-2003,<br \/>\nINTERNACIONAL | SERIE 2674 \/ 2675 | CUMMINS M11 | 1997-2003,<br \/>\nINTERNACIONAL | SERIE 2674 \/ 2675 | CUMMINS N14 | 1997-2003,<br \/>\nINTERNACIONAL | SERIE 2674 \/ 2675 | IHC DT-530 | 1997-2003,<br \/>\nINTERNACIONAL | AUTOB\u00daS SERIE 3000-3900 | IHC 7.3L (T-444E) | 1997-2004,<br \/>\nINTERNACIONAL | AUTOB\u00daS SERIE 3000-3900 | IHC DT-466 | 1997-2007,<br \/>\nINTERNACIONAL | AUTOB\u00daS SERIE 3000-3900 | IHC NGD-V8 | 1997,<br \/>\nINTERNACIONAL | AUTOB\u00daS SERIE 3000-3900 | IHC VT-365 | 1999-2007,<br \/>\nINTERNACIONAL | 3000FE | L6 7,6L 466CID | 1997-1999,<br \/>\nINTERNACIONAL | 3000IC | L6 7,6L 466CID | 1997-1999,<br \/>\nINTERNACIONAL | 3000RE | L6 7,6L 466CID | 1997-1999,<br \/>\nINTERNACIONAL | SERIE 4000-4900 DE SERVICIO MEDIO | CATERPILLAR 3406 | 1997-1999,<br \/>\nINTERNACIONAL | SERIE 4000-4900 DE SERVICIO MEDIO | CUMMINS N14 | 1997-1999,<br \/>\nINTERNACIONAL | SERIE 4000-4900 DE SERVICIO MEDIO | IHC 7.3L (T-444E) | 1997-2004,<br \/>\nINTERNACIONAL | SERIE 4000-4900 DE SERVICIO MEDIO | IHC DT-466 | 1997-2002,<br \/>\nINTERNACIONAL | SERIE 4000-4900 DE SERVICIO MEDIO | IHC DT-530 | 1997-2003,<br \/>\nINTERNACIONAL | SERVICIO SEVERO DE LA SERIE 5000-5900 | CATERPILLAR 3406 | 1997-1999,<br \/>\nINTERNACIONAL | SERVICIO SEVERO DE LA SERIE 5000-5900 | CATERPILLAR C-10 | 1997-2003,<br \/>\nINTERNACIONAL | SERVICIO SEVERO DE LA SERIE 5000-5900 | ORUGA C-12 | 1997-2003,<br \/>\nINTERNACIONAL | SERVICIO SEVERO DE LA SERIE 5000-5900 | CUMMINS L-10 | 1997-1999,<br \/>\nINTERNACIONAL | SERVICIO SEVERO DE LA SERIE 5000-5900 | CUMMINS M11 | 1997-1999,<br \/>\nINTERNACIONAL | SERVICIO SEVERO DE LA SERIE 5000-5900 | CUMMINS N14 | 1997-1999,<br \/>\nINTERNACIONAL | SERVICIO SEVERO DE LA SERIE 5000-5900 | IHC DT-530 | 1997-2003,<br \/>\nINTERNACIONAL | 7100-7700 SERVICIO SEVERO | CATERPILLAR C-10 | 2003-2004,<br \/>\nINTERNACIONAL | 7100-7700 SERVICIO SEVERO | ORUGA C-12 | 2003-2004,<br \/>\nINTERNACIONAL | 7100-7700 SERVICIO SEVERO | IHC DT-466 | 1997-2002,<br \/>\nINTERNACIONAL | 8100-8600 PESADO | CATERPILLAR 3176 | 1997-1999,<br \/>\nINTERNACIONAL | 8100-8600 PESADO | CATERPILLAR 3406 | 1997-1999,<br \/>\nINTERNACIONAL | 8100-8600 PESADO | CATERPILLAR C-10 | 1997-2003,<br \/>\nINTERNACIONAL | 8100-8600 PESADO | CUMMINS M11 | 1997-2003,<br \/>\nINTERNACIONAL | 8100-8600 PESADO | CUMMINS N14 | 1997-2003,<br \/>\nINTERNACIONAL | 8100-8600 PESADO | SERIE DD 50 \/ 60 | 1997-1998,<br \/>\nINTERNACIONAL | 8100-8600 PESADO | IHC DT-466 | 1997-2003,<br \/>\nINTERNACIONAL | 8100-8600 PESADO | IHC DT-530 | 1997-2003,<br \/>\nINTERNACIONAL | 8100-8600 PESADO | IHC DT-570 | 1997-2003,<br \/>\nINTERNACIONAL | 9100-9900 SERVICIO PESADO | CATERPILLAR 3176 | 1997-2000,<br \/>\nINTERNACIONAL | 9100-9900 SERVICIO PESADO | CATERPILLAR 3406 | 1997-2003,<br \/>\nINTERNACIONAL | 9100-9900 SERVICIO PESADO | CATERPILLAR C-10 | 1997-2003,<br \/>\nINTERNACIONAL | 9100-9900 SERVICIO PESADO | ORUGA C-12 | 1997-2003,<br \/>\nINTERNACIONAL | 9100-9900 SERVICIO PESADO | CATERPILLAR C-16 | 1999,<br \/>\nINTERNACIONAL | 9100-9900 SERVICIO PESADO | CUMMINS M11 | 1997-2000,<br \/>\nINTERNACIONAL | 9100-9900 SERVICIO PESADO | CUMMINS N14 | 1997-2003,<br \/>\nINTERNACIONAL | 9100-9900 SERVICIO PESADO | FIRMA CUMMINS | 1997-2003,<br \/>\nINTERNACIONAL | 9100-9900 SERVICIO PESADO | SERIE DD 60 | 1997-1998,<br \/>\nTECNOLOG\u00cdA DE APLICACIONES DE MILLER | NITRO 200 | 2001-2004<\/p>\n<div><strong>ATENCI\u00d3N:<\/strong><\/div>\n<div>Recomendamos que la instalaci\u00f3n del producto sea realizada por un profesional capacitado y especializado.<\/div>\n<div>Somente realize a compra deste produto com a certeza que ele seja compat\u00edvel com seu ve\u00edculo, caso tenha d\u00favidas, n\u00e3o hesite em nos procurar. Nuestro horario de apertura es de lunes a viernes de 8 a 18 h.<\/div>\n<div><\/div>\n<div><strong>SOBRE NOSOTROS:<\/strong><\/div>\n<div>COM Automotive est\u00e1 especializada en piezas de autom\u00f3vil de dise\u00f1o original para el sector de la reparaci\u00f3n posventa, clientes industriales y fabricantes de veh\u00edculos especiales OEM.<\/div>\n<div>Nuestro equipo tiene m\u00e1s de 28 a\u00f1os de experiencia en la fabricaci\u00f3n y el suministro de piezas de automoci\u00f3n a escala mundial.<\/div>\n<div>Nuestra <strong>MISI\u00d3N <\/strong> es ofrecer productos de dise\u00f1o original con una calidad impecable y una sustituci\u00f3n personalizada.<\/div>\n<div>Nuestra <strong>VISI\u00d3N<\/strong> es promover el crecimiento y un valor inigualable para nuestros clientes.<\/div>\n<div><\/div>\n<div><strong>DISE\u00d1O ORIGINAL<\/strong><\/div>\n<div>El t\u00e9rmino \u00abDise\u00f1o Original\u00bb se refiere a la percepci\u00f3n \u00fanica e innovadora y a la propuesta de valor de los productos de COM Automotive, as\u00ed como a la experiencia ofrecida durante su compra. Esto abarca no solo el empaque y la est\u00e9tica del producto, sino tambi\u00e9n la autenticidad y creatividad de la marca.  COM Automotive busca ofrecer productos de alta calidad que satisfagan las necesidades de la industria del mercado de repuestos, aline\u00e1ndose con su Visi\u00f3n, Misi\u00f3n y Valores.<\/div>\n<div><\/div>\n<div><strong>NOTAR:<\/strong><\/div>\n<div>C\u00f3digo de Protecci\u00f3n al Consumidor (CDC): La Ley N\u00b0 8.078, de 11 de septiembre de 1990, establece que la informaci\u00f3n proporcionada al consumidor debe ser clara y precisa. El art\u00edculo 31 del CDC exige que la publicidad y el etiquetado de los productos y servicios sean veraces y no induzcan a error al consumidor.  Esto incluye asegurarse de que la informaci\u00f3n sobre la compatibilidad, la marca y las caracter\u00edsticas se describa correctamente para evitar malentendidos. El uso del t\u00e9rmino &#8216;compatible&#8217; tambi\u00e9n est\u00e1 regulado por los grandes mercados del mercado para la catalogaci\u00f3n adecuada de productos y la aplicaci\u00f3n automotriz.<\/div>\n","protected":false},"excerpt":{"rendered":"<p>8000.9205-COM. Compatible con: 8076N, 104256A1, 0R3527, 1214134, 3935527, 3935528, 3935529, 3675240RX, F3HT10300DA, F3HT10300EA, F3HT10300FA, F3HZ10346E, F3HZ10346J, F4HT10300GA, F4HT10300HA, F4HT10300JA, F4HT10300LA, F5HZ10346B, F6HT10300BA, F6HT10300CA, F6HZ10346A, F6HZ10346B, GL333, GL336, GL359, GL364, GL365, &#8216;F042300003, 10459205, 10459217, 10459254, 19020306, 19020310, , 8076N, 80009205.  Marca: COM Automotive &#8211; Producto con calidad y dise\u00f1o originales.<\/p>\n","protected":false},"featured_media":28225,"comment_status":"open","ping_status":"closed","template":"","meta":[],"product_brand":[],"product_cat":[8109],"product_tag":[],"class_list":{"0":"post-31194","1":"product","2":"type-product","3":"status-publish","4":"has-post-thumbnail","6":"product_cat-alternador-es-2","8":"first","9":"instock","10":"taxable","11":"shipping-taxable","12":"purchasable","13":"product-type-simple"},"_links":{"self":[{"href":"https:\/\/com-automotive.com\/es\/wp-json\/wp\/v2\/product\/31194","targetHints":{"allow":["GET"]}}],"collection":[{"href":"https:\/\/com-automotive.com\/es\/wp-json\/wp\/v2\/product"}],"about":[{"href":"https:\/\/com-automotive.com\/es\/wp-json\/wp\/v2\/types\/product"}],"replies":[{"embeddable":true,"href":"https:\/\/com-automotive.com\/es\/wp-json\/wp\/v2\/comments?post=31194"}],"wp:featuredmedia":[{"embeddable":true,"href":"https:\/\/com-automotive.com\/es\/wp-json\/wp\/v2\/media\/28225"}],"wp:attachment":[{"href":"https:\/\/com-automotive.com\/es\/wp-json\/wp\/v2\/media?parent=31194"}],"wp:term":[{"taxonomy":"product_brand","embeddable":true,"href":"https:\/\/com-automotive.com\/es\/wp-json\/wp\/v2\/product_brand?post=31194"},{"taxonomy":"product_cat","embeddable":true,"href":"https:\/\/com-automotive.com\/es\/wp-json\/wp\/v2\/product_cat?post=31194"},{"taxonomy":"product_tag","embeddable":true,"href":"https:\/\/com-automotive.com\/es\/wp-json\/wp\/v2\/product_tag?post=31194"}],"curies":[{"name":"wp","href":"https:\/\/api.w.org\/{rel}","templated":true}]}}