{"id":31182,"date":"2026-01-17T11:13:33","date_gmt":"2026-01-17T14:13:33","guid":{"rendered":"https:\/\/com-automotive.com\/alternador-12v-130a-21si-compatible-con-3920615-para-varios-vehiculos\/"},"modified":"2026-01-17T11:13:33","modified_gmt":"2026-01-17T14:13:33","slug":"alternador-12v-130a-21si-compatible-con-3920615-para-varios-vehiculos","status":"publish","type":"product","link":"https:\/\/com-automotive.com\/es\/alternador-12v-130a-21si-compatible-con-3920615-para-varios-vehiculos\/","title":{"rendered":"Alternador 12V 130A 21SI compatible con 3920615 para varios veh\u00edculos<span class=\"product-sku\" style=\"display: block; font-size: 0.85em; color: #777; margin-top: 5px; margin-bottom: 5px;\">SKU: 8000.0615-COM<\/span>"},"content":{"rendered":"<h1><strong>COM-AUTOMOTIVE, producto con Calidad y Dise\u00f1o Original.<\/strong><\/h1>\n<p>Alternador 12V 130A 21SI compatible con 3920615 para varios veh\u00edculos<\/p>\n<h2>Preguntas m\u00e1s frecuentes<\/h2>\n<h3><strong>\u00bfCu\u00e1les son las referencias cruzadas?<\/strong><\/h3>\n<p>7681N, 9X6796, 1171379, 3604667RX, 3920615, AT142246, TY6753, SE501378, 1677975C91, 9824834, 7619550, 7681N, 80000615<\/p>\n<h2><strong>Tabla de aplicaci\u00f3n<\/strong><\/h2>\n<p>AGCO ALLIS | 8360 | 1995 a 2000,<br \/>\nAGCO ALLIS | 8425 | 1995 a 2000,<br \/>\nAGCO ALLIS | 9735 | 1998 a 2007,<br \/>\nAGCO ALLIS | 9745 | 1998 a 2000,<br \/>\nAGCO ALLIS | 9755 | 1998 a 2000,<br \/>\nAGCO ALLIS | 9765 | 1998 a 2000,<br \/>\nAGCO ALLIS | 9775 | 1998 a 2000,<br \/>\nAGCO ALLIS | 9785 | 1998 a 2000,<br \/>\nAGCO GLEANER | C62 | 1998 a 2002,<br \/>\nAGCO GLEANER | R42 | 1998 a 2002,<br \/>\nAGCO GLEANER | R52 | 1998 a 2002,<br \/>\nAGCO GLEANER | R62 | 1998 a 2007,<br \/>\nAGCO GLEANER | R65 | 2004 a 2007,<br \/>\nAGCO GLEANER | R72 | 1992 a 2002,<br \/>\nAGCO GLEANER | R75 | 2003 a 2003,<br \/>\nAGCO STAR | 1000 MCCONELL-MARC | 1993 a 2002,<br \/>\nAGCO STAR | 8360 | 1995 a 2002,<br \/>\nAGCO STAR | 8425 | 1995 a 2002,<br \/>\nAGCO STAR | 900 MCCONELL-MARC | 1993 a 1997,<br \/>\nAGCO WHITE | 6124 | 1994 a 1997,<br \/>\nAGCO WHITE | 6125 | 1993 a 2000,<br \/>\nAGCO WHITE | 6144 | 1994 a 2000,<br \/>\nAGCO WHITE | 6145 | 1993 a 2000,<br \/>\nAGCO WHITE | 8310 | 1998 a 2000,<br \/>\nAGCO WHITE | 8410 | 1998 a 2000,<br \/>\nAGCO WHITE | 8510 | 1998 a 2000,<br \/>\nAGCO WHITE | 8610 | 1998 a 2000,<br \/>\nAGCO WHITE | 8710 | 1998 a 2004,<br \/>\nAGCO WHITE | 8810 | 1998 a 2004,<br \/>\nAGCO | DT160 | 2002 a 2004,<br \/>\nAGCO | DT180 | 2002 a 2004,<br \/>\nAGCO | DT200 | 2002 a 2005,<br \/>\nAGCO | DT225 | 2002 a 2004,<br \/>\nAGCO | RT130 | 2002 a 2007,<br \/>\nAGCO | RT135 | 2004 a 2006,<br \/>\nAGCO | RT145 | 2002 a 2007,<br \/>\nBUHLER G\u00c9NESIS | G\u00c9NESIS 2145 | 2002 a 2007,<br \/>\nBUHLER G\u00c9NESIS | G\u00c9NESIS 2160 | De 2002 a 2012,<br \/>\nBUHLER G\u00c9NESIS | G\u00c9NESIS 2180 | De 2002 a 2012,<br \/>\nBUHLER G\u00c9NESIS | G\u00c9NESIS 2210 | De 2002 a 2012,<br \/>\nBUHLER VERS\u00c1TIL | 2270 | De 2002 a 2014,<br \/>\nBUHLER VERS\u00c1TIL | 2310 | De 2002 a 2012,<br \/>\nBUHLER VERS\u00c1TIL | 2360 | 2002 a 2007,<br \/>\nBUHLER VERS\u00c1TIL | 2375 | 2004 a 2007,<br \/>\nBUHLER VERS\u00c1TIL | 2425 | 2002 a 2007,<br \/>\nCATERPILLAR | 35 CHALLENGER | 1994 a 2007,<br \/>\nCATERPILLAR | 45 CHALLENGER | 1994 a 1994,<br \/>\nCATERPILLAR | 55 CHALLENGER | 1995 a 1995,<br \/>\nCATERPILLAR | 65B CHALLENGER | 1991 a 1997,<br \/>\nCATERPILLAR | 65C CHALLENGER | 1993 a 1997,<br \/>\nCATERPILLAR | 70C CHALLENGER | 1995 a 1995,<br \/>\nCATERPILLAR | 75 CHALLENGER | 1990 a 1990,<br \/>\nCATERPILLAR | 76 CHALLENGER | De 1991 a 1991,<br \/>\nCATERPILLAR | 77 CHALLENGER | De 1992 a 1992,<br \/>\nCATERPILLAR | 78 CHALLENGER | De 1993 a 1993,<br \/>\nCATERPILLAR | 79 CHALLENGER | 1994 a 1994,<br \/>\nCATERPILLAR | 80 CHALLENGER | 1995 a 1995,<br \/>\nCATERPILLAR | 81 CHALLENGER | 1996 a 1996,<br \/>\nCATERPILLAR | 82 CHALLENGER | De 1997 a 1997,<br \/>\nCATERPILLAR | 83 CHALLENGER | De 1998 a 1998,<br \/>\nCATERPILLAR | 84 CHALLENGER | 1999 a 1999,<br \/>\nCATERPILLAR | 75C CHALLENGER | 1993 a 2001,<br \/>\nCATERPILLAR | 75D CHALLENGER | 1996 a 1997,<br \/>\nCATERPILLAR | 85 CHALLENGER | 1993 a 1998,<br \/>\nCATERPILLAR | 85C CHALLENGER | 1993 a 1995,<br \/>\nCATERPILLAR | AP1000 | 1996 a 2006,<br \/>\nCATERPILLAR | AP1050 | 1991 a 2011,<br \/>\nCATERPILLAR | MT735 CHALLENGER | 2001 a 2011,<br \/>\nCATERPILLAR | MT745 CHALLENGER | 2001 a 2004,<br \/>\nCATERPILLAR | MT755 CHALLENGER | 2009 a 2009,<br \/>\nCATERPILLAR | MT765 CHALLENGER | 2009 a 2009,<br \/>\nCATERPILLAR | MTC735 CHALLENGER | 2002 a 2004,<br \/>\nCATERPILLAR | MTC745 CHALLENGER | 2002 a 2004,<br \/>\nCATERPILLAR | MTC755 CHALLENGER | 2002 a 2004,<br \/>\nCATERPILLAR | MTC765 CHALLENGER | 2002 a 2004,<br \/>\nCHALLENGER | MT735 | 2002 a 2004,<br \/>\nCHALLENGER | MT745 | De 2002 a 2002,<br \/>\nCHALLENGER | MT755 | De 2002 a 2002,<br \/>\nCHALLENGER | MT765 | De 2002 a 2002,<br \/>\nCLAAS | LEXION 450 | 1997 a 2001,<br \/>\nCLAAS | LEXION 460 | 1997 a 2000,<br \/>\nCLAAS | LEXION 465 | 1997 a 2000,<br \/>\nCLAAS | LEXION 470 | 1997 a 2000,<br \/>\nFORD | 8670 | 1993 a 2000,<br \/>\nFORD | 8770 | 1993 a 2000,<br \/>\nFORD | 8870 | 1993 a 2000,<br \/>\nFORD | 9280 | 1994 a 1996,<br \/>\nFORD | 9480 | 1994 a 1996,<br \/>\nFORD | 9680 | 1994 a 1996,<br \/>\nFREIGHTLINER | CLASE DEL SIGLO | De 1996 a 1998,<br \/>\nFREIGHTLINER | CL\u00c1SICO | De 1990 a 1998,<br \/>\nFREIGHTLINER | FL 90 | 1989 a 1993,<br \/>\nFREIGHTLINER | FL FLC 112 \/ 120 | De 1989 a 1997,<br \/>\nFREIGHTLINER | FL106 | 1996 a 1997,<br \/>\nFREIGHTLINER | FL50 | 1995 a 1997,<br \/>\nFREIGHTLINER | FL60 | 1994 a 1997,<br \/>\nFREIGHTLINER | FL70 | 1994 a 1997,<br \/>\nFREIGHTLINER | FL80 | 1994 a 1994,<br \/>\nFREIGHTLINER | FLD 112 \/ 120 | 1989 a 2007,<br \/>\nJOHN DEERE | 540E | 1987 a 2007,<br \/>\nJOHN DEERE | 624E | 1988 a 2007,<br \/>\nJOHN DEERE | 640E | 1993 a 2007,<br \/>\nJOHN DEERE | 648E | De 1993 a 1993,<br \/>\nJOHN DEERE | 740E | De 1993 a 1993,<br \/>\nKENWORTH | C500 | 1991 a 1995,<br \/>\nKENWORTH | K100 | 1991 a 1995,<br \/>\nKENWORTH | K300 | 1994 a 1994,<br \/>\nKENWORTH | T300 | 1993 a 1995,<br \/>\nKENWORTH | T400 | 1991 a 1996,<br \/>\nKENWORTH | T450 | 1991 a 1996,<br \/>\nKENWORTH | T600 | 1988 a 1993,<br \/>\nKENWORTH | T800 | 1988 a 1995,<br \/>\nKENWORTH | W900 | 1990 A 1995,<br \/>\nMACK | CH | 1988 a 1995,<br \/>\nMACK | CL | 1990 a 1999,<br \/>\nMACK | CM | 1986 a 1994,<br \/>\nMACK | CS | De 1990 a 1998,<br \/>\nMACK | DM \/ DMM | 1986 a 1995,<br \/>\nMACK | F \/ FL \/ FS | De 1986 a 1998,<br \/>\nMACK | FDM | 1988 a 1995,<br \/>\nMACK | MC | 1986 a 1989,<br \/>\nMACK | MH | 1986 a 1995,<br \/>\nMACK | R | De 1986 a 1998,<br \/>\nMACK | RB | 1988 a 1989,<br \/>\nMACK | RD | 1990 a 1994,<br \/>\nMACK | RL | De 1986 a 1990,<br \/>\nMACK | RM | 1986 a 1994,<br \/>\nMACK | RS | 1986 a 2000,<br \/>\nMACK | RW | 1986 a 2009,<br \/>\nMASSEY FERGUSON | MF-8245 | 1999 a 2009,<br \/>\nMASSEY FERGUSON | MF-8260 | 1999 a 2009,<br \/>\nMASSEY FERGUSON | MF-8270 | 1999 a 2009,<br \/>\nMASSEY FERGUSON | MF-8280 | 1999 a 2000,<br \/>\nMASSEY FERGUSON | MF-8680 | 1997 a 2000,<br \/>\nMASSEY FERGUSON | MF-8780 | 1997 a 2000,<br \/>\nNUEVA HOLANDA | 8670 | 1993 a 2001,<br \/>\nNUEVA HOLANDA | 9280 | 1994 a 1997,<br \/>\nNUEVA HOLANDA | 9282 | De 1996 a 1998,<br \/>\nNUEVA HOLANDA | 9384 | 2000 a 2000,<br \/>\nNUEVA HOLANDA | 9480 | 1994 a 1998,<br \/>\nNUEVA HOLANDA | 9482 | De 1996 a 1998,<br \/>\nNUEVA HOLANDA | 968 | 1996 a 2001,<br \/>\nNUEVA HOLANDA | 9680 | 1994 a 1997,<br \/>\nNUEVA HOLANDA | 9682 | De 1996 a 1998,<br \/>\nNUEVA HOLANDA | 9684 | 2000 a 2000,<br \/>\nNUEVA HOLANDA | 9880 | 1994 a 1997,<br \/>\nNUEVA HOLANDA | 9882 | 1996 a 1997,<br \/>\nNUEVA HOLANDA | 9882 | 1996 a 2007,<br \/>\nNUEVA HOLANDA | TX66 | 1994 a 1994,<br \/>\nNUEVA HOLANDA | TX68 | 1995 a 1997,<br \/>\nPETERBILT | 320 | 1991 a 1997,<br \/>\nPETERBILT | 359 | 1991 a 1996,<br \/>\nPETERBILT | 362 | De 1997 a 1997,<br \/>\nPETERBILT | 362 | 1991 a 1996,<br \/>\nPETERBILT | 372 | De 1997 a 1997,<br \/>\nPETERBILT | 372 | 1991 a 1996,<br \/>\nPETERBILT | 375 | De 1997 a 1997,<br \/>\nPETERBILT | 375 | 1991 a 1996,<br \/>\nPETERBILT | 377 | De 1997 a 1997,<br \/>\nPETERBILT | 377 | 1991 a 1996,<br \/>\nPETERBILT | 378 | De 1997 a 1997,<br \/>\nPETERBILT | 378 | 1991 a 1997,<br \/>\nPETERBILT | 379 | 1991 a 1997,<br \/>\nPETERBILT | 385 | 1996 a 2007,<br \/>\nPRADERA | VOYAGER 2000 | De 1998 a 1998,<br \/>\nVERMEER | T755 | De 1997 a 1997,<br \/>\nVERMEER | T755DT | De 1997 a 1997,<br \/>\nVOLVO | ACL42 \/ ACL64 | 1994 a 1994,<br \/>\nVOLVO | VNL | 1994 a 1996,<br \/>\nVOLVO | WA \/ WC \/ WG \/ WH \/ WI \/ WX | 1990 a 1996<\/p>\n<div><strong>ATENCI\u00d3N:<\/strong><\/div>\n<div>Recomendamos que la instalaci\u00f3n del producto sea realizada por un profesional capacitado y especializado.<\/div>\n<div>Somente realize a compra deste produto com a certeza que ele seja compat\u00edvel com seu ve\u00edculo, caso tenha d\u00favidas, n\u00e3o hesite em nos procurar. Nuestro horario de apertura es de lunes a viernes de 8 a 18 h.<\/div>\n<div><\/div>\n<div><strong>SOBRE NOSOTROS:<\/strong><\/div>\n<div>COM Automotive est\u00e1 especializada en piezas de autom\u00f3vil de dise\u00f1o original para el sector de la reparaci\u00f3n posventa, clientes industriales y fabricantes de veh\u00edculos especiales OEM.<\/div>\n<div>Nuestro equipo tiene m\u00e1s de 28 a\u00f1os de experiencia en la fabricaci\u00f3n y el suministro de piezas de automoci\u00f3n a escala mundial.<\/div>\n<div>Nuestra <strong>MISI\u00d3N <\/strong> es ofrecer productos de dise\u00f1o original con una calidad impecable y una sustituci\u00f3n personalizada.<\/div>\n<div>Nuestra <strong>VISI\u00d3N<\/strong> es promover el crecimiento y un valor inigualable para nuestros clientes.<\/div>\n<div><\/div>\n<div><strong>DISE\u00d1O ORIGINAL<\/strong><\/div>\n<div>El t\u00e9rmino \u00abDise\u00f1o Original\u00bb se refiere a la percepci\u00f3n \u00fanica e innovadora y a la propuesta de valor de los productos de COM Automotive, as\u00ed como a la experiencia ofrecida durante su compra. Esto abarca no solo el empaque y la est\u00e9tica del producto, sino tambi\u00e9n la autenticidad y creatividad de la marca.  COM Automotive busca ofrecer productos de alta calidad que satisfagan las necesidades de la industria del mercado de repuestos, aline\u00e1ndose con su Visi\u00f3n, Misi\u00f3n y Valores.<\/div>\n<div><\/div>\n<div><strong>NOTAR:<\/strong><\/div>\n<div>C\u00f3digo de Protecci\u00f3n al Consumidor (CDC): La Ley N\u00b0 8.078, de 11 de septiembre de 1990, establece que la informaci\u00f3n proporcionada al consumidor debe ser clara y precisa. El art\u00edculo 31 del CDC exige que la publicidad y el etiquetado de los productos y servicios sean veraces y no induzcan a error al consumidor.  Esto incluye asegurarse de que la informaci\u00f3n sobre la compatibilidad, la marca y las caracter\u00edsticas se describa correctamente para evitar malentendidos. El uso del t\u00e9rmino &#8216;compatible&#8217; tambi\u00e9n est\u00e1 regulado por los grandes mercados del mercado para la catalogaci\u00f3n adecuada de productos y la aplicaci\u00f3n automotriz.<\/div>\n","protected":false},"excerpt":{"rendered":"<p>8000.0615-COM. Compatible con: 7681N, 9X6796, 1171379, 3604667RX, 3920615, AT142246, TY6753, SE501378, 1677975C91, 9824834, 7619550, 7681N, 80000615.  Marca: COM Automotive &#8211; Producto con calidad y dise\u00f1o originales.<\/p>\n","protected":false},"featured_media":28307,"comment_status":"open","ping_status":"closed","template":"","meta":[],"product_brand":[],"product_cat":[8109],"product_tag":[43269],"class_list":{"0":"post-31182","1":"product","2":"type-product","3":"status-publish","4":"has-post-thumbnail","6":"product_cat-alternador-es-2","7":"product_tag-7681n-9x6796-1171379-3604667rx-3920615-at142246-ty6753-se501378-1677975c91-9824834-7619550-7681n-80000615-8000-0615-com","9":"first","10":"instock","11":"taxable","12":"shipping-taxable","13":"purchasable","14":"product-type-simple"},"_links":{"self":[{"href":"https:\/\/com-automotive.com\/es\/wp-json\/wp\/v2\/product\/31182","targetHints":{"allow":["GET"]}}],"collection":[{"href":"https:\/\/com-automotive.com\/es\/wp-json\/wp\/v2\/product"}],"about":[{"href":"https:\/\/com-automotive.com\/es\/wp-json\/wp\/v2\/types\/product"}],"replies":[{"embeddable":true,"href":"https:\/\/com-automotive.com\/es\/wp-json\/wp\/v2\/comments?post=31182"}],"wp:featuredmedia":[{"embeddable":true,"href":"https:\/\/com-automotive.com\/es\/wp-json\/wp\/v2\/media\/28307"}],"wp:attachment":[{"href":"https:\/\/com-automotive.com\/es\/wp-json\/wp\/v2\/media?parent=31182"}],"wp:term":[{"taxonomy":"product_brand","embeddable":true,"href":"https:\/\/com-automotive.com\/es\/wp-json\/wp\/v2\/product_brand?post=31182"},{"taxonomy":"product_cat","embeddable":true,"href":"https:\/\/com-automotive.com\/es\/wp-json\/wp\/v2\/product_cat?post=31182"},{"taxonomy":"product_tag","embeddable":true,"href":"https:\/\/com-automotive.com\/es\/wp-json\/wp\/v2\/product_tag?post=31182"}],"curies":[{"name":"wp","href":"https:\/\/api.w.org\/{rel}","templated":true}]}}