{"id":31175,"date":"2026-01-17T11:02:41","date_gmt":"2026-01-17T14:02:41","guid":{"rendered":"https:\/\/com-automotive.com\/alternador-12v-65a-10si-compatible-con-10495382-para-varios-vehiculos\/"},"modified":"2026-01-17T11:02:41","modified_gmt":"2026-01-17T14:02:41","slug":"alternador-12v-65a-10si-compatible-con-10495382-para-varios-vehiculos","status":"publish","type":"product","link":"https:\/\/com-automotive.com\/es\/alternador-12v-65a-10si-compatible-con-10495382-para-varios-vehiculos\/","title":{"rendered":"Alternador 12V 65A 10SI compatible con 10495382 para varios veh\u00edculos<span class=\"product-sku\" style=\"display: block; font-size: 0.85em; color: #777; margin-top: 5px; margin-bottom: 5px;\">SKU: 8000.5382-COM<\/span>"},"content":{"rendered":"<h1><strong>COM-AUTOMOTIVE, producto con Calidad y Dise\u00f1o Original.<\/strong><\/h1>\n<p>Alternador 12V 65A 10SI compatible con 10495382 para varios veh\u00edculos<\/p>\n<h2>Preguntas m\u00e1s frecuentes<\/h2>\n<h3><strong>\u00bfCu\u00e1les son las referencias cruzadas?<\/strong><\/h3>\n<p>71273N, JR775004, 1103061, 1103151, 1105360, 1976063, 1979863, 1979865, 1984281, &#8216;AL530X, AL532X, 1100111, 1100116, 1100117, 1100128, 1100129, 1100135, 1100142, 1100148, 1100149, 1100156, 1100165, 1100174, 1100196, 1100202, 1100281, 1100494, 1100542, 1100552, 1100564, 1100575, 1100592, 1100595, 1100596, 1100597, 1100830, 1100831, 1100852, 1100855, 1100861, 1100865, 1100890, 1100935, 1100949, 1102351, 1102367, 1102368, 1102369, 1102479, 1102480, 1102488, 1102548, 1102549, 1102550, 1102840,  1102842, 1102843, 1102844, 1102860, 1102880, 1102905, 1102906, 1102911, 1102913, 1103042, 1103044, 1103045, 1103048, 1103051, 1103058, 1103065, 1103076, 1103083, 1103085, 1103087, 1103088, 1103089, 1103094, 1103108, 1103110, 1103111, 1103112, 1103121, 1103146, 1103153, 1103169, 1103186, 1103197, 1103199, 1876680, 10495382, 71273N, 80005382<\/p>\n<h2><strong>Tabla de aplicaci\u00f3n<\/strong><\/h2>\n<p>Alternador 12V 65A 10SI compatible con 10495382 para varios veh\u00edculos<\/p>\n<div><strong>ATENCI\u00d3N:<\/strong><\/div>\n<div>Recomendamos que la instalaci\u00f3n del producto sea realizada por un profesional capacitado y especializado.<\/div>\n<div>Somente realize a compra deste produto com a certeza que ele seja compat\u00edvel com seu ve\u00edculo, caso tenha d\u00favidas, n\u00e3o hesite em nos procurar. Nuestro horario de apertura es de lunes a viernes de 8 a 18 h.<\/div>\n<div><\/div>\n<div><strong>SOBRE NOSOTROS:<\/strong><\/div>\n<div>COM Automotive est\u00e1 especializada en piezas de autom\u00f3vil de dise\u00f1o original para el sector de la reparaci\u00f3n posventa, clientes industriales y fabricantes de veh\u00edculos especiales OEM.<\/div>\n<div>Nuestro equipo tiene m\u00e1s de 28 a\u00f1os de experiencia en la fabricaci\u00f3n y el suministro de piezas de automoci\u00f3n a escala mundial.<\/div>\n<div>Nuestra <strong>MISI\u00d3N <\/strong> es ofrecer productos de dise\u00f1o original con una calidad impecable y una sustituci\u00f3n personalizada.<\/div>\n<div>Nuestra <strong>VISI\u00d3N<\/strong> es promover el crecimiento y un valor inigualable para nuestros clientes.<\/div>\n<div><\/div>\n<div><strong>DISE\u00d1O ORIGINAL<\/strong><\/div>\n<div>El t\u00e9rmino \u00abDise\u00f1o Original\u00bb se refiere a la percepci\u00f3n \u00fanica e innovadora y a la propuesta de valor de los productos de COM Automotive, as\u00ed como a la experiencia ofrecida durante su compra. Esto abarca no solo el empaque y la est\u00e9tica del producto, sino tambi\u00e9n la autenticidad y creatividad de la marca.  COM Automotive busca ofrecer productos de alta calidad que satisfagan las necesidades de la industria del mercado de repuestos, aline\u00e1ndose con su Visi\u00f3n, Misi\u00f3n y Valores.<\/div>\n<div><\/div>\n<div><strong>NOTAR:<\/strong><\/div>\n<div>C\u00f3digo de Protecci\u00f3n al Consumidor (CDC): La Ley N\u00b0 8.078, de 11 de septiembre de 1990, establece que la informaci\u00f3n proporcionada al consumidor debe ser clara y precisa. El art\u00edculo 31 del CDC exige que la publicidad y el etiquetado de los productos y servicios sean veraces y no induzcan a error al consumidor.  Esto incluye asegurarse de que la informaci\u00f3n sobre la compatibilidad, la marca y las caracter\u00edsticas se describa correctamente para evitar malentendidos. El uso del t\u00e9rmino &#8216;compatible&#8217; tambi\u00e9n est\u00e1 regulado por los grandes mercados del mercado para la catalogaci\u00f3n adecuada de productos y la aplicaci\u00f3n automotriz.<\/div>\n","protected":false},"excerpt":{"rendered":"<p>8000. 5382-COM. Compatible con: 71273N, JR775004, 1103061, 1103151, 1105360, 1976063, 1979863, 1979865, 1984281, AL530X, AL532X, 1100111, 1100116, 1100117, 1100128, 1100129, 1100135, 1100142, 1100148, 1100149, 1100156, 1100165, 1100174, 1100196  , 1102367, 1100202 1100596, 1100281, 1100494, 1100542, 1100552, 1100564, 1100575, 1100592, 1100595, , 1100597, 1100830, 1100831, 1100852, 1100855, 1100861, 1100865, 1100890, 1100935, 1100949, 1102351, , 1102368, 1102369, 1102479, 1102480, 1102488, 1102548,  1102549, 1102550, 1102840, 1102842, 1102843, 1102844, 1102860, 1102880, 1102905, 1102906, 1102911, 1102913, 1103042, 1103044, 1103045, 1103048, 1103051, 1103058, 1103065, 1103076, 1103083, 1103085, 1103087, 1103088, 1103089, 1103094, 1103108, 1103110, 1103111, 1103112, 1103121, 1103146, 1103153, 1103169, 1103186, 1103197, 1103199, 1876680, 10495382, 71273N, 80005382.  Marca: COM Automotive &#8211; Producto con calidad y dise\u00f1o originales.<\/p>\n","protected":false},"featured_media":30313,"comment_status":"open","ping_status":"closed","template":"","meta":[],"product_brand":[],"product_cat":[8109],"product_tag":[],"class_list":{"0":"post-31175","1":"product","2":"type-product","3":"status-publish","4":"has-post-thumbnail","6":"product_cat-alternador-es-2","8":"first","9":"instock","10":"taxable","11":"shipping-taxable","12":"purchasable","13":"product-type-simple"},"_links":{"self":[{"href":"https:\/\/com-automotive.com\/es\/wp-json\/wp\/v2\/product\/31175","targetHints":{"allow":["GET"]}}],"collection":[{"href":"https:\/\/com-automotive.com\/es\/wp-json\/wp\/v2\/product"}],"about":[{"href":"https:\/\/com-automotive.com\/es\/wp-json\/wp\/v2\/types\/product"}],"replies":[{"embeddable":true,"href":"https:\/\/com-automotive.com\/es\/wp-json\/wp\/v2\/comments?post=31175"}],"wp:featuredmedia":[{"embeddable":true,"href":"https:\/\/com-automotive.com\/es\/wp-json\/wp\/v2\/media\/30313"}],"wp:attachment":[{"href":"https:\/\/com-automotive.com\/es\/wp-json\/wp\/v2\/media?parent=31175"}],"wp:term":[{"taxonomy":"product_brand","embeddable":true,"href":"https:\/\/com-automotive.com\/es\/wp-json\/wp\/v2\/product_brand?post=31175"},{"taxonomy":"product_cat","embeddable":true,"href":"https:\/\/com-automotive.com\/es\/wp-json\/wp\/v2\/product_cat?post=31175"},{"taxonomy":"product_tag","embeddable":true,"href":"https:\/\/com-automotive.com\/es\/wp-json\/wp\/v2\/product_tag?post=31175"}],"curies":[{"name":"wp","href":"https:\/\/api.w.org\/{rel}","templated":true}]}}