{"id":31142,"date":"2026-01-17T11:28:18","date_gmt":"2026-01-17T14:28:18","guid":{"rendered":"https:\/\/com-automotive.com\/motor-de-arranque-12v-9t-compatible-con-8000294-para-che-express-v6-4-3l-tahoe-0813\/"},"modified":"2026-01-17T11:28:18","modified_gmt":"2026-01-17T14:28:18","slug":"motor-de-arranque-12v-9t-compatible-con-8000294-para-che-express-v6-4-3l-tahoe-0813","status":"publish","type":"product","link":"https:\/\/com-automotive.com\/es\/motor-de-arranque-12v-9t-compatible-con-8000294-para-che-express-v6-4-3l-tahoe-0813\/","title":{"rendered":"Motor de arranque 12V 9T compatible con 8000294 para CHE Express V6 4.3L Tahoe 08&gt;13<span class=\"product-sku\" style=\"display: block; font-size: 0.85em; color: #777; margin-top: 5px; margin-bottom: 5px;\">SKU: 6000.0294-COM<\/span>"},"content":{"rendered":"<h1><strong>COM-AUTOMOTIVE, producto con Calidad y Dise\u00f1o Original.<\/strong><\/h1>\n<p>Motor de arranque 12V 9T compatible con 8000294 para CHE Express V6 4.3L Tahoe 08&gt;13<\/p>\n<h2>Preguntas m\u00e1s frecuentes<\/h2>\n<h3><strong>\u00bfCu\u00e1les son las referencias cruzadas?<\/strong><\/h3>\n<p>6970N, 1100523, 1100539, 1100547, 1100806, 1102379, 1102868, 1102871, 8000294, 6970N, 60000294<\/p>\n<h2><strong>Tabla de aplicaci\u00f3n<\/strong><\/h2>\n<p>CHEVROLET | AVALANCHA | 8CIL &#8211; 5,3L | 2009 a 2013,<br \/>\nCHEVROLET | CHEYENNE | 8CIL &#8211; 5,3L | 2010 a 2010,<br \/>\nCHEVROLET | COLORADO | 8CIL &#8211; 5,3L | De 2009 a 2012,<br \/>\nCHEVROLET | EXPRESS 1500 | 8CIL &#8211; 5,3L | 2008 a 2014,<br \/>\nCHEVROLET | EXPRESS 2500 | 8CIL &#8211; 4,8L | 2008 a 2017,<br \/>\nCHEVROLET | EXPRESS 2500 | 8CIL &#8211; 6.0L | De 2020 a 2020,<br \/>\nCHEVROLET | EXPRESS 3500 | 8CIL &#8211; 4,8L | 2008 a 2017,<br \/>\nCHEVROLET | EXPRESS PASAJEROS | 8CIL &#8211; 5,3L | De 2013 a 2013,<br \/>\nCHEVROLET | SILVERADO 1500 | 8CIL &#8211; 4,8L | 2009 a 2013,<br \/>\nCHEVROLET | SILVERADO 1500 | 8CIL &#8211; 5,3L | 2009 a 2013,<br \/>\nCHEVROLET | SUBURBIO 1500 | 8CIL &#8211; 5,3L | 2009 a 2010,<br \/>\nCHEVROLET | SUBURBIO 1500 | 8CIL &#8211; 5,3L | 2009 a 2009,<br \/>\nCHEVROLET | SUBURBIO 1500 | 8CIL &#8211; 5,3L | De 2011 a 2014,<br \/>\nCHEVROLET | SUBURBAN 3500 HD | 8CIL &#8211; 6.0L | 2018 a 2018,<br \/>\nCHEVROLET | TAHOE | 8CIL &#8211; 5,3L | De 2009 a 2014,<br \/>\nCHEVROLET | TAHOE | 8CIL &#8211; 4,8L | 2009 a 2009,<br \/>\nFREIGHTLINER | B2 | 8CIL &#8211; 8.0L | 2019 a 2023,<br \/>\nFREIGHTLINER | S2G | 8CIL &#8211; 8.0L | 2014 a 2022,<br \/>\nGMC | CA\u00d1\u00d3N | 8CIL &#8211; 5,3L | De 2009 a 2012,<br \/>\nGMC | SAVANA 1500 | 8CIL &#8211; 5,3L | 2008 a 2014,<br \/>\nGMC | SAVANA 2500 | 8CIL &#8211; 4,8L | 2008 a 2017,<br \/>\nGMC | SAVANA 3500 | 8CIL &#8211; 4,8L | 2008 a 2017,<br \/>\nGMC | SIERRA 1500 | 8CIL &#8211; 5,3L | 2009 a 2013,<br \/>\nGMC | SIERRA 1500 | 8CIL &#8211; 4,8L | 2009 a 2013,<br \/>\nGMC | SIERRA | 8CIL &#8211; 5,3L | 2009 a 2013,<br \/>\nGMC | YUKON XL 1500 | 8CIL &#8211; 5,3L | De 2009 a 2014,<br \/>\nGMC | YUKON XL 1500 | 8CIL &#8211; 6,2L | De 2012 a 2012,<br \/>\nGMC | YUKON | 8CIL &#8211; 5,3L | De 2009 a 2014,<br \/>\nGMC | YUKON | 8CIL &#8211; 4,8L | 2009 a 2009,<br \/>\nHUMMER | H3 | 8CIL &#8211; 5,3L | 2008 a 2010,<br \/>\nHUMMER | H3T | 8CIL &#8211; 5,3L | 2009 a 2010<\/p>\n<div><strong>ATENCI\u00d3N:<\/strong><\/div>\n<div>Recomendamos que la instalaci\u00f3n del producto sea realizada por un profesional capacitado y especializado.<\/div>\n<div>Somente realize a compra deste produto com a certeza que ele seja compat\u00edvel com seu ve\u00edculo, caso tenha d\u00favidas, n\u00e3o hesite em nos procurar. Nuestro horario de apertura es de lunes a viernes de 8 a 18 h.<\/div>\n<div><\/div>\n<div><strong>SOBRE NOSOTROS:<\/strong><\/div>\n<div>COM Automotive est\u00e1 especializada en piezas de autom\u00f3vil de dise\u00f1o original para el sector de la reparaci\u00f3n posventa, clientes industriales y fabricantes de veh\u00edculos especiales OEM.<\/div>\n<div>Nuestro equipo tiene m\u00e1s de 28 a\u00f1os de experiencia en la fabricaci\u00f3n y el suministro de piezas de automoci\u00f3n a escala mundial.<\/div>\n<div>Nuestra <strong>MISI\u00d3N <\/strong> es ofrecer productos de dise\u00f1o original con una calidad impecable y una sustituci\u00f3n personalizada.<\/div>\n<div>Nuestra <strong>VISI\u00d3N<\/strong> es promover el crecimiento y un valor inigualable para nuestros clientes.<\/div>\n<div><\/div>\n<div><strong>DISE\u00d1O ORIGINAL<\/strong><\/div>\n<div>El t\u00e9rmino \u00abDise\u00f1o Original\u00bb se refiere a la percepci\u00f3n \u00fanica e innovadora y a la propuesta de valor de los productos de COM Automotive, as\u00ed como a la experiencia ofrecida durante su compra. Esto abarca no solo el empaque y la est\u00e9tica del producto, sino tambi\u00e9n la autenticidad y creatividad de la marca. COM Automotive busca ofrecer productos de alta calidad que satisfagan las necesidades de la industria del mercado de repuestos, aline\u00e1ndose con su Visi\u00f3n, Misi\u00f3n y Valores.  <\/div>\n<div><\/div>\n<div><strong>NOTAR:<\/strong><\/div>\n<div>C\u00f3digo de Protecci\u00f3n al Consumidor (CDC): La Ley N\u00b0 8.078, de 11 de septiembre de 1990, establece que la informaci\u00f3n proporcionada al consumidor debe ser clara y precisa. El art\u00edculo 31 del CDC exige que la publicidad y el etiquetado de los productos y servicios sean veraces y no induzcan a error al consumidor. Esto incluye asegurarse de que la informaci\u00f3n sobre la compatibilidad, la marca y las caracter\u00edsticas se describa correctamente para evitar malentendidos.   El uso del t\u00e9rmino &#8216;compatible&#8217; tambi\u00e9n est\u00e1 regulado por los grandes mercados del mercado para la catalogaci\u00f3n adecuada de productos y la aplicaci\u00f3n automotriz.<\/div>\n","protected":false},"excerpt":{"rendered":"<p>6000.0294-COM. Compatible con: 6970N, 1100523, 1100539, 1100547, 1100806, 1102379, 1102868, 1102871, 8000294, 6970N, 60000294.  Marca: COM Automotive &#8211; Producto con calidad y dise\u00f1o originales.<\/p>\n","protected":false},"featured_media":27965,"comment_status":"open","ping_status":"closed","template":"","meta":[],"product_brand":[],"product_cat":[8119],"product_tag":[43116],"class_list":{"0":"post-31142","1":"product","2":"type-product","3":"status-publish","4":"has-post-thumbnail","6":"product_cat-motor-de-arranque","7":"product_tag-6970n-1100523-1100539-1100547-1100806-1102379-1102868-1102871-8000294-6970n-60000294-6000-0294-com","9":"first","10":"instock","11":"taxable","12":"shipping-taxable","13":"purchasable","14":"product-type-simple"},"_links":{"self":[{"href":"https:\/\/com-automotive.com\/es\/wp-json\/wp\/v2\/product\/31142","targetHints":{"allow":["GET"]}}],"collection":[{"href":"https:\/\/com-automotive.com\/es\/wp-json\/wp\/v2\/product"}],"about":[{"href":"https:\/\/com-automotive.com\/es\/wp-json\/wp\/v2\/types\/product"}],"replies":[{"embeddable":true,"href":"https:\/\/com-automotive.com\/es\/wp-json\/wp\/v2\/comments?post=31142"}],"wp:featuredmedia":[{"embeddable":true,"href":"https:\/\/com-automotive.com\/es\/wp-json\/wp\/v2\/media\/27965"}],"wp:attachment":[{"href":"https:\/\/com-automotive.com\/es\/wp-json\/wp\/v2\/media?parent=31142"}],"wp:term":[{"taxonomy":"product_brand","embeddable":true,"href":"https:\/\/com-automotive.com\/es\/wp-json\/wp\/v2\/product_brand?post=31142"},{"taxonomy":"product_cat","embeddable":true,"href":"https:\/\/com-automotive.com\/es\/wp-json\/wp\/v2\/product_cat?post=31142"},{"taxonomy":"product_tag","embeddable":true,"href":"https:\/\/com-automotive.com\/es\/wp-json\/wp\/v2\/product_tag?post=31142"}],"curies":[{"name":"wp","href":"https:\/\/api.w.org\/{rel}","templated":true}]}}