{"id":31135,"date":"2026-01-17T11:28:10","date_gmt":"2026-01-17T14:28:10","guid":{"rendered":"https:\/\/com-automotive.com\/motor-de-arranque-12v-8t-compatible-con-12kw-m000t32071-para-chry-sebring-dodge-avenger-2-4l-0717\/"},"modified":"2026-01-17T11:28:10","modified_gmt":"2026-01-17T14:28:10","slug":"motor-de-arranque-12v-8t-compatible-con-12kw-m000t32071-para-chry-sebring-dodge-avenger-2-4l-0717","status":"publish","type":"product","link":"https:\/\/com-automotive.com\/es\/motor-de-arranque-12v-8t-compatible-con-12kw-m000t32071-para-chry-sebring-dodge-avenger-2-4l-0717\/","title":{"rendered":"Motor de arranque 12V 8T compatible con 1,2Kw M000T32071 para Chry Sebring Dodge Avenger 2.4L 07&gt;17<span class=\"product-sku\" style=\"display: block; font-size: 0.85em; color: #777; margin-top: 5px; margin-bottom: 5px;\">SKU: 6000.2071-COM<\/span>"},"content":{"rendered":"<h1><strong>COM-AUTOMOTIVE, producto con Calidad y Dise\u00f1o Original.<\/strong><\/h1>\n<p>Motor de arranque 12V 8T compatible con 1,2Kw M000T32071 para Chry Sebring Dodge Avenger 2.4L 07&gt;17<\/p>\n<h2>Preguntas m\u00e1s frecuentes<\/h2>\n<h3><strong>\u00bfCu\u00e1les son las referencias cruzadas?<\/strong><\/h3>\n<p>17994N, 05034555AA, 5034555AA, R5034555AA, &#8216;SR6468X, 2804273, M000T32071, M000T32071ZC, M0T32071, M0T32071ZC, 17994N, 60002071<\/p>\n<h2><strong>Tabla de aplicaci\u00f3n<\/strong><\/h2>\n<p>JEEP | DEPORTE PATRIOTA | 2010-2017 | 4CIL 2.4L,<br \/>\nJEEP | DEPORTE PATRIOTA | 2010-2017 | 4CIL 2.0L,<br \/>\nJEEP | PATRIOTA NORTE | 2013-2013 | 4CIL 2.4L,<br \/>\nJEEP | PATRIOTA NORTE | 2013-2013 | 4CIL 2.0L,<br \/>\nJEEP | PATRIOT LIMITED | 2010-2017 | 4CIL 2.4L,<br \/>\nJEEP | LATITUD PATRIOTA | 2011-2017 | 4CIL 2.4L,<br \/>\nJEEP | LATITUD PATRIOTA | 2011-2017 | 4CIL 2.0L,<br \/>\nJEEP | 75\u00ba ANIVERSARIO PATRIOT | 2016-2016 | 4CIL 2.4L,<br \/>\nJEEP | PATRIOTA | 2007-2013 | 4CIL 2.4L,<br \/>\nJEEP | PATRIOTA | 2007-2009 | 4CIL 2.0L,<br \/>\nJEEP | DEPORTE COMPASS | 2010-2017 | 4CIL 2.4L,<br \/>\nJEEP | DEPORTE COMPASS | 2010-2017 | 4CIL 2.0L,<br \/>\nJEEP | BR\u00daJULA NORTE | 2013-2013 | 4CIL 2.4L,<br \/>\nJEEP | BR\u00daJULA NORTE | 2013-2013 | 4CIL 2.0L,<br \/>\nJEEP | COMPASS LIMITED | 2010-2017 | 4CIL 2.4L,<br \/>\nJEEP | LATITUD DE LA BR\u00daJULA | 2011-2017 | 4CIL 2.4L,<br \/>\nJEEP | LATITUD DE LA BR\u00daJULA | 2011-2017 | 4CIL 2.0L,<br \/>\nJEEP | BR\u00daJULA A GRAN ALTITUD | 2015-2015 | 4CIL 2.4L,<br \/>\nJEEP | ALTITUD DE LA BR\u00daJULA | 2015-2015 | 4CIL 2.4L,<br \/>\nJEEP | 75\u00ba ANIVERSARIO COMPASS | 2016-2016 | 4CIL 2.4L,<br \/>\nJEEP | BR\u00daJULA | 2007-2011 | 4CIL 2.4L,<br \/>\nJEEP | BR\u00daJULA | 2007-2011 | 4CIL 2.0L,<br \/>\nDODGE | VIAJE SXT | 2011-2018 | 4CIL 2.4L,<br \/>\nDODGE | DEPORTE DE VIAJE | 2019-2020 | 4CIL 2.4L,<br \/>\nDODGE | VIAJE VALOR SE | 2020-2020 | 4CIL 2.4L,<br \/>\nDODGE | RECORRIDO SE ASFALTO | 2019-2020 | 4CIL 2.4L,<br \/>\nDODGE | VIAJE SE | 2011-2012 | 4CIL 2.4L,<br \/>\nDODGE | VIAJE EXPRESO | 2011-2011 | 4CIL 2.4L,<br \/>\nDODGE | JOURNEY CVP | 2013-2013 | 4CIL 2.4L,<br \/>\nDODGE | ENCRUCIJADA DE VIAJE | 2014-2020 | 4CIL 2.4L,<br \/>\nDODGE | ASFALTO DE VIAJE | 2014-2014 | 4CIL 2.4L,<br \/>\nDODGE | AVP JOURNEY | 2012-2015 | 4CIL 2.4L,<br \/>\nDODGE | VIAJE | 2009-2019 | 4CIL 2.4L,<br \/>\nDODGE | CALIBER UPTOWN | 2010-2011 | 4CIL 2.4L,<br \/>\nDODGE | CALIBER UPTOWN | 2010-2011 | 4CIL 2.0L,<br \/>\nDODGE | CALIBRE SXT PLUS | 2012-2012 | 4CIL 2.0L,<br \/>\nDODGE | CALIBER SXT | 2010-2012 | 4CIL 2.4L,<br \/>\nDODGE | CALIBER SXT | 2010-2012 | 4CIL 2.0L,<br \/>\nDODGE | CALIBRE SE 2010-2011 | 4CIL 2.0L,<br \/>\nDODGE | CARRERA CALIBRE | 2010-2011 | 4CIL 2.4L,<br \/>\nDODGE | CALIBER MAINSTREET | 2010-2011 | 4CIL 2.0L,<br \/>\nDODGE | CALOR DE CALIBRE 2010-2011 | 4CIL 2.0L,<br \/>\nDODGE | CALIBER EXPRESS | 2010-2011 | 4CIL 2.0L,<br \/>\nDODGE | CALIBRE | 2007-2009 | 4CIL 2.4L,<br \/>\nDODGE | CALIBRE | 2007-2009 | 4CIL 2.0L,<br \/>\nDODGE | CALIBRE | 2007-2009 | 4CIL 1.8L,<br \/>\nDODGE | AVENGER SXT | 2010-2010 | 4CIL 2.4L,<br \/>\nDODGE | AVENGER SE | 2010-2010 | 4CIL 2.4L,<br \/>\nDODGE | AVENGER SE | 2010-2010 | 4CIL 2.0L,<br \/>\nDODGE | VENGADOR EXPRESS | 2010-2010 | 4CIL 2.4L,<br \/>\nDODGE | VENGADOR | 2008-2009 | 4CIL 2.4L,<br \/>\nDODGE | VENGADOR | 2008-2009 | 4CIL 2.0L,<br \/>\nCHRYSLER | SEBRING CONVERTIBLE | 2008-2010 | 4CIL 2.4L,<br \/>\nCHRYSLER | SEBRING | 2007-2010 | 4CIL 2.4L,<br \/>\nCHRYSLER | GIRA DE CIRROS | 2010-2010 | 4CIL 2.4L,<br \/>\nCHRYSLER | CIRRUS LIMITED | 2010-2010 | 4CIL 2.4L,<br \/>\nCHRYSLER | CIRRUS | 2007-2009 | 4CIL 2.4L<\/p>\n<div><strong>ATENCI\u00d3N:<\/strong><\/div>\n<div>Recomendamos que la instalaci\u00f3n del producto sea realizada por un profesional capacitado y especializado.<\/div>\n<div>Somente realize a compra deste produto com a certeza que ele seja compat\u00edvel com seu ve\u00edculo, caso tenha d\u00favidas, n\u00e3o hesite em nos procurar. Nuestro horario de apertura es de lunes a viernes de 8 a 18 h.<\/div>\n<div><\/div>\n<div><strong>SOBRE NOSOTROS:<\/strong><\/div>\n<div>COM Automotive est\u00e1 especializada en piezas de autom\u00f3vil de dise\u00f1o original para el sector de la reparaci\u00f3n posventa, clientes industriales y fabricantes de veh\u00edculos especiales OEM.<\/div>\n<div>Nuestro equipo tiene m\u00e1s de 28 a\u00f1os de experiencia en la fabricaci\u00f3n y el suministro de piezas de automoci\u00f3n a escala mundial.<\/div>\n<div>Nuestra <strong>MISI\u00d3N <\/strong> es ofrecer productos de dise\u00f1o original con una calidad impecable y una sustituci\u00f3n personalizada.<\/div>\n<div>Nuestra <strong>VISI\u00d3N<\/strong> es promover el crecimiento y un valor inigualable para nuestros clientes.<\/div>\n<div><\/div>\n<div><strong>DISE\u00d1O ORIGINAL<\/strong><\/div>\n<div>El t\u00e9rmino \u00abDise\u00f1o Original\u00bb se refiere a la percepci\u00f3n \u00fanica e innovadora y a la propuesta de valor de los productos de COM Automotive, as\u00ed como a la experiencia ofrecida durante su compra. Esto abarca no solo el empaque y la est\u00e9tica del producto, sino tambi\u00e9n la autenticidad y creatividad de la marca. COM Automotive busca ofrecer productos de alta calidad que satisfagan las necesidades de la industria del mercado de repuestos, aline\u00e1ndose con su Visi\u00f3n, Misi\u00f3n y Valores.  <\/div>\n<div><\/div>\n<div><strong>NOTAR:<\/strong><\/div>\n<div>C\u00f3digo de Protecci\u00f3n al Consumidor (CDC): La Ley N\u00b0 8.078, de 11 de septiembre de 1990, establece que la informaci\u00f3n proporcionada al consumidor debe ser clara y precisa. El art\u00edculo 31 del CDC exige que la publicidad y el etiquetado de los productos y servicios sean veraces y no induzcan a error al consumidor. Esto incluye asegurarse de que la informaci\u00f3n sobre la compatibilidad, la marca y las caracter\u00edsticas se describa correctamente para evitar malentendidos.   El uso del t\u00e9rmino &#8216;compatible&#8217; tambi\u00e9n est\u00e1 regulado por los grandes mercados del mercado para la catalogaci\u00f3n adecuada de productos y la aplicaci\u00f3n automotriz.<\/div>\n","protected":false},"excerpt":{"rendered":"<p>6000.2071-COM. Compatible con: 17994N, 05034555AA, 5034555AA, R5034555AA, &#8216;SR6468X, 2804273, M000T32071, M000T32071ZC, M0T32071, M0T32071ZC, 17994N, 60002071.  Marca: COM Automotive &#8211; Producto con calidad y dise\u00f1o originales.<\/p>\n","protected":false},"featured_media":28071,"comment_status":"open","ping_status":"closed","template":"","meta":[],"product_brand":[],"product_cat":[8119],"product_tag":[43111],"class_list":{"0":"post-31135","1":"product","2":"type-product","3":"status-publish","4":"has-post-thumbnail","6":"product_cat-motor-de-arranque","7":"product_tag-17994n05034555aa5034555aar5034555aasr6468x2804273m000t32071m000t32071zcm0t32071m0t32071zc17994n6000207160002071-com","9":"first","10":"instock","11":"taxable","12":"shipping-taxable","13":"purchasable","14":"product-type-simple"},"_links":{"self":[{"href":"https:\/\/com-automotive.com\/es\/wp-json\/wp\/v2\/product\/31135","targetHints":{"allow":["GET"]}}],"collection":[{"href":"https:\/\/com-automotive.com\/es\/wp-json\/wp\/v2\/product"}],"about":[{"href":"https:\/\/com-automotive.com\/es\/wp-json\/wp\/v2\/types\/product"}],"replies":[{"embeddable":true,"href":"https:\/\/com-automotive.com\/es\/wp-json\/wp\/v2\/comments?post=31135"}],"wp:featuredmedia":[{"embeddable":true,"href":"https:\/\/com-automotive.com\/es\/wp-json\/wp\/v2\/media\/28071"}],"wp:attachment":[{"href":"https:\/\/com-automotive.com\/es\/wp-json\/wp\/v2\/media?parent=31135"}],"wp:term":[{"taxonomy":"product_brand","embeddable":true,"href":"https:\/\/com-automotive.com\/es\/wp-json\/wp\/v2\/product_brand?post=31135"},{"taxonomy":"product_cat","embeddable":true,"href":"https:\/\/com-automotive.com\/es\/wp-json\/wp\/v2\/product_cat?post=31135"},{"taxonomy":"product_tag","embeddable":true,"href":"https:\/\/com-automotive.com\/es\/wp-json\/wp\/v2\/product_tag?post=31135"}],"curies":[{"name":"wp","href":"https:\/\/api.w.org\/{rel}","templated":true}]}}