{"id":31134,"date":"2026-01-17T11:28:10","date_gmt":"2026-01-17T14:28:10","guid":{"rendered":"https:\/\/com-automotive.com\/motor-de-arranque-compatible-con-12v-9t-4280001760-para-bmw-x5-3-0l-z4-v6-2-5l-0712\/"},"modified":"2026-01-17T11:28:10","modified_gmt":"2026-01-17T14:28:10","slug":"motor-de-arranque-compatible-con-12v-9t-4280001760-para-bmw-x5-3-0l-z4-v6-2-5l-0712","status":"publish","type":"product","link":"https:\/\/com-automotive.com\/es\/motor-de-arranque-compatible-con-12v-9t-4280001760-para-bmw-x5-3-0l-z4-v6-2-5l-0712\/","title":{"rendered":"Motor de arranque compatible con 12V 9T 4280001760 para BMW X5 3.0L Z4 V6 2.5L 07&gt;12<span class=\"product-sku\" style=\"display: block; font-size: 0.85em; color: #777; margin-top: 5px; margin-bottom: 5px;\">SKU: 6000.1760-COM<\/span>"},"content":{"rendered":"<h1><strong>COM-AUTOMOTIVE, producto con Calidad y Dise\u00f1o Original.<\/strong><\/h1>\n<p>Motor de arranque compatible con 12V 9T 4280001760 para BMW X5 3.0L Z4 V6 2.5L 07&gt;12<\/p>\n<h2>Preguntas m\u00e1s frecuentes<\/h2>\n<h3><strong>\u00bfCu\u00e1les son las referencias cruzadas?<\/strong><\/h3>\n<p>17922N, 19305NN, 11117922, 12617922, APS17922, S17922, 8017922, 12417521116, 12417521122, 12417521123, 12417526236, 12417579155, 12417579156, 12417594292, 12417610343, CST10405AS, CST10405GS, CST40444GS, CS1412, 8EA012528041, 8EA738258601, &#8216;0001107423, 0001107424, 0001107527, 0001107528, 0986021500, 0986021507, 0986XL5347, SR0492X, 4280001760, MS4280001760, 17922N, 19305NN-22066260001760<\/p>\n<h2><strong>Tabla de aplicaci\u00f3n<\/strong><\/h2>\n<p>BMW | Z4 XDRIVE 35I CONVERTIBLE | 2011-2015 | 6CIL 3.0L,<br \/>\nBMW | Z4 XDRIVE 23I CONVERTIBLE | 2009-2011 | 6CIL 2.5L,<br \/>\nBMW | Z4 CABRIO | 2003-2006 | 6CIL 2.5L,<br \/>\nBMW | X5 XDRIVE 30 I | 2008-2010 | 6CIL 3.0L,<br \/>\nBMW | X5 | 2006-2008 | 6CIL 3.0L,<br \/>\nBMW | X3 XDRIVE 30 I | 2008-2011 | 6CIL 3.0L,<br \/>\nBMW | X3 XDRIVE 28 I | 2010-2010 | 6CIL 3.0L,<br \/>\nBMW | X3 XDRIVE 25 I | 2007-2011 | 6CIL 2.5L,<br \/>\nBMW | X3 | 2006-2010 | 6CIL 3.0L,<br \/>\nBMW | X3 | 2006-2008 | 6CIL 2.5L,<br \/>\nBMW | X1 XDRIVE 28I | 2009-2015 | 6CIL 3.0L,<br \/>\nBMW | X1 XDRIVE 25I | 2010-2011 | 6CIL 3.0L,<br \/>\nBMW | 745 I | 2005-2009 | 6CIL 3.0L,<br \/>\nBMW | 530 I | 2005-2010 | 6CIL 3.0L,<br \/>\nBMW | 525 I | 2006-2010 | 6CIL 3.0L,<br \/>\nBMW | 525 I | 2005-2010 | 6CIL 2.5L,<br \/>\nBMW | 523 I | 2005-2007 | 6CIL 2.5L,<br \/>\nBMW | 335 I XDRIVE | 2008-2011 | 6CIL 3.0L,<br \/>\nBMW | 335 I COUP\u00c9 | 2008-2013 | 6CIL 3.0L,<br \/>\nBMW | 335 I | 2006-2011 | 6CIL 3.0L,<br \/>\nBMW | 330 I XDRIVE COUP\u00c9 | 2008-2011 | 6CIL 3.0L,<br \/>\nBMW | 330 I COUP\u00c9 | 2006-2008 | 6CIL 3.0L,<br \/>\nBMW | 325 I COUP\u00c9 | 2006-2013 | 6CIL 2.5L,<br \/>\nBMW | 325 I | 2005-2008 | 6CIL 2.5L,<br \/>\nBMW | 323 I | 2006-2007 | 6CIL 2.5L,<br \/>\nBMW | 320 I | 2007-2011 | 4CIL 2.0L,<br \/>\nBMW | 130 I | 2005-2011 | 6CIL 3.0L,<br \/>\nBMW | 125 I COUP\u00c9 | 2007-2016 | 6CIL 3.0L,<br \/>\nBMW | 120 I | 2007-2012 | 4CIL 2.0L<\/p>\n<div><strong>ATENCI\u00d3N:<\/strong><\/div>\n<div>Recomendamos que la instalaci\u00f3n del producto sea realizada por un profesional capacitado y especializado.<\/div>\n<div>Somente realize a compra deste produto com a certeza que ele seja compat\u00edvel com seu ve\u00edculo, caso tenha d\u00favidas, n\u00e3o hesite em nos procurar. Nuestro horario de apertura es de lunes a viernes de 8 a 18 h.<\/div>\n<div><\/div>\n<div><strong>SOBRE NOSOTROS:<\/strong><\/div>\n<div>COM Automotive est\u00e1 especializada en piezas de autom\u00f3vil de dise\u00f1o original para el sector de la reparaci\u00f3n posventa, clientes industriales y fabricantes de veh\u00edculos especiales OEM.<\/div>\n<div>Nuestro equipo tiene m\u00e1s de 28 a\u00f1os de experiencia en la fabricaci\u00f3n y el suministro de piezas de automoci\u00f3n a escala mundial.<\/div>\n<div>Nuestra <strong>MISI\u00d3N <\/strong> es ofrecer productos de dise\u00f1o original con una calidad impecable y una sustituci\u00f3n personalizada.<\/div>\n<div>Nuestra <strong>VISI\u00d3N<\/strong> es promover el crecimiento y un valor inigualable para nuestros clientes.<\/div>\n<div><\/div>\n<div><strong>DISE\u00d1O ORIGINAL<\/strong><\/div>\n<div>El t\u00e9rmino \u00abDise\u00f1o Original\u00bb se refiere a la percepci\u00f3n \u00fanica e innovadora y a la propuesta de valor de los productos de COM Automotive, as\u00ed como a la experiencia ofrecida durante su compra. Esto abarca no solo el empaque y la est\u00e9tica del producto, sino tambi\u00e9n la autenticidad y creatividad de la marca. COM Automotive busca ofrecer productos de alta calidad que satisfagan las necesidades de la industria del mercado de repuestos, aline\u00e1ndose con su Visi\u00f3n, Misi\u00f3n y Valores.  <\/div>\n<div><\/div>\n<div><strong>NOTAR:<\/strong><\/div>\n<div>C\u00f3digo de Protecci\u00f3n al Consumidor (CDC): La Ley N\u00b0 8.078, de 11 de septiembre de 1990, establece que la informaci\u00f3n proporcionada al consumidor debe ser clara y precisa. El art\u00edculo 31 del CDC exige que la publicidad y el etiquetado de los productos y servicios sean veraces y no induzcan a error al consumidor. Esto incluye asegurarse de que la informaci\u00f3n sobre la compatibilidad, la marca y las caracter\u00edsticas se describa correctamente para evitar malentendidos.   El uso del t\u00e9rmino &#8216;compatible&#8217; tambi\u00e9n est\u00e1 regulado por los grandes mercados del mercado para la catalogaci\u00f3n adecuada de productos y la aplicaci\u00f3n automotriz.<\/div>\n","protected":false},"excerpt":{"rendered":"<p>6000.1760-COM. Compatible con: 17922N, 19305NN, 11117922, 12617922, APS17922, S17922, 8017922, 12417521116, 12417521122, 12417521123, 12417526236, 12417579155, 12417579156, 12417594292, 12417610343, CST10405AS, CST10405GS, CST40444GS, CS1412, 8EA012528041, 8EA738258601, &#8216;0001107423, 0001107424, 0001107527, 0001107528, 0986021500, 0986021507, 0986XL5347, SR0492X, 4280001760, MS4280001760, 17922N, 19305NN-22066260001760.  Marca: COM Automotive &#8211; Producto con calidad y dise\u00f1o originales.<\/p>\n","protected":false},"featured_media":27949,"comment_status":"open","ping_status":"closed","template":"","meta":[],"product_brand":[],"product_cat":[8119],"product_tag":[],"class_list":{"0":"post-31134","1":"product","2":"type-product","3":"status-publish","4":"has-post-thumbnail","6":"product_cat-motor-de-arranque","8":"first","9":"instock","10":"taxable","11":"shipping-taxable","12":"purchasable","13":"product-type-simple"},"_links":{"self":[{"href":"https:\/\/com-automotive.com\/es\/wp-json\/wp\/v2\/product\/31134","targetHints":{"allow":["GET"]}}],"collection":[{"href":"https:\/\/com-automotive.com\/es\/wp-json\/wp\/v2\/product"}],"about":[{"href":"https:\/\/com-automotive.com\/es\/wp-json\/wp\/v2\/types\/product"}],"replies":[{"embeddable":true,"href":"https:\/\/com-automotive.com\/es\/wp-json\/wp\/v2\/comments?post=31134"}],"wp:featuredmedia":[{"embeddable":true,"href":"https:\/\/com-automotive.com\/es\/wp-json\/wp\/v2\/media\/27949"}],"wp:attachment":[{"href":"https:\/\/com-automotive.com\/es\/wp-json\/wp\/v2\/media?parent=31134"}],"wp:term":[{"taxonomy":"product_brand","embeddable":true,"href":"https:\/\/com-automotive.com\/es\/wp-json\/wp\/v2\/product_brand?post=31134"},{"taxonomy":"product_cat","embeddable":true,"href":"https:\/\/com-automotive.com\/es\/wp-json\/wp\/v2\/product_cat?post=31134"},{"taxonomy":"product_tag","embeddable":true,"href":"https:\/\/com-automotive.com\/es\/wp-json\/wp\/v2\/product_tag?post=31134"}],"curies":[{"name":"wp","href":"https:\/\/api.w.org\/{rel}","templated":true}]}}