{"id":31119,"date":"2026-01-17T11:27:21","date_gmt":"2026-01-17T14:27:21","guid":{"rendered":"https:\/\/com-automotive.com\/motor-de-arranque-12v-13t-compatible-116930a1-para-ford-diesel-triton-power-stroke\/"},"modified":"2026-01-17T11:27:21","modified_gmt":"2026-01-17T14:27:21","slug":"motor-de-arranque-12v-13t-compatible-116930a1-para-ford-diesel-triton-power-stroke","status":"publish","type":"product","link":"https:\/\/com-automotive.com\/es\/motor-de-arranque-12v-13t-compatible-116930a1-para-ford-diesel-triton-power-stroke\/","title":{"rendered":"Motor de arranque 12V 13T compatible 116930A1 para Ford Diesel Triton Power Stroke<span class=\"product-sku\" style=\"display: block; font-size: 0.85em; color: #777; margin-top: 5px; margin-bottom: 5px;\">SKU: 6000.30A1-COM<\/span>"},"content":{"rendered":"<h1><strong>COM-AUTOMOTIVE, producto con Calidad y Dise\u00f1o Original.<\/strong><\/h1>\n<p>Motor de arranque 12V 13T compatible 116930A1 para Ford Diesel Triton Power Stroke<\/p>\n<h2>Preguntas m\u00e1s frecuentes<\/h2>\n<h3><strong>\u00bfCu\u00e1les son las referencias cruzadas?<\/strong><\/h3>\n<p>16658N, 116930A1, A47496, R39341, &#8216;SR9943X, 0986UR1991, 0280005880, 0280005881, 0280005882, 0280005883, 0280005884, MS 148, MS 418, , 16658N, 600030A1<\/p>\n<h2><strong>Tabla de aplicaci\u00f3n<\/strong><\/h2>\n<p>CASO | 1835B | De 1982 a 1988,<br \/>\nCASO | 1845B | 1982 a 1985,<br \/>\nCASO | 350B | 1979 a 1984,<br \/>\nCASO | 450B | 1978 a 1983,<br \/>\nCASO | 455B | 1983 a 1983,<br \/>\nCASO | 480C | De 1979 a 1988,<br \/>\nCASO | 480D | De 1979 a 1988,<br \/>\nCASO | 480LL | De 1979 a 1988,<br \/>\nCASO | 580C | 1975 a 1980,<br \/>\nCASO | 580D | 1980 a 1984,<br \/>\nCASO | 580SD | 1980 a 1984,<br \/>\nCASO | 584D | 1975 a 1988,<br \/>\nCASO | 585D | 1975 a 1988,<br \/>\nCASO | 586D | 1975 a 1988,<br \/>\nCASO | W11 | 1978 a 1983,<br \/>\nFORD | E-250 FAMILIAR CLUB ECONOLINE | De 1985 a 1991,<br \/>\nFORD | E-350 FAMILIAR CLUB ECONOLINE | De 1985 a 1994,<br \/>\nFORD | E-350 ECONOLINE | De 1985 a 1994,<br \/>\nFORD | F-250 | De 1985 a 1994,<br \/>\nFORD | F-350 | De 1985 a 1994,<br \/>\nFORD | S-SUPERDEBER | 1990 a 1994,<br \/>\nFREIGHTLINER | FC80 | De 1998 a 2001,<br \/>\nFREIGHTLINER | FL-90 | 1992 a 1993,<br \/>\nFREIGHTLINER | FL50 | 1995 a 2000,<br \/>\nFREIGHTLINER | FL60 | 1994 a 2001,<br \/>\nFREIGHTLINER | FL70 | 1994 a 2001,<br \/>\nFREIGHTLINER | FL80 | 1994 a 2001,<br \/>\nKENWORTH | K300 | 1999 a 2003,<br \/>\nKENWORTH | T3000 | 1994 a 2007,<br \/>\nINDUSTRIAL BLANCO | 145 | 1991 a 1992<\/p>\n<div><strong>ATENCI\u00d3N:<\/strong><\/div>\n<div>Recomendamos que la instalaci\u00f3n del producto sea realizada por un profesional capacitado y especializado.<\/div>\n<div>Somente realize a compra deste produto com a certeza que ele seja compat\u00edvel com seu ve\u00edculo, caso tenha d\u00favidas, n\u00e3o hesite em nos procurar. Nuestro horario de apertura es de lunes a viernes de 8 a 18 h.<\/div>\n<div><\/div>\n<div><strong>SOBRE NOSOTROS:<\/strong><\/div>\n<div>COM Automotive est\u00e1 especializada en piezas de autom\u00f3vil de dise\u00f1o original para el sector de la reparaci\u00f3n posventa, clientes industriales y fabricantes de veh\u00edculos especiales OEM.<\/div>\n<div>Nuestro equipo tiene m\u00e1s de 28 a\u00f1os de experiencia en la fabricaci\u00f3n y el suministro de piezas de automoci\u00f3n a escala mundial.<\/div>\n<div>Nuestra <strong>MISI\u00d3N <\/strong> es ofrecer productos de dise\u00f1o original con una calidad impecable y una sustituci\u00f3n personalizada.<\/div>\n<div>Nuestra <strong>VISI\u00d3N<\/strong> es promover el crecimiento y un valor inigualable para nuestros clientes.<\/div>\n<div><\/div>\n<div><strong>DISE\u00d1O ORIGINAL<\/strong><\/div>\n<div>El t\u00e9rmino \u00abDise\u00f1o Original\u00bb se refiere a la percepci\u00f3n \u00fanica e innovadora y a la propuesta de valor de los productos de COM Automotive, as\u00ed como a la experiencia ofrecida durante su compra. Esto abarca no solo el empaque y la est\u00e9tica del producto, sino tambi\u00e9n la autenticidad y creatividad de la marca. COM Automotive busca ofrecer productos de alta calidad que satisfagan las necesidades de la industria del mercado de repuestos, aline\u00e1ndose con su Visi\u00f3n, Misi\u00f3n y Valores.  <\/div>\n<div><\/div>\n<div><strong>NOTAR:<\/strong><\/div>\n<div>C\u00f3digo de Protecci\u00f3n al Consumidor (CDC): La Ley N\u00b0 8.078, de 11 de septiembre de 1990, establece que la informaci\u00f3n proporcionada al consumidor debe ser clara y precisa. El art\u00edculo 31 del CDC exige que la publicidad y el etiquetado de los productos y servicios sean veraces y no induzcan a error al consumidor. Esto incluye asegurarse de que la informaci\u00f3n sobre la compatibilidad, la marca y las caracter\u00edsticas se describa correctamente para evitar malentendidos.   El uso del t\u00e9rmino &#8216;compatible&#8217; tambi\u00e9n est\u00e1 regulado por los grandes mercados del mercado para la catalogaci\u00f3n adecuada de productos y la aplicaci\u00f3n automotriz.<\/div>\n","protected":false},"excerpt":{"rendered":"<p>6000.30A1-COM. Compatible con: 16658N, 116930A1, A47496, R39341, &#8216;SR9943X, 0986UR1991, 0280005880, 0280005881, 0280005882, 0280005883, 0280005884, MS 148, MS 418, , 16658N, 600030A1.  Marca: COM Automotive &#8211; Producto con calidad y dise\u00f1o originales.<\/p>\n","protected":false},"featured_media":27811,"comment_status":"open","ping_status":"closed","template":"","meta":[],"product_brand":[],"product_cat":[8119],"product_tag":[43098],"class_list":{"0":"post-31119","1":"product","2":"type-product","3":"status-publish","4":"has-post-thumbnail","6":"product_cat-motor-de-arranque","7":"product_tag-16658n-116930a1-a47496-r39341-sr9943x-0986ur1991-0280005880-0280005881-0280005882-0280005883-0280005884-ms-148-ms-418-16658n-600030a1-6000-30a1-com","9":"first","10":"instock","11":"taxable","12":"shipping-taxable","13":"purchasable","14":"product-type-simple"},"_links":{"self":[{"href":"https:\/\/com-automotive.com\/es\/wp-json\/wp\/v2\/product\/31119","targetHints":{"allow":["GET"]}}],"collection":[{"href":"https:\/\/com-automotive.com\/es\/wp-json\/wp\/v2\/product"}],"about":[{"href":"https:\/\/com-automotive.com\/es\/wp-json\/wp\/v2\/types\/product"}],"replies":[{"embeddable":true,"href":"https:\/\/com-automotive.com\/es\/wp-json\/wp\/v2\/comments?post=31119"}],"wp:featuredmedia":[{"embeddable":true,"href":"https:\/\/com-automotive.com\/es\/wp-json\/wp\/v2\/media\/27811"}],"wp:attachment":[{"href":"https:\/\/com-automotive.com\/es\/wp-json\/wp\/v2\/media?parent=31119"}],"wp:term":[{"taxonomy":"product_brand","embeddable":true,"href":"https:\/\/com-automotive.com\/es\/wp-json\/wp\/v2\/product_brand?post=31119"},{"taxonomy":"product_cat","embeddable":true,"href":"https:\/\/com-automotive.com\/es\/wp-json\/wp\/v2\/product_cat?post=31119"},{"taxonomy":"product_tag","embeddable":true,"href":"https:\/\/com-automotive.com\/es\/wp-json\/wp\/v2\/product_tag?post=31119"}],"curies":[{"name":"wp","href":"https:\/\/api.w.org\/{rel}","templated":true}]}}