{"id":31106,"date":"2026-01-17T11:26:48","date_gmt":"2026-01-17T14:26:48","guid":{"rendered":"https:\/\/com-automotive.com\/motor-de-arranque-12v-10t-compatible-con-14kw-1280007810-para-dodge-ram-7000\/"},"modified":"2026-01-17T11:26:48","modified_gmt":"2026-01-17T14:26:48","slug":"motor-de-arranque-12v-10t-compatible-con-14kw-1280007810-para-dodge-ram-7000","status":"publish","type":"product","link":"https:\/\/com-automotive.com\/es\/motor-de-arranque-12v-10t-compatible-con-14kw-1280007810-para-dodge-ram-7000\/","title":{"rendered":"Motor de arranque 12V 10T compatible con 1,4Kw 1280007810 para Dodge RAM 70&gt;00<span class=\"product-sku\" style=\"display: block; font-size: 0.85em; color: #777; margin-top: 5px; margin-bottom: 5px;\">SKU: 6000.7812-COM<\/span>"},"content":{"rendered":"<h1><strong>COM-AUTOMOTIVE, producto con Calidad y Dise\u00f1o Original.<\/strong><\/h1>\n<p>Motor de arranque 12V 10T compatible con 1,4Kw 1280007810 para Dodge RAM 70&gt;00<\/p>\n<h2>Preguntas m\u00e1s frecuentes<\/h2>\n<h3><strong>\u00bfCu\u00e1les son las referencias cruzadas?<\/strong><\/h3>\n<p>17466N, 3250N, 3257N, 3258NN, 1083250, 1083257, 1083258, 12617466, APS17466, APS3250, APS3257, APS3258, DXS444, S17466, S3250, S3257, S3258, 8017466, 803250, 803257, 803258, CST40199, CST40199AS, CST40340AS, 3755259, 53005984, 1877560, 3656575, 3255250  , 5 3005984AB, 3656650, 3755900, 4091975, 4106114, 4111855, 4145359, 3755250, 4091950, 4106113, 4111860, 4145300, 4145360, 4145568, S4318, S4328, S8110, SR529X, SR536X, SR6504X, 1280007810, 1280007812, 17466N, 3250N, 3257N, 3258NN, 60007812<\/p>\n<h2><strong>Tabla de aplicaci\u00f3n<\/strong><\/h2>\n<p>DODGE | B150 | L6 3.7L | 1981 a 1987,<br \/>\nDODGE | B150 | 6CIL 3,9L | 1991 a 1994,<br \/>\nDODGE | B150 | 8CIL 5.2L | 1981 a 1987,<br \/>\nDODGE | B150 | 8CIL 5.2L | 1991 a 1994,<br \/>\nDODGE | B200 | L6 3.7L | 1975 a 1980,<br \/>\nDODGE | B200 | 8CIL 5.2L | 1975 a 1980,<br \/>\nDODGE | B200 | 8CIL 5.9L | 1975 a 1980,<br \/>\nDODGE | B200 | 8CIL 6,6L | 1976 a 1978,<br \/>\nDODGE | B200 | 8CIL 7,2L | 1975 a 1978,<br \/>\nDODGE | FURGONETA B200 | L6 3,2L | 1971 a 1972,<br \/>\nDODGE | FURGONETA B200 | L6 3.7L | 1971 a 1974,<br \/>\nDODGE | FURGONETA B200 | 8CIL 5.2L | 1971 a 1974,<br \/>\nDODGE | FURGONETA B200 | 8CIL 5.9L | 1971 a 1974,<br \/>\nDODGE | FURGONETA B200 | 8CIL 6,6L | 1971 a 1974,<br \/>\nDODGE | B250 | L6 3.7L | 1981 a 1987,<br \/>\nDODGE | B250 | 6CIL 3,9L | 1991 a 1994,<br \/>\nDODGE | B250 | 8CIL 5.2L | 1981 a 1987,<br \/>\nDODGE | B250 | 8CIL 5.2L | 1991 a 1994,<br \/>\nDODGE | B250 | 8CIL 5.9L | 1984 a 1987,<br \/>\nDODGE | B250 | 8CIL 5.9L | 1991 a 1994,<br \/>\nDODGE | B300 | L6 3.7L | 1975 a 1980,<br \/>\nDODGE | B300 | 8CIL 5.2L | 1975 a 1980,<br \/>\nDODGE | B300 | 8CIL 5.9L | 1975 a 1980,<br \/>\nDODGE | B300 | 8CIL 6,6L | 1976 a 1978,<br \/>\nDODGE | B300 | 8CIL 7,2L | 1975 a 1978,<br \/>\nDODGE | FURGONETA B300 | L6 3.7L | 1971 a 1974,<br \/>\nDODGE | FURGONETA B300 | 8CIL 5.2L | 1971 a 1974,<br \/>\nDODGE | FURGONETA B300 | 8CIL 5.9L | 1971 a 1974,<br \/>\nDODGE | FURGONETA B300 | 8CIL 6,6L | 1971 a 1974,<br \/>\nDODGE | B350 | 8CIL 5.2L | 1981 a 1987,<br \/>\nDODGE | B350 | 8CIL 5.2L | 1991 a 1994,<br \/>\nDODGE | B350 | 8CIL 5.9L | 1981 a 1987,<br \/>\nDODGE | B350 | 8CIL 5.9L | 1991 a 1994,<br \/>\nDODGE | D100 | L6 3.7L | De 1975 a 1979,<br \/>\nDODGE | D100 | L6 3.7L | 1985 a 1987,<br \/>\nDODGE | D100 | 8CIL 5.2L | De 1975 a 1979,<br \/>\nDODGE | D100 | 8CIL 5.2L | 1984 a 1987,<br \/>\nDODGE | D100 | 8CIL 5.9L | De 1975 a 1979,<br \/>\nDODGE | D100 | 8CIL 5.9L | 1984 a 1987,<br \/>\nDODGE | D100 | 8CIL 6,6L | 1976 a 1978,<br \/>\nDODGE | D100 | 8CIL 7,2L | 1975 a 1978,<br \/>\nDODGE | PASTILLA D100 | L6 3,2L | 1970 a 1971,<br \/>\nDODGE | PASTILLA D100 | L6 3.7L | 1968 a 1974,<br \/>\nDODGE | PASTILLA D100 | 8CIL 5.2L | 1968 a 1974,<br \/>\nDODGE | PASTILLA D100 | 8CIL 5.9L | 1971 a 1974,<br \/>\nDODGE | PASTILLA D100 | 8CIL 6,3L | 1968 a 1971,<br \/>\nDODGE | PASTILLA D100 | 8CIL 6,6L | 1971 a 1974,<br \/>\nDODGE | PASTILLA D100 | 8CIL 7,2L | 1973 a 1974,<br \/>\nDODGE | SERIE D100 | L6 2.8L | 1963 a 1966,<br \/>\nDODGE | SERIE D100 | L6 3.7L | 1963 a 1967,<br \/>\nDODGE | SERIE D100 | 8CIL 5.2L | 1963 a 1967,<br \/>\nDODGE | D150 | L6 3.7L | 1977 a 1987,<br \/>\nDODGE | D150 | 6CIL 3,9L | 1991 a 1993,<br \/>\nDODGE | D150 | 8CIL 5.2L | 1977 a 1987,<br \/>\nDODGE | D150 | 8CIL 5.2L | 1991 a 1993,<br \/>\nDODGE | D150 | 8CIL 5.9L | 1977 a 1982,<br \/>\nDODGE | D150 | 8CIL 5.9L | 1984 a 1987,<br \/>\nDODGE | D150 | 8CIL 6,6L | 1977 a 1978,<br \/>\nDODGE | D200 | L6 3.7L | 1975 a 1980,<br \/>\nDODGE | D200 | 8CIL 5.2L | 1975 a 1980,<br \/>\nDODGE | D200 | 8CIL 5.9L | 1975 a 1980,<br \/>\nDODGE | D200 | 8CIL 6,6L | 1975 a 1978,<br \/>\nDODGE | D200 | 8CIL 7,2L | 1975 a 1978,<br \/>\nDODGE | PASTILLA D200 | L6 3.7L | 1969 a 1974,<br \/>\nDODGE | PASTILLA D200 | 8CIL 5.2L | 1968 a 1974,<br \/>\nDODGE | PASTILLA D200 | 8CIL 5.9L | 1971 a 1974,<br \/>\nDODGE | PASTILLA D200 | 8CIL 6,3L | 1968 a 1971,<br \/>\nDODGE | PASTILLA D200 | 8CIL 6,6L | 1971 a 1974,<br \/>\nDODGE | PASTILLA D200 | 8CIL 7,2L | 1973 a 1974,<br \/>\nDODGE | SERIE D200 | L6 3.7L | 1963 a 1967,<br \/>\nDODGE | SERIE D200 | 8CIL 5.2L | 1963 a 1967,<br \/>\nDODGE | D250 | L6 3.7L | 1981 a 1987,<br \/>\nDODGE | D250 | 6CIL 3,9L | 1991 a 1993,<br \/>\nDODGE | D250 | 8CIL 5.2L | 1981 a 1987,<br \/>\nDODGE | D250 | 8CIL 5.2L | 1991 a 1993,<br \/>\nDODGE | D250 | 8CIL 5.9L | 1981 a 1982,<br \/>\nDODGE | D250 | 8CIL 5.9L | 1984 a 1987,<br \/>\nDODGE | D250 | 8CIL 5.9L | 1991 a 1993,<br \/>\nDODGE | D300 | L6 3.7L | 1975 a 1978,<br \/>\nDODGE | D300 | 8CIL 5.2L | 1975 a 1980,<br \/>\nDODGE | D300 | 8CIL 5.9L | 1975 a 1980,<br \/>\nDODGE | D300 | 8CIL 6,6L | 1976 a 1978,<br \/>\nDODGE | D300 | 8CIL 7,2L | 1975 a 1978,<br \/>\nDODGE | PASTILLA D300 | L6 3.7L | 1968 a 1974,<br \/>\nDODGE | PASTILLA D300 | 8CIL 5.2L | 1968 a 1974,<br \/>\nDODGE | PASTILLA D300 | 8CIL 5.9L | 1971 a 1974,<br \/>\nDODGE | PASTILLA D300 | 8CIL 6,3L | 1968 a 1971,<br \/>\nDODGE | PASTILLA D300 | 8CIL 6,6L | 1971 a 1974,<br \/>\nDODGE | PASTILLA D300 | 8CIL 7,2L | 1973 a 1974,<br \/>\nDODGE | SERIE D300 | L6 3.7L | 1963 a 1967,<br \/>\nDODGE | SERIE D300 | 8CIL 5.2L | 1963 a 1967,<br \/>\nDODGE | D350 | 8CIL 5.2L | 1981 a 1983,<br \/>\nDODGE | D350 | 8CIL 5.9L | 1981 a 1987,<br \/>\nDODGE | D350 | 8CIL 5.9L | 1991 a 1993,<br \/>\nDODGE | D400 | 8CIL 5.9L | 1978 a 1981,<br \/>\nDODGE | D450 | 8CIL 5.9L | 1978 a 1981,<br \/>\nDODGE | DAKOTA | 6CIL 3,9L | 1991 a 1995,<br \/>\nDODGE | DAKOTA | 8CIL 5.2L | 1991 a 1995,<br \/>\nDODGE | RAM 1500 | 6CIL 3,9L | De 1994 a 1995,<br \/>\nDODGE | RAM 1500 | 8CIL 5.2L | De 1994 a 1995,<br \/>\nDODGE | RAM 1500 | 8CIL 5.9L | De 1994 a 1995,<br \/>\nDODGE | RAM 2500 | 8CIL 5.2L | De 1994 a 1995,<br \/>\nDODGE | RAM 2500 | 8CIL 5.9L | De 1994 a 1995,<br \/>\nDODGE | RAM 3500 | 8CIL 5.9L | De 1994 a 1995,<br \/>\nDODGE | RAMCHARGER | L6 3.7L | De 1974 a 1980,<br \/>\nDODGE | RAMCHARGER | 8CIL 5.2L | 1974 a 1987,<br \/>\nDODGE | RAMCHARGER | 8CIL 5.2L | 1991 a 1993,<br \/>\nDODGE | RAMCHARGER | 8CIL 5.9L | 1974 a 1981,<br \/>\nDODGE | RAMCHARGER | 8CIL 5.9L | 1984 a 1987,<br \/>\nDODGE | RAMCHARGER | 8CIL 5.9L | 1991 a 1993,<br \/>\nDODGE | RAMCHARGER | 8CIL 6,6L | 1977 a 1978,<br \/>\nDODGE | RAMCHARGER | 8CIL 7,2L | 1974 a 1978,<br \/>\nDODGE | W150 | L6 3.7L | 1978 a 1987,<br \/>\nDODGE | W150 | 6CIL 3,9L | 1991 a 1993,<br \/>\nDODGE | W150 | 8CIL 5.2L | 1977 a 1987,<br \/>\nDODGE | W150 | 8CIL 5.2L | 1991 a 1993,<br \/>\nDODGE | W150 | 8CIL 5.9L | 1977 a 1981,<br \/>\nDODGE | W150 | 8CIL 5.9L | 1984 a 1987,<br \/>\nDODGE | W150 | 8CIL 6,6L | 1977 a 1978,<br \/>\nDODGE | W250 | 8CIL 5.2L | 1981 a 1987,<br \/>\nDODGE | W250 | 8CIL 5.2L | 1991 a 1993,<br \/>\nDODGE | W250 | 8CIL 5.9L | 1981 a 1982,<br \/>\nDODGE | W250 | 8CIL 5.9L | 1984 a 1987,<br \/>\nDODGE | W250 | 8CIL 5.9L | 1991 a 1993,<br \/>\nDODGE | W350 | 8CIL 5.2L | De 1982 a 1983,<br \/>\nDODGE | W350 | 8CIL 5.9L | 1981 a 1987,<br \/>\nDODGE | W350 | 8CIL 5.9L | 1991 a 1993,<br \/>\nDODGE | B1500 | 6CIL 3,9L | 1995 a 1995,<br \/>\nDODGE | B1500 | 8CIL 5.2L | 1995 a 1995,<br \/>\nDODGE | FURGONETA B200 | L6 3,2L | De 1971 a 1971,<br \/>\nDODGE | FURGONETA B200 | 8CIL 7,2L | 1974 a 1974,<br \/>\nDODGE | B250 | 8CIL 5.9L | 1981 a 1981,<br \/>\nDODGE | B2500 | 6CIL 3,9L | 1995 a 1995,<br \/>\nDODGE | B2500 | 8CIL 5.2L | 1995 a 1995,<br \/>\nDODGE | B2500 | 8CIL 5.9L | 1995 a 1995,<br \/>\nDODGE | FURGONETA B300 | 8CIL 7,2L | 1974 a 1974,<br \/>\nDODGE | B3500 | 8CIL 5.2L | 1995 a 1995,<br \/>\nDODGE | B3500 | 8CIL 5.9L | 1995 a 1995,<br \/>\nDODGE | PANEL D100 | L6 3.7L | 1976 a 1976,<br \/>\nDODGE | SERIE D100 | 8CIL 6,3L | 1967 a 1967,<br \/>\nDODGE | D150 | 8CIL 5.9L | De 1991 a 1991,<br \/>\nDODGE | D150 | 8CIL 5.9L | De 1993 a 1993,<br \/>\nDODGE | D150 | 8CIL 7,2L | 1978 a 1978,<br \/>\nDODGE | PASTILLA D200 | L6 3.7L | 1968 a 1968,<br \/>\nDODGE | SERIE D200 | 8CIL 6,3L | 1967 a 1967,<br \/>\nDODGE | SERIE D300 | 8CIL 6,3L | 1967 a 1967,<br \/>\nDODGE | D400 | 8CIL 7,2L | 1978 a 1978,<br \/>\nDODGE | D450 | 8CIL 7,2L | 1978 a 1978,<br \/>\nDODGE | DAKOTA | 6CIL 3,9L | 1987 a 1987,<br \/>\nDODGE | RAM 1500 FURGONETA | 8CIL 5.2L | 1995 a 1995,<br \/>\nDODGE | RAM 2500 VAN | 8CIL 5.2L | De 1997 a 1997,<br \/>\nDODGE | RAM 4000 | 8CIL 5.9L | 1995 a 1995,<br \/>\nDODGE | W150 | 8CIL 5.9L | De 1991 a 1991,<br \/>\nDODGE | W150 | 8CIL 5.9L | De 1993 a 1993,<br \/>\nDODGE | W150 | 8CIL 7,2L | 1978 a 1978<\/p>\n<div><strong>ATENCI\u00d3N:<\/strong><\/div>\n<div>Recomendamos que la instalaci\u00f3n del producto sea realizada por un profesional capacitado y especializado.<\/div>\n<div>Somente realize a compra deste produto com a certeza que ele seja compat\u00edvel com seu ve\u00edculo, caso tenha d\u00favidas, n\u00e3o hesite em nos procurar. Nuestro horario de apertura es de lunes a viernes de 8 a 18 h.<\/div>\n<div><\/div>\n<div><strong>SOBRE NOSOTROS:<\/strong><\/div>\n<div>COM Automotive est\u00e1 especializada en piezas de autom\u00f3vil de dise\u00f1o original para el sector de la reparaci\u00f3n posventa, clientes industriales y fabricantes de veh\u00edculos especiales OEM.<\/div>\n<div>Nuestro equipo tiene m\u00e1s de 28 a\u00f1os de experiencia en la fabricaci\u00f3n y el suministro de piezas de automoci\u00f3n a escala mundial.<\/div>\n<div>Nuestra <strong>MISI\u00d3N <\/strong> es ofrecer productos de dise\u00f1o original con una calidad impecable y una sustituci\u00f3n personalizada.<\/div>\n<div>Nuestra <strong>VISI\u00d3N<\/strong> es promover el crecimiento y un valor inigualable para nuestros clientes.<\/div>\n<div><\/div>\n<div><strong>DISE\u00d1O ORIGINAL<\/strong><\/div>\n<div>El t\u00e9rmino \u00abDise\u00f1o Original\u00bb se refiere a la percepci\u00f3n \u00fanica e innovadora y a la propuesta de valor de los productos de COM Automotive, as\u00ed como a la experiencia ofrecida durante su compra. Esto abarca no solo el empaque y la est\u00e9tica del producto, sino tambi\u00e9n la autenticidad y creatividad de la marca. COM Automotive busca ofrecer productos de alta calidad que satisfagan las necesidades de la industria del mercado de repuestos, aline\u00e1ndose con su Visi\u00f3n, Misi\u00f3n y Valores.  <\/div>\n<div><\/div>\n<div><strong>NOTAR:<\/strong><\/div>\n<div>C\u00f3digo de Protecci\u00f3n al Consumidor (CDC): La Ley N\u00b0 8.078, de 11 de septiembre de 1990, establece que la informaci\u00f3n proporcionada al consumidor debe ser clara y precisa. El art\u00edculo 31 del CDC exige que la publicidad y el etiquetado de los productos y servicios sean veraces y no induzcan a error al consumidor. Esto incluye asegurarse de que la informaci\u00f3n sobre la compatibilidad, la marca y las caracter\u00edsticas se describa correctamente para evitar malentendidos.   El uso del t\u00e9rmino &#8216;compatible&#8217; tambi\u00e9n est\u00e1 regulado por los grandes mercados del mercado para la catalogaci\u00f3n adecuada de productos y la aplicaci\u00f3n automotriz.<\/div>\n","protected":false},"excerpt":{"rendered":"<p>6000. 7812-COM. Compatible con: 17466N, 3250N, 3257N, 3258NN, 1083250, 1083257, 1083258, 12617466, APS17466, APS3250, APS3257, APS3258, DXS444, S17466, S3250, S3257, S3258, 8017466, 803250, 803257, 803258, CST40199, CST40199AS, 3755259 CST40340AS, , , 803250, , , , , , ,  , 53005984 1877560, 3656575, 3255250, 53005984AB, 3656650, 3755900, 4091975, 4106114, 4111855, 4145359, 3755250, 4091950, 4106113, 4111860, 4145300, 4145360, 4145568, S4318, S4328, S8110, &#8216;SR529X, SR536X, SR6504X, 1280007810, 1280007812, 17466N,  3250N, 3257N, 3258NN, 60007812.  Marca: COM Automotive &#8211; Producto con calidad y dise\u00f1o originales.<\/p>\n","protected":false},"featured_media":27899,"comment_status":"open","ping_status":"closed","template":"","meta":[],"product_brand":[],"product_cat":[8119],"product_tag":[],"class_list":{"0":"post-31106","1":"product","2":"type-product","3":"status-publish","4":"has-post-thumbnail","6":"product_cat-motor-de-arranque","8":"first","9":"instock","10":"taxable","11":"shipping-taxable","12":"purchasable","13":"product-type-simple"},"_links":{"self":[{"href":"https:\/\/com-automotive.com\/es\/wp-json\/wp\/v2\/product\/31106","targetHints":{"allow":["GET"]}}],"collection":[{"href":"https:\/\/com-automotive.com\/es\/wp-json\/wp\/v2\/product"}],"about":[{"href":"https:\/\/com-automotive.com\/es\/wp-json\/wp\/v2\/types\/product"}],"replies":[{"embeddable":true,"href":"https:\/\/com-automotive.com\/es\/wp-json\/wp\/v2\/comments?post=31106"}],"wp:featuredmedia":[{"embeddable":true,"href":"https:\/\/com-automotive.com\/es\/wp-json\/wp\/v2\/media\/27899"}],"wp:attachment":[{"href":"https:\/\/com-automotive.com\/es\/wp-json\/wp\/v2\/media?parent=31106"}],"wp:term":[{"taxonomy":"product_brand","embeddable":true,"href":"https:\/\/com-automotive.com\/es\/wp-json\/wp\/v2\/product_brand?post=31106"},{"taxonomy":"product_cat","embeddable":true,"href":"https:\/\/com-automotive.com\/es\/wp-json\/wp\/v2\/product_cat?post=31106"},{"taxonomy":"product_tag","embeddable":true,"href":"https:\/\/com-automotive.com\/es\/wp-json\/wp\/v2\/product_tag?post=31106"}],"curies":[{"name":"wp","href":"https:\/\/api.w.org\/{rel}","templated":true}]}}