{"id":31103,"date":"2026-01-17T11:26:48","date_gmt":"2026-01-17T14:26:48","guid":{"rendered":"https:\/\/com-automotive.com\/motor-de-arranque-12v-12t-3-0kw-compatible-3c3u11000-para-ford-power-stroke-0310\/"},"modified":"2026-01-17T11:26:48","modified_gmt":"2026-01-17T14:26:48","slug":"motor-de-arranque-12v-12t-3-0kw-compatible-3c3u11000-para-ford-power-stroke-0310","status":"publish","type":"product","link":"https:\/\/com-automotive.com\/es\/motor-de-arranque-12v-12t-3-0kw-compatible-3c3u11000-para-ford-power-stroke-0310\/","title":{"rendered":"Motor de arranque 12V 12T 3.0Kw compatible 3C3U11000 para Ford Power Stroke 03&gt;10<span class=\"product-sku\" style=\"display: block; font-size: 0.85em; color: #777; margin-top: 5px; margin-bottom: 5px;\">SKU: 6000.3649-COM<\/span>"},"content":{"rendered":"<h1><strong>COM-AUTOMOTIVE, producto con Calidad y Dise\u00f1o Original.<\/strong><\/h1>\n<p>Motor de arranque 12V 12T 3.0Kw compatible 3C3U11000 para Ford Power Stroke 03&gt;10<\/p>\n<h2>Preguntas m\u00e1s frecuentes<\/h2>\n<h3><strong>\u00bfCu\u00e1les son las referencias cruzadas?<\/strong><\/h3>\n<p>6670N, 3C3U11000AB, 3C3U11000AC, 3C3UAB, 3C3UAC, 3C3Z11002AA, 3C3Z11002AARM, 6C2T11000AA, 6C2TAA, 6C2Z11002AA, 6C2Z11V002ARM1, 7C2T11000BD, 7C2TBD, 7C2Z11002A, RM7U2J11A230BA, &#8216;SR7586N, SR7586X, AZE4639, IS 9420, 6670N, 60003649<\/p>\n<h2><strong>Tabla de aplicaci\u00f3n<\/strong><\/h2>\n<p>WINNEBAGO | ESP\u00cdRITU | 2004-2005 | 8CIL 6.0L,<br \/>\nWINNEBAGO | MINNIE | 2004-2005 | 8CIL 6.0L,<br \/>\nFORD | LCF | 2006-2010 | 6CIL 4,5L,<br \/>\nFORD | F-550 SUPER DUTY | 2003-2007 | 8CIL 6.0L,<br \/>\nFORD | F-450 SUPER DUTY | 2003-2007 | 8CIL 6.0L,<br \/>\nFORD | F-350 SUPER DUTY | 2003-2007 | 8CIL 6.0L DI\u00c9SEL,<br \/>\nFORD | F-250 SUPER DUTY | 2003-2007 | 8CIL 6.0L DI\u00c9SEL,<br \/>\nFORD | EXCURSI\u00d3N | 2003-2005 | 8CIL 6.0L DI\u00c9SEL,<br \/>\nFORD | E-450 SUPER DUTY | 2004-2010 | 8CIL 6.0L,<br \/>\nFORD | E-350 SUPER DUTY | 2004-2010 | 8CIL 6.0L DI\u00c9SEL,<br \/>\nFORD | FAMILIAR CLUB E-350 | 2004-2005 | DI\u00c9SEL 8CIL 6.0L<\/p>\n<div><strong>ATENCI\u00d3N:<\/strong><\/div>\n<div>Recomendamos que la instalaci\u00f3n del producto sea realizada por un profesional capacitado y especializado.<\/div>\n<div>Somente realize a compra deste produto com a certeza que ele seja compat\u00edvel com seu ve\u00edculo, caso tenha d\u00favidas, n\u00e3o hesite em nos procurar. Nuestro horario de apertura es de lunes a viernes de 8 a 18 h.<\/div>\n<div><\/div>\n<div><strong>SOBRE NOSOTROS:<\/strong><\/div>\n<div>COM Automotive est\u00e1 especializada en piezas de autom\u00f3vil de dise\u00f1o original para el sector de la reparaci\u00f3n posventa, clientes industriales y fabricantes de veh\u00edculos especiales OEM.<\/div>\n<div>Nuestro equipo tiene m\u00e1s de 28 a\u00f1os de experiencia en la fabricaci\u00f3n y el suministro de piezas de automoci\u00f3n a escala mundial.<\/div>\n<div>Nuestra <strong>MISI\u00d3N <\/strong> es ofrecer productos de dise\u00f1o original con una calidad impecable y una sustituci\u00f3n personalizada.<\/div>\n<div>Nuestra <strong>VISI\u00d3N<\/strong> es promover el crecimiento y un valor inigualable para nuestros clientes.<\/div>\n<div><\/div>\n<div><strong>DISE\u00d1O ORIGINAL<\/strong><\/div>\n<div>El t\u00e9rmino \u00abDise\u00f1o Original\u00bb se refiere a la percepci\u00f3n \u00fanica e innovadora y a la propuesta de valor de los productos de COM Automotive, as\u00ed como a la experiencia ofrecida durante su compra. Esto abarca no solo el empaque y la est\u00e9tica del producto, sino tambi\u00e9n la autenticidad y creatividad de la marca. COM Automotive busca ofrecer productos de alta calidad que satisfagan las necesidades de la industria del mercado de repuestos, aline\u00e1ndose con su Visi\u00f3n, Misi\u00f3n y Valores.  <\/div>\n<div><\/div>\n<div><strong>NOTAR:<\/strong><\/div>\n<div>C\u00f3digo de Protecci\u00f3n al Consumidor (CDC): La Ley N\u00b0 8.078, de 11 de septiembre de 1990, establece que la informaci\u00f3n proporcionada al consumidor debe ser clara y precisa. El art\u00edculo 31 del CDC exige que la publicidad y el etiquetado de los productos y servicios sean veraces y no induzcan a error al consumidor. Esto incluye asegurarse de que la informaci\u00f3n sobre la compatibilidad, la marca y las caracter\u00edsticas se describa correctamente para evitar malentendidos.   El uso del t\u00e9rmino &#8216;compatible&#8217; tambi\u00e9n est\u00e1 regulado por los grandes mercados del mercado para la catalogaci\u00f3n adecuada de productos y la aplicaci\u00f3n automotriz.<\/div>\n","protected":false},"excerpt":{"rendered":"<p>6000.3649-COM. Compatible con: 6670N, 3C3U11000AB, 3C3U11000AC, 3C3UAB, 3C3UAC, 3C3Z11002AA, 3C3Z11002AARM, 6C2T11000AA, 6C2TAA, 6C2Z11002AA, 6C2Z11V002ARM1, 7C2T11000BD, 7C2TBD, 7C2Z11002A, RM7U2J11A230BA, &#8216;SR7586N, SR7586X, AZE4639, IS 9420, 6670N, 60003649.  Marca: COM Automotive &#8211; Producto con calidad y dise\u00f1o originales.<\/p>\n","protected":false},"featured_media":28049,"comment_status":"open","ping_status":"closed","template":"","meta":[],"product_brand":[],"product_cat":[8119],"product_tag":[],"class_list":{"0":"post-31103","1":"product","2":"type-product","3":"status-publish","4":"has-post-thumbnail","6":"product_cat-motor-de-arranque","8":"first","9":"instock","10":"taxable","11":"shipping-taxable","12":"purchasable","13":"product-type-simple"},"_links":{"self":[{"href":"https:\/\/com-automotive.com\/es\/wp-json\/wp\/v2\/product\/31103","targetHints":{"allow":["GET"]}}],"collection":[{"href":"https:\/\/com-automotive.com\/es\/wp-json\/wp\/v2\/product"}],"about":[{"href":"https:\/\/com-automotive.com\/es\/wp-json\/wp\/v2\/types\/product"}],"replies":[{"embeddable":true,"href":"https:\/\/com-automotive.com\/es\/wp-json\/wp\/v2\/comments?post=31103"}],"wp:featuredmedia":[{"embeddable":true,"href":"https:\/\/com-automotive.com\/es\/wp-json\/wp\/v2\/media\/28049"}],"wp:attachment":[{"href":"https:\/\/com-automotive.com\/es\/wp-json\/wp\/v2\/media?parent=31103"}],"wp:term":[{"taxonomy":"product_brand","embeddable":true,"href":"https:\/\/com-automotive.com\/es\/wp-json\/wp\/v2\/product_brand?post=31103"},{"taxonomy":"product_cat","embeddable":true,"href":"https:\/\/com-automotive.com\/es\/wp-json\/wp\/v2\/product_cat?post=31103"},{"taxonomy":"product_tag","embeddable":true,"href":"https:\/\/com-automotive.com\/es\/wp-json\/wp\/v2\/product_tag?post=31103"}],"curies":[{"name":"wp","href":"https:\/\/api.w.org\/{rel}","templated":true}]}}