{"id":31102,"date":"2026-01-17T11:26:46","date_gmt":"2026-01-17T14:26:46","guid":{"rendered":"https:\/\/com-automotive.com\/motor-de-arranque-compatible-12v-10t-3l5411000-para-ranger-v6-3-0l-mazda-9106\/"},"modified":"2026-01-17T11:26:46","modified_gmt":"2026-01-17T14:26:46","slug":"motor-de-arranque-compatible-12v-10t-3l5411000-para-ranger-v6-3-0l-mazda-9106","status":"publish","type":"product","link":"https:\/\/com-automotive.com\/es\/motor-de-arranque-compatible-12v-10t-3l5411000-para-ranger-v6-3-0l-mazda-9106\/","title":{"rendered":"Motor de arranque compatible 12V 10T 3L5411000 para Ranger V6 3.0L Mazda 91&gt;06<span class=\"product-sku\" style=\"display: block; font-size: 0.85em; color: #777; margin-top: 5px; margin-bottom: 5px;\">SKU: 6000.3541-COM<\/span>"},"content":{"rendered":"<h1><strong>COM-AUTOMOTIVE, producto con Calidad y Dise\u00f1o Original.<\/strong><\/h1>\n<p>Motor de arranque compatible 12V 10T 3L5411000 para Ranger V6 3.0L Mazda 91&gt;06<\/p>\n<h2>Preguntas m\u00e1s frecuentes<\/h2>\n<h3><strong>\u00bfCu\u00e1les son las referencias cruzadas?<\/strong><\/h3>\n<p>3272N, 3L5411000AA, 3L54AA, 3L5A11000AA, 3L5Z11002AA, 6L5Z11002BA, 6L5Z11002BRM, F02U11000AA, F02Z11002A, F13U11000AA, F13Z11002A, F23U11000BC, F23Z11002B, F23Z11002BRM, F4FU11000AA, F89U11000AA, F89U11000AB, F89UAA, F89UAB, F89Z11002AA, F89Z11002AARM, RM8U2J11A230BA, &#8216;SR7559N, SR7559X, 3272N, 60003541<\/p>\n<h2><strong>Tabla de aplicaci\u00f3n<\/strong><\/h2>\n<p>FORD | AEROSTAR | 6CIL | 1992 a 1997,<br \/>\nFORD | F-100 RANGER | 6CIL | 1999 a 1999,<br \/>\nFORD | Sonda | 6CIL | 1990 a 1992,<br \/>\nFORD | RANGER | 6CIL | 1991 a 2008,<br \/>\nFORD | TAURO | De 1991 a 1991,<br \/>\nFORD | CLIMA | 1991 a 1994,<br \/>\nFORD | TOPACIO | De 1989 a 1989,<br \/>\nFORD | TOPACIO | De 1986 a 1986,<br \/>\nMAZDA | B3000 | 6CIL | 1994 a 2008,<br \/>\nMERCURIO | TOPACIO | 1991 a 1994<\/p>\n<div><strong>ATENCI\u00d3N:<\/strong><\/div>\n<div>Recomendamos que la instalaci\u00f3n del producto sea realizada por un profesional capacitado y especializado.<\/div>\n<div>Somente realize a compra deste produto com a certeza que ele seja compat\u00edvel com seu ve\u00edculo, caso tenha d\u00favidas, n\u00e3o hesite em nos procurar. Nuestro horario de apertura es de lunes a viernes de 8 a 18 h.<\/div>\n<div><\/div>\n<div><strong>SOBRE NOSOTROS:<\/strong><\/div>\n<div>COM Automotive est\u00e1 especializada en piezas de autom\u00f3vil de dise\u00f1o original para el sector de la reparaci\u00f3n posventa, clientes industriales y fabricantes de veh\u00edculos especiales OEM.<\/div>\n<div>Nuestro equipo tiene m\u00e1s de 28 a\u00f1os de experiencia en la fabricaci\u00f3n y el suministro de piezas de automoci\u00f3n a escala mundial.<\/div>\n<div>Nuestra <strong>MISI\u00d3N <\/strong> es ofrecer productos de dise\u00f1o original con una calidad impecable y una sustituci\u00f3n personalizada.<\/div>\n<div>Nuestra <strong>VISI\u00d3N<\/strong> es promover el crecimiento y un valor inigualable para nuestros clientes.<\/div>\n<div><\/div>\n<div><strong>DISE\u00d1O ORIGINAL<\/strong><\/div>\n<div>El t\u00e9rmino \u00abDise\u00f1o Original\u00bb se refiere a la percepci\u00f3n \u00fanica e innovadora y a la propuesta de valor de los productos de COM Automotive, as\u00ed como a la experiencia ofrecida durante su compra. Esto abarca no solo el empaque y la est\u00e9tica del producto, sino tambi\u00e9n la autenticidad y creatividad de la marca. COM Automotive busca ofrecer productos de alta calidad que satisfagan las necesidades de la industria del mercado de repuestos, aline\u00e1ndose con su Visi\u00f3n, Misi\u00f3n y Valores.  <\/div>\n<div><\/div>\n<div><strong>NOTAR:<\/strong><\/div>\n<div>C\u00f3digo de Protecci\u00f3n al Consumidor (CDC): La Ley N\u00b0 8.078, de 11 de septiembre de 1990, establece que la informaci\u00f3n proporcionada al consumidor debe ser clara y precisa. El art\u00edculo 31 del CDC exige que la publicidad y el etiquetado de los productos y servicios sean veraces y no induzcan a error al consumidor. Esto incluye asegurarse de que la informaci\u00f3n sobre la compatibilidad, la marca y las caracter\u00edsticas se describa correctamente para evitar malentendidos.   El uso del t\u00e9rmino &#8216;compatible&#8217; tambi\u00e9n est\u00e1 regulado por los grandes mercados del mercado para la catalogaci\u00f3n adecuada de productos y la aplicaci\u00f3n automotriz.<\/div>\n","protected":false},"excerpt":{"rendered":"<p>6000.3541-COM. Compatible con: 3272N, 3L5411000AA, 3L54AA, 3L5A11000AA, 3L5Z11002AA, 6L5Z11002BA, 6L5Z11002BRM, F02U11000AA, F02Z11002A, F13U11000AA, F13Z11002A, F23U11000BC, F23Z11002B, F23Z11002BRM, F4FU11000AA, F89U11000AA, F89U11000AB, F89UAA, F89UAB, F89Z11002AA, F89Z11002AARM, RM8U2J11A230BA, &#8216;SR7559N, SR7559X, 3272N, 60003541.  Marca: COM Automotive &#8211; Producto con calidad y dise\u00f1o originales.<\/p>\n","protected":false},"featured_media":30854,"comment_status":"open","ping_status":"closed","template":"","meta":[],"product_brand":[],"product_cat":[8119],"product_tag":[],"class_list":{"0":"post-31102","1":"product","2":"type-product","3":"status-publish","4":"has-post-thumbnail","6":"product_cat-motor-de-arranque","8":"first","9":"instock","10":"taxable","11":"shipping-taxable","12":"purchasable","13":"product-type-simple"},"_links":{"self":[{"href":"https:\/\/com-automotive.com\/es\/wp-json\/wp\/v2\/product\/31102","targetHints":{"allow":["GET"]}}],"collection":[{"href":"https:\/\/com-automotive.com\/es\/wp-json\/wp\/v2\/product"}],"about":[{"href":"https:\/\/com-automotive.com\/es\/wp-json\/wp\/v2\/types\/product"}],"replies":[{"embeddable":true,"href":"https:\/\/com-automotive.com\/es\/wp-json\/wp\/v2\/comments?post=31102"}],"wp:featuredmedia":[{"embeddable":true,"href":"https:\/\/com-automotive.com\/es\/wp-json\/wp\/v2\/media\/30854"}],"wp:attachment":[{"href":"https:\/\/com-automotive.com\/es\/wp-json\/wp\/v2\/media?parent=31102"}],"wp:term":[{"taxonomy":"product_brand","embeddable":true,"href":"https:\/\/com-automotive.com\/es\/wp-json\/wp\/v2\/product_brand?post=31102"},{"taxonomy":"product_cat","embeddable":true,"href":"https:\/\/com-automotive.com\/es\/wp-json\/wp\/v2\/product_cat?post=31102"},{"taxonomy":"product_tag","embeddable":true,"href":"https:\/\/com-automotive.com\/es\/wp-json\/wp\/v2\/product_tag?post=31102"}],"curies":[{"name":"wp","href":"https:\/\/api.w.org\/{rel}","templated":true}]}}