{"id":31100,"date":"2026-01-17T11:26:45","date_gmt":"2026-01-17T14:26:45","guid":{"rendered":"https:\/\/com-automotive.com\/motor-de-arranque-compatible-con-12v-13t-61010421-para-carcasa-de-retroexcavadora\/"},"modified":"2026-01-17T11:26:45","modified_gmt":"2026-01-17T14:26:45","slug":"motor-de-arranque-compatible-con-12v-13t-61010421-para-carcasa-de-retroexcavadora","status":"publish","type":"product","link":"https:\/\/com-automotive.com\/es\/motor-de-arranque-compatible-con-12v-13t-61010421-para-carcasa-de-retroexcavadora\/","title":{"rendered":"Motor de arranque compatible con 12V 13T 61010421 para carcasa de retroexcavadora<span class=\"product-sku\" style=\"display: block; font-size: 0.85em; color: #777; margin-top: 5px; margin-bottom: 5px;\">SKU: 6000.0421-COM<\/span>"},"content":{"rendered":"<h1><strong>COM-AUTOMOTIVE, producto con Calidad y Dise\u00f1o Original.<\/strong><\/h1>\n<p>Motor de arranque compatible con 12V 13T 61010421 para carcasa de retroexcavadora<\/p>\n<h2>Preguntas m\u00e1s frecuentes<\/h2>\n<h3><strong>\u00bfCu\u00e1les son las referencias cruzadas?<\/strong><\/h3>\n<p>16990N, 17372NN, 86982709, 1987559C1, A170746, 3920403, 3926960, 3957586, 3957594, 3964432, 3604485NW, 3604485RX, 36046660NW, 3675154RX, &#8216;SR9948X, 1280000210, 1280000211, 1280000212, 1280000213 , 1280000214, 1280000215, 1280000216, 1280000540, 1280000541, 1280000542, 1280000543, 1280000544, 1280001280, 1280002270, 1280002271, 1280002273, 1280002480, 1280003120, 1280003121, 1280003122, 1280003123, 1280009500, 1280009501, 1280009502, 1280009503, 2280000620, 2280000621, 2280000622, 2280001950,  2280001951, 2280001952, 2280001953, 2280004670, 2280004671, 2280006980, 2280006981, 2280009100, 9712809021, DSN2043, 61010421, 16990N, 17372NN, 60000421<\/p>\n<h2><strong>Tabla de aplicaci\u00f3n<\/strong><\/h2>\n<p>PETERBILT | 387 | 2002-2002 | 6CIL Cummins 5.9L DIESEL,<br \/>\nPETERBILT | 379 | 1999-2002 | 6CIL Cummins 5.9L DIESEL,<br \/>\nPETERBILT | 378 | 1993-2002 | 6CIL Cummins 5.9L DIESEL,<br \/>\nPETERBILT | 357 | 2000-2001 | 6CIL Cummins 5.9L DIESEL,<br \/>\nPETERBILT | 270 | 2001-2003 | 6CIL Cummins 5.9L DIESEL,<br \/>\nPETERBILT | 220 | 2007-2007 | 6CIL Cummins 5.9L DIESEL,<br \/>\nPETERBILT | 200 | 1993-2000 | 6CIL Cummins 5.9L DIESEL,<br \/>\nKENWORTH | W900 | 1993-2004 | 6CIL Cummins 5.9L DIESEL,<br \/>\nKENWORTH | T800 | 1995-2002 | 6CIL Cummins 5.9L DIESEL,<br \/>\nKENWORTH | T600A | 1994-2002 | 6CIL Cummins 5.9L DIESEL,<br \/>\nKENWORTH | T450 | 1997-1997 | 6CIL Cummins 5.9L DIESEL,<br \/>\nKENWORTH | T300 | 1995-2008 | 6CIL Cummins 5.9L DIESEL,<br \/>\nKENWORTH | T2000 | 1997-2002 | 6CIL Cummins 5.9L DIESEL,<br \/>\nKENWORTH | K300 | 1993-2005 | 6CIL Cummins 5.9L DIESEL,<br \/>\nINTERNACIONAL | 8600 SBA | 2007-2007 | 6CIL 5,9L,<br \/>\nINTERNACIONAL | SERIE 5000-5900 | 1998-1998 | 6CIL Cummins 5.9L DIESEL,<br \/>\nCUMMINS | SERIE B | 1994-1994 | 5,9L,<br \/>\nCATERPILLAR | SP165 | 2001-2006 | 6CIL Cummins 5.9L DIESEL,<br \/>\nCASO | W11B | 1983-1993 | 390 di\u00e9sel,<br \/>\nCASO | 95XT | 1997-2006 | 390 di\u00e9sel,<br \/>\nCASO | 90XT | 1997-2006 | 390 di\u00e9sel,<br \/>\nCASO | 8840 | 1987-1997 | Di\u00e9sel Cummins 3.9L,<br \/>\nCASO | 8830 | 1983-2001 | DI\u00c9SEL,<br \/>\nCASO | 8825 | 1997-2006 | 5.9L DIESEL Cummins,<br \/>\nCASO | 860 | 1993-2001 | 390 di\u00e9sel,<br \/>\nCASO | 85XT | 1998-2006 | 390 di\u00e9sel,<br \/>\nCASO | 760 | 1988-1997 | 390 di\u00e9sel,<br \/>\nCASO | 75XT | 1998-2007 | 390 di\u00e9sel,<br \/>\nCASO | 750 | 2000-2007 | Caso 4-390,<br \/>\nCASO | 70XT | 1998-2007 | 4T-390 di\u00e9sel,<br \/>\nCASO | 686 | 1998-2008 | 4T-390 di\u00e9sel,<br \/>\nCASO | 660 | 1992-2003 | 390 di\u00e9sel,<br \/>\nCASO | 6500 | 1985-1992 | 390 di\u00e9sel,<br \/>\nCASO | 650 | 1994-2007 | 4-390 di\u00e9sel,<br \/>\nCASO | 60XT | 2007-2007 | 399 di\u00e9sel,<br \/>\nCASO | 60XT | 2006-2006 | 398 di\u00e9sel,<br \/>\nCASO | 60XT | 2005-2005 | 397 Di\u00e9sel,<br \/>\nCASO | 60XT | 2004-2004 | 396 di\u00e9sel,<br \/>\nCASO | 60XT | 2003-2003 | 395 di\u00e9sel,<br \/>\nCASO | 60XT | 2002-2002 | 394 Di\u00e9sel,<br \/>\nCASO | 60XT | 2001-2001 | 393 Di\u00e9sel,<br \/>\nCASO | 60XT | 2000-2000 | 392 di\u00e9sel,<br \/>\nCASO | 60XT | 1999-1999 | 391 Di\u00e9sel,<br \/>\nCASO | 60XT | 1998-1998 | 390 di\u00e9sel,<br \/>\nCASO | 6000 | 1985-1992 | 390 di\u00e9sel,<br \/>\nCASO | 590SM | 2001-2007 | Caja 445T\/M2,<br \/>\nCASO | 590SL | 1995-2004 | -,<br \/>\nCASO | 590L | 1992-2001 | -,<br \/>\nCASO | 590CK | 1992-2001 | -,<br \/>\nCASO | 590 TURBO | 1993-2000 | -,<br \/>\nCASO | 588G | 2001-2007 | 4-390 CAJA IH DI\u00c9SEL,<br \/>\nCASO | 586G | 1999-2000 | 4-390 CAJA IH DI\u00c9SEL,<br \/>\nCASO | 586E | 1990-1999 | 390 di\u00e9sel,<br \/>\nCASO | 585G | 1999-2007 | Caja 4-390 &#8211; IH DIESEL,<br \/>\nCASO | 585E | 1990-1999 | 390 di\u00e9sel,<br \/>\nCASO | 584E | 1990-1999 | 390 di\u00e9sel,<br \/>\nCASO | 580SM | 1995-1999 | Caja 445T\/M2,<br \/>\nCASO | 580SL SERIE II | 1995-1999 | Case,<br \/>\nCASO | 580SL | 1995-1999 | Case,<br \/>\nCASO | 580SK | 1986-1994 | Case,<br \/>\nCASO | 580SE | 1983-1988 | Case,<br \/>\nCASO | 580M | 2001-2007 | Caso 445\/M2,<br \/>\nCASO | 580LL | 1997-2006 | Caja 4-390 &#8211; IH DIESEL,<br \/>\nCASO | 580E | 1984-1992 | Caja 4-390 &#8211; IH DIESEL,<br \/>\nCASO | 580 SUPER M | 2001-2007 | Caja 4T-390 &#8211; IH DIESEL,<br \/>\nCASO | 580 SUPER L | 1995-2007 | Caja 4-390 &#8211; IH DIESEL,<br \/>\nCASO | 580 | 1986-2006 | 4-390 di\u00e9sel,<br \/>\nCASO | 570 | 1995-2007 | 390 di\u00e9sel,<br \/>\nCASO | 550 | 1989-1992 | 4-390 di\u00e9sel,<br \/>\nCASO | 550 | 1993-2000 | -,<br \/>\nCASO | 480 | 1989-1994 | -,<br \/>\nCASO | 455C | 1983-1983 | 4-390 di\u00e9sel,<br \/>\nCASO | 455C | 1984-1993 | -,<br \/>\nCASO | 450C | 1983-1994 | -,<br \/>\nCASO | 40XT | 1998-2007 | -,<br \/>\nCASO | 1845C | 1990-1999 | -,<br \/>\nCASO | 1840 | 1990-1999 | -,<br \/>\nP\u00c1JARO AZUL | TC2000 | 1994-1998 | 6CIL,<br \/>\nP\u00c1JARO AZUL | TC1000 | 1997-1998 | 6CIL,<br \/>\nP\u00c1JARO AZUL | SHL | 1994-1998 | 6CIL,<br \/>\nP\u00c1JARO AZUL | AUTOB\u00daS | 1997-1998 | 6CIL,<br \/>\nP\u00c1JARO AZUL | FE AMERICANO | 1998-1998 | 6CIL<\/p>\n<div><strong>ATENCI\u00d3N:<\/strong><\/div>\n<div>Recomendamos que la instalaci\u00f3n del producto sea realizada por un profesional capacitado y especializado.<\/div>\n<div>Somente realize a compra deste produto com a certeza que ele seja compat\u00edvel com seu ve\u00edculo, caso tenha d\u00favidas, n\u00e3o hesite em nos procurar. Nuestro horario de apertura es de lunes a viernes de 8 a 18 h.<\/div>\n<div><\/div>\n<div><strong>SOBRE NOSOTROS:<\/strong><\/div>\n<div>COM Automotive est\u00e1 especializada en piezas de autom\u00f3vil de dise\u00f1o original para el sector de la reparaci\u00f3n posventa, clientes industriales y fabricantes de veh\u00edculos especiales OEM.<\/div>\n<div>Nuestro equipo tiene m\u00e1s de 28 a\u00f1os de experiencia en la fabricaci\u00f3n y el suministro de piezas de automoci\u00f3n a escala mundial.<\/div>\n<div>Nuestra <strong>MISI\u00d3N <\/strong> es ofrecer productos de dise\u00f1o original con una calidad impecable y una sustituci\u00f3n personalizada.<\/div>\n<div>Nuestra <strong>VISI\u00d3N<\/strong> es promover el crecimiento y un valor inigualable para nuestros clientes.<\/div>\n<div><\/div>\n<div><strong>DISE\u00d1O ORIGINAL<\/strong><\/div>\n<div>El t\u00e9rmino \u00abDise\u00f1o Original\u00bb se refiere a la percepci\u00f3n \u00fanica e innovadora y a la propuesta de valor de los productos de COM Automotive, as\u00ed como a la experiencia ofrecida durante su compra. Esto abarca no solo el empaque y la est\u00e9tica del producto, sino tambi\u00e9n la autenticidad y creatividad de la marca. COM Automotive busca ofrecer productos de alta calidad que satisfagan las necesidades de la industria del mercado de repuestos, aline\u00e1ndose con su Visi\u00f3n, Misi\u00f3n y Valores.  <\/div>\n<div><\/div>\n<div><strong>NOTAR:<\/strong><\/div>\n<div>C\u00f3digo de Protecci\u00f3n al Consumidor (CDC): La Ley N\u00b0 8.078, de 11 de septiembre de 1990, establece que la informaci\u00f3n proporcionada al consumidor debe ser clara y precisa. El art\u00edculo 31 del CDC exige que la publicidad y el etiquetado de los productos y servicios sean veraces y no induzcan a error al consumidor. Esto incluye asegurarse de que la informaci\u00f3n sobre la compatibilidad, la marca y las caracter\u00edsticas se describa correctamente para evitar malentendidos.   El uso del t\u00e9rmino &#8216;compatible&#8217; tambi\u00e9n est\u00e1 regulado por los grandes mercados del mercado para la catalogaci\u00f3n adecuada de productos y la aplicaci\u00f3n automotriz.<\/div>\n","protected":false},"excerpt":{"rendered":"<p>6000. 0421-COM. Compatible con: 16990N, 17372NN, 86982709, 1987559C1, A170746, 3920403, 3926960, 3957586, 3957594, 3964432, 3604485NW, 3604485RX, 36046660NW, 3675154RX, &#8216;SR9948X, 1280000210, 1280000211, 1280000212, 1280000213, 1280000214, 1280000215, 1280000216, 1280000540, 1280000541, 1280000542, 1280000543, 1280000544, 1280001280, 1280002270, 1280002271, 1280002273, 1280002480, 1280003120, 1280003121, 1280003122, 1280003123, 1280009500, 1280009501, 1280009502, 1280009503, 2280000620, , 2280000621, 2280000622, 2280001950, 2280001951, 2280001952, 2280001953, 2280004670, 2280004671, 2280006980, 2280006981, 2280009100, 9712809021, DSN2043, 61010421, 16990N, 17372NN, 60000421.  Marca: COM Automotive &#8211; Producto con calidad y dise\u00f1o originales.<\/p>\n","protected":false},"featured_media":27961,"comment_status":"open","ping_status":"closed","template":"","meta":[],"product_brand":[],"product_cat":[8119],"product_tag":[],"class_list":{"0":"post-31100","1":"product","2":"type-product","3":"status-publish","4":"has-post-thumbnail","6":"product_cat-motor-de-arranque","8":"first","9":"instock","10":"taxable","11":"shipping-taxable","12":"purchasable","13":"product-type-simple"},"_links":{"self":[{"href":"https:\/\/com-automotive.com\/es\/wp-json\/wp\/v2\/product\/31100","targetHints":{"allow":["GET"]}}],"collection":[{"href":"https:\/\/com-automotive.com\/es\/wp-json\/wp\/v2\/product"}],"about":[{"href":"https:\/\/com-automotive.com\/es\/wp-json\/wp\/v2\/types\/product"}],"replies":[{"embeddable":true,"href":"https:\/\/com-automotive.com\/es\/wp-json\/wp\/v2\/comments?post=31100"}],"wp:featuredmedia":[{"embeddable":true,"href":"https:\/\/com-automotive.com\/es\/wp-json\/wp\/v2\/media\/27961"}],"wp:attachment":[{"href":"https:\/\/com-automotive.com\/es\/wp-json\/wp\/v2\/media?parent=31100"}],"wp:term":[{"taxonomy":"product_brand","embeddable":true,"href":"https:\/\/com-automotive.com\/es\/wp-json\/wp\/v2\/product_brand?post=31100"},{"taxonomy":"product_cat","embeddable":true,"href":"https:\/\/com-automotive.com\/es\/wp-json\/wp\/v2\/product_cat?post=31100"},{"taxonomy":"product_tag","embeddable":true,"href":"https:\/\/com-automotive.com\/es\/wp-json\/wp\/v2\/product_tag?post=31100"}],"curies":[{"name":"wp","href":"https:\/\/api.w.org\/{rel}","templated":true}]}}