{"id":31086,"date":"2026-01-17T11:25:53","date_gmt":"2026-01-17T14:25:53","guid":{"rendered":"https:\/\/com-automotive.com\/motor-de-arranque-12v-13t-compatible-con-27kw-280008400-para-bobcat-clark-backdigger\/"},"modified":"2026-01-17T11:25:53","modified_gmt":"2026-01-17T14:25:53","slug":"motor-de-arranque-12v-13t-compatible-con-27kw-280008400-para-bobcat-clark-backdigger","status":"publish","type":"product","link":"https:\/\/com-automotive.com\/es\/motor-de-arranque-12v-13t-compatible-con-27kw-280008400-para-bobcat-clark-backdigger\/","title":{"rendered":"Motor de arranque 12V 13T compatible con 2,7Kw 280008400 para Bobcat Clark Backdigger<span class=\"product-sku\" style=\"display: block; font-size: 0.85em; color: #777; margin-top: 5px; margin-bottom: 5px;\">SKU: 6000.8400-COM<\/span>"},"content":{"rendered":"<h1><strong>COM-AUTOMOTIVE, producto con Calidad y Dise\u00f1o Original.<\/strong><\/h1>\n<p>Motor de arranque 12V 13T compatible con 2,7Kw 280008400 para Bobcat Clark Backdigger<\/p>\n<h2>Preguntas m\u00e1s frecuentes<\/h2>\n<h3><strong>\u00bfCu\u00e1les son las referencias cruzadas?<\/strong><\/h3>\n<p>17362N, 17362ANN, 156209, 12617362, 12617362A, APS17362, APS17362A, S190830, S190830A, S1909006, 8017362, 8017362A, 6631597, 6632415, CST40172, CST40172AS, CST40246AS, CST40246GS, 2355695, JS929, RE19275, RE41799, RE501298, RE51447, RE51694 RE519975,  &#8230;, , RE540300, RE54092, RE540925, RE68470, SE501402, SE501425, TY24438, TY25971, TY6688, TY6719, S8307, IS1027, AZE4655, &#8216;SR9975X, 280008400, 280008401, 280008402, 280008403, 280008404, 280008405, 2280006470, 2280006471, 2280806470, 2280806471, MS 293,  , 17362N, 17362ANN, 60008400<\/p>\n<h2><strong>Tabla de aplicaci\u00f3n<\/strong><\/h2>\n<p>LINCE | 1075 | L4 2.0L | De 1975 a 1981,<br \/>\nLINCE | 1080 | L4 2.0L | 1979 a 1982,<br \/>\nLINCE | 1080B | L4 2.0L | 1983 a 1985,<br \/>\nLINCE | 975 | L4 2.0L | 1974 a 1990,<br \/>\nCLARK | 1075 | L4 2.0L | De 1975 a 1981,<br \/>\nCLARK | 1080 | L4 2.0L | 1982 a 1985,<br \/>\nCLARK | 975 | L4 2.0L | 1974 a 1990,<br \/>\nLADR\u00d3N DE ESPINA | ALA BLANCA | L4 2.0L | 1978 a 1997,<br \/>\nGALION | 503 | L4 2.0L | 1980 a 1999,<br \/>\nJOHN DEERE | 4039DFM | L4 2.0L | 2000 a 2007,<br \/>\nJOHN DEERE | 4039DFM | L4 2.0L | 2002 a 2007,<br \/>\nJOHN DEERE | 4045 | L4 2.0L | 2000 a 2007,<br \/>\nJOHN DEERE | 4045DFM50 | L4 2.0L | 2000 a 2007,<br \/>\nJOHN DEERE | 4045DFM70 | L4 2.0L | 2004 a 2007,<br \/>\nJOHN DEERE | 4045TFM75 | L4 2.0L | 2004 a 2007,<br \/>\nJOHN DEERE | 5300 | L4 2.0L | 1992 a 2000,<br \/>\nJOHN DEERE | 5300N | L4 2.0L | 1992 a 2000,<br \/>\nJOHN DEERE | 5310 | L4 2.0L | 1995 a 2000,<br \/>\nJOHN DEERE | 5310N | L4 2.0L | 1995 a 2000,<br \/>\nJOHN DEERE | 5400N | L4 2.0L | 1994 a 2000,<br \/>\nJOHN DEERE | 5500 | L4 2.0L | 1992 a 2000,<br \/>\nJOHN DEERE | 7440 | L4 2.0L | 1984 a 1986,<br \/>\nJOHN DEERE | 7450 | L4 2.0L | 1995 a 1997,<br \/>\nJOHN DEERE | 9900 | L4 2.0L | 1975 a 1978,<br \/>\nJOHN DEERE | 9910 | L4 2.0L | De 1979 a 1987,<br \/>\nJOHN DEERE | 9920 | L4 2.0L | 1984 a 1987,<br \/>\nJOHN DEERE | 9930 | L4 2.0L | 1987 a 1993,<br \/>\nJOHN DEERE | 5045D | 2008 a 2008,<br \/>\nJOHN DEERE | 5050D | 2008 a 2008,<br \/>\nJOHN DEERE | 5055E | 2008 a 2008,<br \/>\nJOHN DEERE | 5065E | 2008 a 2008,<br \/>\nJOHN DEERE | 5075E | 2008 a 2008,<br \/>\nJOHN DEERE | 5210 | 1995 a 1995,<br \/>\nJOHN DEERE | 5210 | De 1997 a 1997,<br \/>\nJOHN DEERE | 5410 | 1995 a 1995,<br \/>\nJOHN DEERE | 5500N | De 1992 a 1992,<br \/>\nJOHN DEERE | 7445 | 1987 a 1987<\/p>\n<div><strong>ATENCI\u00d3N:<\/strong><\/div>\n<div>Recomendamos que la instalaci\u00f3n del producto sea realizada por un profesional capacitado y especializado.<\/div>\n<div>Somente realize a compra deste produto com a certeza que ele seja compat\u00edvel com seu ve\u00edculo, caso tenha d\u00favidas, n\u00e3o hesite em nos procurar. Nuestro horario de apertura es de lunes a viernes de 8 a 18 h.<\/div>\n<div><\/div>\n<div><strong>SOBRE NOSOTROS:<\/strong><\/div>\n<div>COM Automotive est\u00e1 especializada en piezas de autom\u00f3vil de dise\u00f1o original para el sector de la reparaci\u00f3n posventa, clientes industriales y fabricantes de veh\u00edculos especiales OEM.<\/div>\n<div>Nuestro equipo tiene m\u00e1s de 28 a\u00f1os de experiencia en la fabricaci\u00f3n y el suministro de piezas de automoci\u00f3n a escala mundial.<\/div>\n<div>Nuestra <strong>MISI\u00d3N <\/strong> es ofrecer productos de dise\u00f1o original con una calidad impecable y una sustituci\u00f3n personalizada.<\/div>\n<div>Nuestra <strong>VISI\u00d3N<\/strong> es promover el crecimiento y un valor inigualable para nuestros clientes.<\/div>\n<div><\/div>\n<div><strong>DISE\u00d1O ORIGINAL<\/strong><\/div>\n<div>El t\u00e9rmino \u00abDise\u00f1o Original\u00bb se refiere a la percepci\u00f3n \u00fanica e innovadora y a la propuesta de valor de los productos de COM Automotive, as\u00ed como a la experiencia ofrecida durante su compra. Esto abarca no solo el empaque y la est\u00e9tica del producto, sino tambi\u00e9n la autenticidad y creatividad de la marca.  COM Automotive busca ofrecer productos de alta calidad que satisfagan las necesidades de la industria del mercado de repuestos, aline\u00e1ndose con su Visi\u00f3n, Misi\u00f3n y Valores.<\/div>\n<div><\/div>\n<div><strong>NOTAR:<\/strong><\/div>\n<div>C\u00f3digo de Protecci\u00f3n al Consumidor (CDC): La Ley N\u00b0 8.078, de 11 de septiembre de 1990, establece que la informaci\u00f3n proporcionada al consumidor debe ser clara y precisa. El art\u00edculo 31 del CDC exige que la publicidad y el etiquetado de los productos y servicios sean veraces y no induzcan a error al consumidor. Esto incluye asegurarse de que la informaci\u00f3n sobre la compatibilidad, la marca y las caracter\u00edsticas se describa correctamente para evitar malentendidos.   El uso del t\u00e9rmino &#8216;compatible&#8217; tambi\u00e9n est\u00e1 regulado por los grandes mercados del mercado para la catalogaci\u00f3n adecuada de productos y la aplicaci\u00f3n automotriz.<\/div>\n","protected":false},"excerpt":{"rendered":"<p>6000. 8400-COM. Compatible con: 17362N, 17362ANN, 156209, 12617362, 12617362A, APS17362, APS17362A, S190830, S190830A, S1909006, 8017362, 8017362A, 6631597, 6632415, CST40172, CST40172AS, CST40246AS, CST40246GS, 2355695, JS929, RE19275, RE41799, ,  , RE501298 RE51447, RE51694, RE519975, RE540300, RE54092, RE540925, RE68470, SE501402, SE501425, TY24438, TY25971, TY6688, TY6719, S8307, IS1027, AZE4655, &#8216;SR9975X, 280008400, 280008401, 280008402, 280008403, 280008404, 280008405, 2280006470, 2280006471,  2280806470, 2280806471, MS 293, , 17362N, 17362ANN, 60008400 .  Marca: COM Automotive &#8211; Producto con calidad y dise\u00f1o originales.<\/p>\n","protected":false},"featured_media":28043,"comment_status":"open","ping_status":"closed","template":"","meta":[],"product_brand":[],"product_cat":[8119],"product_tag":[],"class_list":{"0":"post-31086","1":"product","2":"type-product","3":"status-publish","4":"has-post-thumbnail","6":"product_cat-motor-de-arranque","8":"first","9":"instock","10":"taxable","11":"shipping-taxable","12":"purchasable","13":"product-type-simple"},"_links":{"self":[{"href":"https:\/\/com-automotive.com\/es\/wp-json\/wp\/v2\/product\/31086","targetHints":{"allow":["GET"]}}],"collection":[{"href":"https:\/\/com-automotive.com\/es\/wp-json\/wp\/v2\/product"}],"about":[{"href":"https:\/\/com-automotive.com\/es\/wp-json\/wp\/v2\/types\/product"}],"replies":[{"embeddable":true,"href":"https:\/\/com-automotive.com\/es\/wp-json\/wp\/v2\/comments?post=31086"}],"wp:featuredmedia":[{"embeddable":true,"href":"https:\/\/com-automotive.com\/es\/wp-json\/wp\/v2\/media\/28043"}],"wp:attachment":[{"href":"https:\/\/com-automotive.com\/es\/wp-json\/wp\/v2\/media?parent=31086"}],"wp:term":[{"taxonomy":"product_brand","embeddable":true,"href":"https:\/\/com-automotive.com\/es\/wp-json\/wp\/v2\/product_brand?post=31086"},{"taxonomy":"product_cat","embeddable":true,"href":"https:\/\/com-automotive.com\/es\/wp-json\/wp\/v2\/product_cat?post=31086"},{"taxonomy":"product_tag","embeddable":true,"href":"https:\/\/com-automotive.com\/es\/wp-json\/wp\/v2\/product_tag?post=31086"}],"curies":[{"name":"wp","href":"https:\/\/api.w.org\/{rel}","templated":true}]}}