{"id":31078,"date":"2026-01-17T11:25:43","date_gmt":"2026-01-17T14:25:43","guid":{"rendered":"https:\/\/com-automotive.com\/motor-de-arranque-compatible-12v-12t-1-7kw-10455025-para-camaro-blazer-express-pontiac\/"},"modified":"2026-01-17T11:25:43","modified_gmt":"2026-01-17T14:25:43","slug":"motor-de-arranque-compatible-12v-12t-1-7kw-10455025-para-camaro-blazer-express-pontiac","status":"publish","type":"product","link":"https:\/\/com-automotive.com\/es\/motor-de-arranque-compatible-12v-12t-1-7kw-10455025-para-camaro-blazer-express-pontiac\/","title":{"rendered":"Motor de arranque compatible 12V 12T 1.7Kw 10455025 para Camaro Blazer Express Pontiac<span class=\"product-sku\" style=\"display: block; font-size: 0.85em; color: #777; margin-top: 5px; margin-bottom: 5px;\">SKU: 6000.5025-COM<\/span>"},"content":{"rendered":"<h1><strong>COM-AUTOMOTIVE, producto con Calidad y Dise\u00f1o Original.<\/strong><\/h1>\n<p>Motor de arranque compatible 12V 12T 1.7Kw 10455025 para Camaro Blazer Express Pontiac<\/p>\n<h2>Preguntas m\u00e1s frecuentes<\/h2>\n<h3><strong>\u00bfCu\u00e1les son las referencias cruzadas?<\/strong><\/h3>\n<p>6415N, 0455010, 19133934, 89016660, 8104550250, 8104550530, 10455025, 10455048, 10455053, 10455060, 10465096, 10465098, 10465312, 10465490, 6415N, 60005025<\/p>\n<h2><strong>Tabla de aplicaci\u00f3n<\/strong><\/h2>\n<p>DELCO REMY | PG200,<br \/>\nCHEVROLET | CAVALIER | 4 CIL &#8211; 2,2L | 1990 A 1995,<br \/>\nCHEVROLET | CAVALIER | 6 CIL &#8211; 3,1L | 1990 A 1995,<br \/>\nCHEVROLET | BLAZER | 6 CIL &#8211; 4,3L | De 1994 a 1995,<br \/>\nCHEVROLET | EXPRESS | 6 CIL &#8211; 4,3L | De 1995 a 1996,<br \/>\nCHEVROLET | EXPRESS | 8 CIL &#8211; 5,0L | De 1995 a 1996,<br \/>\nCHEVROLET | ASTRO | 6 CIL &#8211; 4,3L | 1991 a 1996,<br \/>\nCHEVROLET | CAMARO | 6 CIL &#8211; 3,1L | 1990 a 1992,<br \/>\nCHEVROLET | CAMARO | 6 CIL &#8211; 3,4L | 1993 a 1995,<br \/>\nCHEVROLET | CAMARO | 8 CIL &#8211; 5,0L | 1990 a 1992,<br \/>\nCHEVROLET | CAMARO | 8 CIL &#8211; 5,7L | 1992 a 1994,<br \/>\nCHEVROLET | BERETTA | 4 CIL &#8211; 2,2L | 1990 A 1995,<br \/>\nCHEVROLET | BERETTA | 6 CIL &#8211; 3,1L | 1990 A 1995,<br \/>\nCHEVROLET | CAPRICE | 6 CIL &#8211; 4,3L | 1992 a 1995,<br \/>\nCHEVROLET | CAPRICE | 8 CIL &#8211; 5,0L | 1991 a 1993,<br \/>\nCHEVROLET | CAPRICE | 8 CIL &#8211; 5,7L | De 1994 a 1995,<br \/>\nCHEVROLET | S10 | 4 CIL &#8211; 2,2L | 1993 a 1995,<br \/>\nCHEVROLET | S10 | 6 CIL &#8211; 4,3L | 1988 a 1995,<br \/>\nCHEVROLET | MONTE CARLO | 6 CIL &#8211; 3,1L | De 1994 a 1995,<br \/>\nCHEVROLET | MONTE CARLO | 6 CIL &#8211; 3,4L | De 1994 a 1995,<br \/>\nCHEVROLET | LUMINA | 4 CIL &#8211; 2,2L | 1990 a 1992,<br \/>\nCHEVROLET | LUMINA | 6 CIL &#8211; 3,1L | 1991 a 1995,<br \/>\nCHEVROLET | LUMINA | 6 CIL &#8211; 3,4L | 1991 a 1995,<br \/>\nBUICK | CENTURY | 4 CIL &#8211; 2,2L | De 1994 a 1995,<br \/>\nBUICK | CENTURY | 6 CIL &#8211; 3,1L | De 1994 a 1995,<br \/>\nBUICK | REGAL | 6 CIL &#8211; 3,1L | 1991 a 1995,<br \/>\nBUICK | ROADMASTER | 8 CIL &#8211; 5,0L | De 1991 a 1991,<br \/>\nBUICK | ROADMASTER | 8 CIL &#8211; 5,7L | 1992 a 1995,<br \/>\nBUICK | ALONDRA | 6 CIL &#8211; 3,1L | De 1994 a 1995,<br \/>\nGMC | SONOMA | 6 CIL &#8211; 4,3L | 1991 a 1995,<br \/>\nGMC | SONOMA | 4 CIL &#8211; 2,2L | 1994 a 1996,<br \/>\nGMC | SAVANNA | 6 CIL &#8211; 4,3L | De 1995 a 1996,<br \/>\nGMC | SAVANNA | 8 CIL &#8211; 5,0L | De 1995 a 1996,<br \/>\nGMC | JIMMY | 6 CIL &#8211; 4,3L | 1992 a 1995,<br \/>\nGMC | SAFARI | 6 CIL &#8211; 4,3L | 1991 a 1996,<br \/>\nOLDSMOBILE | BRAVADA | 6 CIL &#8211; 4,3L | 1991 a 1994,<br \/>\nOLDSMOBILE | CUTELO | 6 CIL &#8211; 2,8L | De 1989 a 1990,<br \/>\nOLDSMOBILE | CUTELO | 6 CIL &#8211; 3,1L | 1991 a 1995,<br \/>\nOLDSMOBILE | CUTELO | 6 CIL &#8211; 3,4L | 1991 a 1995,<br \/>\nOLDSMOBILE | SILUETA | 6 CIL &#8211; 3,1L | 1991 a 1995,<br \/>\nSATURNO | SC | 4 CIL &#8211; 1,9L | 1991 a 1993,<br \/>\nSATURNO | SL | 4 CIL &#8211; 1,9L | 1991 a 1993,<br \/>\nSATURNO | SW | 4 CIL &#8211; 1,9L | 1992 a 1993,<br \/>\nPONTIAC | SUNFIRE | 4 CIL &#8211; 2,2L | De 1994 a 1995,<br \/>\nPONTIAC | FIREBIRD | 6 CIL &#8211; 3,1L | 1991 a 1992,<br \/>\nPONTIAC | FIREBIRD | 6 CIL &#8211; 3,4L | 1993 a 1995,<br \/>\nPONTIAC | FIREBIRD | 8 CIL &#8211; 5,0L | 1991 a 1992,<br \/>\nPONTIAC | FIREBIRD | 8 CIL &#8211; 5,7L | De 1993 a 1994,<br \/>\nPONTIAC | GRAN AMO | 6 CIL &#8211; 3,1L | De 1994 a 1995,<br \/>\nPONTIAC | GRAN PREMIO | 6 CIL &#8211; 3,1L | 1991 a 1995,<br \/>\nPONTIAC | GRAN PREMIO | 6 CIL &#8211; 3,4L | 1991 a 1995<\/p>\n<div><strong>ATENCI\u00d3N:<\/strong><\/div>\n<div>Recomendamos que la instalaci\u00f3n del producto sea realizada por un profesional capacitado y especializado.<\/div>\n<div>Somente realize a compra deste produto com a certeza que ele seja compat\u00edvel com seu ve\u00edculo, caso tenha d\u00favidas, n\u00e3o hesite em nos procurar. Nuestro horario de apertura es de lunes a viernes de 8 a 18 h.<\/div>\n<div><\/div>\n<div><strong>SOBRE NOSOTROS:<\/strong><\/div>\n<div>COM Automotive est\u00e1 especializada en piezas de autom\u00f3vil de dise\u00f1o original para el sector de la reparaci\u00f3n posventa, clientes industriales y fabricantes de veh\u00edculos especiales OEM.<\/div>\n<div>Nuestro equipo tiene m\u00e1s de 28 a\u00f1os de experiencia en la fabricaci\u00f3n y el suministro de piezas de automoci\u00f3n a escala mundial.<\/div>\n<div>Nuestra <strong>MISI\u00d3N <\/strong> es ofrecer productos de dise\u00f1o original con una calidad impecable y una sustituci\u00f3n personalizada.<\/div>\n<div>Nuestra <strong>VISI\u00d3N<\/strong> es promover el crecimiento y un valor inigualable para nuestros clientes.<\/div>\n<div><\/div>\n<div><strong>DISE\u00d1O ORIGINAL<\/strong><\/div>\n<div>El t\u00e9rmino \u00abDise\u00f1o Original\u00bb se refiere a la percepci\u00f3n \u00fanica e innovadora y a la propuesta de valor de los productos de COM Automotive, as\u00ed como a la experiencia ofrecida durante su compra. Esto abarca no solo el empaque y la est\u00e9tica del producto, sino tambi\u00e9n la autenticidad y creatividad de la marca.  COM Automotive busca ofrecer productos de alta calidad que satisfagan las necesidades de la industria del mercado de repuestos, aline\u00e1ndose con su Visi\u00f3n, Misi\u00f3n y Valores.<\/div>\n<div><\/div>\n<div><strong>NOTAR:<\/strong><\/div>\n<div>C\u00f3digo de Protecci\u00f3n al Consumidor (CDC): La Ley N\u00b0 8.078, de 11 de septiembre de 1990, establece que la informaci\u00f3n proporcionada al consumidor debe ser clara y precisa. El art\u00edculo 31 del CDC exige que la publicidad y el etiquetado de los productos y servicios sean veraces y no induzcan a error al consumidor. Esto incluye asegurarse de que la informaci\u00f3n sobre la compatibilidad, la marca y las caracter\u00edsticas se describa correctamente para evitar malentendidos.   El uso del t\u00e9rmino &#8216;compatible&#8217; tambi\u00e9n est\u00e1 regulado por los grandes mercados del mercado para la catalogaci\u00f3n adecuada de productos y la aplicaci\u00f3n automotriz.<\/div>\n","protected":false},"excerpt":{"rendered":"<p>6000.5025-COM. Compatible con: 6415N, 0455010, 19133934, 89016660, 8104550250, 8104550530, 10455025, 10455048, 10455053, 10455060, 10465096, 10465098, 10465312, 10465490, 6415N, 60005025.  Marca: COM Automotive &#8211; Producto con calidad y dise\u00f1o originales.<\/p>\n","protected":false},"featured_media":27805,"comment_status":"open","ping_status":"closed","template":"","meta":[],"product_brand":[],"product_cat":[8119],"product_tag":[43061],"class_list":{"0":"post-31078","1":"product","2":"type-product","3":"status-publish","4":"has-post-thumbnail","6":"product_cat-motor-de-arranque","7":"product_tag-6415n-0455010-19133934-89016660-8104550250-8104550530-10455025-10455048-10455053-10455060-10465096-10465098-10465312-10465490-6415n-60005025-6000-5025-com","9":"first","10":"instock","11":"taxable","12":"shipping-taxable","13":"purchasable","14":"product-type-simple"},"_links":{"self":[{"href":"https:\/\/com-automotive.com\/es\/wp-json\/wp\/v2\/product\/31078","targetHints":{"allow":["GET"]}}],"collection":[{"href":"https:\/\/com-automotive.com\/es\/wp-json\/wp\/v2\/product"}],"about":[{"href":"https:\/\/com-automotive.com\/es\/wp-json\/wp\/v2\/types\/product"}],"replies":[{"embeddable":true,"href":"https:\/\/com-automotive.com\/es\/wp-json\/wp\/v2\/comments?post=31078"}],"wp:featuredmedia":[{"embeddable":true,"href":"https:\/\/com-automotive.com\/es\/wp-json\/wp\/v2\/media\/27805"}],"wp:attachment":[{"href":"https:\/\/com-automotive.com\/es\/wp-json\/wp\/v2\/media?parent=31078"}],"wp:term":[{"taxonomy":"product_brand","embeddable":true,"href":"https:\/\/com-automotive.com\/es\/wp-json\/wp\/v2\/product_brand?post=31078"},{"taxonomy":"product_cat","embeddable":true,"href":"https:\/\/com-automotive.com\/es\/wp-json\/wp\/v2\/product_cat?post=31078"},{"taxonomy":"product_tag","embeddable":true,"href":"https:\/\/com-automotive.com\/es\/wp-json\/wp\/v2\/product_tag?post=31078"}],"curies":[{"name":"wp","href":"https:\/\/api.w.org\/{rel}","templated":true}]}}