{"id":31044,"date":"2026-01-17T11:24:02","date_gmt":"2026-01-17T14:24:02","guid":{"rendered":"https:\/\/com-automotive.com\/motor-de-arranque-compatible-con-12v-9t-2kw-m003t56172-para-elevador-elevador\/"},"modified":"2026-01-17T11:24:02","modified_gmt":"2026-01-17T14:24:02","slug":"motor-de-arranque-compatible-con-12v-9t-2kw-m003t56172-para-elevador-elevador","status":"publish","type":"product","link":"https:\/\/com-automotive.com\/es\/motor-de-arranque-compatible-con-12v-9t-2kw-m003t56172-para-elevador-elevador\/","title":{"rendered":"Motor de arranque compatible con 12V 9T 2Kw M003T56172 para elevador elevador<span class=\"product-sku\" style=\"display: block; font-size: 0.85em; color: #777; margin-top: 5px; margin-bottom: 5px;\">SKU: 6000.6172-COM<\/span>"},"content":{"rendered":"<h1><strong>COM-AUTOMOTIVE, producto con Calidad y Dise\u00f1o Original.<\/strong><\/h1>\n<p>Motor de arranque compatible con 12V 9T 2Kw M003T56172 para elevador elevador<\/p>\n<h2>Preguntas m\u00e1s frecuentes<\/h2>\n<h3><strong>\u00bfCu\u00e1les son las referencias cruzadas?<\/strong><\/h3>\n<p>18239AN, 12418239, APS18239, MXS327, S103375, S103375A, 8018239, CST35602AS, CST35602GS, 1146864, 0R1091, 5I7716, M003T56172, M003T56174, M003T56181, M003T56182, M003T56183, 3436610100, 3436620101, 3476610900, 3476610902, 3476610903, 3476620901, M3T56172, M3T56174, M3T56181, M3T56182, M3T56183, 18239AN, 60006172<\/p>\n<h2><strong>Tabla de aplicaci\u00f3n<\/strong><\/h2>\n<p>MITSUBISHI | FD-70 | 1998-2002 | 4CIL 2.6L,<br \/>\nMITSUBISHI | FD-50 | 1998-2002 | 4CIL 2.6L,<br \/>\nMITSUBISHI | FD-45D | 1998-2006 | 6CIL 4.4L,<br \/>\nMITSUBISHI | FD-40D | 1998-2006 | 6CIL 4.4L,<br \/>\nMITSUBISHI | FD-38 | 1981-1983 | 6CIL 4.4L,<br \/>\nMITSUBISHI | FD-35A | 1981-1983 | 4CIL 2.6L,<br \/>\nMITSUBISHI | FD-30T | 1980-2001 | 4CIL 2.6L,<br \/>\nMITSUBISHI | FD-30 | 1980-1999 | 4CIL 2.6L,<br \/>\nMITSUBISHI | FD-25T | 1980-2001 | 4CIL 2.6L,<br \/>\nMITSUBISHI | FD-25DS | 1980-1999 | 4CIL 2.6L,<br \/>\nMITSUBISHI | FD-25D | 1980-2001 | 4CIL 2.6L,<br \/>\nMITSUBISHI | FD-25 | 1983-1989 | 4CIL 2.6L,<br \/>\nMITSUBISHI | FD-20 | 1983-1986 | 4CIL 2.6L,<br \/>\nCATERPILLAR | 320 | 1994-1998 | 6CIL 6.3L<\/p>\n<div><strong>ATENCI\u00d3N:<\/strong><\/div>\n<div>Recomendamos que la instalaci\u00f3n del producto sea realizada por un profesional capacitado y especializado.<\/div>\n<div>Somente realize a compra deste produto com a certeza que ele seja compat\u00edvel com seu ve\u00edculo, caso tenha d\u00favidas, n\u00e3o hesite em nos procurar. Nuestro horario de apertura es de lunes a viernes de 8 a 18 h.<\/div>\n<div><\/div>\n<div><strong>SOBRE NOSOTROS:<\/strong><\/div>\n<div>COM Automotive est\u00e1 especializada en piezas de autom\u00f3vil de dise\u00f1o original para el sector de la reparaci\u00f3n posventa, clientes industriales y fabricantes de veh\u00edculos especiales OEM.<\/div>\n<div>Nuestro equipo tiene m\u00e1s de 28 a\u00f1os de experiencia en la fabricaci\u00f3n y el suministro de piezas de automoci\u00f3n a escala mundial.<\/div>\n<div>Nuestra <strong>MISI\u00d3N <\/strong> es ofrecer productos de dise\u00f1o original con una calidad impecable y una sustituci\u00f3n personalizada.<\/div>\n<div>Nuestra <strong>VISI\u00d3N<\/strong> es promover el crecimiento y un valor inigualable para nuestros clientes.<\/div>\n<div><\/div>\n<div><strong>DISE\u00d1O ORIGINAL<\/strong><\/div>\n<div>El t\u00e9rmino \u00abDise\u00f1o Original\u00bb se refiere a la percepci\u00f3n \u00fanica e innovadora y a la propuesta de valor de los productos de COM Automotive, as\u00ed como a la experiencia ofrecida durante su compra. Esto abarca no solo el empaque y la est\u00e9tica del producto, sino tambi\u00e9n la autenticidad y creatividad de la marca.  COM Automotive busca ofrecer productos de alta calidad que satisfagan las necesidades de la industria del mercado de repuestos, aline\u00e1ndose con su Visi\u00f3n, Misi\u00f3n y Valores.<\/div>\n<div><\/div>\n<div><strong>NOTAR:<\/strong><\/div>\n<div>C\u00f3digo de Protecci\u00f3n al Consumidor (CDC): La Ley N\u00b0 8.078, de 11 de septiembre de 1990, establece que la informaci\u00f3n proporcionada al consumidor debe ser clara y precisa. El art\u00edculo 31 del CDC exige que la publicidad y el etiquetado de los productos y servicios sean veraces y no induzcan a error al consumidor.  Esto incluye asegurarse de que la informaci\u00f3n sobre la compatibilidad, la marca y las caracter\u00edsticas se describa correctamente para evitar malentendidos. El uso del t\u00e9rmino &#8216;compatible&#8217; tambi\u00e9n est\u00e1 regulado por los grandes mercados del mercado para la catalogaci\u00f3n adecuada de productos y la aplicaci\u00f3n automotriz.<\/div>\n","protected":false},"excerpt":{"rendered":"<p>6000.6172-COM. Compatible con: 18239AN, 12418239, APS18239, MXS327, S103375, S103375A, 8018239, CST35602AS, CST35602GS, 1146864, 0R1091, 5I7716, M003T56172, M003T56174, M003T56181, M003T56182, M003T56183, 3436610100, 3436620101, 3476610900, 3476610902, 3476610903, 3476620901, M3T56172, M3T56174, M3T56181, M3T56182, M3T56183, 18239AN, 60006172.  Marca: COM Automotive &#8211; Producto con calidad y dise\u00f1o originales.<\/p>\n","protected":false},"featured_media":28111,"comment_status":"open","ping_status":"closed","template":"","meta":[],"product_brand":[],"product_cat":[8119],"product_tag":[],"class_list":{"0":"post-31044","1":"product","2":"type-product","3":"status-publish","4":"has-post-thumbnail","6":"product_cat-motor-de-arranque","8":"first","9":"instock","10":"taxable","11":"shipping-taxable","12":"purchasable","13":"product-type-simple"},"_links":{"self":[{"href":"https:\/\/com-automotive.com\/es\/wp-json\/wp\/v2\/product\/31044","targetHints":{"allow":["GET"]}}],"collection":[{"href":"https:\/\/com-automotive.com\/es\/wp-json\/wp\/v2\/product"}],"about":[{"href":"https:\/\/com-automotive.com\/es\/wp-json\/wp\/v2\/types\/product"}],"replies":[{"embeddable":true,"href":"https:\/\/com-automotive.com\/es\/wp-json\/wp\/v2\/comments?post=31044"}],"wp:featuredmedia":[{"embeddable":true,"href":"https:\/\/com-automotive.com\/es\/wp-json\/wp\/v2\/media\/28111"}],"wp:attachment":[{"href":"https:\/\/com-automotive.com\/es\/wp-json\/wp\/v2\/media?parent=31044"}],"wp:term":[{"taxonomy":"product_brand","embeddable":true,"href":"https:\/\/com-automotive.com\/es\/wp-json\/wp\/v2\/product_brand?post=31044"},{"taxonomy":"product_cat","embeddable":true,"href":"https:\/\/com-automotive.com\/es\/wp-json\/wp\/v2\/product_cat?post=31044"},{"taxonomy":"product_tag","embeddable":true,"href":"https:\/\/com-automotive.com\/es\/wp-json\/wp\/v2\/product_tag?post=31044"}],"curies":[{"name":"wp","href":"https:\/\/api.w.org\/{rel}","templated":true}]}}