{"id":31038,"date":"2026-01-17T11:23:59","date_gmt":"2026-01-17T14:23:59","guid":{"rendered":"https:\/\/com-automotive.com\/motor-de-arranque-12v-10t-28mt-compatible-11092191-para-gm-disparejos-6-2l-6-5l\/"},"modified":"2026-01-17T11:23:59","modified_gmt":"2026-01-17T14:23:59","slug":"motor-de-arranque-12v-10t-28mt-compatible-11092191-para-gm-disparejos-6-2l-6-5l","status":"publish","type":"product","link":"https:\/\/com-automotive.com\/es\/motor-de-arranque-12v-10t-28mt-compatible-11092191-para-gm-disparejos-6-2l-6-5l\/","title":{"rendered":"Motor de arranque 12V 10T 28MT compatible 11092191 para GM Disparejos 6.2L 6.5L<span class=\"product-sku\" style=\"display: block; font-size: 0.85em; color: #777; margin-top: 5px; margin-bottom: 5px;\">SKU: 6000.2191-COM<\/span>"},"content":{"rendered":"<h1><strong>COM-AUTOMOTIVE, producto con Calidad y Dise\u00f1o Original.<\/strong><\/h1>\n<p>Motor de arranque 12V 10T 28MT compatible 11092191 para GM Disparejos 6.2L 6.5L<\/p>\n<h2>Preguntas m\u00e1s frecuentes<\/h2>\n<h3><strong>\u00bfCu\u00e1les son las referencias cruzadas?<\/strong><\/h3>\n<p>6469N, 3764NN, 1043764, 1046469, APS3764, APS6469, DXS501, DXS9128, S3764, S6469, 803764, 806469, 10465014, 11095631, 10465054, 10465168, 1113267, 1113296, 19136221, S1032, S8201, &#8216;SR577X, SR8574X, 11092191, 10465014, 1046505, 1095631, , 6469N, 3764NN, 60002191<\/p>\n<h2><strong>Tabla de aplicaci\u00f3n<\/strong><\/h2>\n<p>GMC | Blazer | V8-6.2L | 87-88,<br \/>\nGMC | C10 | V8-6.2L | 82-86,<br \/>\nGMC | C10 Suburbano | V8-6.2L | 82-86,<br \/>\nGMC | C1500 | V8-6.2L | 82-86,<br \/>\nGMC | C1500 Suburbano | V8-6.2L | 82-86,<br \/>\nGMC | C20 | V8-6.2L | 82-86,<br \/>\nGMC | C20 Suburbano | V8-6.2L | 82-86,<br \/>\nGMC | C2500 | V8-6.2L | 82-86,<br \/>\nGMC | C2500 Suburban | V8-6.2L | 82-86,<br \/>\nGMC | C30 | V8-6.2L | 82-86,<br \/>\nGMC | C3500 | V8-6.2L | 82-86,<br \/>\nGMC | G20 | V8-6.2L | 83-88,<br \/>\nGMC | G30 | V8-6.2L | 83-88,<br \/>\nGMC | K10 | V8-6.2L | 82-86,<br \/>\nGMC | K10 Suburbano | V8-6.2L | 82-86,<br \/>\nGMC | K1500 | V8-6.2L | 1988,<br \/>\nGMC | K20 | V8-6.2L | 82-86,<br \/>\nGMC | K20 Suburban | V8-6.2L | 82-86,<br \/>\nGMC | K2500 | V8-6.2L | 1988,<br \/>\nGMC | K30 | V8-6.2L | 82-86,<br \/>\nGMC | K3500 | V8-6.2L | 1988,<br \/>\nGMC | K5 Blazer | V8-6.2L | 1988,<br \/>\nGMC | P20 | V8-6.2L | 82-88,<br \/>\nGMC | P30 | V8-6.2L | 82-88<\/p>\n<div><strong>ATENCI\u00d3N:<\/strong><\/div>\n<div>Recomendamos que la instalaci\u00f3n del producto sea realizada por un profesional capacitado y especializado.<\/div>\n<div>Somente realize a compra deste produto com a certeza que ele seja compat\u00edvel com seu ve\u00edculo, caso tenha d\u00favidas, n\u00e3o hesite em nos procurar. Nuestro horario de apertura es de lunes a viernes de 8 a 18 h.<\/div>\n<div><\/div>\n<div><strong>SOBRE NOSOTROS:<\/strong><\/div>\n<div>COM Automotive est\u00e1 especializada en piezas de autom\u00f3vil de dise\u00f1o original para el sector de la reparaci\u00f3n posventa, clientes industriales y fabricantes de veh\u00edculos especiales OEM.<\/div>\n<div>Nuestro equipo tiene m\u00e1s de 28 a\u00f1os de experiencia en la fabricaci\u00f3n y el suministro de piezas de automoci\u00f3n a escala mundial.<\/div>\n<div>Nuestra <strong>MISI\u00d3N <\/strong> es ofrecer productos de dise\u00f1o original con una calidad impecable y una sustituci\u00f3n personalizada.<\/div>\n<div>Nuestra <strong>VISI\u00d3N<\/strong> es promover el crecimiento y un valor inigualable para nuestros clientes.<\/div>\n<div><\/div>\n<div><strong>DISE\u00d1O ORIGINAL<\/strong><\/div>\n<div>El t\u00e9rmino \u00abDise\u00f1o Original\u00bb se refiere a la percepci\u00f3n \u00fanica e innovadora y a la propuesta de valor de los productos de COM Automotive, as\u00ed como a la experiencia ofrecida durante su compra. Esto abarca no solo el empaque y la est\u00e9tica del producto, sino tambi\u00e9n la autenticidad y creatividad de la marca.  COM Automotive busca ofrecer productos de alta calidad que satisfagan las necesidades de la industria del mercado de repuestos, aline\u00e1ndose con su Visi\u00f3n, Misi\u00f3n y Valores.<\/div>\n<div><\/div>\n<div><strong>NOTAR:<\/strong><\/div>\n<div>C\u00f3digo de Protecci\u00f3n al Consumidor (CDC): La Ley N\u00b0 8.078, de 11 de septiembre de 1990, establece que la informaci\u00f3n proporcionada al consumidor debe ser clara y precisa. El art\u00edculo 31 del CDC exige que la publicidad y el etiquetado de los productos y servicios sean veraces y no induzcan a error al consumidor.  Esto incluye asegurarse de que la informaci\u00f3n sobre la compatibilidad, la marca y las caracter\u00edsticas se describa correctamente para evitar malentendidos. El uso del t\u00e9rmino &#8216;compatible&#8217; tambi\u00e9n est\u00e1 regulado por los grandes mercados del mercado para la catalogaci\u00f3n adecuada de productos y la aplicaci\u00f3n automotriz.<\/div>\n","protected":false},"excerpt":{"rendered":"<p>6000.2191-COM. Compatible con: 6469N, 3764NN, 1043764, 1046469, APS3764, APS6469, DXS501, DXS9128, S3764, S6469, 803764, 806469, 10465014, 11095631, 10465054, 10465168, 1113267, 1113296, 19136221, S1032, S8201, &#8216;SR577X, SR8574X, 11092191, 10465014, 1046505, 1095631, 6469N, 3764NN, 60002191.  Marca: COM Automotive &#8211; Producto con calidad y dise\u00f1o originales.<\/p>\n","protected":false},"featured_media":28027,"comment_status":"open","ping_status":"closed","template":"","meta":[],"product_brand":[],"product_cat":[8119],"product_tag":[],"class_list":{"0":"post-31038","1":"product","2":"type-product","3":"status-publish","4":"has-post-thumbnail","6":"product_cat-motor-de-arranque","8":"first","9":"instock","10":"taxable","11":"shipping-taxable","12":"purchasable","13":"product-type-simple"},"_links":{"self":[{"href":"https:\/\/com-automotive.com\/es\/wp-json\/wp\/v2\/product\/31038","targetHints":{"allow":["GET"]}}],"collection":[{"href":"https:\/\/com-automotive.com\/es\/wp-json\/wp\/v2\/product"}],"about":[{"href":"https:\/\/com-automotive.com\/es\/wp-json\/wp\/v2\/types\/product"}],"replies":[{"embeddable":true,"href":"https:\/\/com-automotive.com\/es\/wp-json\/wp\/v2\/comments?post=31038"}],"wp:featuredmedia":[{"embeddable":true,"href":"https:\/\/com-automotive.com\/es\/wp-json\/wp\/v2\/media\/28027"}],"wp:attachment":[{"href":"https:\/\/com-automotive.com\/es\/wp-json\/wp\/v2\/media?parent=31038"}],"wp:term":[{"taxonomy":"product_brand","embeddable":true,"href":"https:\/\/com-automotive.com\/es\/wp-json\/wp\/v2\/product_brand?post=31038"},{"taxonomy":"product_cat","embeddable":true,"href":"https:\/\/com-automotive.com\/es\/wp-json\/wp\/v2\/product_cat?post=31038"},{"taxonomy":"product_tag","embeddable":true,"href":"https:\/\/com-automotive.com\/es\/wp-json\/wp\/v2\/product_tag?post=31038"}],"curies":[{"name":"wp","href":"https:\/\/api.w.org\/{rel}","templated":true}]}}