{"id":30994,"date":"2026-01-17T11:22:26","date_gmt":"2026-01-17T14:22:26","guid":{"rendered":"https:\/\/com-automotive.com\/motor-de-arranque-compatible-con-12v-9t-12117801-para-che-express-sierra-silverado-kodiak-6-6l-diesel-0314\/"},"modified":"2026-01-17T11:22:26","modified_gmt":"2026-01-17T14:22:26","slug":"motor-de-arranque-compatible-con-12v-9t-12117801-para-che-express-sierra-silverado-kodiak-6-6l-diesel-0314","status":"publish","type":"product","link":"https:\/\/com-automotive.com\/es\/motor-de-arranque-compatible-con-12v-9t-12117801-para-che-express-sierra-silverado-kodiak-6-6l-diesel-0314\/","title":{"rendered":"Motor de arranque compatible con 12V 9T 12117801 para Che Express Sierra Silverado Kodiak 6.6L di\u00e9sel 03&gt;14<span class=\"product-sku\" style=\"display: block; font-size: 0.85em; color: #777; margin-top: 5px; margin-bottom: 5px;\">SKU: 6000.7801-COM<\/span>"},"content":{"rendered":"<h1><strong>COM-AUTOMOTIVE, producto con Calidad y Dise\u00f1o Original.<\/strong><\/h1>\n<p>Motor de arranque compatible con 12V 9T 12117801 para Che Express Sierra Silverado Kodiak 6.6L di\u00e9sel 03&gt;14<\/p>\n<h2>Preguntas m\u00e1s frecuentes<\/h2>\n<h3><strong>\u00bfCu\u00e1les son las referencias cruzadas?<\/strong><\/h3>\n<p>19020N, 19140NN, 12117801, 12119020, 12119140, APS17801, APS19020, APS19140, S17801, S19020, S19140, 8017801, 8019020, 12638394, 97720440, 97729079, 98002395, 98014150, 98067622, S14100D, S14100DR, S14100E, S14101A, S14101AR, S14101B, S14101C, S14101D, S14103A, STR0023, 57460826017217, 2902769300, 2902769410, 8972095483, 8980023950, &#8216;SR8629X, 19020N, 19140NN, 60007801<\/p>\n<h2><strong>Tabla de aplicaci\u00f3n<\/strong><\/h2>\n<p>CHASIS PERSONALIZADO DE CABALLO DE BATALLA | W72 | 2007-2007 | 8CIL 6,6L,<br \/>\nCHASIS PERSONALIZADO DE CABALLO DE BATALLA | P42 | 2005-2005 | 8CIL 6,6L,<br \/>\nCABALLO DE BATALLA | LF72 | 2005-2011 | 8CIL 6,6L,<br \/>\nHUMMER | H1 | 2006-2006 | 8CIL 6,6L,<br \/>\nGMC | SIERRA 3500 HD | 2007-2014 | 8CIL 6,6L,<br \/>\nGMC | SIERRA 3500 | 2001-2007 | 8CIL 6,6L,<br \/>\nGMC | SIERRA 2500 HD | 2001-2014 | 8CIL 6,6L,<br \/>\nGMC | SAVANA 4500 | 2011-2016 | 8CIL 6,6L,<br \/>\nGMC | SAVANA 3500 | 2006-2016 | 8CIL 6,6L,<br \/>\nGMC | SAVANA 2500 | 2006-2016 | 8CIL 6,6L,<br \/>\nGMC | C5500 TOPKICK | 2003-2009 | 8CIL 6,6L,<br \/>\nGMC | C4500 TOPKICK | 2003-2009 | 8CIL 6,6L,<br \/>\nCHEVROLET | SILVERADO 3500 HD | 2007-2014 | 8CIL 6,6L,<br \/>\nCHEVROLET | SILVERADO 3500 CLASSIC | 2007-2007 | 8CIL 6,6L,<br \/>\nCHEVROLET | SILVERADO 3500 | 2001-2007 | 8CIL 6,6L,<br \/>\nCHEVROLET | SILVERADO 2500 HD CLASSIC | 2007-2007 | 8CIL 6,6L,<br \/>\nCHEVROLET | SILVERADO 2500 HD | 2001-2014 | 8CIL 6,6L,<br \/>\nCHEVROLET | EXPRESS PASAJEROS | 2009-2023 | 8CIL 6.0L,<br \/>\nCHEVROLET | CARGA EXPR\u00c9S | 2014-2014 | 8CIL 6.0L,<br \/>\nCHEVROLET | EXPRESS 4500 | 2010-2016 | 8CIL 6,6L,<br \/>\nCHEVROLET | EXPRESS 3500 | 2006-2016 | 8CIL 6,6L,<br \/>\nCHEVROLET | EXPRESS 2500 | 2006-2016 | 8CIL 6,6L,<br \/>\nCHEVROLET | C5500 KODIAK | 2003-2009 | 8CIL 6,6L,<br \/>\nCHEVROLET | C4500 KODIAK | 2003-2009 | 8CIL 6.6L<\/p>\n<div><strong>ATENCI\u00d3N:<\/strong><\/div>\n<div>Recomendamos que la instalaci\u00f3n del producto sea realizada por un profesional capacitado y especializado.<\/div>\n<div>Somente realize a compra deste produto com a certeza que ele seja compat\u00edvel com seu ve\u00edculo, caso tenha d\u00favidas, n\u00e3o hesite em nos procurar. Nuestro horario de apertura es de lunes a viernes de 8 a 18 h.<\/div>\n<div><\/div>\n<div><strong>SOBRE NOSOTROS:<\/strong><\/div>\n<div>COM Automotive est\u00e1 especializada en piezas de autom\u00f3vil de dise\u00f1o original para el sector de la reparaci\u00f3n posventa, clientes industriales y fabricantes de veh\u00edculos especiales OEM.<\/div>\n<div>Nuestro equipo tiene m\u00e1s de 28 a\u00f1os de experiencia en la fabricaci\u00f3n y el suministro de piezas de automoci\u00f3n a escala mundial.<\/div>\n<div>Nuestra <strong>MISI\u00d3N <\/strong> es ofrecer productos de dise\u00f1o original con una calidad impecable y una sustituci\u00f3n personalizada.<\/div>\n<div>Nuestra <strong>VISI\u00d3N<\/strong> es promover el crecimiento y un valor inigualable para nuestros clientes.<\/div>\n<div><\/div>\n<div><strong>DISE\u00d1O ORIGINAL<\/strong><\/div>\n<div>El t\u00e9rmino \u00abDise\u00f1o Original\u00bb se refiere a la percepci\u00f3n \u00fanica e innovadora y a la propuesta de valor de los productos de COM Automotive, as\u00ed como a la experiencia ofrecida durante su compra. Esto abarca no solo el empaque y la est\u00e9tica del producto, sino tambi\u00e9n la autenticidad y creatividad de la marca.  COM Automotive busca ofrecer productos de alta calidad que satisfagan las necesidades de la industria del mercado de repuestos, aline\u00e1ndose con su Visi\u00f3n, Misi\u00f3n y Valores.<\/div>\n<div><\/div>\n<div><strong>NOTAR:<\/strong><\/div>\n<div>C\u00f3digo de Protecci\u00f3n al Consumidor (CDC): La Ley N\u00b0 8.078, de 11 de septiembre de 1990, establece que la informaci\u00f3n proporcionada al consumidor debe ser clara y precisa. El art\u00edculo 31 del CDC exige que la publicidad y el etiquetado de los productos y servicios sean veraces y no induzcan a error al consumidor.  Esto incluye asegurarse de que la informaci\u00f3n sobre la compatibilidad, la marca y las caracter\u00edsticas se describa correctamente para evitar malentendidos. El uso del t\u00e9rmino &#8216;compatible&#8217; tambi\u00e9n est\u00e1 regulado por los grandes mercados del mercado para la catalogaci\u00f3n adecuada de productos y la aplicaci\u00f3n automotriz.<\/div>\n","protected":false},"excerpt":{"rendered":"<p>6000.7801-COM. Compatible con: 19020N, 19140NN, 12117801, 12119020, 12119140, APS17801, APS19020, APS19140, S17801, S19020, S19140, 8017801, 8019020, 12638394, 97720440, 97729079, 98002395, 98014150, 98067622, S14100D, S14100DR, S14100E, S14101A, S14101AR, S14101B, S14101C, S14101D, S14103A, STR0023, 57460826017217, 2902769300, 2902769410, 8972095483, 8980023950, &#8216;SR8629X, 19020N, 19140NN, 60007801.  Marca: COM Automotive &#8211; Producto con calidad y dise\u00f1o originales.<\/p>\n","protected":false},"featured_media":27891,"comment_status":"open","ping_status":"closed","template":"","meta":[],"product_brand":[],"product_cat":[8119],"product_tag":[],"class_list":{"0":"post-30994","1":"product","2":"type-product","3":"status-publish","4":"has-post-thumbnail","6":"product_cat-motor-de-arranque","8":"first","9":"instock","10":"taxable","11":"shipping-taxable","12":"purchasable","13":"product-type-simple"},"_links":{"self":[{"href":"https:\/\/com-automotive.com\/es\/wp-json\/wp\/v2\/product\/30994","targetHints":{"allow":["GET"]}}],"collection":[{"href":"https:\/\/com-automotive.com\/es\/wp-json\/wp\/v2\/product"}],"about":[{"href":"https:\/\/com-automotive.com\/es\/wp-json\/wp\/v2\/types\/product"}],"replies":[{"embeddable":true,"href":"https:\/\/com-automotive.com\/es\/wp-json\/wp\/v2\/comments?post=30994"}],"wp:featuredmedia":[{"embeddable":true,"href":"https:\/\/com-automotive.com\/es\/wp-json\/wp\/v2\/media\/27891"}],"wp:attachment":[{"href":"https:\/\/com-automotive.com\/es\/wp-json\/wp\/v2\/media?parent=30994"}],"wp:term":[{"taxonomy":"product_brand","embeddable":true,"href":"https:\/\/com-automotive.com\/es\/wp-json\/wp\/v2\/product_brand?post=30994"},{"taxonomy":"product_cat","embeddable":true,"href":"https:\/\/com-automotive.com\/es\/wp-json\/wp\/v2\/product_cat?post=30994"},{"taxonomy":"product_tag","embeddable":true,"href":"https:\/\/com-automotive.com\/es\/wp-json\/wp\/v2\/product_tag?post=30994"}],"curies":[{"name":"wp","href":"https:\/\/api.w.org\/{rel}","templated":true}]}}