{"id":30992,"date":"2026-01-17T11:22:12","date_gmt":"2026-01-17T14:22:12","guid":{"rendered":"https:\/\/com-automotive.com\/motor-de-arranque-compatible-con-dsn044-de-12v-10t-3-kw-para-caja-massey\/"},"modified":"2026-01-17T11:22:12","modified_gmt":"2026-01-17T14:22:12","slug":"motor-de-arranque-compatible-con-dsn044-de-12v-10t-3-kw-para-caja-massey","status":"publish","type":"product","link":"https:\/\/com-automotive.com\/es\/motor-de-arranque-compatible-con-dsn044-de-12v-10t-3-kw-para-caja-massey\/","title":{"rendered":"Motor de arranque compatible con DSN044 de 12V 10T 3 kW para caja Massey<span class=\"product-sku\" style=\"display: block; font-size: 0.85em; color: #777; margin-top: 5px; margin-bottom: 5px;\">SKU: 6000.N044-COM<\/span>"},"content":{"rendered":"<h1><strong>COM-AUTOMOTIVE, producto con Calidad y Dise\u00f1o Original.<\/strong><\/h1>\n<p>Motor de arranque compatible con DSN044 de 12V 10T 3 kW para caja Massey<\/p>\n<h2>Preguntas m\u00e1s frecuentes<\/h2>\n<h3><strong>\u00bfCu\u00e1les son las referencias cruzadas?<\/strong><\/h3>\n<p>18941N, 836667507, 3784889M1, 3823621M93, 3823621M94, 6911913, 7020620, 3127539, 3575202, 5269854, 2253148, 3644130, DSN044, 11.131.070, 11.131.228, 11.131.397, 11.131.410, 11.131.508, 11.131.606, 11.131.780, 11.131.946, 11.131.964, 11.131.973, 11.132.035, 11.132.175, AZE4151, AZE4172, AZE4199, AZE4207, AZE4219, AZF4102, AZF4111, AZF4132, AZF4264, AZF4321, AZF4569, AZJ3369, IS1071, AZJ3306, IS0875, 18941N, 6000N044<\/p>\n<h2><strong>Tabla de aplicaci\u00f3n<\/strong><\/h2>\n<p>SPRA-COUPE | 7650 | 2005-2015 | -,<br \/>\nSPRA-COUPE | 7450 | 2005-2015 | -,<br \/>\nMASSEY FERGUSON | TRACTOR MF-8270 | 1999-1999 | -,<br \/>\nMASSEY FERGUSON | TRACTOR MF-6290 | 1999-2000 | -,<br \/>\nMASSEY FERGUSON | TRACTOR MF-6280 | 1999-2000 | -,<br \/>\nMASSEY FERGUSON | TRACTOR MF-6270 | 1999-2000 | -,<br \/>\nMASSEY FERGUSON | TRACTOR MF-3680 | 1988-1988 | -,<br \/>\nGEHL | MINI LOADER SL7710 | 2004-2012 | -,<br \/>\nGEHL | MINI CARGADORA SL7610 | 2004-2012 | -,<br \/>\nCASO | TRACTOR C60 | 1998-2006 | -,<br \/>\nCASO | TRACTOR C50 | 1998-2006 | -,<br \/>\nCASO | MINI EXCAVADORA CX60 | 1998-2006 | -,<br \/>\nCASO | MINI EXCAVADORA CX50 | 1998-2006 | &#8211;<\/p>\n<div><strong>ATENCI\u00d3N:<\/strong><\/div>\n<div>Recomendamos que la instalaci\u00f3n del producto sea realizada por un profesional capacitado y especializado.<\/div>\n<div>Somente realize a compra deste produto com a certeza que ele seja compat\u00edvel com seu ve\u00edculo, caso tenha d\u00favidas, n\u00e3o hesite em nos procurar. Nuestro horario de apertura es de lunes a viernes de 8 a 18 h.<\/div>\n<div><\/div>\n<div><strong>SOBRE NOSOTROS:<\/strong><\/div>\n<div>COM Automotive est\u00e1 especializada en piezas de autom\u00f3vil de dise\u00f1o original para el sector de la reparaci\u00f3n posventa, clientes industriales y fabricantes de veh\u00edculos especiales OEM.<\/div>\n<div>Nuestro equipo tiene m\u00e1s de 28 a\u00f1os de experiencia en la fabricaci\u00f3n y el suministro de piezas de automoci\u00f3n a escala mundial.<\/div>\n<div>Nuestra <strong>MISI\u00d3N <\/strong> es ofrecer productos de dise\u00f1o original con una calidad impecable y una sustituci\u00f3n personalizada.<\/div>\n<div>Nuestra <strong>VISI\u00d3N<\/strong> es promover el crecimiento y un valor inigualable para nuestros clientes.<\/div>\n<div><\/div>\n<div><strong>DISE\u00d1O ORIGINAL<\/strong><\/div>\n<div>El t\u00e9rmino \u00abDise\u00f1o Original\u00bb se refiere a la percepci\u00f3n \u00fanica e innovadora y a la propuesta de valor de los productos de COM Automotive, as\u00ed como a la experiencia ofrecida durante su compra. Esto abarca no solo el empaque y la est\u00e9tica del producto, sino tambi\u00e9n la autenticidad y creatividad de la marca.  COM Automotive busca ofrecer productos de alta calidad que satisfagan las necesidades de la industria del mercado de repuestos, aline\u00e1ndose con su Visi\u00f3n, Misi\u00f3n y Valores.<\/div>\n<div><\/div>\n<div><strong>NOTAR:<\/strong><\/div>\n<div>C\u00f3digo de Protecci\u00f3n al Consumidor (CDC): La Ley N\u00b0 8.078, de 11 de septiembre de 1990, establece que la informaci\u00f3n proporcionada al consumidor debe ser clara y precisa. El art\u00edculo 31 del CDC exige que la publicidad y el etiquetado de los productos y servicios sean veraces y no induzcan a error al consumidor.  Esto incluye asegurarse de que la informaci\u00f3n sobre la compatibilidad, la marca y las caracter\u00edsticas se describa correctamente para evitar malentendidos. El uso del t\u00e9rmino &#8216;compatible&#8217; tambi\u00e9n est\u00e1 regulado por los grandes mercados del mercado para la catalogaci\u00f3n adecuada de productos y la aplicaci\u00f3n automotriz.<\/div>\n","protected":false},"excerpt":{"rendered":"<p>6000.N044-COM. Compatible con: 18941N, 836667507, 3784889M1, 3823621M93, 3823621M94, 6911913, 7020620, 3127539, 3575202, 5269854, 2253148, 3644130, DSN044, 11. 131,1 070, 11.131.228, 11.131.397, 11.131.410, 11.131.508, 11.131.606, 11.131.780, 11.131.946, 11.131.964, 11.131.973, 11.132.035, 11.132.175, AZE4151, AZE4172, AZE4199, AZE4207, AZE4219, AZF4102, AZF4111, AZF4132, AZF4264, AZF4321, AZF4569, AZJ3369, IS1071, AZJ3306, IS0875, 18941N, 6000N044.  Marca: COM Automotive &#8211; Producto con calidad y dise\u00f1o originales.<\/p>\n","protected":false},"featured_media":27845,"comment_status":"open","ping_status":"closed","template":"","meta":[],"product_brand":[],"product_cat":[8119],"product_tag":[],"class_list":{"0":"post-30992","1":"product","2":"type-product","3":"status-publish","4":"has-post-thumbnail","6":"product_cat-motor-de-arranque","8":"first","9":"instock","10":"taxable","11":"shipping-taxable","12":"purchasable","13":"product-type-simple"},"_links":{"self":[{"href":"https:\/\/com-automotive.com\/es\/wp-json\/wp\/v2\/product\/30992","targetHints":{"allow":["GET"]}}],"collection":[{"href":"https:\/\/com-automotive.com\/es\/wp-json\/wp\/v2\/product"}],"about":[{"href":"https:\/\/com-automotive.com\/es\/wp-json\/wp\/v2\/types\/product"}],"replies":[{"embeddable":true,"href":"https:\/\/com-automotive.com\/es\/wp-json\/wp\/v2\/comments?post=30992"}],"wp:featuredmedia":[{"embeddable":true,"href":"https:\/\/com-automotive.com\/es\/wp-json\/wp\/v2\/media\/27845"}],"wp:attachment":[{"href":"https:\/\/com-automotive.com\/es\/wp-json\/wp\/v2\/media?parent=30992"}],"wp:term":[{"taxonomy":"product_brand","embeddable":true,"href":"https:\/\/com-automotive.com\/es\/wp-json\/wp\/v2\/product_brand?post=30992"},{"taxonomy":"product_cat","embeddable":true,"href":"https:\/\/com-automotive.com\/es\/wp-json\/wp\/v2\/product_cat?post=30992"},{"taxonomy":"product_tag","embeddable":true,"href":"https:\/\/com-automotive.com\/es\/wp-json\/wp\/v2\/product_tag?post=30992"}],"curies":[{"name":"wp","href":"https:\/\/api.w.org\/{rel}","templated":true}]}}