{"id":30990,"date":"2026-01-17T11:22:23","date_gmt":"2026-01-17T14:22:23","guid":{"rendered":"https:\/\/com-automotive.com\/motor-de-arranque-12v-10t-compatible-ms346-para-perkins-tractor-ford-case-8297\/"},"modified":"2026-01-17T11:22:23","modified_gmt":"2026-01-17T14:22:23","slug":"motor-de-arranque-12v-10t-compatible-ms346-para-perkins-tractor-ford-case-8297","status":"publish","type":"product","link":"https:\/\/com-automotive.com\/es\/motor-de-arranque-12v-10t-compatible-ms346-para-perkins-tractor-ford-case-8297\/","title":{"rendered":"Motor de arranque 12V 10T compatible MS346 para Perkins Tractor Ford Case 82&gt;97<span class=\"product-sku\" style=\"display: block; font-size: 0.85em; color: #777; margin-top: 5px; margin-bottom: 5px;\">SKU: 6000.S346-COM<\/span>"},"content":{"rendered":"<h1><strong>COM-AUTOMOTIVE, producto con Calidad y Dise\u00f1o Original.<\/strong><\/h1>\n<p>Motor de arranque 12V 10T compatible MS346 para Perkins Tractor Ford Case 82&gt;97<\/p>\n<h2>Preguntas m\u00e1s frecuentes<\/h2>\n<h3><strong>\u00bfCu\u00e1les son las referencias cruzadas?<\/strong><\/h3>\n<p>16608N, 100300, 11216608, APS16608, DXS562, LXS9303, S180299, S180300, S180300A, S180300B, S180300C, S180300D, S180300E, S180300F, S180300G, S180300H, S180300M, S180301, S180301E, 8016608, CST25102AS, CST25102GS, K308650, K919752, C6NF11000A, C7NN11000A, D0NN11000B C7NN11000B D0NN11000A, , ,  , D4NN11000B, D8NN11000CA, D8NN11000CB, D8NN11000CD, D8NN11000CE, D8NN11000CER, E9NN11000AA, E9NN11000AAR, C6NFA, C7NNA, C7NNB, D0NNA, D0NNB, D4NNB, D8NNCA, D8NNCB, D8NNCE, 8EA726026001, S6131, S6162, IS0579,  AZJ3182, SR400X, MS346, 16608N-2202776000S346<\/p>\n<h2><strong>Tabla de aplicaci\u00f3n<\/strong><\/h2>\n<p>CASO | 1394 | 1983 a 1988,<br \/>\nCASO | 1410 | De 1974 a 1980,<br \/>\nCASO | 1494 | 1983 a 1988,<br \/>\nCASO | 1594 | 1983 a 1988,<br \/>\nCASO | 1690 | 1980 a 1985,<br \/>\nCASO | 1694 | 1984 a 1987,<br \/>\nNUEVA HOLANDA | 231 | De 1975 a 1981,<br \/>\nNUEVA HOLANDA | 233 | De 1975 a 1981,<br \/>\nNUEVA HOLANDA | 234 | 1975 a 1983,<br \/>\nNUEVA HOLANDA | 333 | De 1975 a 1981,<br \/>\nNUEVA HOLANDA | 334 | De 1982 a 1983,<br \/>\nNUEVA HOLANDA | 335 | De 1975 a 1984,<br \/>\nNUEVA HOLANDA | 340 | De 1979 a 1988,<br \/>\nNUEVA HOLANDA | 420 | 1975 a 1978,<br \/>\nNUEVA HOLANDA | 445 | De 1978 a 1985,<br \/>\nNUEVA HOLANDA | 450 | 1987 a 1988,<br \/>\nNUEVA HOLANDA | 455 | 1987 a 1988,<br \/>\nNUEVA HOLANDA | 515 | 1975 a 1978,<br \/>\nNUEVA HOLANDA | 531 | De 1975 a 1981,<br \/>\nNUEVA HOLANDA | 532 | 1975 a 1978,<br \/>\nNUEVA HOLANDA | 535 | 1975 a 1978,<br \/>\nNUEVA HOLANDA | 907 | 1972 a 1972,<br \/>\nNUEVA HOLANDA | 909 | 1972 a 1972,<br \/>\nNUEVA HOLANDA | 910 | 1972 a 1978,<br \/>\nNUEVA HOLANDA | 912 | 1972 a 1978,<br \/>\nNUEVA HOLANDA | 1112 | De 1976 a 1980,<br \/>\nNUEVA HOLANDA | 1114 | De 1976 a 1980,<br \/>\nNUEVA HOLANDA | 1499 | 1987 a 1992,<br \/>\nNUEVA HOLANDA | 2000 | 1965 a 1974,<br \/>\nNUEVA HOLANDA | 2100 | 1965 a 1974,<br \/>\nNUEVA HOLANDA | 2110 | 1965 a 1974,<br \/>\nNUEVA HOLANDA | 2120 | 1965 a 1974,<br \/>\nNUEVA HOLANDA | 2300 | 1965 a 1974,<br \/>\nNUEVA HOLANDA | 2310 | 1965 a 1974,<br \/>\nNUEVA HOLANDA | 2310 | De 1982 a 1983,<br \/>\nNUEVA HOLANDA | 2600 | De 1975 a 1981,<br \/>\nNUEVA HOLANDA | 2610 | 1981 a 1983,<br \/>\nNUEVA HOLANDA | 2810 | 1983 a 1990,<br \/>\nNUEVA HOLANDA | 2910 | 1983 a 1990,<br \/>\nNUEVA HOLANDA | 3000 | 1965 a 1975,<br \/>\nNUEVA HOLANDA | 3100 | 1965 a 1974,<br \/>\nNUEVA HOLANDA | 3110 | 1965 a 1974,<br \/>\nNUEVA HOLANDA | 3120 | 1965 a 1974,<br \/>\nNUEVA HOLANDA | 3190 | 1965 a 1974,<br \/>\nNUEVA HOLANDA | 3230 | 1990 a 1992,<br \/>\nNUEVA HOLANDA | 3300 | 1965 a 1974,<br \/>\nNUEVA HOLANDA | 3310 | 1965 a 1974,<br \/>\nNUEVA HOLANDA | 3330 | 1965 a 1974,<br \/>\nNUEVA HOLANDA | 3400 | 1965 a 1975,<br \/>\nNUEVA HOLANDA | 3430 | 1990 a 1992,<br \/>\nNUEVA HOLANDA | 3500 | De 1975 a 1981,<br \/>\nNUEVA HOLANDA | 3550 | 1965 a 1974,<br \/>\nNUEVA HOLANDA | 3600 | De 1975 a 1981,<br \/>\nNUEVA HOLANDA | 3610 | 1981 a 1983,<br \/>\nNUEVA HOLANDA | 3900 | De 1975 a 1981,<br \/>\nNUEVA HOLANDA | 3910 | 1983 a 1990,<br \/>\nNUEVA HOLANDA | 3930 | 1990 a 1992,<br \/>\nNUEVA HOLANDA | 4000 | 1965 a 1974,<br \/>\nNUEVA HOLANDA | 4100 | De 1965 a 1981,<br \/>\nNUEVA HOLANDA | 4110 | 1965 a 1974,<br \/>\nNUEVA HOLANDA | 4110 | 1981 a 1990,<br \/>\nNUEVA HOLANDA | 4130 | 1990 a 1992,<br \/>\nNUEVA HOLANDA | 4140 | 1965 a 1974,<br \/>\nNUEVA HOLANDA | 4200 | 1965 a 1974,<br \/>\nNUEVA HOLANDA | 4330 | 1965 a 1974,<br \/>\nNUEVA HOLANDA | 4340 | 1965 a 1974,<br \/>\nNUEVA HOLANDA | 4400 | 1965 a 1974,<br \/>\nNUEVA HOLANDA | 4410 | 1969 a 1974,<br \/>\nNUEVA HOLANDA | 4500 | 1965 a 1974,<br \/>\nNUEVA HOLANDA | 4600 | De 1975 a 1981,<br \/>\nNUEVA HOLANDA | 4610 | 1981 a 1990,<br \/>\nNUEVA HOLANDA | 4630 | 1990 a 1992,<br \/>\nNUEVA HOLANDA | 4830 | 1990 a 1992,<br \/>\nNUEVA HOLANDA | 5000 | 1965 a 1975,<br \/>\nNUEVA HOLANDA | 5030 | De 1992 a 1992,<br \/>\nNUEVA HOLANDA | 5100 | 1965 a 1974,<br \/>\nNUEVA HOLANDA | 5110 | 1984 a 1991,<br \/>\nNUEVA HOLANDA | 5200 | 1967 a 1974,<br \/>\nNUEVA HOLANDA | 5340 | 1968 a 1974,<br \/>\nNUEVA HOLANDA | 5610 | 1982 a 1993,<br \/>\nNUEVA HOLANDA | 6610 | 1982 a 1993,<br \/>\nNUEVA HOLANDA | 7610 | 1982 a 1992,<br \/>\nNUEVA HOLANDA | 7710 | 1982 a 1990,<br \/>\nNUEVA HOLANDA | 7810 | 1980 a 1990,<br \/>\nNUEVA HOLANDA | 8210 | De 1985 a 1991,<br \/>\nNUEVA HOLANDA | 8530 | 1990 a 1993,<br \/>\nNUEVA HOLANDA | 8630 | 1990 a 1993,<br \/>\nNUEVA HOLANDA | 8730 | 1990 a 1993,<br \/>\nNUEVA HOLANDA | 8830 | 1990 a 1993,<br \/>\nNUEVA HOLANDA | 9030 | 1990 a 1997,<br \/>\nNUEVA HOLANDA | 230A | 1981 a 1983,<br \/>\nNUEVA HOLANDA | 250C | De 1989 a 1994,<br \/>\nNUEVA HOLANDA | 345C | 1988 a 1992,<br \/>\nNUEVA HOLANDA | 345D | 1992 a 2000,<br \/>\nNUEVA HOLANDA | 445A | 1985 a 1988,<br \/>\nNUEVA HOLANDA | 445C | De 1989 a 1992,<br \/>\nNUEVA HOLANDA | 445D | 1992 a 2000,<br \/>\nNUEVA HOLANDA | 455C | 1988 a 1993,<br \/>\nNUEVA HOLANDA | 455D | 1992 a 1996,<br \/>\nNUEVA HOLANDA | 530A | 1981 a 1983,<br \/>\nNUEVA HOLANDA | L781 | 1984 a 1993,<br \/>\nNUEVA HOLANDA | L783 | 1988 a 1995,<br \/>\nNUEVA HOLANDA | L785 | 1984 a 1994<\/p>\n<div><strong>ATENCI\u00d3N:<\/strong><\/div>\n<div>Recomendamos que la instalaci\u00f3n del producto sea realizada por un profesional capacitado y especializado.<\/div>\n<div>Somente realize a compra deste produto com a certeza que ele seja compat\u00edvel com seu ve\u00edculo, caso tenha d\u00favidas, n\u00e3o hesite em nos procurar. Nuestro horario de apertura es de lunes a viernes de 8 a 18 h.<\/div>\n<div><\/div>\n<div><strong>SOBRE NOSOTROS:<\/strong><\/div>\n<div>COM Automotive est\u00e1 especializada en piezas de autom\u00f3vil de dise\u00f1o original para el sector de la reparaci\u00f3n posventa, clientes industriales y fabricantes de veh\u00edculos especiales OEM.<\/div>\n<div>Nuestro equipo tiene m\u00e1s de 28 a\u00f1os de experiencia en la fabricaci\u00f3n y el suministro de piezas de automoci\u00f3n a escala mundial.<\/div>\n<div>Nuestra <strong>MISI\u00d3N <\/strong> es ofrecer productos de dise\u00f1o original con una calidad impecable y una sustituci\u00f3n personalizada.<\/div>\n<div>Nuestra <strong>VISI\u00d3N<\/strong> es promover el crecimiento y un valor inigualable para nuestros clientes.<\/div>\n<div><\/div>\n<div><strong>DISE\u00d1O ORIGINAL<\/strong><\/div>\n<div>El t\u00e9rmino \u00abDise\u00f1o Original\u00bb se refiere a la percepci\u00f3n \u00fanica e innovadora y a la propuesta de valor de los productos de COM Automotive, as\u00ed como a la experiencia ofrecida durante su compra. Esto abarca no solo el empaque y la est\u00e9tica del producto, sino tambi\u00e9n la autenticidad y creatividad de la marca.  COM Automotive busca ofrecer productos de alta calidad que satisfagan las necesidades de la industria del mercado de repuestos, aline\u00e1ndose con su Visi\u00f3n, Misi\u00f3n y Valores.<\/div>\n<div><\/div>\n<div><strong>NOTAR:<\/strong><\/div>\n<div>C\u00f3digo de Protecci\u00f3n al Consumidor (CDC): La Ley N\u00b0 8.078, de 11 de septiembre de 1990, establece que la informaci\u00f3n proporcionada al consumidor debe ser clara y precisa. El art\u00edculo 31 del CDC exige que la publicidad y el etiquetado de los productos y servicios sean veraces y no induzcan a error al consumidor.  Esto incluye asegurarse de que la informaci\u00f3n sobre la compatibilidad, la marca y las caracter\u00edsticas se describa correctamente para evitar malentendidos. El uso del t\u00e9rmino &#8216;compatible&#8217; tambi\u00e9n est\u00e1 regulado por los grandes mercados del mercado para la catalogaci\u00f3n adecuada de productos y la aplicaci\u00f3n automotriz.<\/div>\n","protected":false},"excerpt":{"rendered":"<p>6000.S346-COM. Compatible con: 16608N, 100300, 11216608, APS16608, DXS562, LXS9303, S180299, S180300, S180300A, S180300B, S180300C, S180300D, S180300E, S180300F, S180300G, S180300H, S180300M, S180301, S180301E, 8016608, CST25102AS, CST25102GS, K308650, K919752, C6NF11000A, C7NN11000A  , C7NN11000B, D0NN11000A, D0NN11000B, D4NN11000B, D8NN11000CA, D8NN11000CB, D8NN11000CD, D8NN11000CE, D8NN11000CER, E9NN11000AA, E9NN11000AAR, C6NFA, C7NNA, C7NNA, C7NNB, D0NNA, D0NNB, D4NNB, D8NNCA, D8NNCB, D8NNCE, 8EA726026001, S6131,  S6162, IS0579, AZJ3182, SR400X, MS346, 16608N-2202776000S346.  Marca: COM Automotive &#8211; Producto con calidad y dise\u00f1o originales.<\/p>\n","protected":false},"featured_media":28145,"comment_status":"open","ping_status":"closed","template":"","meta":[],"product_brand":[],"product_cat":[8119],"product_tag":[],"class_list":{"0":"post-30990","1":"product","2":"type-product","3":"status-publish","4":"has-post-thumbnail","6":"product_cat-motor-de-arranque","8":"first","9":"instock","10":"taxable","11":"shipping-taxable","12":"purchasable","13":"product-type-simple"},"_links":{"self":[{"href":"https:\/\/com-automotive.com\/es\/wp-json\/wp\/v2\/product\/30990","targetHints":{"allow":["GET"]}}],"collection":[{"href":"https:\/\/com-automotive.com\/es\/wp-json\/wp\/v2\/product"}],"about":[{"href":"https:\/\/com-automotive.com\/es\/wp-json\/wp\/v2\/types\/product"}],"replies":[{"embeddable":true,"href":"https:\/\/com-automotive.com\/es\/wp-json\/wp\/v2\/comments?post=30990"}],"wp:featuredmedia":[{"embeddable":true,"href":"https:\/\/com-automotive.com\/es\/wp-json\/wp\/v2\/media\/28145"}],"wp:attachment":[{"href":"https:\/\/com-automotive.com\/es\/wp-json\/wp\/v2\/media?parent=30990"}],"wp:term":[{"taxonomy":"product_brand","embeddable":true,"href":"https:\/\/com-automotive.com\/es\/wp-json\/wp\/v2\/product_brand?post=30990"},{"taxonomy":"product_cat","embeddable":true,"href":"https:\/\/com-automotive.com\/es\/wp-json\/wp\/v2\/product_cat?post=30990"},{"taxonomy":"product_tag","embeddable":true,"href":"https:\/\/com-automotive.com\/es\/wp-json\/wp\/v2\/product_tag?post=30990"}],"curies":[{"name":"wp","href":"https:\/\/api.w.org\/{rel}","templated":true}]}}