{"id":30977,"date":"2026-01-17T11:21:47","date_gmt":"2026-01-17T14:21:47","guid":{"rendered":"https:\/\/com-automotive.com\/alternador-12v-135a-34si-compatible-10459285-para-cummins-mack-volvo\/"},"modified":"2026-01-17T11:21:47","modified_gmt":"2026-01-17T14:21:47","slug":"alternador-12v-135a-34si-compatible-10459285-para-cummins-mack-volvo","status":"publish","type":"product","link":"https:\/\/com-automotive.com\/es\/alternador-12v-135a-34si-compatible-10459285-para-cummins-mack-volvo\/","title":{"rendered":"Alternador 12V 135A 34SI compatible 10459285 para Cummins Mack Volvo<span class=\"product-sku\" style=\"display: block; font-size: 0.85em; color: #777; margin-top: 5px; margin-bottom: 5px;\">SKU: 8000.9285-COM<\/span>"},"content":{"rendered":"<h1><strong>COM-AUTOMOTIVE, producto con Calidad y Dise\u00f1o Original.<\/strong><\/h1>\n<p>Alternador 12V 135A 34SI compatible 10459285 para Cummins Mack Volvo<\/p>\n<h2>Preguntas m\u00e1s frecuentes<\/h2>\n<h3><strong>\u00bfCu\u00e1les son las referencias cruzadas?<\/strong><\/h3>\n<p>8096N, 3048096, APS8096, 19011177, DXA9123, A2404053, 3675219RX, 10459278, 10459285, 19011177, 19011216, , 8096N, 80009285<\/p>\n<h2><strong>Tabla de aplicaci\u00f3n<\/strong><\/h2>\n<p>WESTERN STAR | 6900XD | 2005-2008 | -,<br \/>\nWESTERN STAR | 6900 | 2001-2001 | -,<br \/>\nWESTERN STAR | 4900SA | 2002-2010 | -,<br \/>\nWESTERN STAR | 4900FA | 2002-2010 | -,<br \/>\nWESTERN STAR | 4900EX | 2002-2010 | -,<br \/>\nWESTERN STAR | 3800 | 1999-1999 | -,<br \/>\nVOLVO | WX | 2004-2004 | -,<br \/>\nVOLVO | VHD | 2004-2005 | -,<br \/>\nSTERLING | ST9500 | 1999-2003 | -,<br \/>\nSTERLING | LT9522 | 1999-2000 | -,<br \/>\nSTERLING | LT9513 | 1999-2001 | -,<br \/>\nSTERLING | LT9511 | 1999-2000 | -,<br \/>\nSTERLING | LT9501 | 1999-2000 | -,<br \/>\nSTERLING | LT9500 | 1999-2008 | -,<br \/>\nSTERLING | LT8500 | 2004-2008 | -,<br \/>\nSTERLING | LT7500 | 2004-2008 | -,<br \/>\nSTERLING | L9513 | 1999-2000 | -,<br \/>\nSTERLING | L9511 | 1999-2001 | -,<br \/>\nSTERLING | L9500 | 1999-2010 | -,<br \/>\nSTERLING | L8500 | 2004-2010 | -,<br \/>\nSTERLING | L7500 | 2004-2007 | -,<br \/>\nSTERLING | C\u00d3NDOR | 2001-2007 | -,<br \/>\nSTERLING | TRANSPORTADOR DE COCHES | 2009-2009 | -,<br \/>\nSTERLING | AT9522 | 1999-2000 | -,<br \/>\nSTERLING | AT9513 | 1999-2001 | -,<br \/>\nSTERLING | AT9500 | 1999-2007 | -,<br \/>\nSTERLING | ACTERRA 7500 | 2004-2005 | -,<br \/>\nSTERLING | ACTERRA 6500 | 2004-2005 | -,<br \/>\nSTERLING | ACTERRA 5500 | 2004-2005 | -,<br \/>\nSTERLING | ACTERRA | 2004-2006 | -,<br \/>\nSTERLING | A9522 | 1999-1999 | -,<br \/>\nSTERLING | A9513 | 1999-2000 | -,<br \/>\nSTERLING | A9500 | 1999-2007 | -,<br \/>\nPETERBILT | SERIE 389 | 2004-2008 | -,<br \/>\nPETERBILT | 388 | 2008-2010 | -,<br \/>\nPETERBILT | MODELOS 387 | 2000-2008 | -,<br \/>\nPETERBILT | SERIE 386 | 2006-2008 | -,<br \/>\nPETERBILT | MODELOS 385 | 2001-2008 | -,<br \/>\nPETERBILT | 384 | 2008-2010 | -,<br \/>\nPETERBILT | 379 MODELOS | 1999-2008 | -,<br \/>\nPETERBILT | 379 | 2000-2007 | -,<br \/>\nPETERBILT | MODELOS 378 | 1999-2008 | -,<br \/>\nPETERBILT | MODELOS 377 | 1999-2001 | -,<br \/>\nPETERBILT | SERIE 375 | 1999-1999 | -,<br \/>\nPETERBILT | 367 | 2008-2010 | -,<br \/>\nPETERBILT | 365 | 2008-2010 | -,<br \/>\nPETERBILT | MODELOS 362 | 1999-1999 | -,<br \/>\nPETERBILT | 362 | 2000-2006 | -,<br \/>\nPETERBILT | SERIE 359 | 2001-2008 | -,<br \/>\nPETERBILT | 357 | 2000-2008 | -,<br \/>\nPETERBILT | 340 | 2007-2008 | -,<br \/>\nPETERBILT | 335 | 2005-2007 | -,<br \/>\nPETERBILT | 330 | 2003-2007 | -,<br \/>\nPETERBILT | 320 | 2004-2010 | -,<br \/>\nPETERBILT | 220 | 2007-2007 | -,<br \/>\nOTTAWA | YT60T | 2004-2004 | -,<br \/>\nOTTAWA | YT50 | 2004-2005 | -,<br \/>\nMACK | RD | 2000-2007 | -,<br \/>\nMACK | SERIE RB | 1999-1999 | -,<br \/>\nMACK | RB | 2000-2007 | -,<br \/>\nMACK | MR SERIES | 1999-2007 | -,<br \/>\nMACK | MR | 2000-2007 | -,<br \/>\nMACK | LE | 2000-2010 | -,<br \/>\nMACK | SERIE DE GRANITO | 2002-2007 | -,<br \/>\nMACK | SERIE FDM | 1999-1999 | -,<br \/>\nMACK | CXN | 2004-2007 | -,<br \/>\nMACK | CX | 2000-2005 | -,<br \/>\nMACK | CV | 2001-2008 | -,<br \/>\nMACK | CT | 2005-2007 | -,<br \/>\nMACK | SERIE CL | 1999-2007 | -,<br \/>\nMACK | CHN | 2004-2007 | -,<br \/>\nMACK | SERIE CH | 1999-2007 | -,<br \/>\nMACK | CH | 2000-2003 | -,<br \/>\nKENWORTH | W900 | 1999-2010 | -,<br \/>\nKENWORTH | T800 | 1999-2010 | -,<br \/>\nKENWORTH | T660 | 2008-2010 | -,<br \/>\nKENWORTH | T600A | 1999-2008 | -,<br \/>\nKENWORTH | T370 | 2009-2010 | -,<br \/>\nKENWORTH | T300 | 2004-2008 | -,<br \/>\nKENWORTH | T2000 | 2002-2010 | -,<br \/>\nKENWORTH | K100E | 1999-2006 | -,<br \/>\nKENWORTH | C500 | 1999-2006 | -,<br \/>\nINTERNACIONAL | WORKSTAR 7600 | 2008-2010 | -,<br \/>\nINTERNACIONAL | RXT | 2005-2008 | -,<br \/>\nINTERNACIONAL | PROSTAR | 2008-2010 | -,<br \/>\nINTERNACIONAL | MXT | 2007-2009 | -,<br \/>\nINTERNACIONAL | LONESTAR | 2009-2010 | -,<br \/>\nINTERNACIONAL | CXT | 2006-2008 | -,<br \/>\nINTERNACIONAL | CF600 | 2005-2009 | -,<br \/>\nINTERNACIONAL | CF500 | 2005-2009 | -,<br \/>\nINTERNACIONAL | 9900IX SFA | 2001-2002 | -,<br \/>\nINTERNACIONAL | 9900IX | 2000-2009 | -,<br \/>\nINTERNACIONAL | 9900I SFA | 2001-2003 | -,<br \/>\nINTERNACIONAL | 9900I | 2000-2010 | -,<br \/>\nINTERNACIONAL | 9400I SBA | 2004-2010 | -,<br \/>\nINTERNACIONAL | 9200I SBA | 2000-2010 | -,<br \/>\nINTERNACIONAL | 9100I SBA | 2001-2003 | -,<br \/>\nINTERNACIONAL | 8600 SBA | 2004-2007 | -,<br \/>\nINTERNACIONAL | 8500 | 2004-2009 | -,<br \/>\nINTERNACIONAL | 7700 | 2005-2007 | -,<br \/>\nINTERNACIONAL | 7600 | 2004-2007 | -,<br \/>\nINTERNACIONAL | 7500 | 2003-2007 | -,<br \/>\nINTERNACIONAL | 7400 | 2004-2010 | -,<br \/>\nINTERNACIONAL | 5900I | 2004-2010 | -,<br \/>\nINTERNACIONAL | 5600I | 2004-2010 | -,<br \/>\nINTERNACIONAL | 5500I | 2004-2010 | -,<br \/>\nINTERNACIONAL | 5000-5900 | 2000-2007 | -,<br \/>\nINTERNACIONAL | 4400 | 2004-2008 | -,<br \/>\nINTERNACIONAL | 4200 | 2004-2010 | -,<br \/>\nINTERNACIONAL | 4100 SBA | 2006-2008 | -,<br \/>\nINTERNACIONAL | 4100 | 2006-2010 | -,<br \/>\nINTERNACIONAL | 4000-4900 | 2003-2007 | &#8211;<\/p>\n<div><strong>ATENCI\u00d3N:<\/strong><\/div>\n<div>Recomendamos que la instalaci\u00f3n del producto sea realizada por un profesional capacitado y especializado.<\/div>\n<div>Somente realize a compra deste produto com a certeza que ele seja compat\u00edvel com seu ve\u00edculo, caso tenha d\u00favidas, n\u00e3o hesite em nos procurar. Nuestro horario de apertura es de lunes a viernes de 8 a 18 h.<\/div>\n<div><\/div>\n<div><strong>SOBRE NOSOTROS:<\/strong><\/div>\n<div>COM Automotive est\u00e1 especializada en piezas de autom\u00f3vil de dise\u00f1o original para el sector de la reparaci\u00f3n posventa, clientes industriales y fabricantes de veh\u00edculos especiales OEM.<\/div>\n<div>Nuestro equipo tiene m\u00e1s de 28 a\u00f1os de experiencia en la fabricaci\u00f3n y el suministro de piezas de automoci\u00f3n a escala mundial.<\/div>\n<div>Nuestra <strong>MISI\u00d3N <\/strong> es ofrecer productos de dise\u00f1o original con una calidad impecable y una sustituci\u00f3n personalizada.<\/div>\n<div>Nuestra <strong>VISI\u00d3N<\/strong> es promover el crecimiento y un valor inigualable para nuestros clientes.<\/div>\n<div><\/div>\n<div><strong>DISE\u00d1O ORIGINAL<\/strong><\/div>\n<div>El t\u00e9rmino \u00abDise\u00f1o Original\u00bb se refiere a la percepci\u00f3n \u00fanica e innovadora y a la propuesta de valor de los productos de COM Automotive, as\u00ed como a la experiencia ofrecida durante su compra. Esto abarca no solo el empaque y la est\u00e9tica del producto, sino tambi\u00e9n la autenticidad y creatividad de la marca.  COM Automotive busca ofrecer productos de alta calidad que satisfagan las necesidades de la industria del mercado de repuestos, aline\u00e1ndose con su Visi\u00f3n, Misi\u00f3n y Valores.<\/div>\n<div><\/div>\n<div><strong>NOTAR:<\/strong><\/div>\n<div>C\u00f3digo de Protecci\u00f3n al Consumidor (CDC): La Ley N\u00b0 8.078, de 11 de septiembre de 1990, establece que la informaci\u00f3n proporcionada al consumidor debe ser clara y precisa. El art\u00edculo 31 del CDC exige que la publicidad y el etiquetado de los productos y servicios sean veraces y no induzcan a error al consumidor.  Esto incluye asegurarse de que la informaci\u00f3n sobre la compatibilidad, la marca y las caracter\u00edsticas se describa correctamente para evitar malentendidos. El uso del t\u00e9rmino &#8216;compatible&#8217; tambi\u00e9n est\u00e1 regulado por los grandes mercados del mercado para la catalogaci\u00f3n adecuada de productos y la aplicaci\u00f3n automotriz.<\/div>\n","protected":false},"excerpt":{"rendered":"<p>8000.9285-COM. Compatible con: 8096N, 3048096, APS8096, 19011177, DXA9123, A2404053, 3675219RX, 10459278, 10459285, 19011177, 19011216, 8096N, 80009285.  Marca: COM Automotive &#8211; Producto con calidad y dise\u00f1o originales.<\/p>\n","protected":false},"featured_media":28219,"comment_status":"open","ping_status":"closed","template":"","meta":[],"product_brand":[],"product_cat":[8109],"product_tag":[42956],"class_list":{"0":"post-30977","1":"product","2":"type-product","3":"status-publish","4":"has-post-thumbnail","6":"product_cat-alternador-es-2","7":"product_tag-8096n-3048096-aps8096-19011177-dxa9123-a2404053-3675219rx-10459278-10459285-19011177-19011216-8096n-80009285-8000-9285-com","9":"first","10":"instock","11":"taxable","12":"shipping-taxable","13":"purchasable","14":"product-type-simple"},"_links":{"self":[{"href":"https:\/\/com-automotive.com\/es\/wp-json\/wp\/v2\/product\/30977","targetHints":{"allow":["GET"]}}],"collection":[{"href":"https:\/\/com-automotive.com\/es\/wp-json\/wp\/v2\/product"}],"about":[{"href":"https:\/\/com-automotive.com\/es\/wp-json\/wp\/v2\/types\/product"}],"replies":[{"embeddable":true,"href":"https:\/\/com-automotive.com\/es\/wp-json\/wp\/v2\/comments?post=30977"}],"wp:featuredmedia":[{"embeddable":true,"href":"https:\/\/com-automotive.com\/es\/wp-json\/wp\/v2\/media\/28219"}],"wp:attachment":[{"href":"https:\/\/com-automotive.com\/es\/wp-json\/wp\/v2\/media?parent=30977"}],"wp:term":[{"taxonomy":"product_brand","embeddable":true,"href":"https:\/\/com-automotive.com\/es\/wp-json\/wp\/v2\/product_brand?post=30977"},{"taxonomy":"product_cat","embeddable":true,"href":"https:\/\/com-automotive.com\/es\/wp-json\/wp\/v2\/product_cat?post=30977"},{"taxonomy":"product_tag","embeddable":true,"href":"https:\/\/com-automotive.com\/es\/wp-json\/wp\/v2\/product_tag?post=30977"}],"curies":[{"name":"wp","href":"https:\/\/api.w.org\/{rel}","templated":true}]}}