{"id":30947,"date":"2026-01-17T11:20:20","date_gmt":"2026-01-17T14:20:20","guid":{"rendered":"https:\/\/com-automotive.com\/alternador-12v-130a-compatible-con-7768n-para-ford-explorer-ano-9201\/"},"modified":"2026-01-17T11:20:20","modified_gmt":"2026-01-17T14:20:20","slug":"alternador-12v-130a-compatible-con-7768n-para-ford-explorer-ano-9201","status":"publish","type":"product","link":"https:\/\/com-automotive.com\/es\/alternador-12v-130a-compatible-con-7768n-para-ford-explorer-ano-9201\/","title":{"rendered":"Alternador 12V 130A compatible con 7768N para Ford Explorer A\u00f1o 92&gt;01<span class=\"product-sku\" style=\"display: block; font-size: 0.85em; color: #777; margin-top: 5px; margin-bottom: 5px;\">SKU: 8000.768N-COM<\/span>"},"content":{"rendered":"<h1><strong>COM-AUTOMOTIVE, producto con Calidad y Dise\u00f1o Original.<\/strong><\/h1>\n<p>Alternador 12V 130A compatible con 7768N para Ford Explorer A\u00f1o 92&gt;01<\/p>\n<h2>Preguntas m\u00e1s frecuentes<\/h2>\n<h3><strong>\u00bfCu\u00e1les son las referencias cruzadas?<\/strong><\/h3>\n<p>7768N, F2UU10300EA, F2PU10346GA, F2UU10346DA, F2UZ10346C, F6UU10300AA, F6PZ10346HA, &#8216;AL7526X, 7768N, 8000768N<\/p>\n<h2><strong>Tabla de aplicaci\u00f3n<\/strong><\/h2>\n<p>FORD | RANGER | 1996-2001 | 6CIL 4.0L,<br \/>\nFORD | RANGER | 2006-2008 | 6CIL 3.0L,<br \/>\nFORD | F59 | 1992-1997 | 8CIL 7,3L,<br \/>\nFORD | F-350 | 1992-1997 | 8CIL 7,3L,<br \/>\nFORD | F-250 | 1992-1997 | 8CIL 7,3L,<br \/>\nFORD | PATRIMONIO F-150 | 2004-2004 | 6CIL 4,2L,<br \/>\nFORD | F-150 | 1997-2003 | 6CIL 4,2L,<br \/>\nFORD | F SUPERDUTY | 1992-1997 | 8CIL 7,3L,<br \/>\nFORD | EXPLORER | 1993-2000 | 6CIL 4.0L,<br \/>\nFORD | ECONOLINE SUPER DUTY | 1996-1999 | 8CIL 7,3L,<br \/>\nFORD | ECONOLINE SUPER DUTY | 1996-1996 | 8CIL 5,8L,<br \/>\nFORD | E-550 SUPER DUTY | 2003-2003 | 8CIL 7,3L,<br \/>\nFORD | E-550 ECONOLINE SUPER DUTY | 2002-2002 | 8CIL 7,3L,<br \/>\nFORD | E-450 SUPER DUTY CHASIS DESNUDO | 2003-2003 | 8CIL 7,3L,<br \/>\nFORD | E-450 SUPER DUTY | 2003-2003 | 8CIL 7,3L,<br \/>\nFORD | E-450 ECONOLINE SUPER DUTY | 2000-2002 | 8CIL 7,3L,<br \/>\nFORD | E-350 FAMILIAR CLUB ECONOLINE | 1992-2002 | 8CIL 7,3L,<br \/>\nFORD | E-350 FAMILIAR CLUB ECONOLINE | 1993-1996 | 8CIL 5,8L,<br \/>\nFORD | E-350 ECONOLINE | 1992-2002 | 8CIL 7,3L,<br \/>\nFORD | E-350 ECONOLINE | 1993-1996 | 8CIL 5,8L,<br \/>\nFORD | FAMILIAR CLUB E-350 | 2003-2003 | 8CIL 7,3L,<br \/>\nFORD | E-350 | 2003-2003 | 8CIL 7,3L,<br \/>\nFORD | E-250 ECONOLINA | 1993-1996 | 8CIL 5,8L,<br \/>\nFORD | E-250 ECONOLINA | 1997-2002 | 6CIL 4,2L,<br \/>\nFORD | E-250 | 2003-2003 | 6CIL 4,2L,<br \/>\nFORD | E-150 FAMILIAR CLUB ECONOLINE | 1993-1996 | 8CIL 5,8L,<br \/>\nFORD | E-150 FAMILIAR CLUB ECONOLINE | 1993-1996 | 8CIL 5.0L,<br \/>\nFORD | E-150 FAMILIAR CLUB ECONOLINE | 1997-2002 | 6CIL 4,2L,<br \/>\nFORD | E-150 ECONOLINE | 1993-1996 | 8CIL 5,8L,<br \/>\nFORD | E-150 ECONOLINE | 1993-1996 | 8CIL 5.0L,<br \/>\nFORD | E-150 ECONOLINE | 1997-2002 | 6CIL 4,2L,<br \/>\nFORD | FAMILIAR CLUB E-150 | 2003-2003 | 6CIL 4,2L,<br \/>\nFORD | E-150 | 2003-2003 | 6CIL 4.2L<\/p>\n<div><strong>ATENCI\u00d3N:<\/strong><\/div>\n<div>Recomendamos que la instalaci\u00f3n del producto sea realizada por un profesional capacitado y especializado.<\/div>\n<div>Somente realize a compra deste produto com a certeza que ele seja compat\u00edvel com seu ve\u00edculo, caso tenha d\u00favidas, n\u00e3o hesite em nos procurar. Nuestro horario de apertura es de lunes a viernes de 8 a 18 h.<\/div>\n<div><\/div>\n<div><strong>SOBRE NOSOTROS:<\/strong><\/div>\n<div>COM Automotive est\u00e1 especializada en piezas de autom\u00f3vil de dise\u00f1o original para el sector de la reparaci\u00f3n posventa, clientes industriales y fabricantes de veh\u00edculos especiales OEM.<\/div>\n<div>Nuestro equipo tiene m\u00e1s de 28 a\u00f1os de experiencia en la fabricaci\u00f3n y el suministro de piezas de automoci\u00f3n a escala mundial.<\/div>\n<div>Nuestra <strong>MISI\u00d3N <\/strong> es ofrecer productos de dise\u00f1o original con una calidad impecable y una sustituci\u00f3n personalizada.<\/div>\n<div>Nuestra <strong>VISI\u00d3N<\/strong> es promover el crecimiento y un valor inigualable para nuestros clientes.<\/div>\n<div><\/div>\n<div><strong>DISE\u00d1O ORIGINAL<\/strong><\/div>\n<div>El t\u00e9rmino \u00abDise\u00f1o Original\u00bb se refiere a la percepci\u00f3n \u00fanica e innovadora y a la propuesta de valor de los productos de COM Automotive, as\u00ed como a la experiencia ofrecida durante su compra. Esto abarca no solo el empaque y la est\u00e9tica del producto, sino tambi\u00e9n la autenticidad y creatividad de la marca.  COM Automotive busca ofrecer productos de alta calidad que satisfagan las necesidades de la industria del mercado de repuestos, aline\u00e1ndose con su Visi\u00f3n, Misi\u00f3n y Valores.<\/div>\n<div><\/div>\n<div><strong>NOTAR:<\/strong><\/div>\n<div>C\u00f3digo de Protecci\u00f3n al Consumidor (CDC): La Ley N\u00b0 8.078, de 11 de septiembre de 1990, establece que la informaci\u00f3n proporcionada al consumidor debe ser clara y precisa. El art\u00edculo 31 del CDC exige que la publicidad y el etiquetado de los productos y servicios sean veraces y no induzcan a error al consumidor.  Esto incluye asegurarse de que la informaci\u00f3n sobre la compatibilidad, la marca y las caracter\u00edsticas se describa correctamente para evitar malentendidos. El uso del t\u00e9rmino &#8216;compatible&#8217; tambi\u00e9n est\u00e1 regulado por los grandes mercados del mercado para la catalogaci\u00f3n adecuada de productos y la aplicaci\u00f3n automotriz.<\/div>\n","protected":false},"excerpt":{"rendered":"<p>8000.768N-COM. Compatible con: 7768N, F2UU10300EA, F2PU10346GA, F2UU10346DA, F2UZ10346C, F6UU10300AA, F6PZ10346HA, &#8216;AL7526X, 7768N, 8000768N.  Marca: COM Automotive &#8211; Producto con calidad y dise\u00f1o originales.<\/p>\n","protected":false},"featured_media":28339,"comment_status":"open","ping_status":"closed","template":"","meta":[],"product_brand":[],"product_cat":[8109],"product_tag":[42908],"class_list":{"0":"post-30947","1":"product","2":"type-product","3":"status-publish","4":"has-post-thumbnail","6":"product_cat-alternador-es-2","7":"product_tag-7768n-f2uu10300ea-f2pu10346ga-f2uu10346da-f2uz10346c-f6uu10300aa-f6pz10346ha-al7526x-7768n-8000768n-8000-768n-com","9":"first","10":"instock","11":"taxable","12":"shipping-taxable","13":"purchasable","14":"product-type-simple"},"_links":{"self":[{"href":"https:\/\/com-automotive.com\/es\/wp-json\/wp\/v2\/product\/30947","targetHints":{"allow":["GET"]}}],"collection":[{"href":"https:\/\/com-automotive.com\/es\/wp-json\/wp\/v2\/product"}],"about":[{"href":"https:\/\/com-automotive.com\/es\/wp-json\/wp\/v2\/types\/product"}],"replies":[{"embeddable":true,"href":"https:\/\/com-automotive.com\/es\/wp-json\/wp\/v2\/comments?post=30947"}],"wp:featuredmedia":[{"embeddable":true,"href":"https:\/\/com-automotive.com\/es\/wp-json\/wp\/v2\/media\/28339"}],"wp:attachment":[{"href":"https:\/\/com-automotive.com\/es\/wp-json\/wp\/v2\/media?parent=30947"}],"wp:term":[{"taxonomy":"product_brand","embeddable":true,"href":"https:\/\/com-automotive.com\/es\/wp-json\/wp\/v2\/product_brand?post=30947"},{"taxonomy":"product_cat","embeddable":true,"href":"https:\/\/com-automotive.com\/es\/wp-json\/wp\/v2\/product_cat?post=30947"},{"taxonomy":"product_tag","embeddable":true,"href":"https:\/\/com-automotive.com\/es\/wp-json\/wp\/v2\/product_tag?post=30947"}],"curies":[{"name":"wp","href":"https:\/\/api.w.org\/{rel}","templated":true}]}}