{"id":30945,"date":"2026-01-17T11:20:01","date_gmt":"2026-01-17T14:20:01","guid":{"rendered":"https:\/\/com-automotive.com\/alternador-12v-130a-compatible-con-f2uu10300dc-para-furgoneta-ford-pick-up-anos-9197\/"},"modified":"2026-01-17T11:20:01","modified_gmt":"2026-01-17T14:20:01","slug":"alternador-12v-130a-compatible-con-f2uu10300dc-para-furgoneta-ford-pick-up-anos-9197","status":"publish","type":"product","link":"https:\/\/com-automotive.com\/es\/alternador-12v-130a-compatible-con-f2uu10300dc-para-furgoneta-ford-pick-up-anos-9197\/","title":{"rendered":"Alternador 12V 130A compatible con F2UU10300DC para furgoneta Ford Pick-up a\u00f1os 91&gt;97<span class=\"product-sku\" style=\"display: block; font-size: 0.85em; color: #777; margin-top: 5px; margin-bottom: 5px;\">SKU: 8000.00DC-COM<\/span>"},"content":{"rendered":"<h1><strong>COM-AUTOMOTIVE, producto con Calidad y Dise\u00f1o Original.<\/strong><\/h1>\n<p>Alternador 12V 130A compatible con F2UU10300DC para furgoneta Ford Pick-up a\u00f1os 91&gt;97<\/p>\n<h2>Preguntas m\u00e1s frecuentes<\/h2>\n<h3><strong>\u00bfCu\u00e1les son las referencias cruzadas?<\/strong><\/h3>\n<p>7761N, 77563NN, F2UU10300DC, F2UUDC, F2UZ10346B, F2UZ10346BRM, F6PZ10346XARM2, 2105220, 10463958, 7761N, 77563NN, 800000DC<\/p>\n<h2><strong>Tabla de aplicaci\u00f3n<\/strong><\/h2>\n<p>MERCURIO | SABLE | 1991-1992 | 6CIL 3.0L,<br \/>\nFORD | TAURO | 1991-1992 | 6CIL 3.0L,<br \/>\nFORD | F-350 | 1995-1995 | 8CIL 7,5L,<br \/>\nFORD | F-250 | 1995-1995 | 8CIL 7,5L,<br \/>\nFORD | E-350 FAMILIAR CLUB ECONOLINE | 1992-1995 | 8CIL 7,5L,<br \/>\nFORD | E-350 FAMILIAR CLUB ECONOLINE | 1992-1992 | 8CIL 7.3L DI\u00c9SEL,<br \/>\nFORD | E-350 FAMILIAR CLUB ECONOLINE | 1992-1992 | 8CIL 5,8L,<br \/>\nFORD | E-350 ECONOLINE | 1992-1995 | 8CIL 7,5L,<br \/>\nFORD | E-350 ECONOLINE | 1992-1992 | 8CIL 7.3L DI\u00c9SEL,<br \/>\nFORD | E-350 ECONOLINE | 1992-1992 | 8CIL 5,8L,<br \/>\nFORD | E-250 ECONOLINA | 1992-1992 | 8CIL 5,8L,<br \/>\nFORD | E-150 FAMILIAR CLUB ECONOLINE | 1992-1992 | 8CIL 5,8L,<br \/>\nFORD | E-150 ECONOLINE | 1992-1992 | 8CIL 5.8L<\/p>\n<div><strong>ATENCI\u00d3N:<\/strong><\/div>\n<div>Recomendamos que la instalaci\u00f3n del producto sea realizada por un profesional capacitado y especializado.<\/div>\n<div>Somente realize a compra deste produto com a certeza que ele seja compat\u00edvel com seu ve\u00edculo, caso tenha d\u00favidas, n\u00e3o hesite em nos procurar. Nuestro horario de apertura es de lunes a viernes de 8 a 18 h.<\/div>\n<div><\/div>\n<div><strong>SOBRE NOSOTROS:<\/strong><\/div>\n<div>COM Automotive est\u00e1 especializada en piezas de autom\u00f3vil de dise\u00f1o original para el sector de la reparaci\u00f3n posventa, clientes industriales y fabricantes de veh\u00edculos especiales OEM.<\/div>\n<div>Nuestro equipo tiene m\u00e1s de 28 a\u00f1os de experiencia en la fabricaci\u00f3n y el suministro de piezas de automoci\u00f3n a escala mundial.<\/div>\n<div>Nuestra <strong>MISI\u00d3N <\/strong> es ofrecer productos de dise\u00f1o original con una calidad impecable y una sustituci\u00f3n personalizada.<\/div>\n<div>Nuestra <strong>VISI\u00d3N<\/strong> es promover el crecimiento y un valor inigualable para nuestros clientes.<\/div>\n<div><\/div>\n<div><strong>DISE\u00d1O ORIGINAL<\/strong><\/div>\n<div>El t\u00e9rmino \u00abDise\u00f1o Original\u00bb se refiere a la percepci\u00f3n \u00fanica e innovadora y a la propuesta de valor de los productos de COM Automotive, as\u00ed como a la experiencia ofrecida durante su compra. Esto abarca no solo el empaque y la est\u00e9tica del producto, sino tambi\u00e9n la autenticidad y creatividad de la marca.  COM Automotive busca ofrecer productos de alta calidad que satisfagan las necesidades de la industria del mercado de repuestos, aline\u00e1ndose con su Visi\u00f3n, Misi\u00f3n y Valores.<\/div>\n<div><\/div>\n<div><strong>NOTAR:<\/strong><\/div>\n<div>C\u00f3digo de Protecci\u00f3n al Consumidor (CDC): La Ley N\u00b0 8.078, de 11 de septiembre de 1990, establece que la informaci\u00f3n proporcionada al consumidor debe ser clara y precisa. El art\u00edculo 31 del CDC exige que la publicidad y el etiquetado de los productos y servicios sean veraces y no induzcan a error al consumidor.  Esto incluye asegurarse de que la informaci\u00f3n sobre la compatibilidad, la marca y las caracter\u00edsticas se describa correctamente para evitar malentendidos. El uso del t\u00e9rmino &#8216;compatible&#8217; tambi\u00e9n est\u00e1 regulado por los grandes mercados del mercado para la catalogaci\u00f3n adecuada de productos y la aplicaci\u00f3n automotriz.<\/div>\n","protected":false},"excerpt":{"rendered":"<p>8000.00DC-COM. Compatible con: 7761N, 77563NN, F2UU10300DC, F2UUDC, F2UZ10346B, F2UZ10346BRM, F6PZ10346XARM2, 2105220, 10463958, 7761N, 77563NN, 800000DC.  Marca: COM Automotive &#8211; Producto con calidad y dise\u00f1o originales.<\/p>\n","protected":false},"featured_media":28415,"comment_status":"open","ping_status":"closed","template":"","meta":[],"product_brand":[],"product_cat":[8109],"product_tag":[42900],"class_list":{"0":"post-30945","1":"product","2":"type-product","3":"status-publish","4":"has-post-thumbnail","6":"product_cat-alternador-es-2","7":"product_tag-7761n-77563nn-f2uu10300dc-f2uudc-f2uz10346b-f2uz10346brm-f6pz10346xarm2-2105220-10463958-7761n-77563nn-800000dc-8000-00dc-com","9":"first","10":"instock","11":"taxable","12":"shipping-taxable","13":"purchasable","14":"product-type-simple"},"_links":{"self":[{"href":"https:\/\/com-automotive.com\/es\/wp-json\/wp\/v2\/product\/30945","targetHints":{"allow":["GET"]}}],"collection":[{"href":"https:\/\/com-automotive.com\/es\/wp-json\/wp\/v2\/product"}],"about":[{"href":"https:\/\/com-automotive.com\/es\/wp-json\/wp\/v2\/types\/product"}],"replies":[{"embeddable":true,"href":"https:\/\/com-automotive.com\/es\/wp-json\/wp\/v2\/comments?post=30945"}],"wp:featuredmedia":[{"embeddable":true,"href":"https:\/\/com-automotive.com\/es\/wp-json\/wp\/v2\/media\/28415"}],"wp:attachment":[{"href":"https:\/\/com-automotive.com\/es\/wp-json\/wp\/v2\/media?parent=30945"}],"wp:term":[{"taxonomy":"product_brand","embeddable":true,"href":"https:\/\/com-automotive.com\/es\/wp-json\/wp\/v2\/product_brand?post=30945"},{"taxonomy":"product_cat","embeddable":true,"href":"https:\/\/com-automotive.com\/es\/wp-json\/wp\/v2\/product_cat?post=30945"},{"taxonomy":"product_tag","embeddable":true,"href":"https:\/\/com-automotive.com\/es\/wp-json\/wp\/v2\/product_tag?post=30945"}],"curies":[{"name":"wp","href":"https:\/\/api.w.org\/{rel}","templated":true}]}}