{"id":30936,"date":"2026-01-17T11:19:24","date_gmt":"2026-01-17T14:19:24","guid":{"rendered":"https:\/\/com-automotive.com\/alternador-0120469569-compatible-24v-55a-para-caterpillar\/"},"modified":"2026-01-17T11:19:24","modified_gmt":"2026-01-17T14:19:24","slug":"alternador-0120469569-compatible-24v-55a-para-caterpillar","status":"publish","type":"product","link":"https:\/\/com-automotive.com\/es\/alternador-0120469569-compatible-24v-55a-para-caterpillar\/","title":{"rendered":"Alternador 0120469569 compatible 24V 55A para Caterpillar<span class=\"product-sku\" style=\"display: block; font-size: 0.85em; color: #777; margin-top: 5px; margin-bottom: 5px;\">SKU: 8000.9569-COM<\/span>"},"content":{"rendered":"<h1><strong>COM-AUTOMOTIVE, producto con Calidad y Dise\u00f1o Original.<\/strong><\/h1>\n<p>Alternador 0120469569 compatible 24V 55A para Caterpillar<\/p>\n<h2>Preguntas m\u00e1s frecuentes<\/h2>\n<h3><strong>\u00bfCu\u00e1les son las referencias cruzadas?<\/strong><\/h3>\n<p>12167N,354859,571505,1117252,&#8217;0120469569,0120469643,F042301022,12167N,80009569<\/p>\n<h2><strong>Tabla de aplicaci\u00f3n<\/strong><\/h2>\n<p>BARREIROS | 64 34 | 12,0L | De 1982 a 1983,<br \/>\nBARREIROS | 82 35 | 12,0L | De 1982 a 1983,<br \/>\nCATERPILLAR | 211B | 4,4L | 1984 a 1989,<br \/>\nCATERPILLAR | 212B | 4,4L | 1984 a 1991,<br \/>\nCATERPILLAR | 214B | 6,6L | 1988 a 2007,<br \/>\nCATERPILLAR | 214BFT | 6,6L | De 1989 a 1995,<br \/>\nCATERPILLAR | 224B | 6,6L | 1993 a 1998,<br \/>\nCATERPILLAR | 322 | 6,6L | 1993 a 2005,<br \/>\nCATERPILLAR | 322B | 6,6L | 1999 a 2002,<br \/>\nCATERPILLAR | 322BL | 6,6L | 1997 a 2002,<br \/>\nCATERPILLAR | 322BLN | 6,6L | De 1998 a 1998,<br \/>\nCATERPILLAR | 322C | 7,2L | 2001 a 2006,<br \/>\nCATERPILLAR | 322CL | 7,2L | 2001 a 2006,<br \/>\nCATERPILLAR | 322CLN | 7,2L | 2003 a 2005,<br \/>\nCATERPILLAR | 322FML | 6,6L | De 1998 a 1998,<br \/>\nCATERPILLAR | 322LN | 6,6L | De 1998 a 1998,<br \/>\nCATERPILLAR | 325 | 6,6L | 1993 a 1995,<br \/>\nCATERPILLAR | 325 L | 6,6L | 1991 a 1996,<br \/>\nCATERPILLAR | 325 LN | 6,6L | 1993 a 1998,<br \/>\nCATERPILLAR | 325B | 6,6L | 1996 a 2001,<br \/>\nCATERPILLAR | 325BL | 6,6L | 1996 a 2002,<br \/>\nCATERPILLAR | 325BLN | 6,6L | 1999 a 2000,<br \/>\nCATERPILLAR | 924GZ | 6.0L | De 2000 a 2006,<br \/>\nCATERPILLAR | CB534B | 4,41L | 1993 a 1995,<br \/>\nCATERPILLAR | CB534C | 4,41L | 1996 a 2002,<br \/>\nCATERPILLAR | CB544 | 4,41L | De 1998 a 2001,<br \/>\nCATERPILLAR | CB545 | 4,41L | 2000 a 2000,<br \/>\nCATERPILLAR | CP563E | 6.0L | 2003 a 2008,<br \/>\nCATERPILLAR | CP573E | 6.0L | 2003 a 2004,<br \/>\nCATERPILLAR | CP663E | 6.0L | 2006 a 2006,<br \/>\nCATERPILLAR | CS433C | 4,4L | 1992 a 2007,<br \/>\nCATERPILLAR | E110B | 4,4L | De 1989 a 1992,<br \/>\nCATERPILLAR | E120B | 4,4L | De 1989 a 1992,<br \/>\nCATERPILLAR | E200 | 6,6L | 1988 a 1992,<br \/>\nCATERPILLAR | E200B | 6,6L | 1988 a 1992,<br \/>\nCATERPILLAR | EL200B | 6,6L | De 1989 a 1994,<br \/>\nCATERPILLAR | EL240B | 6,6L | De 1989 a 1992,<br \/>\nCATERPILLAR | EL240C | 6,6L | De 1993 a 1993,<br \/>\nCATERPILLAR | IT28G | 6,6L | 1996 a 2005,<br \/>\nCATERPILLAR | IT38F | 6,6L | 1995 a 2013,<br \/>\nCATERPILLAR | IT38G | 7,2L | De 1998 a 2013,<br \/>\nCATERPILLAR | IT38G II | 7,2L | 2004 a 2008,<br \/>\nCATERPILLAR | M318 | 6,6L | 1995 a 2007,<br \/>\nCATERPILLAR | M320 | 6,6L | 1999 a 2002,<br \/>\nCATERPILLAR | M325B | 6,6L | De 1997 a 1997,<br \/>\nCATERPILLAR | PF300B | 4,4L | 1999 a 2002,<br \/>\nCATERPILLAR | PS200B | 4,4L | 1995 a 1997,<br \/>\nCATERPILLAR | PS300B | 4,4L | 1996 a 2004,<br \/>\nCATERPILLAR | PS500 | 10,4L | 1992 a 2001,<br \/>\nPEGASUS | 1135 | 10,2L | De 1980 a 1982,<br \/>\nPEGASUS | 1135 | 10,5L | De 1980 a 1982,<br \/>\nPEGASUS | 1180 | 10,5L | 1982 a 1982,<br \/>\nPEGASUS | 1184 | 12,0L | 1982 a 1982,<br \/>\nPEGASUS | 1187 | 12,0L | 1982 a 1982,<br \/>\nPEGASUS | 1214 | 7.0L | 1982 a 1982,<br \/>\nPEGASUS | 1216 | 6,6L | 1982 a 1984,<br \/>\nPEGASUS | 1217 | 10,2L | 1982 a 1982,<br \/>\nPEGASUS | 1223 | 10,5L | 1982 a 1989,<br \/>\nPEGASUS | 1228 | 12,0L | 1982 a 1984,<br \/>\nPEGASUS | 1231 | 12,0L | 1982 a 1984,<br \/>\nPEGASUS | 1331 | 12,0L | 1982 a 1982,<br \/>\nPEGASUS | 1431 | 12,0L | 1982 a 1985,<br \/>\nPEGASUS | 2182 | 12,0L | 1982 a 1982,<br \/>\nPEGASUS | 2323 | 10,5L | 1987 a 1989,<br \/>\nPEGASUS | 2323 | 11.0L | 1985 a 1987,<br \/>\nPEGASUS | 3180 | 10,5L | 1982 a 1982,<br \/>\nPEGASUS | 3188 | 12,0L | 1982 a 1982,<br \/>\nPEGASUS | 3540 | 10,5L | 1982 a 1989,<br \/>\nPEGASUS | 356 | 12,0L | 1982 a 1982,<br \/>\nPEGASUS | 356B | 12,0L | 1987 a 1987,<br \/>\nPEGASUS | 5031 | 10,5L | De 1982 a 1983,<br \/>\nPEGASUS | 5031 | 10,5L | 1985 a 1987,<br \/>\nPEGASUS | 5036 | 12,0L | De 1985 a 1985,<br \/>\nPEGASUS | 5063 | 6,6L | De 1976 a 1983,<br \/>\nPEGASUS | 5064 | 6,6L | 1976 a 1976,<br \/>\nPEGASUS | 5081 | 6,6L | 1982 a 1984,<br \/>\nPEGASUS | 5123 | 10,5L | 1987 a 1987,<br \/>\nPEGASUS | 5317 | 6,6L | De 1986 a 1986,<br \/>\nPEGASUS | 6046 | 10.0L | 1982 a 1984,<br \/>\nPEGASUS | 6046 | 10,5L | 1982 a 1985,<br \/>\nPEGASUS | 6100 | 12,0L | 1984 a 1984,<br \/>\nPEGASUS | COMANDO | 12,0L | 1982 a 1982,<br \/>\nPEGASUS | DESPACHADOR | 12,0L | 1982 a 1982,<br \/>\nPEGASUS | GALLARDO | 12,0L | 1982 a 1982,<br \/>\nPEGASUS | GTO | 12,0L | 1982 a 1982,<br \/>\nPEGASUS | MARK III | 10,2L | De 1985 a 1989,<br \/>\nPEGASUS | MARK IX | 10,5L | De 1980 a 1982,<br \/>\nPEGASUS | MARK X | 12,0L | 1977 a 1982,<br \/>\nPEGASUS | RX-4 | 6,5L | De 1980 a 1982,<br \/>\nPEGASUS | SILUETA | 6,5L | De 1980 a 1982,<br \/>\nPEGASUS | SUPERBIRD | 10,5L | 1982 a 1984<\/p>\n<div><strong>ATENCI\u00d3N:<\/strong><\/div>\n<div>Recomendamos que la instalaci\u00f3n del producto sea realizada por un profesional capacitado y especializado.<\/div>\n<div>Somente realize a compra deste produto com a certeza que ele seja compat\u00edvel com seu ve\u00edculo, caso tenha d\u00favidas, n\u00e3o hesite em nos procurar. Nuestro horario de apertura es de lunes a viernes de 8 a 18 h.<\/div>\n<div><\/div>\n<div><strong>SOBRE NOSOTROS:<\/strong><\/div>\n<div>COM Automotive est\u00e1 especializada en piezas de autom\u00f3vil de dise\u00f1o original para el sector de la reparaci\u00f3n posventa, clientes industriales y fabricantes de veh\u00edculos especiales OEM.<\/div>\n<div>Nuestro equipo tiene m\u00e1s de 28 a\u00f1os de experiencia en la fabricaci\u00f3n y el suministro de piezas de automoci\u00f3n a escala mundial.<\/div>\n<div>Nuestra <strong>MISI\u00d3N <\/strong> es ofrecer productos de dise\u00f1o original con una calidad impecable y una sustituci\u00f3n personalizada.<\/div>\n<div>Nuestra <strong>VISI\u00d3N<\/strong> es promover el crecimiento y un valor inigualable para nuestros clientes.<\/div>\n<div><\/div>\n<div><strong>DISE\u00d1O ORIGINAL<\/strong><\/div>\n<div>El t\u00e9rmino \u00abDise\u00f1o Original\u00bb se refiere a la percepci\u00f3n \u00fanica e innovadora y a la propuesta de valor de los productos de COM Automotive, as\u00ed como a la experiencia ofrecida durante su compra. Esto abarca no solo el empaque y la est\u00e9tica del producto, sino tambi\u00e9n la autenticidad y creatividad de la marca.  COM Automotive busca ofrecer productos de alta calidad que satisfagan las necesidades de la industria del mercado de repuestos, aline\u00e1ndose con su Visi\u00f3n, Misi\u00f3n y Valores.<\/div>\n<div><\/div>\n<div><strong>NOTAR:<\/strong><\/div>\n<div>C\u00f3digo de Protecci\u00f3n al Consumidor (CDC): La Ley N\u00b0 8.078, de 11 de septiembre de 1990, establece que la informaci\u00f3n proporcionada al consumidor debe ser clara y precisa. El art\u00edculo 31 del CDC exige que la publicidad y el etiquetado de los productos y servicios sean veraces y no induzcan a error al consumidor.  Esto incluye asegurarse de que la informaci\u00f3n sobre la compatibilidad, la marca y las caracter\u00edsticas se describa correctamente para evitar malentendidos. El uso del t\u00e9rmino &#8216;compatible&#8217; tambi\u00e9n est\u00e1 regulado por los grandes mercados del mercado para la catalogaci\u00f3n adecuada de productos y la aplicaci\u00f3n automotriz.<\/div>\n","protected":false},"excerpt":{"rendered":"<p>8000.9569-COM. Compatible con: 12167N, 354859, 571505, 1117252, &#8216;0120469569, 0120469643, F042301022, 12167N, 80009569.  Marca: COM Automotive &#8211; Producto con calidad y dise\u00f1o originales.<\/p>\n","protected":false},"featured_media":30690,"comment_status":"open","ping_status":"closed","template":"","meta":[],"product_brand":[],"product_cat":[8109],"product_tag":[42878,42879,42877,42874,42875,42876,42882,42881,42880],"class_list":{"0":"post-30936","1":"product","2":"type-product","3":"status-publish","4":"has-post-thumbnail","6":"product_cat-alternador-es-2","7":"product_tag-42878","8":"product_tag-42879","9":"product_tag-42877","10":"product_tag-12167n","11":"product_tag-42875","12":"product_tag-42876","13":"product_tag-8000-9569-com","14":"product_tag-42881","15":"product_tag-f042301022","17":"first","18":"instock","19":"taxable","20":"shipping-taxable","21":"purchasable","22":"product-type-simple"},"_links":{"self":[{"href":"https:\/\/com-automotive.com\/es\/wp-json\/wp\/v2\/product\/30936","targetHints":{"allow":["GET"]}}],"collection":[{"href":"https:\/\/com-automotive.com\/es\/wp-json\/wp\/v2\/product"}],"about":[{"href":"https:\/\/com-automotive.com\/es\/wp-json\/wp\/v2\/types\/product"}],"replies":[{"embeddable":true,"href":"https:\/\/com-automotive.com\/es\/wp-json\/wp\/v2\/comments?post=30936"}],"wp:featuredmedia":[{"embeddable":true,"href":"https:\/\/com-automotive.com\/es\/wp-json\/wp\/v2\/media\/30690"}],"wp:attachment":[{"href":"https:\/\/com-automotive.com\/es\/wp-json\/wp\/v2\/media?parent=30936"}],"wp:term":[{"taxonomy":"product_brand","embeddable":true,"href":"https:\/\/com-automotive.com\/es\/wp-json\/wp\/v2\/product_brand?post=30936"},{"taxonomy":"product_cat","embeddable":true,"href":"https:\/\/com-automotive.com\/es\/wp-json\/wp\/v2\/product_cat?post=30936"},{"taxonomy":"product_tag","embeddable":true,"href":"https:\/\/com-automotive.com\/es\/wp-json\/wp\/v2\/product_tag?post=30936"}],"curies":[{"name":"wp","href":"https:\/\/api.w.org\/{rel}","templated":true}]}}