{"id":30932,"date":"2026-01-17T11:19:34","date_gmt":"2026-01-17T14:19:34","guid":{"rendered":"https:\/\/com-automotive.com\/alternador-12v-70a-compatible-con-aak1344-para-massey-newholland-ano-8400\/"},"modified":"2026-01-17T11:19:34","modified_gmt":"2026-01-17T14:19:34","slug":"alternador-12v-70a-compatible-con-aak1344-para-massey-newholland-ano-8400","status":"publish","type":"product","link":"https:\/\/com-automotive.com\/es\/alternador-12v-70a-compatible-con-aak1344-para-massey-newholland-ano-8400\/","title":{"rendered":"Alternador 12V 70A compatible con AAK1344 para Massey NewHolland a\u00f1o 84&gt;00<span class=\"product-sku\" style=\"display: block; font-size: 0.85em; color: #777; margin-top: 5px; margin-bottom: 5px;\">SKU: 8000.1344-COM<\/span>"},"content":{"rendered":"<h1><strong>COM-AUTOMOTIVE, producto con Calidad y Dise\u00f1o Original.<\/strong><\/h1>\n<p>Alternador 12V 70A compatible con AAK1344 para Massey NewHolland a\u00f1o 84&gt;00<\/p>\n<h2>Preguntas m\u00e1s frecuentes<\/h2>\n<h3><strong>\u00bfCu\u00e1les son las referencias cruzadas?<\/strong><\/h3>\n<p>12091N, E7NN10B376AA, E7NN10B376BB, AAK1344, AAK1344, 66021605, 12091N, 80001344<\/p>\n<h2><strong>Tabla de aplicaci\u00f3n<\/strong><\/h2>\n<p>FORD | 3230 | 3-192 DI\u00c9SEL | 1990-1994,<br \/>\nFORD | 3430 | 3-192 DI\u00c9SEL | 1990-1998,<br \/>\nFORD | 3930 | 3-201 DI\u00c9SEL | 1990-1999,<br \/>\nFORD | 4630 | 3-201 DI\u00c9SEL | 1990-1999,<br \/>\nFORD | 4830 | 3-201 DI\u00c9SEL | 1990-1994,<br \/>\nFORD | 5030 | 4-256 DI\u00c9SEL | 1992-1998,<br \/>\nFORD | 5110 | 1984-1991,<br \/>\nFORD | 5610 | 4-256 DI\u00c9SEL | 1986-1992,<br \/>\nFORD | 6610 | 4-268 DI\u00c9SEL | 1986-1992,<br \/>\nFORD | 7610 | 4-268 DI\u00c9SEL | 1987-1991,<br \/>\nFORD | 7710 | 4-268 DI\u00c9SEL | 1986-1987,<br \/>\nFORD | 345C | DI\u00c9SEL 3CYL | 1991-1992,<br \/>\nFORD | 345D | DI\u00c9SEL 3CYL | 1992-1998,<br \/>\nFORD | 445C | 3-183 DI\u00c9SEL | 1991-1992,<br \/>\nFORD | 445D | 3-183 DI\u00c9SEL | 1992-1998,<br \/>\nFORD | 455D | 3-201 DI\u00c9SEL | 1992-1997,<br \/>\nFORD | 545D | DI\u00c9SEL 3CYL | 1992-1998,<br \/>\nFORD | 555C | 4-256 DI\u00c9SEL | 1989-1992,<br \/>\nFORD | 555D | 4-256 DI\u00c9SEL | 1992-1997,<br \/>\nFORD | 575D | 4-256 DI\u00c9SEL | 1992-1997,<br \/>\nFORD | 655C | 4-268 DI\u00c9SEL | 1989-1992,<br \/>\nFORD | 655D | 4-268 DI\u00c9SEL | 1992-1997,<br \/>\nFORD | 675D | 4-268 DI\u00c9SEL | 1992-1997,<br \/>\nMASSEY FERGUSON | MF-383 | PERKINS 4-248 DI\u00c9SEL | 1990-1998,<br \/>\nNUEVA HOLANDA INDUSTRIAL | 3230 | 3-192 FORD DI\u00c9SEL | 1990-1993,<br \/>\nNUEVA HOLANDA INDUSTRIAL | 3430 | 3-192 FORD DI\u00c9SEL | 1990-1998,<br \/>\nNUEVA HOLANDA INDUSTRIAL | 3930 | 3-192 FORD DI\u00c9SEL | 1990-1999,<br \/>\nNUEVA HOLANDA INDUSTRIAL | 4130 | 3-201 FORD DI\u00c9SEL | 1990-1999,<br \/>\nNUEVA HOLANDA INDUSTRIAL | 4630 | 3-192 FORD DI\u00c9SEL | 1990-1999,<br \/>\nNUEVA HOLANDA INDUSTRIAL | 4830 | 3-201 FORD DI\u00c9SEL | 1990-1994,<br \/>\nNUEVA HOLANDA INDUSTRIAL | 5030 | 4-256 FORD DI\u00c9SEL | 1992-1998,<br \/>\nNUEVA HOLANDA INDUSTRIAL | 5110 | 1984-1991,<br \/>\nNUEVA HOLANDA INDUSTRIAL | 6610 | 4-268 FORD DI\u00c9SEL | 1987-1993,<br \/>\nNUEVA HOLANDA INDUSTRIAL | 250C | DI\u00c9SEL 3CYL | 1989-1994,<br \/>\nNUEVA HOLANDA INDUSTRIAL | 345C | DI\u00c9SEL 3CYL | 1988-1992,<br \/>\nNUEVA HOLANDA INDUSTRIAL | 345D | DI\u00c9SEL 3CYL | 1992-2000,<br \/>\nNUEVA HOLANDA INDUSTRIAL | 445C | DI\u00c9SEL 3CYL | 1989-1992,<br \/>\nNUEVA HOLANDA INDUSTRIAL | 445D | DI\u00c9SEL 3CYL | 1992-2000<\/p>\n<div><strong>ATENCI\u00d3N:<\/strong><\/div>\n<div>Recomendamos que la instalaci\u00f3n del producto sea realizada por un profesional capacitado y especializado.<\/div>\n<div>Somente realize a compra deste produto com a certeza que ele seja compat\u00edvel com seu ve\u00edculo, caso tenha d\u00favidas, n\u00e3o hesite em nos procurar. Nuestro horario de apertura es de lunes a viernes de 8 a 18 h.<\/div>\n<div><\/div>\n<div><strong>SOBRE NOSOTROS:<\/strong><\/div>\n<div>COM Automotive est\u00e1 especializada en piezas de autom\u00f3vil de dise\u00f1o original para el sector de la reparaci\u00f3n posventa, clientes industriales y fabricantes de veh\u00edculos especiales OEM.<\/div>\n<div>Nuestro equipo tiene m\u00e1s de 28 a\u00f1os de experiencia en la fabricaci\u00f3n y el suministro de piezas de automoci\u00f3n a escala mundial.<\/div>\n<div>Nuestra <strong>MISI\u00d3N <\/strong> es ofrecer productos de dise\u00f1o original con una calidad impecable y una sustituci\u00f3n personalizada.<\/div>\n<div>Nuestra <strong>VISI\u00d3N<\/strong> es promover el crecimiento y un valor inigualable para nuestros clientes.<\/div>\n<div><\/div>\n<div><strong>DISE\u00d1O ORIGINAL<\/strong><\/div>\n<div>El t\u00e9rmino \u00abDise\u00f1o Original\u00bb se refiere a la percepci\u00f3n \u00fanica e innovadora y a la propuesta de valor de los productos de COM Automotive, as\u00ed como a la experiencia ofrecida durante su compra. Esto abarca no solo el empaque y la est\u00e9tica del producto, sino tambi\u00e9n la autenticidad y creatividad de la marca.  COM Automotive busca ofrecer productos de alta calidad que satisfagan las necesidades de la industria del mercado de repuestos, aline\u00e1ndose con su Visi\u00f3n, Misi\u00f3n y Valores.<\/div>\n<div><\/div>\n<div><strong>NOTAR:<\/strong><\/div>\n<div>C\u00f3digo de Protecci\u00f3n al Consumidor (CDC): La Ley N\u00b0 8.078, de 11 de septiembre de 1990, establece que la informaci\u00f3n proporcionada al consumidor debe ser clara y precisa. El art\u00edculo 31 del CDC exige que la publicidad y el etiquetado de los productos y servicios sean veraces y no induzcan a error al consumidor.  Esto incluye asegurarse de que la informaci\u00f3n sobre la compatibilidad, la marca y las caracter\u00edsticas se describa correctamente para evitar malentendidos. El uso del t\u00e9rmino &#8216;compatible&#8217; tambi\u00e9n est\u00e1 regulado por los grandes mercados del mercado para la catalogaci\u00f3n adecuada de productos y la aplicaci\u00f3n automotriz.<\/div>\n","protected":false},"excerpt":{"rendered":"<p>8000.1344-COM. Compatible con: 12091N, E7NN10B376AA, E7NN10B376BB, AAK1344, AAK1344, 66021605, 12091N, 80001344.  Marca: COM Automotive &#8211; Producto con calidad y dise\u00f1o originales.<\/p>\n","protected":false},"featured_media":28399,"comment_status":"open","ping_status":"closed","template":"","meta":[],"product_brand":[],"product_cat":[8109],"product_tag":[42868],"class_list":{"0":"post-30932","1":"product","2":"type-product","3":"status-publish","4":"has-post-thumbnail","6":"product_cat-alternador-es-2","7":"product_tag-12091n-e7nn10b376aa-e7nn10b376bb-aak1344-aak1344-66021605-12091n-80001344-8000-1344-com","9":"first","10":"instock","11":"taxable","12":"shipping-taxable","13":"purchasable","14":"product-type-simple"},"_links":{"self":[{"href":"https:\/\/com-automotive.com\/es\/wp-json\/wp\/v2\/product\/30932","targetHints":{"allow":["GET"]}}],"collection":[{"href":"https:\/\/com-automotive.com\/es\/wp-json\/wp\/v2\/product"}],"about":[{"href":"https:\/\/com-automotive.com\/es\/wp-json\/wp\/v2\/types\/product"}],"replies":[{"embeddable":true,"href":"https:\/\/com-automotive.com\/es\/wp-json\/wp\/v2\/comments?post=30932"}],"wp:featuredmedia":[{"embeddable":true,"href":"https:\/\/com-automotive.com\/es\/wp-json\/wp\/v2\/media\/28399"}],"wp:attachment":[{"href":"https:\/\/com-automotive.com\/es\/wp-json\/wp\/v2\/media?parent=30932"}],"wp:term":[{"taxonomy":"product_brand","embeddable":true,"href":"https:\/\/com-automotive.com\/es\/wp-json\/wp\/v2\/product_brand?post=30932"},{"taxonomy":"product_cat","embeddable":true,"href":"https:\/\/com-automotive.com\/es\/wp-json\/wp\/v2\/product_cat?post=30932"},{"taxonomy":"product_tag","embeddable":true,"href":"https:\/\/com-automotive.com\/es\/wp-json\/wp\/v2\/product_tag?post=30932"}],"curies":[{"name":"wp","href":"https:\/\/api.w.org\/{rel}","templated":true}]}}