{"id":30929,"date":"2026-01-17T11:19:30","date_gmt":"2026-01-17T14:19:30","guid":{"rendered":"https:\/\/com-automotive.com\/alternador-12v-70a-compatible-con-3930501r91-para-agco-allis-case-newholland\/"},"modified":"2026-01-17T11:19:30","modified_gmt":"2026-01-17T14:19:30","slug":"alternador-12v-70a-compatible-con-3930501r91-para-agco-allis-case-newholland","status":"publish","type":"product","link":"https:\/\/com-automotive.com\/es\/alternador-12v-70a-compatible-con-3930501r91-para-agco-allis-case-newholland\/","title":{"rendered":"Alternador 12V 70A compatible con 3930501R91 para Agco Allis Case NewHolland<span class=\"product-sku\" style=\"display: block; font-size: 0.85em; color: #777; margin-top: 5px; margin-bottom: 5px;\">SKU: 8000.1R91-COM<\/span>"},"content":{"rendered":"<h1><strong>COM-AUTOMOTIVE, producto con Calidad y Dise\u00f1o Original.<\/strong><\/h1>\n<p>Alternador 12V 70A compatible con 3930501R91 para Agco Allis Case NewHolland<\/p>\n<h2>Preguntas m\u00e1s frecuentes<\/h2>\n<h3><strong>\u00bfCu\u00e1les son las referencias cruzadas?<\/strong><\/h3>\n<p>12088N, 3930501R91, 3933143M91, 701910M91, 83632800, C000900010190, 84530361, 92292C1, K311696, K311697, K311698, 3907749, 5023530, 76BB10300CA, 83AB10300AC, 86AB10300EB, 714\/01003, 714\/10800, 714\/40148, 714\/40476, 1000085781, 1000133958, ADU9052, PRC6366, 3477851M91, 11.201.566, 11.201.728, 11.201.810, 11.209.727, 11.209.730, AAK3320, AAK4135, AAK4513, AAK4568, AAK4574, AAK4598, AAK4774, AAK4783, 12088N, 80001R91<\/p>\n<h2><strong>Tabla de aplicaci\u00f3n<\/strong><\/h2>\n<p>AGCO ALLIS | 8745 | 4-268 AGCO (SISU) DSL | 1998-2000,<br \/>\nAGCO ALLIS | 8765 | 4-268 AGCO (SISU) DSL | 1998-2000,<br \/>\nAGCO WHITE | 6410 | CUMMINS 3.9L | 1998-2000,<br \/>\nAGCO WHITE | 6510 | CUMMINS 3.9L | 1998-2000,<br \/>\nAGCO WHITE | 6710 | CUMMINS 6-359 | 1998-2000,<br \/>\nAGCO WHITE | 6810 | CUMMINS 6-359 | 1998-2000,<br \/>\nCASO | 385 | DI\u00c9SEL 3-155 CAJA | 1985-1990,<br \/>\nCASO | 395 | DI\u00c9SEL 3-155 CAJA | 1991-1993,<br \/>\nCASO | 1294 | 4-219 DI\u00c9SEL | 1983-1984,<br \/>\nCASO | 1394 | 4-219 DI\u00c9SEL | 1983-1988,<br \/>\nCASO | 1490 | 4-219 DI\u00c9SEL | 1980-1983,<br \/>\nCASO | 1494 | 4-219 DI\u00c9SEL | 1983-1988,<br \/>\nCASO | 1594 | 6-329 DI\u00c9SEL | 1983-1988,<br \/>\nCASO | 1690 | 6-329 DI\u00c9SEL | 1980-1983,<br \/>\nCASO | 3220 | 3-179 DI\u00c9SEL | 1994-1997,<br \/>\nCASO | 3230 | 4-206 DI\u00c9SEL | 1994-1997,<br \/>\nCASO | MX5-1 | 1996-2009,<br \/>\nJ.C. BAMFORD | 520 | PERKINS 4-236 | 1982-1989,<br \/>\nJ.C. BAMFORD | 530 | PERKINS 4-236 | 1987-1991,<br \/>\nJ.C. BAMFORD | 540 | MOTORES PERKINS | 1987-1994,<br \/>\nJ.C. BAMFORD | 1400 \/ 1400B | PERKINS 4-236 | 1985-1991,<br \/>\nJ.C. BAMFORD | 1500 \/ 1500B | PERKINS 4-236 | 1985-1991,<br \/>\nJ.C. BAMFORD | 1700 \/ 1700B | PERKINS 4-236 | 1985-1991,<br \/>\nJ.C. BAMFORD | 3C1400 | PERKINS 4-236 | 1980-1985,<br \/>\nJ.C. BAMFORD | 3C1550 | PERKINS 4-236 | 1980-1985,<br \/>\nJ.C. BAMFORD | 3CX SITEMASTER | PERKINS 4-236 | 1985-1991,<br \/>\nJ.C. BAMFORD | 3D1700 | PERKINS 4-236 | 1980-1985,<br \/>\nJ.C. BAMFORD | 4CN | PERKINS 4-236 | 1980-1985,<br \/>\nJ.C. BAMFORD | 525B | PERKINS 4-236 | 1982-1989,<br \/>\nJ.C. BAMFORD | 530B | PERKINS 4-236 | 1987-1991,<br \/>\nJ.C. BAMFORD | 540B | MOTORES PERKINS | 1987-1994,<br \/>\nLISTER-PETTER | SERIE HL3 | 1986-1988,<br \/>\nLISTER-PETTER | SERIE HL4 | 1986-1988,<br \/>\nLISTER-PETTER | SERIE HL6 | 1986-1988,<br \/>\nLISTER-PETTER | SERIE HR2 \/ HR3 | 1986-1988,<br \/>\nLISTER-PETTER | SERIE HR4 \/ HR6 | 1986-1988,<br \/>\nMASSEY FERGUSON | MF-1014 | PERKINS A6.354 | 1983,<br \/>\nMASSEY FERGUSON | MF-1114 | PERKINS A6.354 | 1983,<br \/>\nMASSEY FERGUSON | MF-1134 | PERKINS A6.354 | 1983,<br \/>\nMASSEY FERGUSON | MF-154 | PERKINS AD3.152 | 1983-1989,<br \/>\nMASSEY FERGUSON | MF-1841 | PERKINS A4.236 | 1985-1989,<br \/>\nMASSEY FERGUSON | MF-234C | PERKINS AD3.152 | 1983,<br \/>\nMASSEY FERGUSON | MF-240 | PERKINS AD3-152 DI\u00c9SEL | 1983-1999,<br \/>\nMASSEY FERGUSON | MF-240 | PERKINS AD3.152 | 1979-1988,<br \/>\nMASSEY FERGUSON | MF-254 | PERKINS AD3.152 | 1984,<br \/>\nMASSEY FERGUSON | MF-294 | PERKINS A4.248 | 1984,<br \/>\nMASSEY FERGUSON | MF-350 | PERKINS AD3.152 | 1986,<br \/>\nMASSEY FERGUSON | MF-355 | PERKINS A 3.152 | 1986-1990,<br \/>\nMASSEY FERGUSON | MF-360 | PERKINS 3-152 DI\u00c9SEL | 1986-1992,<br \/>\nMASSEY FERGUSON | MF-360 | PERKINS A 3.152 | 1983,<br \/>\nMASSEY FERGUSON | MF-362 | PERKINS 4-236 DI\u00c9SEL | 1990-1992,<br \/>\nMASSEY FERGUSON | MF-365 | 1990-1996,<br \/>\nMASSEY FERGUSON | MF-365 | PERKINS A4.236 | 1983,<br \/>\nMASSEY FERGUSON | MF-368 | PERKINS 4-236 DI\u00c9SEL | 1986-1992,<br \/>\nMASSEY FERGUSON | MF-375 | PERKINS 4-236 DI\u00c9SEL | 1986-1998,<br \/>\nMASSEY FERGUSON | MF-375 | PERKINS A4.236 | 1983,<br \/>\nMASSEY FERGUSON | MF-383 | PERKINS 4-248 DI\u00c9SEL | 1986-1998,<br \/>\nMASSEY FERGUSON | MF-390 | PERKINS 4-248 DI\u00c9SEL | 1987-1998,<br \/>\nMASSEY FERGUSON | MF-390 | PERKINS A4.236 | 1983,<br \/>\nMASSEY FERGUSON | MF-390T | PERKINS 4-236 DI\u00c9SEL | 1989-1998,<br \/>\nMASSEY FERGUSON | MF-390T | PERKINS A4.236 | 1983,<br \/>\nMASSEY FERGUSON | MF-393 | PERKINS 4-236 DI\u00c9SEL | 1995-1998,<br \/>\nMASSEY FERGUSON | MF-396 | 1992-1998,<br \/>\nMASSEY FERGUSON | MF-398 | PERKINS 4-236 DI\u00c9SEL | 1987-1997,<br \/>\nMASSEY FERGUSON | MF-398 | PERKINS A 4.236 | 1983,<br \/>\nMASSEY FERGUSON | MF-399 | PERKINS A6.354.4 | 1989,<br \/>\nMASSEY FERGUSON | MF-399 | PERKINS 6-354 DI\u00c9SEL | 1987-1992,<br \/>\nMASSEY FERGUSON | MF-399 | PERKINS A6.354.4 | 1983,<br \/>\nMASSEY FERGUSON | MF-4225 | PERKINS 1004.40 DI\u00c9SEL | 1997-2000,<br \/>\nMASSEY FERGUSON | MF-4233 | PERKINS 1004.4 DI\u00c9SEL | 1997-2000,<br \/>\nMASSEY FERGUSON | MF-4235 | PERKINS 1004.4 DI\u00c9SEL | 1997-2000,<br \/>\nMASSEY FERGUSON | MF-4243 | PERKINS 1004.4 DI\u00c9SEL | 1997-2000,<br \/>\nMASSEY FERGUSON | MF-4245 | PERKINS 1004.4 DI\u00c9SEL | 1997-2000,<br \/>\nMASSEY FERGUSON | MF-4253 | PERKINS 1004.4 DI\u00c9SEL | 1997-2000,<br \/>\nMASSEY FERGUSON | MF-4255 | PERKINS 1004.4 DI\u00c9SEL | 1997-2000,<br \/>\nMASSEY FERGUSON | MF-4260 | PERKINS 1006.6 DI\u00c9SEL | 1997-2000,<br \/>\nMASSEY FERGUSON | MF-4263 | PERKINS 1006.6 DI\u00c9SEL | 1997-2000,<br \/>\nMASSEY FERGUSON | MF-4270 | PERKINS 1006.6 DI\u00c9SEL | 1997-2000,<br \/>\nMASSEY FERGUSON | MF-6130 | 1004-4T | 1992-1997,<br \/>\nMASSEY FERGUSON | MF-6150 | 1004-4THR | 1992,<br \/>\nMASSEY FERGUSON | MF-6160 | 1006-6 | 1995-1997,<br \/>\nMASSEY FERGUSON | MF-6170 | 1006-6 | 1996,<br \/>\nMASSEY FERGUSON | MF-6180 | 1006-6T | 1996,<br \/>\nMASSEY FERGUSON | MF-6190 | 1996,<br \/>\nMASSEY FERGUSON | MF-6280 | 1006-60T | 1999-2000,<br \/>\nMASSEY FERGUSON | MF-6290 | 1006-60T | 1999-2000,<br \/>\nNEW HOLLAND INDUSTRIAL | L865 | 332T DI\u00c9SEL | 1994-1999,<br \/>\nNEW HOLLAND INDUSTRIAL | LX865 | 332T DI\u00c9SEL | 1994-1999,<br \/>\nNEW HOLLAND INDUSTRIAL | LX885 | 332T DI\u00c9SEL | 1994-1999,<br \/>\nVALTRA VALMET | A650 | SISU 320D 3CYL. | 2010,<br \/>\nVALTRA VALMET | A750 | SISU 320DS 3CYL. | 2009,<br \/>\nVALTRA VALMET | A850 | SISU 320DS 3CYL. | 2009,<br \/>\nVALTRA VALMET | A950 | SISU 420DS 4CYL. | 2009,<br \/>\nVALTRA VALMET | A990 | SISU 420DS 4CYL. | 2009,<br \/>\nVALTRA VALMET | BF65 | SISU 320D 3CYL. | 2008,<br \/>\nVALTRA VALMET | BF75 | SISU 320DS 3CYL. | 2008,<br \/>\nVALTRA VALMET | BH145 | SISU 620DS 6CYL. | 2008        <\/p>\n<div><strong>ATENCI\u00d3N:<\/strong><\/div>\n<div>Recomendamos que la instalaci\u00f3n del producto sea realizada por un profesional capacitado y especializado.<\/div>\n<div>Somente realize a compra deste produto com a certeza que ele seja compat\u00edvel com seu ve\u00edculo, caso tenha d\u00favidas, n\u00e3o hesite em nos procurar. Nuestro horario de apertura es de lunes a viernes de 8 a 18 h.<\/div>\n<div><\/div>\n<div><strong>SOBRE NOSOTROS:<\/strong><\/div>\n<div>COM Automotive est\u00e1 especializada en piezas de autom\u00f3vil de dise\u00f1o original para el sector de la reparaci\u00f3n posventa, clientes industriales y fabricantes de veh\u00edculos especiales OEM.<\/div>\n<div>Nuestro equipo tiene m\u00e1s de 28 a\u00f1os de experiencia en la fabricaci\u00f3n y el suministro de piezas de automoci\u00f3n a escala mundial.<\/div>\n<div>Nuestra <strong>MISI\u00d3N <\/strong> es ofrecer productos de dise\u00f1o original con una calidad impecable y una sustituci\u00f3n personalizada.<\/div>\n<div>Nuestra <strong>VISI\u00d3N<\/strong> es promover el crecimiento y un valor inigualable para nuestros clientes.<\/div>\n<div><\/div>\n<div><strong>DISE\u00d1O ORIGINAL<\/strong><\/div>\n<div>El t\u00e9rmino \u00abDise\u00f1o Original\u00bb se refiere a la percepci\u00f3n \u00fanica e innovadora y a la propuesta de valor de los productos de COM Automotive, as\u00ed como a la experiencia ofrecida durante su compra. Esto abarca no solo el empaque y la est\u00e9tica del producto, sino tambi\u00e9n la autenticidad y creatividad de la marca.  COM Automotive busca ofrecer productos de alta calidad que satisfagan las necesidades de la industria del mercado de repuestos, aline\u00e1ndose con su Visi\u00f3n, Misi\u00f3n y Valores.<\/div>\n<div><\/div>\n<div><strong>NOTAR:<\/strong><\/div>\n<div>C\u00f3digo de Protecci\u00f3n al Consumidor (CDC): La Ley N\u00b0 8.078, de 11 de septiembre de 1990, establece que la informaci\u00f3n proporcionada al consumidor debe ser clara y precisa. El art\u00edculo 31 del CDC exige que la publicidad y el etiquetado de los productos y servicios sean veraces y no induzcan a error al consumidor.  Esto incluye asegurarse de que la informaci\u00f3n sobre la compatibilidad, la marca y las caracter\u00edsticas se describa correctamente para evitar malentendidos. El uso del t\u00e9rmino &#8216;compatible&#8217; tambi\u00e9n est\u00e1 regulado por los grandes mercados del mercado para la catalogaci\u00f3n adecuada de productos y la aplicaci\u00f3n automotriz.<\/div>\n","protected":false},"excerpt":{"rendered":"<p>8000.1R91-COM. Compatible con: 12088N, 3930501R91, 3933143M91, 701910M91, 83632800, C000900010190, 84530361, 92292C1, K311696, K311697, K311698, 3907749, 5023530, 76BB10300CA, 83AB10300AC, 86AB10300EB, 714\/01003, 714\/10800, 714\/40148, 714\/40476, 1000085781, 1000133958, ADU9052, PRC6366, 3477851M91, 11..201.566, 11.201.728, 11.201.810, 11.209.727, 11.209.730, AAK3320, AAK4135, AAK4513, AAK4568, AAK4574, AAK4598, AAK4774, AAK4783, 12088N, 80001R91.  Marca: COM Automotive &#8211; Producto con calidad y dise\u00f1o originales.<\/p>\n","protected":false},"featured_media":28305,"comment_status":"open","ping_status":"closed","template":"","meta":[],"product_brand":[],"product_cat":[8109],"product_tag":[],"class_list":{"0":"post-30929","1":"product","2":"type-product","3":"status-publish","4":"has-post-thumbnail","6":"product_cat-alternador-es-2","8":"first","9":"instock","10":"taxable","11":"shipping-taxable","12":"purchasable","13":"product-type-simple"},"_links":{"self":[{"href":"https:\/\/com-automotive.com\/es\/wp-json\/wp\/v2\/product\/30929","targetHints":{"allow":["GET"]}}],"collection":[{"href":"https:\/\/com-automotive.com\/es\/wp-json\/wp\/v2\/product"}],"about":[{"href":"https:\/\/com-automotive.com\/es\/wp-json\/wp\/v2\/types\/product"}],"replies":[{"embeddable":true,"href":"https:\/\/com-automotive.com\/es\/wp-json\/wp\/v2\/comments?post=30929"}],"wp:featuredmedia":[{"embeddable":true,"href":"https:\/\/com-automotive.com\/es\/wp-json\/wp\/v2\/media\/28305"}],"wp:attachment":[{"href":"https:\/\/com-automotive.com\/es\/wp-json\/wp\/v2\/media?parent=30929"}],"wp:term":[{"taxonomy":"product_brand","embeddable":true,"href":"https:\/\/com-automotive.com\/es\/wp-json\/wp\/v2\/product_brand?post=30929"},{"taxonomy":"product_cat","embeddable":true,"href":"https:\/\/com-automotive.com\/es\/wp-json\/wp\/v2\/product_cat?post=30929"},{"taxonomy":"product_tag","embeddable":true,"href":"https:\/\/com-automotive.com\/es\/wp-json\/wp\/v2\/product_tag?post=30929"}],"curies":[{"name":"wp","href":"https:\/\/api.w.org\/{rel}","templated":true}]}}