{"id":30913,"date":"2026-01-17T11:18:25","date_gmt":"2026-01-17T14:18:25","guid":{"rendered":"https:\/\/com-automotive.com\/alternador-12v-130a-compatible-1042104690-para-honda-pilot-acura-mdx-tl-0305\/"},"modified":"2026-01-17T11:18:25","modified_gmt":"2026-01-17T14:18:25","slug":"alternador-12v-130a-compatible-1042104690-para-honda-pilot-acura-mdx-tl-0305","status":"publish","type":"product","link":"https:\/\/com-automotive.com\/es\/alternador-12v-130a-compatible-1042104690-para-honda-pilot-acura-mdx-tl-0305\/","title":{"rendered":"Alternador 12V 130A compatible 1042104690 para Honda Pilot Acura Mdx Tl 03&gt;05<span class=\"product-sku\" style=\"display: block; font-size: 0.85em; color: #777; margin-top: 5px; margin-bottom: 5px;\">SKU: 8000.4690-COM<\/span>"},"content":{"rendered":"<h1><strong>COM-AUTOMOTIVE, producto con Calidad y Dise\u00f1o Original.<\/strong><\/h1>\n<p>Alternador 12V 130A compatible 1042104690 para Honda Pilot Acura Mdx Tl 03&gt;05<\/p>\n<h2>Preguntas m\u00e1s frecuentes<\/h2>\n<h3><strong>\u00bfCu\u00e1les son las referencias cruzadas?<\/strong><\/h3>\n<p>11151N, 31100RJAA01, 31100RJAA02, 31100RGLA01, 31100RDJA01, &#8216;AL1297X, 1042104690, 1042104690, TN1042104690, TN1042104690, 11151N, 80004690<\/p>\n<h2><strong>Tabla de aplicaci\u00f3n<\/strong><\/h2>\n<p>ACURA | MDX | 6CIL &#8211; 3,5L | 2006 a 2006,<br \/>\nACURA | MDX | 6CIL &#8211; 3,7L | 2007 a 2009,<br \/>\nACURA | RL | 6CIL &#8211; 3,5L | 2005 a 2008,<br \/>\nACURA | TL | 6CIL &#8211; 3,2L | 2006 a 2008,<br \/>\nACURA | TL | 6CIL &#8211; 3,5L | 2007 a 2008,<br \/>\nHONDA | ODISEA | 6CIL &#8211; 3,5L | De 2007 a 2007,<br \/>\nHONDA | PILOTO | 6CIL &#8211; 3,5L | 2007 a 2008,<br \/>\nHONDA | CRESTA | 6CIL &#8211; 3,5L | 2007 a 2008<\/p>\n<div><strong>ATENCI\u00d3N:<\/strong><\/div>\n<div>Recomendamos que la instalaci\u00f3n del producto sea realizada por un profesional capacitado y especializado.<\/div>\n<div>Somente realize a compra deste produto com a certeza que ele seja compat\u00edvel com seu ve\u00edculo, caso tenha d\u00favidas, n\u00e3o hesite em nos procurar. Nuestro horario de apertura es de lunes a viernes de 8 a 18 h.<\/div>\n<div><\/div>\n<div><strong>SOBRE NOSOTROS:<\/strong><\/div>\n<div>COM Automotive est\u00e1 especializada en piezas de autom\u00f3vil de dise\u00f1o original para el sector de la reparaci\u00f3n posventa, clientes industriales y fabricantes de veh\u00edculos especiales OEM.<\/div>\n<div>Nuestro equipo tiene m\u00e1s de 28 a\u00f1os de experiencia en la fabricaci\u00f3n y el suministro de piezas de automoci\u00f3n a escala mundial.<\/div>\n<div>Nuestra <strong>MISI\u00d3N <\/strong> es ofrecer productos de dise\u00f1o original con una calidad impecable y una sustituci\u00f3n personalizada.<\/div>\n<div>Nuestra <strong>VISI\u00d3N<\/strong> es promover el crecimiento y un valor inigualable para nuestros clientes.<\/div>\n<div><\/div>\n<div><strong>DISE\u00d1O ORIGINAL<\/strong><\/div>\n<div>El t\u00e9rmino \u00abDise\u00f1o Original\u00bb se refiere a la percepci\u00f3n \u00fanica e innovadora y a la propuesta de valor de los productos de COM Automotive, as\u00ed como a la experiencia ofrecida durante su compra. Esto abarca no solo el empaque y la est\u00e9tica del producto, sino tambi\u00e9n la autenticidad y creatividad de la marca.  COM Automotive busca ofrecer productos de alta calidad que satisfagan las necesidades de la industria del mercado de repuestos, aline\u00e1ndose con su Visi\u00f3n, Misi\u00f3n y Valores.<\/div>\n<div><\/div>\n<div><strong>NOTAR:<\/strong><\/div>\n<div>C\u00f3digo de Protecci\u00f3n al Consumidor (CDC): La Ley N\u00b0 8.078, de 11 de septiembre de 1990, establece que la informaci\u00f3n proporcionada al consumidor debe ser clara y precisa. El art\u00edculo 31 del CDC exige que la publicidad y el etiquetado de los productos y servicios sean veraces y no induzcan a error al consumidor.  Esto incluye asegurarse de que la informaci\u00f3n sobre la compatibilidad, la marca y las caracter\u00edsticas se describa correctamente para evitar malentendidos. El uso del t\u00e9rmino &#8216;compatible&#8217; tambi\u00e9n est\u00e1 regulado por los grandes mercados del mercado para la catalogaci\u00f3n adecuada de productos y la aplicaci\u00f3n automotriz.<\/div>\n","protected":false},"excerpt":{"rendered":"<p>8000.4690-COM. Compatible con: 11151N, 31100RJAA01, 31100RJAA02, 31100RGLA01, 31100RDJA01, &#8216;AL1297X, 1042104690, 1042104690, TN1042104690, TN1042104690, 11151N, 80004690.  Marca: COM Automotive &#8211; Producto con calidad y dise\u00f1o originales.<\/p>\n","protected":false},"featured_media":30728,"comment_status":"open","ping_status":"closed","template":"","meta":[],"product_brand":[],"product_cat":[8109],"product_tag":[42811,42813,42803,42809,42808,42805,42807,42819,42817,42815],"class_list":{"0":"post-30913","1":"product","2":"type-product","3":"status-publish","4":"has-post-thumbnail","6":"product_cat-alternador-es-2","7":"product_tag-al1297x","8":"product_tag-42813","9":"product_tag-11151n","10":"product_tag-31100rdja01","11":"product_tag-31100rgla01","12":"product_tag-31100rjaa01","13":"product_tag-31100rjaa02","14":"product_tag-8000-4690-com","15":"product_tag-42817","16":"product_tag-tn1042104690","18":"first","19":"instock","20":"taxable","21":"shipping-taxable","22":"purchasable","23":"product-type-simple"},"_links":{"self":[{"href":"https:\/\/com-automotive.com\/es\/wp-json\/wp\/v2\/product\/30913","targetHints":{"allow":["GET"]}}],"collection":[{"href":"https:\/\/com-automotive.com\/es\/wp-json\/wp\/v2\/product"}],"about":[{"href":"https:\/\/com-automotive.com\/es\/wp-json\/wp\/v2\/types\/product"}],"replies":[{"embeddable":true,"href":"https:\/\/com-automotive.com\/es\/wp-json\/wp\/v2\/comments?post=30913"}],"wp:featuredmedia":[{"embeddable":true,"href":"https:\/\/com-automotive.com\/es\/wp-json\/wp\/v2\/media\/30728"}],"wp:attachment":[{"href":"https:\/\/com-automotive.com\/es\/wp-json\/wp\/v2\/media?parent=30913"}],"wp:term":[{"taxonomy":"product_brand","embeddable":true,"href":"https:\/\/com-automotive.com\/es\/wp-json\/wp\/v2\/product_brand?post=30913"},{"taxonomy":"product_cat","embeddable":true,"href":"https:\/\/com-automotive.com\/es\/wp-json\/wp\/v2\/product_cat?post=30913"},{"taxonomy":"product_tag","embeddable":true,"href":"https:\/\/com-automotive.com\/es\/wp-json\/wp\/v2\/product_tag?post=30913"}],"curies":[{"name":"wp","href":"https:\/\/api.w.org\/{rel}","templated":true}]}}