{"id":30912,"date":"2026-01-17T11:18:23","date_gmt":"2026-01-17T14:18:23","guid":{"rendered":"https:\/\/com-automotive.com\/alternador-12v-105a-compatible-1042103291-para-honda-accord-2-4-v6-3-5-element-reman\/"},"modified":"2026-01-17T11:18:23","modified_gmt":"2026-01-17T14:18:23","slug":"alternador-12v-105a-compatible-1042103291-para-honda-accord-2-4-v6-3-5-element-reman","status":"publish","type":"product","link":"https:\/\/com-automotive.com\/es\/alternador-12v-105a-compatible-1042103291-para-honda-accord-2-4-v6-3-5-element-reman\/","title":{"rendered":"Alternador 12V 105A compatible 1042103291 para Honda Accord 2.4 V6 3.5 Element Reman<span class=\"product-sku\" style=\"display: block; font-size: 0.85em; color: #777; margin-top: 5px; margin-bottom: 5px;\">SKU: 8000.3291-COM<\/span>"},"content":{"rendered":"<h1><strong>COM-AUTOMOTIVE, producto con Calidad y Dise\u00f1o Original.<\/strong><\/h1>\n<p>Alternador 12V 105A compatible 1042103291 para Honda Accord 2.4 V6 3.5 Element Reman<\/p>\n<h2>Preguntas m\u00e1s frecuentes<\/h2>\n<h3><strong>\u00bfCu\u00e1les son las referencias cruzadas?<\/strong><\/h3>\n<p>13980N, 31100RAAA01, 31100RAAA01, 31100RAAA03, 31100RAAA03, 31100RAAA03RM, 31100RAAA03RM, 31100RAAA04, 31100RAAA04, 31100RAAA05, 31100RAAA05, CSC29, 31100RAA003, 31100RAA003, 31100RAAA02, 31100RAAA02, 31100RAAA040, 31100RAAA040, 31100RAAA040, 31100RAAA040, 31100RAAA040, 31100RAAA040, 31100RAAA040, 31100RAAA040, 31100RAAA040, 31100RAAA040, 31100RAAA040, 31100RAAA040, 31100RAAA040, 31100RAAA040, 31100RAAA040, 31100RAAA040, 31100RAAA040, 31100RAAA040, 31100RAAA040, 31100RAAA040, 31100RAAA040, 31100RAAA040, 31100RAAA040, 31100RAAA040, 31100RAAA040, 31100RAAA040, 31100RAAA040, 31100RAAA040, 31100RAAA040, 31100RAAA040, 31100RAAA040, 31100RAAA040, 31100RAAA040, 31100RAAA040, 31100RAAA040100RAAA040 100RAAA040, 31100RAAAA0, 31100RAAAA0, 31100RTA003, 31100RTA003, 31100RTA013, 31100RTA013, 31100RTA023, 31100RTA023, 31100RTA033, 31100RTA033, CFP29, CSD73, &#8216;986082420, 0986082420, AL1298N, AL1298X, 2100511, 210800270, 210802080, 1042103290, 1042103291, 1042103292, 1042103293, 1042104730, 1042104731, 1042104732, 1042104733, 0210800270, 0210802080, 1042103290, 1042103291, 1042103292, 1042103293, 1042104730, 1042104731, 1042104732, 1042104733, 2100511, DAN983, TN1042103291, TN1042103291, TN1042103293, TN1042103293, 13980N, 80003291<\/p>\n<h2><strong>Tabla de aplicaci\u00f3n<\/strong><\/h2>\n<p>ACURA | CSX | 2.0L | 2006 a 2008,<br \/>\nACURA | TSX | 2,4L | 2004 a 2008,<br \/>\nHONDA | ACCORD | 2,4L | 2003 a 2007,<br \/>\nHONDA | C\u00cdVICO | 2.0L | De 2006 a 2011,<br \/>\nHONDA | CR-V | 2,4L | 2007 a 2011,<br \/>\nHONDA | ELEMENTO | 2,4L | 2003 a 2011<\/p>\n<div><strong>ATENCI\u00d3N:<\/strong><\/div>\n<div>Recomendamos que la instalaci\u00f3n del producto sea realizada por un profesional capacitado y especializado.<\/div>\n<div>Somente realize a compra deste produto com a certeza que ele seja compat\u00edvel com seu ve\u00edculo, caso tenha d\u00favidas, n\u00e3o hesite em nos procurar. Nuestro horario de apertura es de lunes a viernes de 8 a 18 h.<\/div>\n<div><\/div>\n<div><strong>SOBRE NOSOTROS:<\/strong><\/div>\n<div>COM Automotive est\u00e1 especializada en piezas de autom\u00f3vil de dise\u00f1o original para el sector de la reparaci\u00f3n posventa, clientes industriales y fabricantes de veh\u00edculos especiales OEM.<\/div>\n<div>Nuestro equipo tiene m\u00e1s de 28 a\u00f1os de experiencia en la fabricaci\u00f3n y el suministro de piezas de automoci\u00f3n a escala mundial.<\/div>\n<div>Nuestra <strong>MISI\u00d3N <\/strong> es ofrecer productos de dise\u00f1o original con una calidad impecable y una sustituci\u00f3n personalizada.<\/div>\n<div>Nuestra <strong>VISI\u00d3N<\/strong> es promover el crecimiento y un valor inigualable para nuestros clientes.<\/div>\n<div><\/div>\n<div><strong>DISE\u00d1O ORIGINAL<\/strong><\/div>\n<div>El t\u00e9rmino \u00abDise\u00f1o Original\u00bb se refiere a la percepci\u00f3n \u00fanica e innovadora y a la propuesta de valor de los productos de COM Automotive, as\u00ed como a la experiencia ofrecida durante su compra. Esto abarca no solo el empaque y la est\u00e9tica del producto, sino tambi\u00e9n la autenticidad y creatividad de la marca.  COM Automotive busca ofrecer productos de alta calidad que satisfagan las necesidades de la industria del mercado de repuestos, aline\u00e1ndose con su Visi\u00f3n, Misi\u00f3n y Valores.<\/div>\n<div><\/div>\n<div><strong>NOTAR:<\/strong><\/div>\n<div>C\u00f3digo de Protecci\u00f3n al Consumidor (CDC): La Ley N\u00b0 8.078, de 11 de septiembre de 1990, establece que la informaci\u00f3n proporcionada al consumidor debe ser clara y precisa. El art\u00edculo 31 del CDC exige que la publicidad y el etiquetado de los productos y servicios sean veraces y no induzcan a error al consumidor.  Esto incluye asegurarse de que la informaci\u00f3n sobre la compatibilidad, la marca y las caracter\u00edsticas se describa correctamente para evitar malentendidos. El uso del t\u00e9rmino &#8216;compatible&#8217; tambi\u00e9n est\u00e1 regulado por los grandes mercados del mercado para la catalogaci\u00f3n adecuada de productos y la aplicaci\u00f3n automotriz.<\/div>\n","protected":false},"excerpt":{"rendered":"<p>8000. 3291-COM. Compatible con: 13980N, 31100RAAA01, 31100RAAA01, 31100RAAA03, 31100RAAA03, 31100RAAA03RM, 31100RAAA03RM, 31100RAAA04, 31100RAAA04, 31100RAAA05, 31100RAAA05, CSC29, 31100RAA003, 31100RAA003, 31100RAAA02, 31100RAAA02, 31100RAAA02, 31100RAAA02, 31100RAAA02 0RAAA040, 31100RAAA040, 31100RAAAA0, 31100RAAAAA0, 31100RAAAA003, 31100RTA003, 31100RTA013, 31100RTA013, 31100RTA023, 31100RTA023, 31100RTA033, 31100RTA033, CFP29, CSD73, &#8216;986082420, 0986082420, AL1298N, AL1298X, 2100511, 210800270, 210802080, 1042103290, 1042103291, 1042103292, 1042103293, 1042104730, 1042104731, 1042104732, 1042104733, 0210800270, 0210802080, 1042103290, 1042103291, 1042103292, 1042103293, 1042104730, 1042104731, 1042104732, 1042104733, 2100511, DAN983, TN1042103291, TN1042103291, TN1042103293, TN1042103293, 13980N, 80003291.  Marca: COM Automotive &#8211; Producto con calidad y dise\u00f1o originales.<\/p>\n","protected":false},"featured_media":28209,"comment_status":"open","ping_status":"closed","template":"","meta":[],"product_brand":[],"product_cat":[8109],"product_tag":[],"class_list":{"0":"post-30912","1":"product","2":"type-product","3":"status-publish","4":"has-post-thumbnail","6":"product_cat-alternador-es-2","8":"first","9":"instock","10":"taxable","11":"shipping-taxable","12":"purchasable","13":"product-type-simple"},"_links":{"self":[{"href":"https:\/\/com-automotive.com\/es\/wp-json\/wp\/v2\/product\/30912","targetHints":{"allow":["GET"]}}],"collection":[{"href":"https:\/\/com-automotive.com\/es\/wp-json\/wp\/v2\/product"}],"about":[{"href":"https:\/\/com-automotive.com\/es\/wp-json\/wp\/v2\/types\/product"}],"replies":[{"embeddable":true,"href":"https:\/\/com-automotive.com\/es\/wp-json\/wp\/v2\/comments?post=30912"}],"wp:featuredmedia":[{"embeddable":true,"href":"https:\/\/com-automotive.com\/es\/wp-json\/wp\/v2\/media\/28209"}],"wp:attachment":[{"href":"https:\/\/com-automotive.com\/es\/wp-json\/wp\/v2\/media?parent=30912"}],"wp:term":[{"taxonomy":"product_brand","embeddable":true,"href":"https:\/\/com-automotive.com\/es\/wp-json\/wp\/v2\/product_brand?post=30912"},{"taxonomy":"product_cat","embeddable":true,"href":"https:\/\/com-automotive.com\/es\/wp-json\/wp\/v2\/product_cat?post=30912"},{"taxonomy":"product_tag","embeddable":true,"href":"https:\/\/com-automotive.com\/es\/wp-json\/wp\/v2\/product_tag?post=30912"}],"curies":[{"name":"wp","href":"https:\/\/api.w.org\/{rel}","templated":true}]}}