{"id":27735,"date":"2026-01-09T20:54:32","date_gmt":"2026-01-09T23:54:32","guid":{"rendered":"https:\/\/com-automotive.com\/alternador-12v-90a-compatible-con-f000bl04an-nissan-kicks-1-6l-ano16\/"},"modified":"2026-01-09T20:54:32","modified_gmt":"2026-01-09T23:54:32","slug":"alternador-12v-90a-compatible-con-f000bl04an-nissan-kicks-1-6l-ano16","status":"publish","type":"product","link":"https:\/\/com-automotive.com\/es\/alternador-12v-90a-compatible-con-f000bl04an-nissan-kicks-1-6l-ano16\/","title":{"rendered":"Alternador 12V 90A compatible con F000BL04AN Nissan Kicks 1.6L ano16&gt;<span class=\"product-sku\" style=\"display: block; font-size: 0.85em; color: #777; margin-top: 5px; margin-bottom: 5px;\">SKU: 8000.04AN-COM<\/span>"},"content":{"rendered":"<h1><strong>COM-AUTOMOTIVE, producto con Calidad y Dise\u00f1o Original.<\/strong><\/h1>\n<p>Alternador 12V 90A compatible con F000BL04AN Nissan Kicks 1.6L ano16&gt;&gt;<\/p>\n<h2>Preguntas m\u00e1s frecuentes<\/h2>\n<h3><strong>\u00bfCu\u00e1les son las referencias cruzadas de este producto de la marca COM Automotive?<\/strong><\/h3>\n<p>231005R81A, F000BL04AN, F000BL04AF, AAK4526, IA0581, MG 241, 8EL725727001, IK2139, 800004AN<\/p>\n<h2><strong>Tabla de aplicaci\u00f3n<\/strong><\/h2>\n<p>c\u00e2mbio autom\u00e1tico<br \/>\nNISSAN KICKS SL G-1, HR16DE HR16DE 1.6 L 16V DOHC L4 FLEX, 2016-2021.<br \/>\nNISSAN KICKS S DIRECT G-1, HR16DE HR16DE 1.6 L 16V DOHC L4 FLEX, 2019-2021.<br \/>\nNISSAN KICKS SV G-1, HR16DE HR16DE 1.6 L 16V DOHC L4 FLEX, 2017-2021.<br \/>\nNISSAN KICKS S G-1, HR16DE HR16DE 1.6 L 16V DOHC L4 FLEX, 2017-2021.<br \/>\nNISSAN KICKS SV LIMITED G-1, HR16DE HR16DE 1.6 L 16V DOHC L4 FLEX, 2017-2018.<br \/>\nNISSAN KICKS RIO 2016 G-1, HR16DE HR16DE 1.6 L 16V DOHC L4 FLEX, 2017-2018.<br \/>\nNISSAN KICKS ADVANCE 1.6 AT G-2, HR16DE HR16DE 1.6 L 16V DOHC L4 FLEX, 2021-2021.<br \/>\nNISSAN LANZA EN EXCLUSIVA EL 1.6 EN G-2, HR16DE HR16DE 1.6 L 16V DOHC L4 FLEX, 2021-2021.<br \/>\nNISSAN KICKS ACTIVE (PCD) 1.6 AT G-1, HR16DE HR16DE 1.6 L 16V DOHC L4 FLEX, 2020-2021.<br \/>\nNISSAN KICKS SENSE 1.6 EN G-2, HR16DE HR16DE 1.6 L 16V DOHC L4 FLEX, 2021-2021.<br \/>\nNISSAN KICKS UCL G-1, HR16DE HR16DE 1.6 L 16V DOHC L4 FLEX, 2019-2021.<br \/>\nNISSAN KICKS EDICI\u00d3N ESPECIAL G-1, HR16DE HR16DE 1.6 L 16V DOHC L4 FLEX, 2019-2021.<br \/>\nNISSAN KICKS SENSE 1.6 G-2, HR16DE HR16DE 1.6 L 16V DOHC L4 FLEX, 2021-2021.<\/p>\n<div><strong>ATENCI\u00d3N:<\/strong><\/div>\n<div>Recomendamos que la instalaci\u00f3n del producto sea realizada por un profesional capacitado y especializado.<\/div>\n<div>Somente realize a compra deste produto com a certeza que ele seja compat\u00edvel com seu ve\u00edculo, caso tenha d\u00favidas, n\u00e3o hesite em nos procurar. Nuestro horario de apertura es de lunes a viernes de 8 a 18 h.<\/div>\n<div><\/div>\n<div><strong>SOBRE NOSOTROS:<\/strong><\/div>\n<div>COM Automotive est\u00e1 especializada en piezas de autom\u00f3vil de dise\u00f1o original para el sector de la reparaci\u00f3n posventa, clientes industriales y fabricantes de veh\u00edculos especiales OEM.<\/div>\n<div>Nuestro equipo tiene m\u00e1s de 28 a\u00f1os de experiencia en la fabricaci\u00f3n y el suministro de piezas de automoci\u00f3n a escala mundial.<\/div>\n<div>Nuestra <strong>MISI\u00d3N <\/strong> es ofrecer productos de dise\u00f1o original con una calidad impecable y una sustituci\u00f3n personalizada.<\/div>\n<div>Nuestra <strong>VISI\u00d3N<\/strong> es promover el crecimiento y un valor inigualable para nuestros clientes.<\/div>\n<div><\/div>\n<div><strong>DISE\u00d1O ORIGINAL<\/strong><\/div>\n<div>El t\u00e9rmino \u00abDise\u00f1o Original\u00bb se refiere a la percepci\u00f3n \u00fanica e innovadora y a la propuesta de valor de los productos de COM Automotive, as\u00ed como a la experiencia ofrecida durante su compra. Esto abarca no solo el empaque y la est\u00e9tica del producto, sino tambi\u00e9n la autenticidad y creatividad de la marca. COM Automotive busca ofrecer productos de alta calidad que satisfagan las necesidades de la industria del mercado de repuestos, aline\u00e1ndose con su Visi\u00f3n, Misi\u00f3n y Valores.  <\/div>\n<div><\/div>\n<div><strong>NOTAR:<\/strong><\/div>\n<div>C\u00f3digo de Protecci\u00f3n al Consumidor (CDC): La Ley N\u00b0 8.078, de 11 de septiembre de 1990, establece que la informaci\u00f3n proporcionada al consumidor debe ser clara y precisa. El art\u00edculo 31 del CDC exige que la publicidad y el etiquetado de los productos y servicios sean veraces y no induzcan a error al consumidor. Esto incluye asegurarse de que la informaci\u00f3n sobre la compatibilidad, la marca y las caracter\u00edsticas se describa correctamente para evitar malentendidos. El uso del t\u00e9rmino \u00abcompatible\u00bb tambi\u00e9n est\u00e1 regulado por los grandes mercados en el mercado para la catalogaci\u00f3n adecuada de productos y la aplicaci\u00f3n automotriz.   <\/div>\n","protected":false},"excerpt":{"rendered":"<p>8000.04AN-COM. Compat\u00edvel com: 231005R81A, F000BL04AN, F000BL04AF, AAK4526, IA0581, MG 241, 8EL725727001, IK2139, 800004AN. Marca: COM Automotive &#8211; Produto com Qualidade e Design Original  <\/p>\n","protected":false},"featured_media":27706,"comment_status":"open","ping_status":"closed","template":"","meta":[],"product_brand":[],"product_cat":[8109],"product_tag":[42034,42040,42038,42035,42033,42032,42037,42039,42036],"class_list":{"0":"post-27735","1":"product","2":"type-product","3":"status-publish","4":"has-post-thumbnail","6":"product_cat-alternador-es-2","7":"product_tag-231005r81a","8":"product_tag-800004an","9":"product_tag-8el725727001","10":"product_tag-aak4526","11":"product_tag-f000bl04af","12":"product_tag-f000bl04an","13":"product_tag-ia0581","14":"product_tag-ik2139","15":"product_tag-mg-241","17":"first","18":"instock","19":"taxable","20":"shipping-taxable","21":"purchasable","22":"product-type-simple"},"_links":{"self":[{"href":"https:\/\/com-automotive.com\/es\/wp-json\/wp\/v2\/product\/27735","targetHints":{"allow":["GET"]}}],"collection":[{"href":"https:\/\/com-automotive.com\/es\/wp-json\/wp\/v2\/product"}],"about":[{"href":"https:\/\/com-automotive.com\/es\/wp-json\/wp\/v2\/types\/product"}],"replies":[{"embeddable":true,"href":"https:\/\/com-automotive.com\/es\/wp-json\/wp\/v2\/comments?post=27735"}],"wp:featuredmedia":[{"embeddable":true,"href":"https:\/\/com-automotive.com\/es\/wp-json\/wp\/v2\/media\/27706"}],"wp:attachment":[{"href":"https:\/\/com-automotive.com\/es\/wp-json\/wp\/v2\/media?parent=27735"}],"wp:term":[{"taxonomy":"product_brand","embeddable":true,"href":"https:\/\/com-automotive.com\/es\/wp-json\/wp\/v2\/product_brand?post=27735"},{"taxonomy":"product_cat","embeddable":true,"href":"https:\/\/com-automotive.com\/es\/wp-json\/wp\/v2\/product_cat?post=27735"},{"taxonomy":"product_tag","embeddable":true,"href":"https:\/\/com-automotive.com\/es\/wp-json\/wp\/v2\/product_tag?post=27735"}],"curies":[{"name":"wp","href":"https:\/\/api.w.org\/{rel}","templated":true}]}}