{"id":27622,"date":"2026-01-07T09:19:51","date_gmt":"2026-01-07T12:19:51","guid":{"rendered":"https:\/\/com-automotive.com\/kit-regulador-compatible-con-1861924-para-avi147-avi150-scania-k440-k500-avi150\/"},"modified":"2026-01-07T09:19:51","modified_gmt":"2026-01-07T12:19:51","slug":"kit-regulador-compatible-con-1861924-para-avi147-avi150-scania-k440-k500-avi150","status":"publish","type":"product","link":"https:\/\/com-automotive.com\/es\/kit-regulador-compatible-con-1861924-para-avi147-avi150-scania-k440-k500-avi150\/","title":{"rendered":"Kit regulador compatible con 1861924 para Avi147\/Avi150 Scania K440 K500 AVI150<span class=\"product-sku\" style=\"display: block; font-size: 0.85em; color: #777; margin-top: 5px; margin-bottom: 5px;\">SKU: 8900.0993-COM<\/span>"},"content":{"rendered":"<h1><strong>COM-AUTOMOTIVE, producto con Calidad y Dise\u00f1o Original.<\/strong><\/h1>\n<p>Kit regulador compatible con 1861924 para Avi147\/Avi150 Scania K440 K500 AVI150<\/p>\n<h2>Preguntas m\u00e1s frecuentes<\/h2>\n<h3><strong>\u00bfCu\u00e1les son las referencias cruzadas de este producto de la marca COM Automotive?<\/strong><\/h3>\n<p>6530-993, 6530993, 89000993<\/p>\n<h2><strong>Tabla de aplicaci\u00f3n<\/strong><\/h2>\n<p>Alternador Avi147\/Avi150 Scania motor K440 K500.<br \/>\nAlternadores: 2470900, 2573973, 2911438, 570678, KD220551501, SX0001570718, SC0000573229, SC0000570718, GB250551501, 2920858, 2905970, 2853478, 2572595, 248165, 51230084, 3149616, OM18, 6530818, A150P224, AVI150P2104HP, AVI150P2115HP, AVI150P2124HP, A150P214, 80002124<\/p>\n<div><strong>ATENCI\u00d3N:<\/strong><\/div>\n<div>Recomendamos que la instalaci\u00f3n del producto sea realizada por un profesional capacitado y especializado.<\/div>\n<div>Somente realize a compra deste produto com a certeza que ele seja compat\u00edvel com seu ve\u00edculo, caso tenha d\u00favidas, n\u00e3o hesite em nos procurar. Nuestro horario de apertura es de lunes a viernes de 8 a 18 h.<\/div>\n<div><\/div>\n<div><strong>SOBRE NOSOTROS:<\/strong><\/div>\n<div>COM Automotive est\u00e1 especializada en piezas de autom\u00f3vil de dise\u00f1o original para el sector de la reparaci\u00f3n posventa, clientes industriales y fabricantes de veh\u00edculos especiales OEM.<\/div>\n<div>Nuestro equipo tiene m\u00e1s de 28 a\u00f1os de experiencia en la fabricaci\u00f3n y el suministro de piezas de automoci\u00f3n a escala mundial.<\/div>\n<div>Nuestra <strong>MISI\u00d3N <\/strong> es ofrecer productos de dise\u00f1o original con una calidad impecable y una sustituci\u00f3n personalizada.<\/div>\n<div>Nuestra <strong>VISI\u00d3N<\/strong> es promover el crecimiento y un valor inigualable para nuestros clientes.<\/div>\n<div><\/div>\n<div><strong>DISE\u00d1O ORIGINAL<\/strong><\/div>\n<div>El t\u00e9rmino \u00abDise\u00f1o Original\u00bb se refiere a la percepci\u00f3n \u00fanica e innovadora y a la propuesta de valor de los productos de COM Automotive, as\u00ed como a la experiencia ofrecida durante su compra. Esto abarca no solo el empaque y la est\u00e9tica del producto, sino tambi\u00e9n la autenticidad y creatividad de la marca. COM Automotive busca ofrecer productos de alta calidad que satisfagan las necesidades de la industria del mercado de repuestos, aline\u00e1ndose con su Visi\u00f3n, Misi\u00f3n y Valores.  <\/div>\n<div><\/div>\n<div><strong>NOTAR:<\/strong><\/div>\n<div>C\u00f3digo de Protecci\u00f3n al Consumidor (CDC): La Ley N\u00b0 8.078, de 11 de septiembre de 1990, establece que la informaci\u00f3n proporcionada al consumidor debe ser clara y precisa. El art\u00edculo 31 del CDC exige que la publicidad y el etiquetado de los productos y servicios sean veraces y no induzcan a error al consumidor. Esto incluye asegurarse de que la informaci\u00f3n sobre la compatibilidad, la marca y las caracter\u00edsticas se describa correctamente para evitar malentendidos. El uso del t\u00e9rmino \u00abcompatible\u00bb tambi\u00e9n est\u00e1 regulado por los grandes mercados en el mercado para la catalogaci\u00f3n adecuada de productos y la aplicaci\u00f3n automotriz.   <\/div>\n","protected":false},"excerpt":{"rendered":"<p>8900.0993-COM. Compatible con: 6530-993, 6530993, 89000993.  Marca: COM Automotive &#8211; Producto con calidad y dise\u00f1o originales.<\/p>\n","protected":false},"featured_media":27598,"comment_status":"open","ping_status":"closed","template":"","meta":[],"product_brand":[],"product_cat":[8489],"product_tag":[8661,33719,8659,8663,8671,8675,8665,8677,33723,33722,8667,41952,9020,41954,33735,41956,33720,9022,9024,9026,9027,33717,8669,33724,33716,33715,33714],"class_list":{"0":"post-27622","1":"product","2":"type-product","3":"status-publish","4":"has-post-thumbnail","6":"product_cat-regulador","7":"product_tag-2470900-es","8":"product_tag-248165-es","9":"product_tag-2572595-es","10":"product_tag-2573973-es","11":"product_tag-2853478-es","12":"product_tag-2905970-es","13":"product_tag-2911438-es","14":"product_tag-2920858-es","15":"product_tag-3149616-es","16":"product_tag-51230084-es","17":"product_tag-570678-es","18":"product_tag-6530-993","19":"product_tag-6530818-es","20":"product_tag-41954","21":"product_tag-80002124-es","22":"product_tag-41956","23":"product_tag-a150p214-es","24":"product_tag-a150p224-es","25":"product_tag-avi150p2104hp-es","26":"product_tag-avi150p2115hp-es","27":"product_tag-avi150p2124hp-es","28":"product_tag-gb250551501-es","29":"product_tag-kd220551501-es","30":"product_tag-om18-es","31":"product_tag-sc0000570718-es","32":"product_tag-sc0000573229-es","33":"product_tag-sx0001570718-es","35":"first","36":"instock","37":"taxable","38":"shipping-taxable","39":"purchasable","40":"product-type-simple"},"_links":{"self":[{"href":"https:\/\/com-automotive.com\/es\/wp-json\/wp\/v2\/product\/27622","targetHints":{"allow":["GET"]}}],"collection":[{"href":"https:\/\/com-automotive.com\/es\/wp-json\/wp\/v2\/product"}],"about":[{"href":"https:\/\/com-automotive.com\/es\/wp-json\/wp\/v2\/types\/product"}],"replies":[{"embeddable":true,"href":"https:\/\/com-automotive.com\/es\/wp-json\/wp\/v2\/comments?post=27622"}],"wp:featuredmedia":[{"embeddable":true,"href":"https:\/\/com-automotive.com\/es\/wp-json\/wp\/v2\/media\/27598"}],"wp:attachment":[{"href":"https:\/\/com-automotive.com\/es\/wp-json\/wp\/v2\/media?parent=27622"}],"wp:term":[{"taxonomy":"product_brand","embeddable":true,"href":"https:\/\/com-automotive.com\/es\/wp-json\/wp\/v2\/product_brand?post=27622"},{"taxonomy":"product_cat","embeddable":true,"href":"https:\/\/com-automotive.com\/es\/wp-json\/wp\/v2\/product_cat?post=27622"},{"taxonomy":"product_tag","embeddable":true,"href":"https:\/\/com-automotive.com\/es\/wp-json\/wp\/v2\/product_tag?post=27622"}],"curies":[{"name":"wp","href":"https:\/\/api.w.org\/{rel}","templated":true}]}}