{"id":27515,"date":"2025-12-29T16:52:37","date_gmt":"2025-12-29T19:52:37","guid":{"rendered":"https:\/\/com-automotive.com\/marcha-12v-compatible-3132n-para-ford-mercury-6277\/"},"modified":"2025-12-29T16:52:37","modified_gmt":"2025-12-29T19:52:37","slug":"marcha-12v-compatible-3132n-para-ford-mercury-6277","status":"publish","type":"product","link":"https:\/\/com-automotive.com\/es\/marcha-12v-compatible-3132n-para-ford-mercury-6277\/","title":{"rendered":"Marcha 12V compatible 3132N para Ford Mercury 62&gt;77<span class=\"product-sku\" style=\"display: block; font-size: 0.85em; color: #777; margin-top: 5px; margin-bottom: 5px;\">SKU: 6000.3132-COM<\/span>"},"content":{"rendered":"<h1><strong>COM-AUTOMOTIVE, producto con Calidad y Dise\u00f1o Original.<\/strong><\/h1>\n<p>Marcha 12V compatible 3132N para Ford Mercury 62&gt;77&gt;77<\/p>\n<h2>Preguntas m\u00e1s frecuentes<\/h2>\n<h3><strong>\u00bfCu\u00e1les son las referencias cruzadas de este producto de la marca COM Automotive?<\/strong><\/h3>\n<p>C5TF11001A, C5TZ11002A, C5TZ11002D, C7AF11001F, SA712, D0AF11001C, D2AF11001DA, SA661, SA661A, E2AF11001DA, D4TZ11002D, D5TF11001AA, D5TF11001DA, D6TF11001DA, D6TZ11002D, 10465077, 12304037, 19133777, 3132N, 3132N, 6000.3132-COM, 60003132-COM, 60003132<\/p>\n<h2><strong>Tabla de aplicaci\u00f3n<\/strong><\/h2>\n<p>Ford (1962-1977) Mercury (1962-1977)<\/p>\n<div><strong>ATENCI\u00d3N:<\/strong><\/div>\n<div>Recomendamos que la instalaci\u00f3n del producto sea realizada por un profesional capacitado y especializado.<\/div>\n<div>Somente realize a compra deste produto com a certeza que ele seja compat\u00edvel com seu ve\u00edculo, caso tenha d\u00favidas, n\u00e3o hesite em nos procurar. Nuestro horario de apertura es de lunes a viernes de 8 a 18 h.<\/div>\n<div><\/div>\n<div><strong>SOBRE NOSOTROS:<\/strong><\/div>\n<div>COM Automotive est\u00e1 especializada en piezas de autom\u00f3vil de dise\u00f1o original para el sector de la reparaci\u00f3n posventa, clientes industriales y fabricantes de veh\u00edculos especiales OEM.<\/div>\n<div>Nuestro equipo tiene m\u00e1s de 28 a\u00f1os de experiencia en la fabricaci\u00f3n y el suministro de piezas de automoci\u00f3n a escala mundial.<\/div>\n<div>Nuestra <strong>MISI\u00d3N <\/strong> es ofrecer productos de dise\u00f1o original con una calidad impecable y una sustituci\u00f3n personalizada.<\/div>\n<div>Nuestra <strong>VISI\u00d3N<\/strong> es promover el crecimiento y un valor inigualable para nuestros clientes.<\/div>\n<div><\/div>\n<div><strong>DISE\u00d1O ORIGINAL<\/strong><\/div>\n<div>El t\u00e9rmino \u00abDise\u00f1o Original\u00bb se refiere a la percepci\u00f3n \u00fanica e innovadora y a la propuesta de valor de los productos de COM Automotive, as\u00ed como a la experiencia ofrecida durante su compra. Esto abarca no solo el empaque y la est\u00e9tica del producto, sino tambi\u00e9n la autenticidad y creatividad de la marca. COM Automotive busca ofrecer productos de alta calidad que satisfagan las necesidades de la industria del mercado de repuestos, aline\u00e1ndose con su Visi\u00f3n, Misi\u00f3n y Valores.  <\/div>\n<div><\/div>\n<div><strong>NOTAR:<\/strong><\/div>\n<div>C\u00f3digo de Protecci\u00f3n al Consumidor (CDC): La Ley N\u00b0 8.078, de 11 de septiembre de 1990, establece que la informaci\u00f3n proporcionada al consumidor debe ser clara y precisa. El art\u00edculo 31 del CDC exige que la publicidad y el etiquetado de los productos y servicios sean veraces y no induzcan a error al consumidor. Esto incluye asegurarse de que la informaci\u00f3n sobre la compatibilidad, la marca y las caracter\u00edsticas se describa correctamente para evitar malentendidos. El uso del t\u00e9rmino \u00abcompatible\u00bb tambi\u00e9n est\u00e1 regulado por los grandes mercados en el mercado para la catalogaci\u00f3n adecuada de productos y la aplicaci\u00f3n automotriz.   <\/div>\n","protected":false},"excerpt":{"rendered":"<p>6000.3132-COM. Compat\u00edvel com: C5TF11001A, C5TZ11002A, C5TZ11002D, C7AF11001F, SA712, D0AF11001C, D2AF11001DA, SA661, SA661A, E2AF11001DA, D4TZ11002D, D5TF11001AA, D5TF11001DA, D6TF11001DA, D6TZ11002D, 10465077, 12304037, 19133777, 3132N, 3132N, 6000.3132-COM, 60003132-COM, 60003132.  Marca: COM Automotive &#8211; Producto con calidad y dise\u00f1o originales.<\/p>\n","protected":false},"featured_media":27329,"comment_status":"open","ping_status":"closed","template":"","meta":[],"product_brand":[],"product_cat":[8119],"product_tag":[],"class_list":{"0":"post-27515","1":"product","2":"type-product","3":"status-publish","4":"has-post-thumbnail","6":"product_cat-motor-de-arranque","8":"first","9":"instock","10":"taxable","11":"shipping-taxable","12":"purchasable","13":"product-type-simple"},"_links":{"self":[{"href":"https:\/\/com-automotive.com\/es\/wp-json\/wp\/v2\/product\/27515","targetHints":{"allow":["GET"]}}],"collection":[{"href":"https:\/\/com-automotive.com\/es\/wp-json\/wp\/v2\/product"}],"about":[{"href":"https:\/\/com-automotive.com\/es\/wp-json\/wp\/v2\/types\/product"}],"replies":[{"embeddable":true,"href":"https:\/\/com-automotive.com\/es\/wp-json\/wp\/v2\/comments?post=27515"}],"wp:featuredmedia":[{"embeddable":true,"href":"https:\/\/com-automotive.com\/es\/wp-json\/wp\/v2\/media\/27329"}],"wp:attachment":[{"href":"https:\/\/com-automotive.com\/es\/wp-json\/wp\/v2\/media?parent=27515"}],"wp:term":[{"taxonomy":"product_brand","embeddable":true,"href":"https:\/\/com-automotive.com\/es\/wp-json\/wp\/v2\/product_brand?post=27515"},{"taxonomy":"product_cat","embeddable":true,"href":"https:\/\/com-automotive.com\/es\/wp-json\/wp\/v2\/product_cat?post=27515"},{"taxonomy":"product_tag","embeddable":true,"href":"https:\/\/com-automotive.com\/es\/wp-json\/wp\/v2\/product_tag?post=27515"}],"curies":[{"name":"wp","href":"https:\/\/api.w.org\/{rel}","templated":true}]}}