{"id":27083,"date":"2025-11-28T12:18:24","date_gmt":"2025-11-28T15:18:24","guid":{"rendered":"https:\/\/com-automotive.com\/alternador-12v-180a-6pk-compatible-con-fgn18s144-para-mb-sprinter-c-class\/"},"modified":"2026-01-17T15:29:39","modified_gmt":"2026-01-17T18:29:39","slug":"alternador-12v-180a-6pk-compatible-con-fgn18s144-para-mb-sprinter-c-class","status":"publish","type":"product","link":"https:\/\/com-automotive.com\/es\/alternador-12v-180a-6pk-compatible-con-fgn18s144-para-mb-sprinter-c-class\/","title":{"rendered":"Alternador 12V 180A 6Pk compatible FGN18S144 para MB Sprinter clase C<span class=\"product-sku\" style=\"display: block; font-size: 0.85em; color: #777; margin-top: 5px; margin-bottom: 5px;\">SKU: 8000.0144-COM<\/span>"},"content":{"rendered":"<h1><strong>COM-AUTOMOTIVE, producto con Calidad y Dise\u00f1o Original.<\/strong><\/h1>\n<p>Alternador 12V 180A 6Pk compatible FGN18S144 para MB Sprinter clase C<\/p>\n<h2>Preguntas m\u00e1s frecuentes<\/h2>\n<h3><strong>\u00bfCu\u00e1les son las referencias cruzadas?<\/strong><\/h3>\n<p>0009067702, 000906770280, 0009068404, 906770280, 9067703, A0009067702, A000906770280, A0009068404, FGN18S144, 439818, 440472, 444753, FG18S123, FG18S128, FG18S144, FGN18S128, 439836, 440561, 2618301C, 20293N, FGN18S144-COM, 6000.0144-COM, 60000144-COM, 60000144, FGN18S144 , FGN18S144<\/p>\n<h2><strong>Tabla de aplicaci\u00f3n<\/strong><\/h2>\n<table style=\"height: 3662px;\" width=\"851\">\n<tbody>\n<tr>\n<td width=\"425\">C-CLASS (W204) C 180 CDI OM651.913 04.2010 &#8211; 03.2014<\/td>\n<\/tr>\n<tr>\n<td>C-CLASS (W204) C 200 CDI OM651.913 11.2009 &#8211; 03.2014<\/td>\n<\/tr>\n<tr>\n<td>C-CLASS (W204) C 220 CDI OM651.911 10.2008 &#8211; 01.2014<\/td>\n<\/tr>\n<tr>\n<td>C-CLASS (W204) C 220 CDI OM651.911 12.2008 &#8211; 01.2014<\/td>\n<\/tr>\n<tr>\n<td>C-CLASS (W204) C 250 CDI OM651.911 08.2008 &#8211; 01.2014<\/td>\n<\/tr>\n<tr>\n<td>C-CLASS (W204) C 250 CDI 4-matic OM651.912 01.2011 &#8211; 01.2014<\/td>\n<\/tr>\n<tr>\n<td>C-CLASS Coupe (C204) C 220 CDI OM651.911 06.2011 &#8211; &#8230;<\/td>\n<\/tr>\n<tr>\n<td>C-CLASS Coupe (C204) C 220 CDI OM651.911 06.2011 &#8211; &#8230;<\/td>\n<\/tr>\n<tr>\n<td>C-CLASS Coupe (C204) C 250 CDI OM651.911 06.2011 &#8211; &#8230;<\/td>\n<\/tr>\n<tr>\n<td>C-CLASS T-Model (S204) C 180 CDI OM651.913 04.2010 &#8211; 08.2014<\/td>\n<\/tr>\n<tr>\n<td>C-CLASS T-Model (S204) C 200 CDI OM651.913 08.2010 &#8211; 08.2014<\/td>\n<\/tr>\n<tr>\n<td>C-CLASS T-Model (S204) C 220 CDI OM651.911 12.2008 &#8211; 08.2014<\/td>\n<\/tr>\n<tr>\n<td>C-CLASS T-Model (S204) C 220 CDI OM651.911 12.2008 &#8211; 08.2014<\/td>\n<\/tr>\n<tr>\n<td>C-CLASS T-Model (S204) C 250 CDI OM651.911 01.2009 &#8211; 08.2014<\/td>\n<\/tr>\n<tr>\n<td>CLS (C218) CLS 220 BlueTEC \/ d OM651.924 05.2014 &#8211; 12.2017<\/td>\n<\/tr>\n<tr>\n<td>CLS (C218) CLS 250 BlueTEC \/ d 4- OM651.924 05.2014 &#8211; 12.2017<\/td>\n<\/tr>\n<tr>\n<td>CLS (C218) CLS 250 CDI \/ BlueTEC \/ OM651.924 04.2011 &#8211; 12.2017<\/td>\n<\/tr>\n<tr>\n<td>CLS Shooting Brake (X218) CLS 250 OM651.924 05.2014 &#8211; 12.2017<\/td>\n<\/tr>\n<tr>\n<td>CLS Shooting Brake (X218) CLS 250 OM651.924 10.2012 &#8211; 12.2017<\/td>\n<\/tr>\n<tr>\n<td>E-CLASS (W212) E 220 BlueTEC OM651.924 05.2014 &#8211; 12.2015<\/td>\n<\/tr>\n<tr>\n<td>E-CLASS (W212) E 220 BlueTEC 4- OM651.924 01.2015 &#8211; 12.2015<\/td>\n<\/tr>\n<tr>\n<td>E-CLASS (W212) E 220 CDI OM651.924 01.2009 &#8211; 12.2015<\/td>\n<\/tr>\n<tr>\n<td>E-CLASS (W212) E 220 CDI \/ BlueTEC OM651.924 01.2009 &#8211; 12.2016<\/td>\n<\/tr>\n<tr>\n<td>E-CLASS (W212) E 250 CDI \/ BlueTEC OM651.924 01.2009 &#8211; 12.2016<\/td>\n<\/tr>\n<tr>\n<td>E-CLASS (W212) E 250 CDI \/ BlueTEC OM651.924 01.2011 &#8211; 12.2015<\/td>\n<\/tr>\n<tr>\n<td>E-CLASS (W212) E 300 Hybrid \/ OM651.924 12.2011 &#8211; 12.2016<\/td>\n<\/tr>\n<tr>\n<td>E-CLASS Convertible (A207) E 220 OM651.911 05.2014 &#8211; 12.2016<\/td>\n<\/tr>\n<tr>\n<td>E-CLASS Convertible (A207) E 220 OM651.911 02.2010 &#8211; 12.2016<\/td>\n<\/tr>\n<tr>\n<td>E-CLASS Convertible (A207) E 220 OM651.911 01.2010 &#8211; 12.2016<\/td>\n<\/tr>\n<tr>\n<td>E-CLASS Convertible (A207) E 250 OM651.911 01.2010 &#8211; 12.2016<\/td>\n<\/tr>\n<tr>\n<td>CDI \/ BlueTEC \/ d (207.403,<\/td>\n<\/tr>\n<tr>\n<td>E-CLASS Coupe (C207) E 220 CDI OM651.911 02.2010 &#8211; 12.2014<\/td>\n<\/tr>\n<tr>\n<td>E-CLASS Coupe (C207) E 220 CDI \/ d OM651.911 01.2010 &#8211; 12.2016<\/td>\n<\/tr>\n<tr>\n<td>E-CLASS Coupe (C207) E 250 CDI \/ OM651.911 01.2009 &#8211; 12.2016<\/td>\n<\/tr>\n<tr>\n<td>E-CLASS T-Model (S212) E 200 CDI \/ OM651.925 11.2009 &#8211; 12.2016<\/td>\n<\/tr>\n<tr>\n<td>E-CLASS T-Model (S212) E 220 OM651.924 05.2015 &#8211; 12.2016<\/td>\n<\/tr>\n<tr>\n<td>E-CLASS T-Model (S212) E 220 OM651.924 12.2014 &#8211; 12.2016<\/td>\n<\/tr>\n<tr>\n<td>E-CLASS T-Model (S212) E 220 CDI OM651.924 08.2009 &#8211; 08.2014<\/td>\n<\/tr>\n<tr>\n<td>E-CLASS T-Model (S212) E 220 CDI \/ OM651.924 11.2009 &#8211; 12.2016<\/td>\n<\/tr>\n<tr>\n<td>E-CLASS T-Model (S212) E 250 CDI \/ OM651.924 11.2009 &#8211; 12.2016<\/td>\n<\/tr>\n<tr>\n<td>E-CLASS T-Model (S212) E 250 CDI \/ OM651.924 07.2010 &#8211; 12.2016<\/td>\n<\/tr>\n<tr>\n<td>E-CLASS T-Model (S212) E 300 OM651.924 12.2011 &#8211; 12.2016<\/td>\n<\/tr>\n<tr>\n<td>GLE (W166) 250 d (166.006) OM651.960 04.2015 &#8211; 10.2018<\/td>\n<\/tr>\n<tr>\n<td>GLE (W166) 250 d 4-matic (166.004) OM651.960 04.2015 &#8211; 10.2018<\/td>\n<\/tr>\n<tr>\n<td>GLK-CLASS (X204) 200 CDI (204.901) OM651.916 12.2013 &#8211; 06.2015<\/td>\n<\/tr>\n<tr>\n<td>GLK-CLASS (X204) 200 CDI (204.901) OM651.916 07.2010 &#8211; 06.2015<\/td>\n<\/tr>\n<tr>\n<td>GLK-CLASS (X204) 200 CDI (204.901) OM651.913 07.2010 &#8211; 06.2015<\/td>\n<\/tr>\n<tr>\n<td>GLK-CLASS (X204) 220 CDI (204.902) OM651.916 12.2008 &#8211; 06.2015<\/td>\n<\/tr>\n<tr>\n<td>GLK-CLASS (X204) 220 CDI (204.902) OM651.916 12.2008 &#8211; 06.2015<\/td>\n<\/tr>\n<tr>\n<td>M-CLASS (W166) ML 250 CDI \/ OM651.960 06.2011 &#8211; 12.2015<\/td>\n<\/tr>\n<tr>\n<td>MARCO POLO Camper (W447) 170 OM622.851 06.2020 &#8211; &#8230;<\/td>\n<\/tr>\n<tr>\n<td>MARCO POLO Camper (W447) 200 OM654.920 03.2019 &#8211; &#8230;<\/td>\n<\/tr>\n<tr>\n<td>MARCO POLO Camper (W447) 200 OM651.950 03.2015 &#8211; &#8230;<\/td>\n<\/tr>\n<tr>\n<td>MARCO POLO Camper (W447) 200 OM622.851 06.2020 &#8211; &#8230;<\/td>\n<\/tr>\n<tr>\n<td>MARCO POLO Camper (W447) 200 OM654.920 03.2019 &#8211; &#8230;<\/td>\n<\/tr>\n<tr>\n<td>MARCO POLO Camper (W447) 200 OM651.950 03.2015 &#8211; &#8230;<\/td>\n<\/tr>\n<tr>\n<td>MARCO POLO Camper (W447) 220 OM651.950 03.2015 &#8211; &#8230;<\/td>\n<\/tr>\n<tr>\n<td>MARCO POLO Camper (W447) 220 OM654.920 03.2019 &#8211; &#8230;<\/td>\n<\/tr>\n<tr>\n<td>MARCO POLO Camper (W447) 220 OM654.920 03.2019 &#8211; &#8230;<\/td>\n<\/tr>\n<tr>\n<td>MARCO POLO Camper (W447) 220 OM651.950 03.2015 &#8211; &#8230;<\/td>\n<\/tr>\n<tr>\n<td>MARCO POLO Camper (W447) 250 OM651.950 03.2015 &#8211; &#8230;<\/td>\n<\/tr>\n<tr>\n<td>MARCO POLO Camper (W447) 250 OM654.920 03.2019 &#8211; &#8230;<\/td>\n<\/tr>\n<tr>\n<td>MARCO POLO Camper (W447) 250 OM651.950 03.2015 &#8211; &#8230;<\/td>\n<\/tr>\n<tr>\n<td>MARCO POLO Camper (W447) 250 OM654.920 03.2019 &#8211; &#8230;<\/td>\n<\/tr>\n<tr>\n<td>MARCO POLO Camper (W447) 300 OM654.920 01.2021 &#8211; &#8230;<\/td>\n<\/tr>\n<tr>\n<td>MARCO POLO Camper (W447) 300 OM654.920 03.2019 &#8211; 12.2020<\/td>\n<\/tr>\n<tr>\n<td>MARCO POLO Camper (W447) 300 OM654.920 01.2021 &#8211; &#8230;<\/td>\n<\/tr>\n<tr>\n<td>MARCO POLO Camper (W447) 300 OM654.920 03.2019 &#8211; 12.2020<\/td>\n<\/tr>\n<tr>\n<td>SLC (R172) 250 d (172.404) OM651.980 01.2016 &#8211; 10.2017<\/td>\n<\/tr>\n<tr>\n<td>SLK (R172) 250 CDI \/ d (172.403) OM651.980 01.2012 &#8211; &#8230;<\/td>\n<\/tr>\n<tr>\n<td>SPRINTER 3-t Bus (B906) 210 CDI OM651.955 03.2009 &#8211; 12.2016<\/td>\n<\/tr>\n<tr>\n<td>SPRINTER 3-t Bus (B906) 210 CDI OM651.956 03.2009 &#8211; 12.2016<\/td>\n<\/tr>\n<tr>\n<td>SPRINTER 3-t Bus (B906) 211 CDI OM651.955 04.2016 &#8211; 12.2018<\/td>\n<\/tr>\n<tr>\n<td>SPRINTER 3-t Bus (B906) 211 CDI OM651.956 04.2016 &#8211; 12.2018<\/td>\n<\/tr>\n<tr>\n<td>SPRINTER 3-t Bus (B906) 211 CDI OM646.985 06.2006 &#8211; 12.2009<\/td>\n<\/tr>\n<tr>\n<td>SPRINTER 3-t Bus (B906) 213 CDI OM651.957 06.2006 &#8211; 12.2016<\/td>\n<\/tr>\n<tr>\n<td>SPRINTER 3-t Bus (B906) 213 CDI OM651.956 06.2006 &#8211; 12.2016<\/td>\n<\/tr>\n<tr>\n<td>SPRINTER 3-t Bus (B906) 213 CDI OM651.955 06.2006 &#8211; 12.2016<\/td>\n<\/tr>\n<tr>\n<td>SPRINTER 3-t Bus (B906) 214 CDI OM651.956 04.2016 &#8211; 12.2018<\/td>\n<\/tr>\n<tr>\n<td>SPRINTER 3-t Bus (B906) 214 CDI OM651.955 04.2016 &#8211; 12.2018<\/td>\n<\/tr>\n<tr>\n<td>SPRINTER 3-t Bus (B906) 215 CDI OM646.986 06.2006 &#8211; 12.2009<\/td>\n<\/tr>\n<tr>\n<td>SPRINTER 3-t Bus (B906) 215 CDI OM646.990 06.2006 &#8211; 12.2009<\/td>\n<\/tr>\n<tr>\n<td>SPRINTER 3-t Bus (B906) 215 CDI OM646.989 06.2006 &#8211; 12.2009<\/td>\n<\/tr>\n<tr>\n<td>SPRINTER 3-t Bus (B906) 216 M271.951 03.2009 &#8211; 12.2018<\/td>\n<\/tr>\n<tr>\n<td>SPRINTER 3-t Bus (B906) 216 CDI OM651.957 06.2009 &#8211; 12.2018<\/td>\n<\/tr>\n<tr>\n<td>SPRINTER 3-t Bus (B906) 216 CDI OM651.956 06.2009 &#8211; 12.2018<\/td>\n<\/tr>\n<tr>\n<td>SPRINTER 3-t Bus (B906) 216 CDI OM651.955 06.2009 &#8211; 12.2018<\/td>\n<\/tr>\n<tr>\n<td>SPRINTER 3-t Bus (B906) 224 M272.979 06.2006 &#8211; 12.2013<\/td>\n<\/tr>\n<tr>\n<td>SPRINTER 3-t Platform\/Chassis (B906) OM651.956 03.2009 &#8211; 12.2016<\/td>\n<\/tr>\n<tr>\n<td>SPRINTER 3-t Platform\/Chassis (B906) OM651.955 03.2009 &#8211; 12.2016<\/td>\n<\/tr>\n<tr>\n<td>SPRINTER 3-t Platform\/Chassis (B906) OM651.955 04.2016 &#8211; 12.2018<\/td>\n<\/tr>\n<tr>\n<td>SPRINTER 3-t Platform\/Chassis (B906) OM651.956 04.2016 &#8211; 12.2018<\/td>\n<\/tr>\n<\/tbody>\n<\/table>\n<div><strong>ATENCI\u00d3N:<\/strong><\/div>\n<div>Recomendamos que la instalaci\u00f3n del producto sea realizada por un profesional capacitado y especializado.<\/div>\n<div>Somente realize a compra deste produto com a certeza que ele seja compat\u00edvel com seu ve\u00edculo, caso tenha d\u00favidas, n\u00e3o hesite em nos procurar. Nuestro horario de apertura es de lunes a viernes de 8 a 18 h.<\/div>\n<div><\/div>\n<div><strong>SOBRE NOSOTROS:<\/strong><\/div>\n<div>COM Automotive est\u00e1 especializada en piezas de autom\u00f3vil de dise\u00f1o original para el sector de la reparaci\u00f3n posventa, clientes industriales y fabricantes de veh\u00edculos especiales OEM.<\/div>\n<div>Nuestro equipo tiene m\u00e1s de 28 a\u00f1os de experiencia en la fabricaci\u00f3n y el suministro de piezas de automoci\u00f3n a escala mundial.<\/div>\n<div>Nuestra <strong>MISI\u00d3N <\/strong> es ofrecer productos de dise\u00f1o original con una calidad impecable y una sustituci\u00f3n personalizada.<\/div>\n<div>Nuestra <strong>VISI\u00d3N<\/strong> es promover el crecimiento y un valor inigualable para nuestros clientes.<\/div>\n<div><\/div>\n<div><strong>NOTAR:<\/strong><\/div>\n<div>C\u00f3digo de Protecci\u00f3n al Consumidor (CDC): La Ley N\u00b0 8.078, de 11 de septiembre de 1990, establece que la informaci\u00f3n proporcionada al consumidor debe ser clara y precisa. El art\u00edculo 31 del CDC exige que la publicidad y el etiquetado de los productos y servicios sean veraces y no induzcan a error al consumidor.  Esto incluye asegurarse de que la informaci\u00f3n sobre la compatibilidad, la marca y las caracter\u00edsticas se describa correctamente para evitar malentendidos. El uso del t\u00e9rmino \u201ccompatible\u201d tambi\u00e9n est\u00e1 regulado por los grandes mercados en el mercado para la catalogaci\u00f3n adecuada de productos y aplicaciones automotrices<\/div>\n","protected":false},"excerpt":{"rendered":"<p>8000.0144-COM. Compatible con: 0009067702, 000906770280, 0009068404, 906770280, 9067703, A0009067702, A000906770280, A0009068404, FGN18S144, 439818, 440472, 444753, FG18S123, FG18S128, FG18S144, FGN18S128, 439836, 440561, 2618301C, 20293N, FGN18S144-COM, 6000.0144-COM, 60000144-COM, 60000144.  Marca: COM Automotive &#8211; Producto con calidad y dise\u00f1o originales.<\/p>\n","protected":false},"featured_media":27060,"comment_status":"open","ping_status":"closed","template":"","meta":[],"product_brand":[],"product_cat":[8109],"product_tag":[41449,41450,41451,41465,16127,41458,16132,41459,16133,41460,41467,41469,41468,41452,41453,41454,41455,41456,41461,41462,41463,41464,41457,41466],"class_list":{"0":"post-27083","1":"product","2":"type-product","3":"status-publish","4":"has-post-thumbnail","6":"product_cat-alternador-es-2","7":"product_tag-41449","8":"product_tag-41450","9":"product_tag-41451","10":"product_tag-20293n","11":"product_tag-2618301c-es","12":"product_tag-41458","13":"product_tag-439836-es","14":"product_tag-41459","15":"product_tag-440561-es","16":"product_tag-41460","17":"product_tag-6000-0144-com","18":"product_tag-41469","19":"product_tag-60000144-com","20":"product_tag-41452","21":"product_tag-41453","22":"product_tag-a0009067702","23":"product_tag-a000906770280","24":"product_tag-a0009068404","25":"product_tag-fg18s123","26":"product_tag-fg18s128","27":"product_tag-fg18s144","28":"product_tag-fgn18s128","29":"product_tag-fgn18s144","30":"product_tag-fgn18s144-com","32":"first","33":"instock","34":"taxable","35":"shipping-taxable","36":"purchasable","37":"product-type-simple"},"_links":{"self":[{"href":"https:\/\/com-automotive.com\/es\/wp-json\/wp\/v2\/product\/27083","targetHints":{"allow":["GET"]}}],"collection":[{"href":"https:\/\/com-automotive.com\/es\/wp-json\/wp\/v2\/product"}],"about":[{"href":"https:\/\/com-automotive.com\/es\/wp-json\/wp\/v2\/types\/product"}],"replies":[{"embeddable":true,"href":"https:\/\/com-automotive.com\/es\/wp-json\/wp\/v2\/comments?post=27083"}],"wp:featuredmedia":[{"embeddable":true,"href":"https:\/\/com-automotive.com\/es\/wp-json\/wp\/v2\/media\/27060"}],"wp:attachment":[{"href":"https:\/\/com-automotive.com\/es\/wp-json\/wp\/v2\/media?parent=27083"}],"wp:term":[{"taxonomy":"product_brand","embeddable":true,"href":"https:\/\/com-automotive.com\/es\/wp-json\/wp\/v2\/product_brand?post=27083"},{"taxonomy":"product_cat","embeddable":true,"href":"https:\/\/com-automotive.com\/es\/wp-json\/wp\/v2\/product_cat?post=27083"},{"taxonomy":"product_tag","embeddable":true,"href":"https:\/\/com-automotive.com\/es\/wp-json\/wp\/v2\/product_tag?post=27083"}],"curies":[{"name":"wp","href":"https:\/\/api.w.org\/{rel}","templated":true}]}}