{"id":27033,"date":"2025-11-25T13:48:51","date_gmt":"2025-11-25T16:48:51","guid":{"rendered":"https:\/\/com-automotive.com\/alternador-12v-150a-6pk-compatible-con-0121615016-para-porsche-911-3824cc-turbocharged-2013\/"},"modified":"2026-01-17T15:29:31","modified_gmt":"2026-01-17T18:29:31","slug":"alternador-12v-150a-6pk-compatible-con-0121615016-para-porsche-911-3824cc-turbocharged-2013","status":"publish","type":"product","link":"https:\/\/com-automotive.com\/es\/alternador-12v-150a-6pk-compatible-con-0121615016-para-porsche-911-3824cc-turbocharged-2013\/","title":{"rendered":"Alternador 12V 150A 6Pk compatible 0121615016 para Porsche 911 3824CC Turboalimentado 2013<span class=\"product-sku\" style=\"display: block; font-size: 0.85em; color: #777; margin-top: 5px; margin-bottom: 5px;\">SKU: 8000.5016-COM<\/span>"},"content":{"rendered":"<h1><strong>COM-AUTOMOTIVE, producto con Calidad y Dise\u00f1o Original.<\/strong><\/h1>\n<p>Alternador 12V 150A 6Pk compatible 0121615016 para Porsche 911 3824CC Turboalimentado 2013<\/p>\n<h2>Preguntas m\u00e1s frecuentes<\/h2>\n<h3><strong>\u00bfCu\u00e1les son las referencias cruzadas de este producto de la marca COM Automotive?<\/strong><\/h3>\n<p>9A160301200, 9A160301201, 9A1603012AX, 9A1603012X, 0121615016 , 0121615016 , 0121615016-COM, 8000.0016-COM, 80000016-COM, 80000016<\/p>\n<h2><strong>Tabla de aplicaci\u00f3n<\/strong><\/h2>\n<table style=\"height: 350px;\" width=\"749\">\n<tbody>\n<tr>\n<td width=\"596\">Porsche 911 2009-2012 H6 3.6L 3614cc Bosch IR\/IF, 150A<\/td>\n<\/tr>\n<tr>\n<td>Porsche 911 2011 H6 3.8L 3800cc Carrera 4S; Speedster; Carrera GTS; Targa 4S Bosch IR\/IF, 150A<\/td>\n<\/tr>\n<tr>\n<td>Porsche 911 2012 H6 3.8L 3800cc Exc GT3 Models Bosch IR\/IF, 150A<\/td>\n<\/tr>\n<tr>\n<td>Porsche 911 2009 H6 3.8L 3800cc Bosch IR\/IF, 150A<\/td>\n<\/tr>\n<tr>\n<td>Porsche 911 2010 H6 3.8L 3824cc Exc GT3 Models Bosch IR\/IF, 150A<\/td>\n<\/tr>\n<tr>\n<td>Porsche 911 2013 H6 3.8L 3824cc Turbocharged Bosch IR\/IF, 150A<\/td>\n<\/tr>\n<tr>\n<td>Porsche 911 2012 H6 3.8L 3824cc Bosch IR\/IF, 150A<\/td>\n<\/tr>\n<tr>\n<td>Porsche Boxster 2009-2012 H6 2.9L 2893cc Bosch IR\/IF, 150A<\/td>\n<\/tr>\n<tr>\n<td>Porsche Boxster 2009-2010 H6 3.4L 3387cc Bosch IR\/IF, 150A<\/td>\n<\/tr>\n<tr>\n<td>Porsche Boxster 2011-2012 H6 3.4L 3436cc Bosch IR\/IF, 150A<\/td>\n<\/tr>\n<tr>\n<td>Porsche Cayman 2009-2010 H6 2.9L 2893cc Bosch IR\/IF, 150A<\/td>\n<\/tr>\n<tr>\n<td>Porsche Cayman 2009-2010 H6 3.4L 3387cc Bosch IR\/IF, 150A<\/td>\n<\/tr>\n<\/tbody>\n<\/table>\n<div><strong>ATENCI\u00d3N:<\/strong><\/div>\n<div>Recomendamos que la instalaci\u00f3n del producto sea realizada por un profesional capacitado y especializado.<\/div>\n<div>Somente realize a compra deste produto com a certeza que ele seja compat\u00edvel com seu ve\u00edculo, caso tenha d\u00favidas, n\u00e3o hesite em nos procurar. Nuestro horario de apertura es de lunes a viernes de 8 a 18 h.<\/div>\n<div><\/div>\n<div><strong>SOBRE NOSOTROS:<\/strong><\/div>\n<div>COM Automotive est\u00e1 especializada en piezas de autom\u00f3vil de dise\u00f1o original para el sector de la reparaci\u00f3n posventa, clientes industriales y fabricantes de veh\u00edculos especiales OEM.<\/div>\n<div>Nuestro equipo tiene m\u00e1s de 28 a\u00f1os de experiencia en la fabricaci\u00f3n y el suministro de piezas de automoci\u00f3n a escala mundial.<\/div>\n<div>Nuestra <strong>MISI\u00d3N <\/strong> es ofrecer productos de dise\u00f1o original con una calidad impecable y una sustituci\u00f3n personalizada.<\/div>\n<div>Nuestra <strong>VISI\u00d3N<\/strong> es promover el crecimiento y un valor inigualable para nuestros clientes.<\/div>\n<div><\/div>\n<div><strong>DISE\u00d1O ORIGINAL<\/strong><\/div>\n<div>El t\u00e9rmino \u00abDise\u00f1o Original\u00bb se refiere a la percepci\u00f3n \u00fanica e innovadora y a la propuesta de valor de los productos de COM Automotive, as\u00ed como a la experiencia ofrecida durante su compra. Esto abarca no solo el empaque y la est\u00e9tica del producto, sino tambi\u00e9n la autenticidad y creatividad de la marca.  COM Automotive busca ofrecer productos de alta calidad que satisfagan las necesidades de la industria del mercado de repuestos, aline\u00e1ndose con su Visi\u00f3n, Misi\u00f3n y Valores.<\/div>\n<div><\/div>\n<div><strong>NOTAR:<\/strong><\/div>\n<div>C\u00f3digo de Protecci\u00f3n al Consumidor (CDC): La Ley N\u00b0 8.078, de 11 de septiembre de 1990, establece que la informaci\u00f3n proporcionada al consumidor debe ser clara y precisa. El art\u00edculo 31 del CDC exige que la publicidad y el etiquetado de los productos y servicios sean veraces y no induzcan a error al consumidor.  Esto incluye asegurarse de que la informaci\u00f3n sobre la compatibilidad, la marca y las caracter\u00edsticas se describa correctamente para evitar malentendidos. El uso del t\u00e9rmino &#8216;compatible&#8217; tambi\u00e9n est\u00e1 regulado por los grandes mercados del mercado para la catalogaci\u00f3n adecuada de productos y la aplicaci\u00f3n automotriz.<\/div>\n","protected":false},"excerpt":{"rendered":"<p>8000.5016-COM. Compatible con: 9A160301200, 9A160301201, 9A1603012AX, 9A1603012X, 0121615016, 0121615016, 0121615016-COM, 8000.5016-COM, 80005016-COM, 800005016.  Marca: COM Automotive &#8211; Producto con calidad y dise\u00f1o originales.<\/p>\n","protected":false},"featured_media":27175,"comment_status":"open","ping_status":"closed","template":"","meta":[],"product_brand":[],"product_cat":[8109],"product_tag":[41374,41375,43225,43229,43227,41370,41371,41372,41373],"class_list":{"0":"post-27033","1":"product","2":"type-product","3":"status-publish","4":"has-post-thumbnail","6":"product_cat-alternador-es-2","7":"product_tag-41374","8":"product_tag-0121615016-com","9":"product_tag-8000-5016-com","10":"product_tag-43229","11":"product_tag-80005016-com","12":"product_tag-9a160301200","13":"product_tag-9a160301201","14":"product_tag-9a1603012ax","15":"product_tag-9a1603012x","17":"first","18":"instock","19":"taxable","20":"shipping-taxable","21":"purchasable","22":"product-type-simple"},"_links":{"self":[{"href":"https:\/\/com-automotive.com\/es\/wp-json\/wp\/v2\/product\/27033","targetHints":{"allow":["GET"]}}],"collection":[{"href":"https:\/\/com-automotive.com\/es\/wp-json\/wp\/v2\/product"}],"about":[{"href":"https:\/\/com-automotive.com\/es\/wp-json\/wp\/v2\/types\/product"}],"replies":[{"embeddable":true,"href":"https:\/\/com-automotive.com\/es\/wp-json\/wp\/v2\/comments?post=27033"}],"wp:featuredmedia":[{"embeddable":true,"href":"https:\/\/com-automotive.com\/es\/wp-json\/wp\/v2\/media\/27175"}],"wp:attachment":[{"href":"https:\/\/com-automotive.com\/es\/wp-json\/wp\/v2\/media?parent=27033"}],"wp:term":[{"taxonomy":"product_brand","embeddable":true,"href":"https:\/\/com-automotive.com\/es\/wp-json\/wp\/v2\/product_brand?post=27033"},{"taxonomy":"product_cat","embeddable":true,"href":"https:\/\/com-automotive.com\/es\/wp-json\/wp\/v2\/product_cat?post=27033"},{"taxonomy":"product_tag","embeddable":true,"href":"https:\/\/com-automotive.com\/es\/wp-json\/wp\/v2\/product_tag?post=27033"}],"curies":[{"name":"wp","href":"https:\/\/api.w.org\/{rel}","templated":true}]}}