{"id":27032,"date":"2025-11-25T13:04:25","date_gmt":"2025-11-25T16:04:25","guid":{"rendered":"https:\/\/com-automotive.com\/polea-rueda-libre-compatible-con-2604126-para-alternador-tg23c017\/"},"modified":"2025-11-25T13:04:25","modified_gmt":"2025-11-25T16:04:25","slug":"polea-rueda-libre-compatible-con-2604126-para-alternador-tg23c017","status":"publish","type":"product","link":"https:\/\/com-automotive.com\/es\/polea-rueda-libre-compatible-con-2604126-para-alternador-tg23c017\/","title":{"rendered":"Polea Rueda Libre compatible con 2604126 para alternador TG23C017<span class=\"product-sku\" style=\"display: block; font-size: 0.85em; color: #777; margin-top: 5px; margin-bottom: 5px;\">SKU: 8500.4126-COM<\/span>"},"content":{"rendered":"<h1><strong>COM-AUTOMOTIVE, producto con Calidad y Dise\u00f1o Original.<\/strong><\/h1>\n<p>Polea Rueda Libre compatible con 2604126 para alternador TG23C017<\/p>\n<h2>Preguntas m\u00e1s frecuentes<\/h2>\n<h3><strong>\u00bfCu\u00e1les son las referencias cruzadas de este producto de la marca COM Automotive?<\/strong><\/h3>\n<p>6461550115, A1591500060, A2781500060, A6461550115, 2604126, 2604640, 353910, 353911, 5350168000, 535016810, F55290101, F55290102, F55290103, F55290104, F55290105, F55290106, F55290107, 2604126-COM, 8500.4126-COM, 85004126-COM, 85004126<\/p>\n<h2><strong>Tabla de aplicaci\u00f3n<\/strong><\/h2>\n<p>Polea Rueda Libre compatible con 2604126 para alternador TG23C017<\/p>\n<div><strong>ATENCI\u00d3N:<\/strong><\/div>\n<div>Recomendamos que la instalaci\u00f3n del producto sea realizada por un profesional capacitado y especializado.<\/div>\n<div>Solo realiza la compra de este producto con la certeza de que es compatible con tu veh\u00edculo, si tienes alguna duda, no dudes en ponerte en contacto con nosotros. Nuestro horario de apertura es de lunes a viernes de 8 a 18 h.<\/div>\n<div><\/div>\n<div><strong>NOTAR:<\/strong><\/div>\n<div>C\u00f3digo de Protecci\u00f3n al Consumidor (CDC): La Ley N\u00b0 8.078, de 11 de septiembre de 1990, establece que la informaci\u00f3n proporcionada al consumidor debe ser clara y precisa. El art\u00edculo 31 del CDC exige que la publicidad y el etiquetado de los productos y servicios sean veraces y no induzcan a error al consumidor. Esto incluye asegurarse de que la informaci\u00f3n sobre la compatibilidad, la marca y las caracter\u00edsticas se describa correctamente para evitar malentendidos. El uso del t\u00e9rmino \u00abcompatible\u00bb tambi\u00e9n est\u00e1 regulado por los grandes mercados en el mercado para la catalogaci\u00f3n adecuada de productos y la aplicaci\u00f3n automotriz.   <\/div>\n","protected":false},"excerpt":{"rendered":"<p>8500.4126-COM. Compat\u00edvel com: 6461550115, A1591500060, A2781500060, A6461550115, 2604126, 2604640, 353910, 353911, 5350168000, 535016810, F55290101, F55290102, F55290103, F55290104, F55290105, F55290106, F55290107, 2604126-COM, 8500.4126-COM, 85004126-COM, 85004126.  Marca: COM Automotive &#8211; Producto con calidad y dise\u00f1o originales.<\/p>\n","protected":false},"featured_media":26960,"comment_status":"open","ping_status":"closed","template":"","meta":[],"product_brand":[],"product_cat":[8488],"product_tag":[41350,41363,41351,41352,41353,41354,41355,41346,41364,41366,41365,41347,41348,41349,41356,41357,41358,41359,41360,41361,41362],"class_list":{"0":"post-27032","1":"product","2":"type-product","3":"status-publish","4":"has-post-thumbnail","6":"product_cat-polea","7":"product_tag-41350","8":"product_tag-2604126-com","9":"product_tag-41351","10":"product_tag-41352","11":"product_tag-41353","12":"product_tag-41354","13":"product_tag-41355","14":"product_tag-41346","15":"product_tag-8500-4126-com","16":"product_tag-41366","17":"product_tag-85004126-com","18":"product_tag-a1591500060","19":"product_tag-a2781500060","20":"product_tag-a6461550115","21":"product_tag-f55290101","22":"product_tag-f55290102","23":"product_tag-f55290103","24":"product_tag-f55290104","25":"product_tag-f55290105","26":"product_tag-f55290106","27":"product_tag-f55290107","29":"first","30":"instock","31":"taxable","32":"shipping-taxable","33":"purchasable","34":"product-type-simple"},"_links":{"self":[{"href":"https:\/\/com-automotive.com\/es\/wp-json\/wp\/v2\/product\/27032","targetHints":{"allow":["GET"]}}],"collection":[{"href":"https:\/\/com-automotive.com\/es\/wp-json\/wp\/v2\/product"}],"about":[{"href":"https:\/\/com-automotive.com\/es\/wp-json\/wp\/v2\/types\/product"}],"replies":[{"embeddable":true,"href":"https:\/\/com-automotive.com\/es\/wp-json\/wp\/v2\/comments?post=27032"}],"wp:featuredmedia":[{"embeddable":true,"href":"https:\/\/com-automotive.com\/es\/wp-json\/wp\/v2\/media\/26960"}],"wp:attachment":[{"href":"https:\/\/com-automotive.com\/es\/wp-json\/wp\/v2\/media?parent=27032"}],"wp:term":[{"taxonomy":"product_brand","embeddable":true,"href":"https:\/\/com-automotive.com\/es\/wp-json\/wp\/v2\/product_brand?post=27032"},{"taxonomy":"product_cat","embeddable":true,"href":"https:\/\/com-automotive.com\/es\/wp-json\/wp\/v2\/product_cat?post=27032"},{"taxonomy":"product_tag","embeddable":true,"href":"https:\/\/com-automotive.com\/es\/wp-json\/wp\/v2\/product_tag?post=27032"}],"curies":[{"name":"wp","href":"https:\/\/api.w.org\/{rel}","templated":true}]}}