{"id":27030,"date":"2025-11-25T13:04:20","date_gmt":"2025-11-25T16:04:20","guid":{"rendered":"https:\/\/com-automotive.com\/alternador-12v-150a-compatible-con-f000bl07e4-f000bl07e3-51947111-fiat\/"},"modified":"2025-11-25T13:04:20","modified_gmt":"2025-11-25T16:04:20","slug":"alternador-12v-150a-compatible-con-f000bl07e4-f000bl07e3-51947111-fiat","status":"publish","type":"product","link":"https:\/\/com-automotive.com\/es\/alternador-12v-150a-compatible-con-f000bl07e4-f000bl07e3-51947111-fiat\/","title":{"rendered":"Alternador 12V 150A compatible con F000BL07E4 F000BL07E3 51947111 Fiat<span class=\"product-sku\" style=\"display: block; font-size: 0.85em; color: #777; margin-top: 5px; margin-bottom: 5px;\">SKU: 8000.07E4-COM<\/span>"},"content":{"rendered":"<h1><strong>COM-AUTOMOTIVE, producto con Calidad y Dise\u00f1o Original.<\/strong><\/h1>\n<p>Alternador 12V 150A compatible con F000BL07E4 F000BL07E3 51947111 Fiat<\/p>\n<h2>Preguntas m\u00e1s frecuentes<\/h2>\n<h3><strong>\u00bfCu\u00e1les son las referencias cruzadas de este producto de la marca COM Automotive?<\/strong><\/h3>\n<p>51947111, F000BL07E3, F000BL07E4, F000BL07E4-COM, 8000.07E4-COM, 800007E4-COM, 800007E4<\/p>\n<h2><strong>Tabla de aplicaci\u00f3n<\/strong><\/h2>\n<table style=\"height: 934px;\" width=\"897\">\n<tbody>\n<tr>\n<td width=\"596\">FIAT PALIO EVO ATRACTIVE G-4, FIRE EVO 327 A 011 1.4 L 8V SOHC L4 FLEX, 2011-2020.<\/td>\n<\/tr>\n<tr>\n<td>FIAT FIORINO HARD WORKING G-5, FIRE EVO 327 A 011 1.4 L 8V SOHC L4 FLEX, 2016-2023.<\/td>\n<\/tr>\n<tr>\n<td>FIAT FIORINO VAN G-5, FIRE EVO 327 A 011 1.4 L 8V SOHC L4 FLEX, 2013-2023.<\/td>\n<\/tr>\n<tr>\n<td>FIAT UNO WAY G-1, FIRE EVO 327 A 011 1.4 L 8V SOHC L4 FLEX, 2010-2015.<\/td>\n<\/tr>\n<tr>\n<td>FIAT UNO SPORTING G-1, FIRE EVO 327 A 011 1.4 L 8V SOHC L4 FLEX, 2010-2015.<\/td>\n<\/tr>\n<tr>\n<td>FIAT GRAND SIENA ATTRACTIVE , FIRE EVO 327 A 011 1.4 L 8V SOHC L4 FLEX, 2017-2020.<\/td>\n<\/tr>\n<tr>\n<td>FIAT UNO ATRACTIVO G-1, FIRE EVO 327 A 011 1.4 L 8V SOHC L4 FLEX, 2010-2015.<\/td>\n<\/tr>\n<tr>\n<td>FIAT UNO ECONOMY G-1, FIRE EVO 327 A 011 1.4 L 8V SOHC L4 FLEX, 2012-2015.<\/td>\n<\/tr>\n<tr>\n<td>FIAT 500 EVO CULT FLEX , FIRE EVO 327 A 011 1.4 L 8V SOHC L4 FLEX, 2011-2015.<\/td>\n<\/tr>\n<tr>\n<td>FIAT UNO WAY G-2, FIRE EVO 327 A 011 1.4 L 8V SOHC L4 FLEX, 2014-2019.<\/td>\n<\/tr>\n<tr>\n<td>FIAT 500 EVO CULT DUALOGIC FLEX , FIRE EVO 327 A 011 1.4 L 8V SOHC L4 FLEX, 2011-2015.<\/td>\n<\/tr>\n<tr>\n<td>FIAT FIORINO ENDURANCE G-5, FIRE EVO 327 A 011 1.4 L 8V SOHC L4 FLEX, 2020-2023.<\/td>\n<\/tr>\n<tr>\n<td>FIAT SIENA 1.4 , FIRE EVO 327 A 011 1.4 L 8V SOHC L4 FLEX, 2020-2023.<\/td>\n<\/tr>\n<tr>\n<td>FIAT UNO WAY DUALOGIC G-2, FIRE EVO 327 A 011 1.4 L 8V SOHC L4 FLEX, 2014-2016.<\/td>\n<\/tr>\n<tr>\n<td>FIAT UNO EVOLUTION G-2, FIRE EVO 327 A 011 1.4 L 8V SOHC L4 FLEX, 2014-2016.<\/td>\n<\/tr>\n<tr>\n<td>FIAT UNO SPORTING G-2, FIRE EVO 327 A 011 1.4 L 8V SOHC L4 FLEX, 2014-2019.<\/td>\n<\/tr>\n<tr>\n<td>FIAT PALIO ATRACTIVO BEST SELLER G-4, FIRE EVO 327 A 011 1.4 L 8V SOHC L4 FLEX, 2014-2018.<\/td>\n<\/tr>\n<tr>\n<td>FIAT FIORINO WORKING G-5, FIRE EVO 327 A 011 1.4 L 8V SOHC L4 FLEX, 2020-2023.<\/td>\n<\/tr>\n<tr>\n<td>FIAT UNO SPORTING DUALOGIC G-2, FIRE EVO 327 A 011 1.4 L 8V SOHC L4 FLEX, 2014-2016.<\/td>\n<\/tr>\n<tr>\n<td>FIAT UNO VAN G-1, FIRE EVO 327 A 011 1.4 L 8V SOHC L4 FLEX, 2013-2015.<\/td>\n<\/tr>\n<tr>\n<td>FIAT 500 EVO CABRIO DUALOGIC , FIRE EVO 327 A 011 1.4 L 8V SOHC L4 FLEX, 2015-2016.<\/td>\n<\/tr>\n<tr>\n<td>FIAT 500 EVO CABRIO , FIRE EVO 327 A 011 1.4 L 8V SOHC L4 FLEX, 2015-2016.<\/td>\n<\/tr>\n<tr>\n<td>FIAT 500 CULT , FIRE EVO 327 A 011 1.4 L 8V SOHC L4 FLEX, 2015-2016.<\/td>\n<\/tr>\n<tr>\n<td>FIAT 500 CULT DUALOGIC , FIRE EVO 327 A 011 1.4 L 8V SOHC L4 FLEX, 2015-2016.<\/td>\n<\/tr>\n<tr>\n<td>FIAT FIORINO AMBULANCIA G-2, FIRE EVO 327 A 011 1.4 L 8V SOHC L4 FLEX, 2020-2023.<\/td>\n<\/tr>\n<tr>\n<td>FIAT 500 CULT G-1, FIRE EVO 327 A 011 1.4 L 8V SOHC L4 FLEX, 2020-2020.<\/td>\n<\/tr>\n<\/tbody>\n<\/table>\n<div><strong>ATENCI\u00d3N:<\/strong><\/div>\n<div>Recomendamos que la instalaci\u00f3n del producto sea realizada por un profesional capacitado y especializado.<\/div>\n<div>Solo realiza la compra de este producto con la certeza de que es compatible con tu veh\u00edculo, si tienes alguna duda, no dudes en ponerte en contacto con nosotros. Nuestro horario de apertura es de lunes a viernes de 8 a 18 h.<\/div>\n<div><\/div>\n<div><strong>SOBRE NOSOTROS:<\/strong><\/div>\n<div>COM Automotive est\u00e1 especializada en piezas de autom\u00f3vil de dise\u00f1o original para el sector de la reparaci\u00f3n posventa, clientes industriales y fabricantes de veh\u00edculos especiales OEM.<\/div>\n<div>Nuestro equipo tiene m\u00e1s de 28 a\u00f1os de experiencia en la fabricaci\u00f3n y el suministro de piezas de automoci\u00f3n a escala mundial.<\/div>\n<div>Nuestra <strong>MISI\u00d3N <\/strong> es ofrecer productos de dise\u00f1o original con una calidad impecable y una sustituci\u00f3n personalizada.<\/div>\n<div>Nuestra <strong>VISI\u00d3N<\/strong> es promover el crecimiento y un valor inigualable para nuestros clientes.<\/div>\n<div><\/div>\n<div><strong>NOTAR:<\/strong><\/div>\n<div>C\u00f3digo de Protecci\u00f3n al Consumidor (CDC): La Ley N\u00b0 8.078, de 11 de septiembre de 1990, establece que la informaci\u00f3n proporcionada al consumidor debe ser clara y precisa. El art\u00edculo 31 del CDC exige que la publicidad y el etiquetado de los productos y servicios sean veraces y no induzcan a error al consumidor. Esto incluye asegurarse de que la informaci\u00f3n sobre la compatibilidad, la marca y las caracter\u00edsticas se describa correctamente para evitar malentendidos. El uso del t\u00e9rmino \u00abcompatible\u00bb tambi\u00e9n est\u00e1 regulado por los grandes mercados en el mercado para la catalogaci\u00f3n adecuada de productos y la aplicaci\u00f3n automotriz.   <\/div>\n","protected":false},"excerpt":{"rendered":"<p>8000.07E4-COM. Compat\u00edvel com: 51947111, F000BL07E3, F000BL07E4, F000BL07E4-COM, 8000.07E4-COM, 800007E4-COM, 800007E4.  Marca: COM Automotive &#8211; Producto con calidad y dise\u00f1o originales.<\/p>\n","protected":false},"featured_media":26968,"comment_status":"open","ping_status":"closed","template":"","meta":[],"product_brand":[],"product_cat":[8109],"product_tag":[10358,41336,41338,41337,11912,11915,11916],"class_list":{"0":"post-27030","1":"product","2":"type-product","3":"status-publish","4":"has-post-thumbnail","6":"product_cat-alternador-es-2","7":"product_tag-51947111-es","8":"product_tag-8000-07e4-com","9":"product_tag-41338","10":"product_tag-800007e4-com","11":"product_tag-f000bl07e3-es","12":"product_tag-f000bl07e4-es","13":"product_tag-f000bl07e4-com-es","15":"first","16":"instock","17":"taxable","18":"shipping-taxable","19":"purchasable","20":"product-type-simple"},"_links":{"self":[{"href":"https:\/\/com-automotive.com\/es\/wp-json\/wp\/v2\/product\/27030","targetHints":{"allow":["GET"]}}],"collection":[{"href":"https:\/\/com-automotive.com\/es\/wp-json\/wp\/v2\/product"}],"about":[{"href":"https:\/\/com-automotive.com\/es\/wp-json\/wp\/v2\/types\/product"}],"replies":[{"embeddable":true,"href":"https:\/\/com-automotive.com\/es\/wp-json\/wp\/v2\/comments?post=27030"}],"wp:featuredmedia":[{"embeddable":true,"href":"https:\/\/com-automotive.com\/es\/wp-json\/wp\/v2\/media\/26968"}],"wp:attachment":[{"href":"https:\/\/com-automotive.com\/es\/wp-json\/wp\/v2\/media?parent=27030"}],"wp:term":[{"taxonomy":"product_brand","embeddable":true,"href":"https:\/\/com-automotive.com\/es\/wp-json\/wp\/v2\/product_brand?post=27030"},{"taxonomy":"product_cat","embeddable":true,"href":"https:\/\/com-automotive.com\/es\/wp-json\/wp\/v2\/product_cat?post=27030"},{"taxonomy":"product_tag","embeddable":true,"href":"https:\/\/com-automotive.com\/es\/wp-json\/wp\/v2\/product_tag?post=27030"}],"curies":[{"name":"wp","href":"https:\/\/api.w.org\/{rel}","templated":true}]}}