{"id":27024,"date":"2025-11-25T13:04:11","date_gmt":"2025-11-25T16:04:11","guid":{"rendered":"https:\/\/com-automotive.com\/regulador-28v-compatible-con-f00ma45252-para-scania-daf-mb-vw\/"},"modified":"2026-01-17T15:28:56","modified_gmt":"2026-01-17T18:28:56","slug":"regulador-28v-compatible-con-f00ma45252-para-scania-daf-mb-vw","status":"publish","type":"product","link":"https:\/\/com-automotive.com\/es\/regulador-28v-compatible-con-f00ma45252-para-scania-daf-mb-vw\/","title":{"rendered":"Regulador de 28V compatible con F00MA45252 para Scania DAF MB VW<span class=\"product-sku\" style=\"display: block; font-size: 0.85em; color: #777; margin-top: 5px; margin-bottom: 5px;\">SKU: 8100.0252L2-ECO<\/span>"},"content":{"rendered":"<h1><strong>COM-AUTOMOTIVE, producto con Calidad y Dise\u00f1o Original.<\/strong><\/h1>\n<p>Regulador econ\u00f3mico F00MA45252 compatible de 28V para Scania DAF MB VW<\/p>\n<h2>Preguntas m\u00e1s frecuentes<\/h2>\n<h3><strong>\u00bfCu\u00e1les son las referencias cruzadas de este producto de la marca COM Automotive?<\/strong><\/h3>\n<p>2532098, 1524009R, 51261017254, 51261017269, F00M145300, F00M144122, F00M144106, F00M144124, F00M145294, F00MA45254, F00MA45252, F00M144124, F00MA45251, F00M425205, 1986AE0104, F00M485232, F00M485251, F00M485230, F00M145300, F00M144122, F00M144106, F00M144124, F00M145294, F00MA45254, F00MA45252, F00M144124, F00MA45251, F00M425205, IK5308, GA300, IB5300, F00MA45252-COM, 8100.0252L2-COM, 81000252L2-COM, 81000252L2<\/p>\n<h2><strong>Tabla de aplicaci\u00f3n<\/strong><\/h2>\n<p>ALTERNADOR: F000.BL0.7C7<br \/>\n(VOLKSWAGEN CONSTELLATION 24-280 , MAN D08 36 280 D08 36 280 6.9 L 24V DOHC L6 DIESEL, 2011-2023.<br \/>\nVOLKSWAGEN 17.230 OD , MAN D08 34 230 D08 34 230 4.6 L 16V DOHC L4 DIESEL, 2012-2023.<br \/>\nVOLKSWAGEN CONSTELLATION 24-280 PRIME , MAN D08 36 280 D08 36 280 6.9 L 24V DOHC L6 DIESEL, 2015-2023.<br \/>\nVOLKSWAGEN CONSTELLATION 13-190 , MAN D08 34 190 D08 34 190 4.6 L 16V DOHC L4 DIESEL, 2012-2023.<br \/>\nVOLKSWAGEN 15.190 OD , MAN D08 34 190 D08 34 190 4.6 L 16V DOHC L4 DIESEL, 2012-2023.<br \/>\nVOLKSWAGEN CONSTELLATION 17-190 , MAN D08 34 190 D08 34 190 4.6 L 16V DOHC L4 DIESEL, 2012-2019.<br \/>\nVOLKSWAGEN 17.260 ODS , MAN D08 36 260 D08 36 260 6.9 L 24V DOHC L6 DIESEL, 2019-2023.<br \/>\nVOLKSWAGEN 15.230 OT LOW-ENTRY , MAN D08 34 230 D08 34 230 4.6 L 16V DOHC L4 DIESEL, 2014-2016.<br \/>\nVOLKSWAGEN OBRERO 17-190 , MAN D08 34 190 D08 34 190 4.6 L 16V SOHV L4 DIESEL, 2016-2019.<br \/>\nVOLKSWAGEN CONSTELLATION 30-280 , MAN D08 36 280 D08 36 280 6.9 L 24V DOHC L6 DIESEL, 2019-2019.<br \/>\nVOLKSWAGEN OBRERO 17-230 , MAN D08 34 225 D08 34 225 4.6 L 16V SOHV L4 DIESEL, 2016-2020.<br \/>\nVOLKSWAGEN CONSTELLATION 31-280 ADVANTECH , MAN D08 36 280 D08 36 280 6.9 L 24V DOHC L6 DIESEL, 2016-2019.<br \/>\nVOLKSWAGEN CONSTELLATION 17-190 , MAN D08 34 190 D08 34 190 4.6 L 16V SOHV L4 DIESEL, 2016-2016.<br \/>\nVOLKSWAGEN CONSTELLATION 17-280 T , MAN D08 36 280 D08 36 280 6.9 L 24V DOHC L6 DIESEL, 2017-2023.<br \/>\nVOLKSWAGEN 17.230 ODS , MAN D08 34 230 D08 34 230 4.6 L 16V DOHC L4 DIESEL, 2017-2018. )<\/p>\n<p>0124.555.166 \/ 0124.655.007<br \/>\n(SCANIA R 480 LA6X4 , SCANIA DC13 111 DC13 111 12.7 L 24V SOHV L6 DIESEL, 2012-2019.<\/p>\n<p>0124.655.047<br \/>\n(MERCEDES BENZ AXOR 1933\/36 , MERCEDES BENZ OM 926 LA OM 926 LA 7.2 L 18V SOHV L6 DIESEL, 2005-2012.<br \/>\nMERCEDES BENZ AXOR 1933\/36 , MERCEDES BENZ OM 926 LA BLUETEC 5 OM 926 LA 7.2 L 18V SOHV L6 DIESEL, 2012-2023.<br \/>\nMERCEDES BENZ AXOR 3344\/33 , MERCEDES BENZ OM 457 LA BLUETEC 5 OM 457 LA 12.0 L 24V SOHV L6 DIESEL, 2011-2023.<br \/>\nMERCEDES BENZ AXOR 3344\/48 , MERCEDES BENZ OM 457 LA BLUETEC 5 OM 457 LA 12.0 L 24V SOHV L6 DIESEL, 2011-2019.<br \/>\nMERCEDES BENZ AXOR 3344\/33 , MERCEDES BENZ OM 457 LA OM 457 LA 12.0 L 24V SOHV L6 DIESEL, 2005-2015.<br \/>\nMERCEDES BENZ AXOR 4144\/33 , MERCEDES BENZ OM 457 LA BLUETEC 5 OM 457 LA 12.0 L 24V SOHV L6 DIESEL, 2011-2023.<br \/>\nMERCEDES BENZ AXOR 4144 K , MERCEDES BENZ OM 457 LA OM 457 LA 12.0 L 24V SOHV L6 DIESEL, 2006-2015.<br \/>\nMERCEDES BENZ AXOR 3340 , MERCEDES BENZ OM 457 LA OM 457 LA 12.0 L 24V SOHV L6 DIESEL, 2005-2019.<br \/>\nMERCEDES BENZ AXOR 4140 K , MERCEDES BENZ OM 457 LA OM 457 LA 12.0 L 24V SOHV L6 DIESEL, 2006-2010. )<\/p>\n<p>0124.555.130<br \/>\n(MAN TGX 28-440 XL , MAN D26 76 440 D26 76 440 12.4 L 24V DOHC L6 DIESEL, 2013-2023.<br \/>\nMAN TGX 29-480 XL , MAN D26 76 480 D26 76 480 12,4 L 24V DOHC L6 DIESEL, 2016-2023.<br \/>\nMAN TGX 33-440 , MAN D26 76 440 D26 76 440 12,4 L 24V DOHC L6 DIESEL, 2012-2015.<br \/>\nMAN TGX 28-440 XLX , MAN D26 76 440 D26 76 440 12,4 L 24V DOHC L6 DIESEL, 2013-2019.<br \/>\nMAN TGX 29-480 XLX , MAN D26 76 480 D26 76 480 12.4 L 24V DOHC L6 DIESEL, 2016-2019.<br \/>\nMAN TGX 29-440 XL , MAN D26 76 440 D26 76 440 12,4 L 24V DOHC L6 DIESEL, 2012-2020.<br \/>\nMAN TGX 29-440 XLX , MAN D26 76 440 D26 76 440 12,4 L 24V DOHC L6 DIESEL, 2011-2018. )<\/p>\n<p>0124.655.015<br \/>\n(MAN TGX 28-440 XL , MAN D26 76 440 D26 76 440 12.4 L 24V DOHC L6 DIESEL, 2013-2023.<br \/>\nMAN TGX 29-480 XL , MAN D26 76 480 D26 76 480 12,4 L 24V DOHC L6 DIESEL, 2016-2023.<br \/>\nMAN TGX 33-440 , MAN D26 76 440 D26 76 440 12,4 L 24V DOHC L6 DIESEL, 2012-2015.<br \/>\nMAN TGX 28-440 XLX , MAN D26 76 440 D26 76 440 12,4 L 24V DOHC L6 DIESEL, 2013-2019.<br \/>\nMAN TGX 29-480 XLX , MAN D26 76 480 D26 76 480 12.4 L 24V DOHC L6 DIESEL, 2016-2019.<br \/>\nMAN TGX 29-440 XL , MAN D26 76 440 D26 76 440 12,4 L 24V DOHC L6 DIESEL, 2012-2020.<br \/>\nMAN TGX 29-440 XLX , MAN D26 76 440 D26 76 440 12,4 L 24V DOHC L6 DIESEL, 2011-2018. )<\/p>\n<p>0124.555.013<br \/>\n0124.555.034<br \/>\n0124.655.009<br \/>\nF000.BL0.72R<br \/>\nF000.BL0.7C8<br \/>\nMAN: 51.26101-7270<br \/>\nMAN: 51.26101-7271<br \/>\nSCANIA: 1763035<br \/>\nVW: 2R0 903 015 G<\/p>\n<div><strong>ATENCI\u00d3N:<\/strong><\/div>\n<div>Recomendamos que la instalaci\u00f3n del producto sea realizada por un profesional capacitado y especializado.<\/div>\n<div>Somente realize a compra deste produto com a certeza que ele seja compat\u00edvel com seu ve\u00edculo, caso tenha d\u00favidas, n\u00e3o hesite em nos procurar. Nuestro horario de apertura es de lunes a viernes de 8 a 18 h.<\/div>\n<div><\/div>\n<div><strong>SOBRE NOSOTROS:<\/strong><\/div>\n<div>COM Automotive est\u00e1 especializada en piezas de autom\u00f3vil de dise\u00f1o original para el sector de la reparaci\u00f3n posventa, clientes industriales y fabricantes de veh\u00edculos especiales OEM.<\/div>\n<div>Nuestro equipo tiene m\u00e1s de 28 a\u00f1os de experiencia en la fabricaci\u00f3n y el suministro de piezas de automoci\u00f3n a escala mundial.<\/div>\n<div>Nuestra <strong>MISI\u00d3N <\/strong> es ofrecer productos de dise\u00f1o original con una calidad impecable y una sustituci\u00f3n personalizada.<\/div>\n<div>Nuestra <strong>VISI\u00d3N<\/strong> es promover el crecimiento y un valor inigualable para nuestros clientes.<\/div>\n<div><\/div>\n<div><strong>DISE\u00d1O ORIGINAL<\/strong><\/div>\n<div>El t\u00e9rmino \u00abDise\u00f1o Original\u00bb se refiere a la percepci\u00f3n \u00fanica e innovadora y a la propuesta de valor de los productos de COM Automotive, as\u00ed como a la experiencia ofrecida durante su compra. Esto abarca no solo el empaque y la est\u00e9tica del producto, sino tambi\u00e9n la autenticidad y creatividad de la marca.  COM Automotive busca ofrecer productos de alta calidad que satisfagan las necesidades de la industria del mercado de repuestos, aline\u00e1ndose con su Visi\u00f3n, Misi\u00f3n y Valores.<\/div>\n<div><\/div>\n<div><strong>NOTAR:<\/strong><\/div>\n<div>C\u00f3digo de Protecci\u00f3n al Consumidor (CDC): La Ley N\u00b0 8.078, de 11 de septiembre de 1990, establece que la informaci\u00f3n proporcionada al consumidor debe ser clara y precisa. El art\u00edculo 31 del CDC exige que la publicidad y el etiquetado de los productos y servicios sean veraces y no induzcan a error al consumidor.  Esto incluye asegurarse de que la informaci\u00f3n sobre la compatibilidad, la marca y las caracter\u00edsticas se describa correctamente para evitar malentendidos. El uso del t\u00e9rmino &#8216;compatible&#8217; tambi\u00e9n est\u00e1 regulado por los grandes mercados del mercado para la catalogaci\u00f3n adecuada de productos y la aplicaci\u00f3n automotriz.<\/div>\n","protected":false},"excerpt":{"rendered":"<p>8100.0252L2-ECO. Compatible con: 2532098, 1524009R, 51261017254, 51261017269, F00M145300, F00M144122, F00M144106, F00M144124, F00M145294, F00MA45254, F00MA45252, F00M144124, F00MA45251, F00M425205, 1986AE0104, F00M485232, F00M485251, F00M485230, F00M145300, F00M144122, F00M144106, F00M144124, F00M145294, F00MA45254, F00MA45252, F00M144124, F00MA45251, F00M425205, IK5308, GA300, IB5300, F00MA45252-COM, 8100.0252L2-COM, 81000252L2-COM, 81000252L2.  Marca: COM Automotive &#8211; Producto con calidad y dise\u00f1o originales.<\/p>\n","protected":false},"featured_media":27025,"comment_status":"open","ping_status":"closed","template":"","meta":[],"product_brand":[],"product_cat":[8479],"product_tag":[40561,10435,40562,40557,41307,41310,41312,41311,12091,10448,12093,12095,12088,41308,40558,12082,41309,9676,10441,40560,12085,10446,40559,10444],"class_list":{"0":"post-27024","1":"product","2":"type-product","3":"status-publish","4":"has-post-thumbnail","6":"product_cat-uncategorized-es","7":"product_tag-1524009r","8":"product_tag-1986ae0104-es","9":"product_tag-40562","10":"product_tag-40557","11":"product_tag-41307","12":"product_tag-8100-0252l2-com","13":"product_tag-81000252l2","14":"product_tag-81000252l2-com","15":"product_tag-f00m144106-es","16":"product_tag-f00m144122-es","17":"product_tag-f00m144124-es","18":"product_tag-f00m145294-es","19":"product_tag-f00m145300-es","20":"product_tag-f00m425205","21":"product_tag-f00m485230","22":"product_tag-f00m485232-es","23":"product_tag-f00m485251","24":"product_tag-f00ma45251-es","25":"product_tag-f00ma45252-es","26":"product_tag-f00ma45252-com","27":"product_tag-f00ma45254-es","28":"product_tag-ga300-es","29":"product_tag-ib5300","30":"product_tag-ik5308-es","32":"first","33":"instock","34":"taxable","35":"shipping-taxable","36":"purchasable","37":"product-type-simple"},"_links":{"self":[{"href":"https:\/\/com-automotive.com\/es\/wp-json\/wp\/v2\/product\/27024","targetHints":{"allow":["GET"]}}],"collection":[{"href":"https:\/\/com-automotive.com\/es\/wp-json\/wp\/v2\/product"}],"about":[{"href":"https:\/\/com-automotive.com\/es\/wp-json\/wp\/v2\/types\/product"}],"replies":[{"embeddable":true,"href":"https:\/\/com-automotive.com\/es\/wp-json\/wp\/v2\/comments?post=27024"}],"wp:featuredmedia":[{"embeddable":true,"href":"https:\/\/com-automotive.com\/es\/wp-json\/wp\/v2\/media\/27025"}],"wp:attachment":[{"href":"https:\/\/com-automotive.com\/es\/wp-json\/wp\/v2\/media?parent=27024"}],"wp:term":[{"taxonomy":"product_brand","embeddable":true,"href":"https:\/\/com-automotive.com\/es\/wp-json\/wp\/v2\/product_brand?post=27024"},{"taxonomy":"product_cat","embeddable":true,"href":"https:\/\/com-automotive.com\/es\/wp-json\/wp\/v2\/product_cat?post=27024"},{"taxonomy":"product_tag","embeddable":true,"href":"https:\/\/com-automotive.com\/es\/wp-json\/wp\/v2\/product_tag?post=27024"}],"curies":[{"name":"wp","href":"https:\/\/api.w.org\/{rel}","templated":true}]}}