{"id":25552,"date":"2025-10-03T16:19:01","date_gmt":"2025-10-03T19:19:01","guid":{"rendered":"https:\/\/com-automotive.com\/?post_type=product&#038;p=25552"},"modified":"2026-01-17T15:28:37","modified_gmt":"2026-01-17T18:28:37","slug":"motor-de-arranque-12v-11t-7-5kw-compatible-con-3c4511001aa-para-ford-12000-1992","status":"publish","type":"product","link":"https:\/\/com-automotive.com\/es\/motor-de-arranque-12v-11t-7-5kw-compatible-con-3c4511001aa-para-ford-12000-1992\/","title":{"rendered":"Motor de arranque 12V 11T 7,5Kw compatible con 3C4511001AA para Ford 12000 1992&gt; (Frog)<span class=\"product-sku\" style=\"display: block; font-size: 0.85em; color: #777; margin-top: 5px; margin-bottom: 5px;\">SKU: 6000.1001-COM<\/span>"},"content":{"rendered":"<h1><strong>COM-AUTOMOTIVE, producto con Calidad y Dise\u00f1o Original.<\/strong><\/h1>\n<p>Motor de arranque 12V 11T 7,5Kw compatible con 3C4511001AA para Ford 12000 1992&gt; (sap\u00e3o)<\/p>\n<h2>Preguntas m\u00e1s frecuentes<\/h2>\n<h3><strong>\u00bfCu\u00e1les son las referencias cruzadas de este producto de la marca COM Automotive?<\/strong><\/h3>\n<p>0R5347, 3T2879, 3T3154, 4L9547, 4N0956, 5L4160, 5L4168, 5L4169, 5L5667, 5L5867, 8C3592, 8C3593, 8L6200, 8L8206, 9N0716, 9N0721, 9N716, OR5347, 195830, 603863R, 3603868R, 3C4511001AA, F7HT11001AC, F7HZ11002AB, 10461028, 10461055, 10479082, 1990391, 1990393, 1990426, 1990428, 1990484, 1993836, 323864, 10461474, 10479634, EURO 20691, M105R2518SE, M110R2603SE, M110R2603SE2D, M110R2616SEA, M125R2001SE, M125R2001SEPN, M125R2632SE, MS2500D, MS2507, 35261155, 35259880, 35260999, 35261120, 35262580 , DITA 20633, 3C4511001AA-COM, 6000.1001-COM, 60001001-COM, 60001001<\/p>\n<h2><strong>Tabla de aplicaci\u00f3n<\/strong><\/h2>\n<p>FORD F12000 motor Cummins B 5.9L 160 CV<br \/>\nFORD F14000 motor Cummins B 5.9L 160CV<\/p>\n<div><strong>ATENCI\u00d3N:<\/strong><\/div>\n<div>Recomendamos que la instalaci\u00f3n del producto sea realizada por un profesional capacitado y especializado.<\/div>\n<div>Somente realize a compra deste produto com a certeza que ele seja compat\u00edvel com seu ve\u00edculo, caso tenha d\u00favidas, n\u00e3o hesite em nos procurar. Nuestro horario de apertura es de lunes a viernes de 8 a 18 h.<\/div>\n<div><\/div>\n<div><strong>SOBRE NOSOTROS:<\/strong><\/div>\n<div>COM Automotive est\u00e1 especializada en piezas de autom\u00f3vil de dise\u00f1o original para el sector de la reparaci\u00f3n posventa, clientes industriales y fabricantes de veh\u00edculos especiales OEM.<\/div>\n<div>Nuestro equipo tiene m\u00e1s de 28 a\u00f1os de experiencia en la fabricaci\u00f3n y el suministro de piezas de automoci\u00f3n a escala mundial.<\/div>\n<div>Nuestra <strong>MISI\u00d3N <\/strong> es ofrecer productos de dise\u00f1o original con una calidad impecable y una sustituci\u00f3n personalizada.<\/div>\n<div>Nuestra <strong>VISI\u00d3N<\/strong> es promover el crecimiento y un valor inigualable para nuestros clientes.<\/div>\n<div><\/div>\n<div><strong>DISE\u00d1O ORIGINAL<\/strong><\/div>\n<div>El t\u00e9rmino \u00abDise\u00f1o Original\u00bb se refiere a la percepci\u00f3n \u00fanica e innovadora y a la propuesta de valor de los productos de COM Automotive, as\u00ed como a la experiencia ofrecida durante su compra. Esto abarca no solo el empaque y la est\u00e9tica del producto, sino tambi\u00e9n la autenticidad y creatividad de la marca.  COM Automotive busca ofrecer productos de alta calidad que satisfagan las necesidades de la industria del mercado de repuestos, aline\u00e1ndose con su Visi\u00f3n, Misi\u00f3n y Valores.<\/div>\n<div><\/div>\n<div><strong>NOTAR:<\/strong><\/div>\n<div>C\u00f3digo de Protecci\u00f3n al Consumidor (CDC): La Ley N\u00b0 8.078, de 11 de septiembre de 1990, establece que la informaci\u00f3n proporcionada al consumidor debe ser clara y precisa. El art\u00edculo 31 del CDC exige que la publicidad y el etiquetado de los productos y servicios sean veraces y no induzcan a error al consumidor.  Esto incluye asegurarse de que la informaci\u00f3n sobre la compatibilidad, la marca y las caracter\u00edsticas se describa correctamente para evitar malentendidos. El uso del t\u00e9rmino &#8216;compatible&#8217; tambi\u00e9n est\u00e1 regulado por los grandes mercados del mercado para la catalogaci\u00f3n adecuada de productos y la aplicaci\u00f3n automotriz.<\/div>\n","protected":false},"excerpt":{"rendered":"<p>6000.1001-COM. Compat\u00edvel com: 0R5347, 3T2879, 3T3154, 4L9547, 4N0956, 5L4160, 5L4168, 5L4169, 5L5667, 5L5867, 8C3592, 8C3593, 8L6200, 8L8206, 9N0716, 9N0721, 9N716, OR5347, 195830, 603863R, 3603868R, 3C4511001AA, F7HT11001AC, F7HZ11002AB, 10461028, 10461055, 10479082, 1990391, 1990393, 1990426, 1990428, 1990484, 1993836, 323864, 10461474, 10479634, EURO 20691, M105R2518SE, M110R2603SE, M110R2603SE2D, M110R2616SEA, M125R2001SE, M125R2001SEPN, M125R2632SE, MS2500D, MS2507, 35261155, 35259880, 35260999, 35261120, 35262580 , DITA 20633, 3C4511001AA-COM, 6000.1001-COM, 60001001-COM, 60001001.  Marca: COM Automotive &#8211; Producto con calidad y dise\u00f1o originales.<\/p>\n","protected":false},"featured_media":25285,"comment_status":"open","ping_status":"closed","template":"","meta":[],"product_brand":[],"product_cat":[8119],"product_tag":[40063,40087,40062,40102,40089,40103,40081,40091,40093,40095,40097,40099,40100,40101,40083,40084,40064,40065,40066,40067,40068,40069,40070,40071,40072,40082,40073,40074,40075,40076,40077,40078,40079,40104,40085,14839,40105,40106,40108,40109,40110,40111,40112,40113,40080],"class_list":{"0":"post-25552","1":"product","2":"type-product","3":"status-publish","4":"has-post-thumbnail","6":"product_cat-motor-de-arranque","7":"product_tag-0r5347","8":"product_tag-40087","9":"product_tag-40062","10":"product_tag-40102","11":"product_tag-40089","12":"product_tag-40103","13":"product_tag-40081","14":"product_tag-40091","15":"product_tag-40093","16":"product_tag-40095","17":"product_tag-40097","18":"product_tag-40099","19":"product_tag-40100","20":"product_tag-40101","21":"product_tag-3603868r","22":"product_tag-3c4511001aa","23":"product_tag-3t2879","24":"product_tag-3t3154","25":"product_tag-4l9547","26":"product_tag-4n0956","27":"product_tag-5l4160","28":"product_tag-5l4168","29":"product_tag-5l4169","30":"product_tag-5l5667","31":"product_tag-5l5867","32":"product_tag-603863r","33":"product_tag-8c3592","34":"product_tag-8c3593","35":"product_tag-8l6200","36":"product_tag-8l8206","37":"product_tag-9n0716","38":"product_tag-9n0721","39":"product_tag-9n716","40":"product_tag-euro-20691","41":"product_tag-f7ht11001ac","42":"product_tag-f7hz11002ab-es","43":"product_tag-m105r2518se","44":"product_tag-m110r2603se","45":"product_tag-m110r2603se2d","46":"product_tag-m110r2616sea","47":"product_tag-m125r2001se","48":"product_tag-m125r2001sepn","49":"product_tag-m125r2632se","50":"product_tag-ms2500d","51":"product_tag-or5347","53":"first","54":"instock","55":"taxable","56":"shipping-taxable","57":"purchasable","58":"product-type-simple"},"_links":{"self":[{"href":"https:\/\/com-automotive.com\/es\/wp-json\/wp\/v2\/product\/25552","targetHints":{"allow":["GET"]}}],"collection":[{"href":"https:\/\/com-automotive.com\/es\/wp-json\/wp\/v2\/product"}],"about":[{"href":"https:\/\/com-automotive.com\/es\/wp-json\/wp\/v2\/types\/product"}],"replies":[{"embeddable":true,"href":"https:\/\/com-automotive.com\/es\/wp-json\/wp\/v2\/comments?post=25552"}],"wp:featuredmedia":[{"embeddable":true,"href":"https:\/\/com-automotive.com\/es\/wp-json\/wp\/v2\/media\/25285"}],"wp:attachment":[{"href":"https:\/\/com-automotive.com\/es\/wp-json\/wp\/v2\/media?parent=25552"}],"wp:term":[{"taxonomy":"product_brand","embeddable":true,"href":"https:\/\/com-automotive.com\/es\/wp-json\/wp\/v2\/product_brand?post=25552"},{"taxonomy":"product_cat","embeddable":true,"href":"https:\/\/com-automotive.com\/es\/wp-json\/wp\/v2\/product_cat?post=25552"},{"taxonomy":"product_tag","embeddable":true,"href":"https:\/\/com-automotive.com\/es\/wp-json\/wp\/v2\/product_tag?post=25552"}],"curies":[{"name":"wp","href":"https:\/\/api.w.org\/{rel}","templated":true}]}}