{"id":24934,"date":"2025-09-22T15:29:28","date_gmt":"2025-09-22T18:29:28","guid":{"rendered":"https:\/\/com-automotive.com\/?post_type=product&#038;p=24934"},"modified":"2026-04-29T09:53:36","modified_gmt":"2026-04-29T12:53:36","slug":"partida-11131833","status":"publish","type":"product","link":"https:\/\/com-automotive.com\/es\/partida-11131833\/","title":{"rendered":"Motor de Partida 12V 10T compat\u00edvel com 11131833 para Jdeere<span class=\"product-sku\" style=\"display: block; font-size: 0.85em; color: #777; margin-top: 5px; margin-bottom: 5px;\">SKU: 6000.1833-COM<\/span>"},"content":{"rendered":"<h1><strong>COM-AUTOMOTIVE, produto com Qualidade e Design Original.<\/strong><\/h1>\n<p>Motor de Partida 12V 10T compat\u00edvel com 11131833 para Jdeere<\/p>\n<h2>Perguntas frequentes<\/h2>\n<h3><strong>Quais s\u00e3o as refer\u00eancias cruzadas para esse produto da marca COM Automotive?<\/strong><\/h3>\n<p>RE501347, RE501680, RE501689, RE501693, RE501713, RE502156, RE502196, RE506589, RE508736, RE516455, RE519568, RE551444, RE60641, RE62916, RE63010, SE501854, SE501869, IS1059, 11131833, MS430, ZEN 35046, 11131833-COM, 6000.1833-COM, 60001833-COM, 60001833<\/p>\n<h2><strong>Tabela de aplica\u00e7\u00e3o<\/strong><\/h2>\n<p>John Deere 5210 5310 5410 Tratores<\/p>\n<div><strong>ATEN\u00c7\u00c3O:<\/strong><\/div>\n<div>Recomendamos que a instala\u00e7\u00e3o do produto seja feita por um profissional treinado e especializado.<\/div>\n<div>Somente realize a compra deste produto com a certeza que ele seja compat\u00edvel com seu ve\u00edculo, caso tenha d\u00favidas, n\u00e3o hesite em nos procurar. O nosso hor\u00e1rio de atendimento \u00e9 de segunda \u00e0 sexta-feira das 08:00 \u00e0s 18:00hrs.<\/div>\n<div><\/div>\n<div><strong>SOBRE N\u00d3S:<\/strong><\/div>\n<div>A COM Automotive \u00e9 especialista em autope\u00e7as com design original para o setor de repara\u00e7\u00e3o Aftermarket, clientes industriais e fabricantes de ve\u00edculos especiais OEM.<\/div>\n<div>A nossa equipe possui mais de 28 anos de experi\u00eancia na fabrica\u00e7\u00e3o e fornecimento de pe\u00e7as automotivas em escala global.<\/div>\n<div>Nossa <strong>MISS\u00c3O<\/strong> \u00e9 de disponibilizar produtos de Design Original com qualidade impec\u00e1vel e substitui\u00e7\u00e3o \u201cum para um\u201d.<\/div>\n<div>Nossa <strong>VIS\u00c3O<\/strong> \u00e9 promover crescimento e valor incompar\u00e1vel aos nossos clientes.<\/div>\n<div><\/div>\n<div><strong>DESIGN ORIGINAL<\/strong><\/div>\n<div>O termo &#8216;Design Original&#8217; refere-se \u00e0 percep\u00e7\u00e3o e \u00e0 proposta de valor \u00fanicas e inovadoras dos produtos da COM Automotive, bem como \u00e0 experi\u00eancia oferecida durante a sua aquisi\u00e7\u00e3o. Isso abrange n\u00e3o apenas a embalagem e a est\u00e9tica do produto, mas tamb\u00e9m a autenticidade e a criatividade da marca. A COM Automotive busca oferecer produtos de alta qualidade que atendam \u00e0s necessidades do setor de aftermarket, alinhando-se \u00e0 sua Vis\u00e3o, Miss\u00e3o e Valores.<\/div>\n<div><\/div>\n<div><strong>AVISO:<\/strong><\/div>\n<div>C\u00f3digo de Defesa do Consumidor (CDC): A Lei n\u00ba 8.078, de 11 de setembro de 1990, estabelece que as informa\u00e7\u00f5es fornecidas ao consumidor devem ser claras e precisas. O artigo 31 do CDC exige que a publicidade e a rotulagem de produtos e servi\u00e7os sejam verdadeiras e n\u00e3o induzam o consumidor a erro. Isso inclui garantir que as informa\u00e7\u00f5es sobre compatibilidade, marca e caracter\u00edsticas estejam corretamente descritas para evitar enganos.\u00a0A utiliza\u00e7\u00e3o do termo &#8216;compat\u00edvel&#8217; tamb\u00e9m \u00e9 regulamentado por grandes marketplaces do mercado para apropriada cataloga\u00e7\u00e3o de produtos e aplica\u00e7\u00e3o automotiva.<\/div>\n","protected":false},"excerpt":{"rendered":"<p>6000.1833-COM. Compat\u00edvel com: RE501347, RE501680, RE501689, RE501693, RE501713, RE502156, RE502196, RE506589, RE508736, RE516455, RE519568, RE551444, RE60641, RE62916, RE63010, SE501854, SE501869, IS1059, 11131833, MS430, ZEN 35046, 11131833-COM, 6000.1833-COM, 60001833-COM, 60001833. Marca: COM Automotive &#8211; Produto com Qualidade e Design Original.<\/p>\n","protected":false},"featured_media":25025,"comment_status":"open","ping_status":"closed","template":"","meta":[],"product_brand":[],"product_cat":[52],"product_tag":[39263,39266,39267,39269,39268,39262,39264,39243,39245,39247,33123,39249,39251,39252,39253,39254,39255,39256,39257,39258,33127,39259,39260,39261,39265],"class_list":{"0":"post-24934","1":"product","2":"type-product","3":"status-publish","4":"has-post-thumbnail","6":"product_cat-motor-de-partida","7":"product_tag-39263","8":"product_tag-11131833-com","9":"product_tag-6000-1833-com","10":"product_tag-39269","11":"product_tag-60001833-com","12":"product_tag-is1059","13":"product_tag-ms430","14":"product_tag-re501347","15":"product_tag-re501680","16":"product_tag-re501689","17":"product_tag-re501693","18":"product_tag-re501713","19":"product_tag-re502156","20":"product_tag-re502196","21":"product_tag-re506589","22":"product_tag-re508736","23":"product_tag-re516455","24":"product_tag-re519568","25":"product_tag-re551444","26":"product_tag-re60641","27":"product_tag-re62916","28":"product_tag-re63010","29":"product_tag-se501854","30":"product_tag-se501869","31":"product_tag-zen-35046","33":"first","34":"instock","35":"taxable","36":"shipping-taxable","37":"purchasable","38":"product-type-simple"},"_links":{"self":[{"href":"https:\/\/com-automotive.com\/es\/wp-json\/wp\/v2\/product\/24934","targetHints":{"allow":["GET"]}}],"collection":[{"href":"https:\/\/com-automotive.com\/es\/wp-json\/wp\/v2\/product"}],"about":[{"href":"https:\/\/com-automotive.com\/es\/wp-json\/wp\/v2\/types\/product"}],"replies":[{"embeddable":true,"href":"https:\/\/com-automotive.com\/es\/wp-json\/wp\/v2\/comments?post=24934"}],"wp:featuredmedia":[{"embeddable":true,"href":"https:\/\/com-automotive.com\/es\/wp-json\/wp\/v2\/media\/25025"}],"wp:attachment":[{"href":"https:\/\/com-automotive.com\/es\/wp-json\/wp\/v2\/media?parent=24934"}],"wp:term":[{"taxonomy":"product_brand","embeddable":true,"href":"https:\/\/com-automotive.com\/es\/wp-json\/wp\/v2\/product_brand?post=24934"},{"taxonomy":"product_cat","embeddable":true,"href":"https:\/\/com-automotive.com\/es\/wp-json\/wp\/v2\/product_cat?post=24934"},{"taxonomy":"product_tag","embeddable":true,"href":"https:\/\/com-automotive.com\/es\/wp-json\/wp\/v2\/product_tag?post=24934"}],"curies":[{"name":"wp","href":"https:\/\/api.w.org\/{rel}","templated":true}]}}