{"id":24578,"date":"2025-09-15T16:21:40","date_gmt":"2025-09-15T19:21:40","guid":{"rendered":"https:\/\/com-automotive.com\/?post_type=product&#038;p=24578"},"modified":"2026-04-13T12:23:09","modified_gmt":"2026-04-13T15:23:09","slug":"alternador-11204639","status":"publish","type":"product","link":"https:\/\/com-automotive.com\/es\/alternador-11204639\/","title":{"rendered":"Alternador 12V 120A compat\u00edvel com 11204639 para Massey MF modernos<span class=\"product-sku\" style=\"display: block; font-size: 0.85em; color: #777; margin-top: 5px; margin-bottom: 5px;\">SKU: 8000.4639-COM<\/span>"},"content":{"rendered":"<h1><strong>COM-AUTOMOTIVE, produto com Qualidade e Design Original.<\/strong><\/h1>\n<p>Alternador 12V 120A compat\u00edvel com 11204639 para Massey MF modernos<\/p>\n<h2>Perguntas frequentes<\/h2>\n<h3><strong>Quais s\u00e3o as refer\u00eancias cruzadas para esse produto da marca COM Automotive?<\/strong><\/h3>\n<p>6220167M91, 6228056M91, 6228057M91, 6228058M91, 6306840M91, 6306841M91, 6306842M91, MG116, IA1382, 11204639, AAK4921, IA1382, 11204639, IA1522, 11204405, ZEN 45056, 11204639-COM, 8000.4639-COM, 80004639-COM, 80004639<\/p>\n<h2><strong>Tabela de aplica\u00e7\u00e3o<\/strong><\/h2>\n<p>Alternador 12V 120A compat\u00edvel com 11204639 para Massey MF modernos<\/p>\n<div><strong>ATEN\u00c7\u00c3O:<\/strong><\/div>\n<div>Recomendamos que a instala\u00e7\u00e3o do produto seja feita por um profissional treinado e especializado.<\/div>\n<div>Somente realize a compra deste produto com a certeza que ele seja compat\u00edvel com seu ve\u00edculo, caso tenha d\u00favidas, n\u00e3o hesite em nos procurar. O nosso hor\u00e1rio de atendimento \u00e9 de segunda \u00e0 sexta-feira das 08:00 \u00e0s 18:00hrs.<\/div>\n<div><\/div>\n<div><strong>SOBRE N\u00d3S:<\/strong><\/div>\n<div>A COM Automotive \u00e9 especialista em autope\u00e7as com design original para o setor de repara\u00e7\u00e3o Aftermarket, clientes industriais e fabricantes de ve\u00edculos especiais OEM.<\/div>\n<div>A nossa equipe possui mais de 28 anos de experi\u00eancia na fabrica\u00e7\u00e3o e fornecimento de pe\u00e7as automotivas em escala global.<\/div>\n<div>Nossa <strong>MISS\u00c3O<\/strong> \u00e9 de disponibilizar produtos de Design Original com qualidade impec\u00e1vel e substitui\u00e7\u00e3o \u201cum para um\u201d.<\/div>\n<div>Nossa <strong>VIS\u00c3O<\/strong> \u00e9 promover crescimento e valor incompar\u00e1vel aos nossos clientes.<\/div>\n<div><\/div>\n<div><strong>DESIGN ORIGINAL<\/strong><\/div>\n<div>O termo &#8216;Design Original&#8217; refere-se \u00e0 percep\u00e7\u00e3o e \u00e0 proposta de valor \u00fanicas e inovadoras dos produtos da COM Automotive, bem como \u00e0 experi\u00eancia oferecida durante a sua aquisi\u00e7\u00e3o. Isso abrange n\u00e3o apenas a embalagem e a est\u00e9tica do produto, mas tamb\u00e9m a autenticidade e a criatividade da marca. A COM Automotive busca oferecer produtos de alta qualidade que atendam \u00e0s necessidades do setor de aftermarket, alinhando-se \u00e0 sua Vis\u00e3o, Miss\u00e3o e Valores.<\/div>\n<div><\/div>\n<div><strong>AVISO:<\/strong><\/div>\n<div>C\u00f3digo de Defesa do Consumidor (CDC): A Lei n\u00ba 8.078, de 11 de setembro de 1990, estabelece que as informa\u00e7\u00f5es fornecidas ao consumidor devem ser claras e precisas. O artigo 31 do CDC exige que a publicidade e a rotulagem de produtos e servi\u00e7os sejam verdadeiras e n\u00e3o induzam o consumidor a erro. Isso inclui garantir que as informa\u00e7\u00f5es sobre compatibilidade, marca e caracter\u00edsticas estejam corretamente descritas para evitar enganos.\u00a0A utiliza\u00e7\u00e3o do termo &#8216;compat\u00edvel&#8217; tamb\u00e9m \u00e9 regulamentado por grandes marketplaces do mercado para apropriada cataloga\u00e7\u00e3o de produtos e aplica\u00e7\u00e3o automotiva.<\/div>\n","protected":false},"excerpt":{"rendered":"<p>8000.4639-COM. Compat\u00edvel com: 6220167M91, 6228056M91, 6228057M91, 6228058M91, 6306840M91, 6306841M91, 6306842M91, MG116, IA1382, 11204639, AAK4921, IA1382, 11204639, IA1522, 11204405, ZEN 45056, 11204639-COM, 8000.4639-COM, 80004639-COM, 80004639. Marca: COM Automotive &#8211; Produto com Qualidade e Design Original.<\/p>\n","protected":false},"featured_media":24603,"comment_status":"open","ping_status":"closed","template":"","meta":[],"product_brand":[],"product_cat":[51],"product_tag":[38360,38357,38362,38348,38349,38350,38351,38352,38353,38354,38363,38365,38364,38358,38356,38359,38355,38361],"class_list":{"0":"post-24578","1":"product","2":"type-product","3":"status-publish","4":"has-post-thumbnail","6":"product_cat-alternador","7":"product_tag-38360","8":"product_tag-38357","9":"product_tag-11204639-com","10":"product_tag-6220167m91","11":"product_tag-6228056m91","12":"product_tag-6228057m91","13":"product_tag-6228058m91","14":"product_tag-6306840m91","15":"product_tag-6306841m91","16":"product_tag-6306842m91","17":"product_tag-8000-4639-com","18":"product_tag-38365","19":"product_tag-80004639-com","20":"product_tag-aak4921","21":"product_tag-ia1382","22":"product_tag-ia1522","23":"product_tag-mg116","24":"product_tag-zen-45056","26":"first","27":"instock","28":"taxable","29":"shipping-taxable","30":"purchasable","31":"product-type-simple"},"_links":{"self":[{"href":"https:\/\/com-automotive.com\/es\/wp-json\/wp\/v2\/product\/24578","targetHints":{"allow":["GET"]}}],"collection":[{"href":"https:\/\/com-automotive.com\/es\/wp-json\/wp\/v2\/product"}],"about":[{"href":"https:\/\/com-automotive.com\/es\/wp-json\/wp\/v2\/types\/product"}],"replies":[{"embeddable":true,"href":"https:\/\/com-automotive.com\/es\/wp-json\/wp\/v2\/comments?post=24578"}],"wp:featuredmedia":[{"embeddable":true,"href":"https:\/\/com-automotive.com\/es\/wp-json\/wp\/v2\/media\/24603"}],"wp:attachment":[{"href":"https:\/\/com-automotive.com\/es\/wp-json\/wp\/v2\/media?parent=24578"}],"wp:term":[{"taxonomy":"product_brand","embeddable":true,"href":"https:\/\/com-automotive.com\/es\/wp-json\/wp\/v2\/product_brand?post=24578"},{"taxonomy":"product_cat","embeddable":true,"href":"https:\/\/com-automotive.com\/es\/wp-json\/wp\/v2\/product_cat?post=24578"},{"taxonomy":"product_tag","embeddable":true,"href":"https:\/\/com-automotive.com\/es\/wp-json\/wp\/v2\/product_tag?post=24578"}],"curies":[{"name":"wp","href":"https:\/\/api.w.org\/{rel}","templated":true}]}}