{"id":24539,"date":"2025-09-07T12:33:51","date_gmt":"2025-09-07T15:33:51","guid":{"rendered":"https:\/\/com-automotive.com\/alternador-12v-120a-compatible-con-494727-f000bl0643-compatible-con-b-ford\/"},"modified":"2025-09-07T12:33:51","modified_gmt":"2025-09-07T15:33:51","slug":"alternador-12v-120a-compatible-con-494727-f000bl0643-compatible-con-b-ford","status":"publish","type":"product","link":"https:\/\/com-automotive.com\/es\/alternador-12v-120a-compatible-con-494727-f000bl0643-compatible-con-b-ford\/","title":{"rendered":"Alternador 12V 120A compatible con 494727 F000BL0643 compatible con B Ford<span class=\"product-sku\" style=\"display: block; font-size: 0.85em; color: #777; margin-top: 5px; margin-bottom: 5px;\">SKU: 8000.4727-COM<\/span>"},"content":{"rendered":"<h1><strong>COM-AUTOMOTIVE, producto con Calidad y Dise\u00f1o Original.<\/strong><\/h1>\n<p>Alternador 12V 120A compatible con 494727 F000BL0643 compatible con B Ford<\/p>\n<h2>Preguntas m\u00e1s frecuentes<\/h2>\n<h3><strong>\u00bfCu\u00e1les son las referencias cruzadas de este producto de la marca COM Automotive?<\/strong><\/h3>\n<p>CN1510300AB, 04C903023P, CN1510300BA, CN1510300BB, CN1510300BC, CN1510300CA, CN1510300CB, DN1510300AA, DN1510300AB, F000BL06Z0 CN1510300A, F000BL0643, F000BL06Y0, F000BL06Z0, 494727, TG12C123, TG12C126, TG12C231, 494727-COM, 8000.4727-COM, 80004727-COM, 80004727<\/p>\n<h2><strong>Tabla de aplicaci\u00f3n<\/strong><\/h2>\n<p>FORD FIESTA SE G-3, SIGMA TIVCT 1.6 L 16V DOHC L4 FLEX, 2011-2018.<br \/>\nFORD ECOSPORT FREESTYLE G-2, SIGMA TIVCT 1.6 L 16V DOHC L4 FLEX, 2012-2019.<br \/>\nFORD FOCUS GLX G-2, SIGMA TIVCT 1.6 L 16V DOHC L4 FLEX, 2010-2013.<br \/>\nFORD FIESTA SED\u00c1N SE G-3, SIGMA TIVCT 1.6 L 16V DOHC L4 FLEX, 2010-2015.<br \/>\nFORD ECOSPORT FREESTYLE PLUS G-2, SIGMA TIVCT 1.6 L 16V DOHC L4 FLEX, 2012-2015.<br \/>\nFORD ECOSPORT SE G-2, SIGMA TIVCT 1.6 L 16V DOHC L4 FLEX, 2012-2018.<br \/>\nFORD FIESTA SE POWERSHIFT G-3, SIGMA TIVCT 1.6 L 16V DOHC L4 FLEX, 2013-2019.<br \/>\nFORD ECOSPORT XLT G-1, DURATEC HE 2.0 L 16V DOHC L4 FLEX, 2009-2012.<br \/>\nFORD FIESTA TITANIUM G-3, SIGMA TIVCT 1.6 L 16V DOHC L4 FLEX, 2013-2019.<br \/>\nFORD FIESTA TITANIUM POWERSHIFT G-3, SIGMA TIVCT 1.6 L 16V DOHC L4 FLEX, 2013-2015.<br \/>\nFORD ECOSPORT XLT G-1, DURATEC HE FPJA 2.0 L 16V DOHC L4 GASOLINA, 2003-2009.<br \/>\nFORD ECOSPORT TITANIUM PLUS POWERSHIFT G-2, DURATEC 2.0 L 16V DOHC L4 FLEX, 2012-2015.<br \/>\nFORD FOCUS SE POWERSHIFT G-3, DURATEC 2.0 L 16V DOHC L4 FLEX, 2013-2020.<br \/>\nFORD FOCUS GLX , DURATEC HE 2.0 L 16V DOHC L4 FLEX, 2010-2013.<br \/>\nFORD ECOSPORT FREESTYLE 4WD PLUS 2.0 G-2, DURATEC 2.0 L 16V DOHC L4 FLEX, 2012-2018.<br \/>\nFORD ECOSPORT TITANIUM EN G-2, DURATEC 2.0 L 16V DOHC L4 FLEX, 2012-2018.<br \/>\nFORD FOCUS GLX G-2, DURATEC HE 2.0 L 16V DOHC L4 FLEX, 2011-2013.<br \/>\nFORD ECOSPORT SE POWERSHIFT G-2, SIGMA TIVCT 1.6 L 16V DOHC L4 FLEX, 2016-2019.<br \/>\nFORD ECOSPORT FREESTYLE PLUS POWERSHIFT G-2, SIGMA TIVCT 1.6 L 16V DOHC L4 FLEX, 2016-2020.<br \/>\nFORD FIESTA TITANIUM AT G-3, SIGMA TIVCT 1.6 L 16V DOHC L4 FLEX, 2013-2019.<br \/>\nFORD ECOSPORT FREESTYLE POWERSHIFT G-2, SIGMA TIVCT 1.6 L 16V DOHC L4 FLEX, 2016-2020.<br \/>\nFORD ECOSPORT TITANIUM G-2, SIGMA TIVCT 1.6 L 16V DOHC L4 FLEX, 2012-2019.<br \/>\nFORD FOCUS S G-3, SIGMA TIVCT 1.6 L 16V DOHC L4 FLEX, 2013-2015.<br \/>\nFORD ECOSPORT FREESTYLE 4WD G-2, DURATEC 2.0 L 16V DOHC L4 FLEX, 2012-2015.<br \/>\nFORD FOCUS SE PLUS POWERSHIFT G-3, DURATEC 2.0 L 16V DOHC L4 FLEX, 2013-2018.<br \/>\nFORD FIESTA SE ESTILO G-3, SIGMA TIVCT 1.6 L 16V DOHC L4 FLEX, 2016-2018.<br \/>\nFORD FOCUS SE G-3, SIGMA TIVCT 1.6 L 16V DOHC L4 FLEX, 2013-2015.<br \/>\nFORD FIESTA TITANIUM PLUS AT G-3, SIGMA TIVCT 1.6 L 16V DOHC L4 FLEX, 2016-2019.<br \/>\nFORD FIESTA SEL G-3, SIGMA TIVCT 1.6 L 16V DOHC L4 FLEX, 2016-2019.<br \/>\nFORD FOCUS S POWERSHIFT G-3, DURATEC 2.0 L 16V DOHC L4 FLEX, 2013-2018.<br \/>\nFORD ECOSPORT STORM G-3, DURATEC 2.0 L 16V DOHC L4 FLEX, 2019-2021.<br \/>\nFORD FOCUS SE G-4, SIGMA TIVCT 1.6 L 16V DOHC L4 FLEX, 2015-2019.<br \/>\nFORD FOCUS GHIA G-2, DURATEC HE 2.0 L 16V DOHC L4 FLEX, 2010-2013.<br \/>\nFORD ECOSPORT SE 2.0 AT. G-2, DURATEC 2.0 L 16V DOHC L4 FLEX, 2012-2019.<br \/>\nFORD FOCUS TITANIUM EN G-4, DURATEC 2.0 L 16V DOHC L4 FLEX, 2015-2020.<br \/>\nFORD FOCUS NEW GLX, SIGMA TIVCT 1.6 L 16V DOHC L4 FLEX, 2010-2015.<br \/>\nFORD FIESTA SEL AT G-3, SIGMA TIVCT 1.6 L 16V DOHC L4 FLEX, 2016-2018.<br \/>\nFORD FOCUS SE PLUS 2.0 AT G-4, DURATEC 2.0 L 16V DOHC L4 FLEX, 2015-2020.<br \/>\nFORD ECOSPORT S G-2, SIGMA TIVCT 1.6 L 16V DOHC L4 FLEX, 2012-2015.<br \/>\nFORD FOCUS SE PLUS G-4, SIGMA TIVCT 1.6 L 16V DOHC L4 FLEX, 2015-2020.<br \/>\nFORD FOCUS TITANIUM POWERSHIFT G-3, DURATEC 2.0 L 16V DOHC L4 FLEX, 2013-2015.<br \/>\nFORD FOCUS GL , SIGMA TIVCT 1.6 L 16V DOHC L4 FLEX, 2010-2012.<br \/>\nFORD FOCUS S POWERSHIFT G-3, SIGMA TIVCT 1.6 L 16V DOHC L4 FLEX, 2013-2015.<br \/>\nFORD FOCUS SE POWERSHIFT G-3, SIGMA TIVCT 1.6 L 16V DOHC L4 FLEX, 2013-2015.<br \/>\nFORD FIESTA SEL ESTILO G-3, SIGMA TIVCT 1.6 L 16V DOHC L4 FLEX, 2016-2018.<br \/>\nFORD ECOSPORT 4WD G-1, DURATEC FPJA 2.0 L 16V DOHC L4 GASOLINA, 2004-2009.<br \/>\nFORD ECOSPORT TITANIUM 2.0 AT G-3, DURATEC 2.0 L 16V DOHC L4 FLEX, 2017-2021.<br \/>\nFORD FIESTA TITANIUM PLUS , SIGMA TIVCT 1.6 L 16V DOHC L4 FLEX, 2014-2019.<br \/>\nFORD FIESTA TITANIUM PLUS G-3, SIGMA TIVCT 1.6 L 16V DOHC L4 FLEX, 2015-2019.<br \/>\nFORD FIESTA SPORT G-3, SIGMA TIVCT 1.6 L 16V DOHC L4 FLEX, 2015-2016.<br \/>\nFORD ECOSPORT FREESTYLE 2.0 POWERSHIFT G-2, DURATEC 2.0 L 16V DOHC L4 FLEX, 2014-2015.<br \/>\nFORD FOCUS TITANIUM PLUS POWERSHIFT 2.0 G-4, DURATEC 2.0 L 16V DOHC L4 FLEX, 2015-2019.<br \/>\nFORD ECOSPORT XLS G-1, DURATEC HE FPJA 2.0 L 16V DOHC L4 GASOLINA, 2006-2009.<br \/>\nFORD ECOSPORT FREESTYLE PLUS POWERSHIFT G-2, DURATEC FPJA 2.0 L 16V DOHC L4 FLEX, 2015-2015.<br \/>\nFORD FOCUS TITANIUM PLUS POWERSHIFT G-3, DURATEC 2.0 L 16V DOHC L4 FLEX, 2013-2018.<br \/>\nFORD FOCUS TITANIUM SEDAN MT , DURATEC HE 2.0 L 16V DOHC L4 FLEX, 2012-2013.<br \/>\nFORD ECOSPORT 4WD G-1, DURATEC HE 2.0 L 16V DOHC L4 FLEX, 2009-2012.<br \/>\nFORD FIESTA SE G-4, SIGMA TIVCT 1.6 L 16V DOHC L4 FLEX, 2019-2020.<br \/>\nFORD ECOSPORT XLT 4X4 G-1, DURATEC FPJA 2.0 L 16V DOHC L4 GASOLINA, 2006-2009.<br \/>\nFORD FOCUS GHIA , DURATEC HE 2.0 L 16V DOHC L4 FLEX, 2010-2011.<br \/>\nFORD ECOSPORT XLS G-1, DURATEC HE 2.0 L 16V DOHC L4 FLEX, 2009-2020.<br \/>\nFORD FOCUS GLX AUT , DURATEC HE 2.0 L 16V DOHC L4 FLEX, 2012-2013.<br \/>\nFORD ECOSPORT XL G-1, DURATEC HE 2.0 L 16V DOHC L4 FLEX, 2009-2012.<br \/>\nFORD FIESTA SE ESTILO G-4, SIGMA TIVCT 1.6 L 16V DOHC L4 FLEX, 2019-2019.<br \/>\nFORD FIESTA SEL G-4, SIGMA TIVCT 1.6 L 16V DOHC L4 FLEX, 2019-2019.<br \/>\nFORD ECOSPORT SE DIRECT POWERSHIFT G-2, SIGMA TIVCT 1.6 L 16V DOHC L4 FLEX, 2017-2018.<br \/>\nFORD FOCUS FASTBACK SE 2.0 POWERSHIFT G-4, DURATEC 2.0 L 16V DOHC L4 FLEX, 2019-2019.<br \/>\nFORD FOCUS NEW GL, SIGMA TIVCT 1.6 L 16V DOHC L4 FLEX, 2010-2014.<br \/>\nFORD FIESTA SE EN. G-3, SIGMA TIVCT 1.6 L 16V DOHC L4 FLEX, 2013-2016.<br \/>\nFORD FOCUS TITANIUM , DURATEC HE 2.0 L 16V DOHC L4 FLEX, 2013-2013.<br \/>\nFORD FOCUS FASTBACK SE PLUS 2.0 POWERSHIFT G-4, DURATEC 2.0 L 16V DOHC L4 FLEX, 2019-2019.<br \/>\nFORD FOCUS FASTBACK TITANIUM PLUS 2.0 POWERSHIFT G-4, DURATEC 2.0 L 16V DOHC L4 FLEX, 2019-2019.<br \/>\nFORD FOCUS FASTBACK TITANIUM 2.0 POWERSHIFT G-4, DURATEC 2.0 L 16V DOHC L4 FLEX, 2019-2019.<br \/>\nFORD FOCUS SE 2.0 AT G-4, DURATEC 2.0 L 16V DOHC L4 FLEX, 2019-2019.<br \/>\nFORD FIESTA SEL AT G-4, SIGMA TIVCT 1.6 L 16V DOHC L4 FLEX, 2019-2020.<br \/>\nFORD FIESTA TITANIUM AT G-4, SIGMA TIVCT 1.6 L 16V DOHC L4 FLEX, 2019-2019.<br \/>\nFORD FIESTA SE PLUS G-4, SIGMA TIVCT 1.6 L 16V DOHC L4 FLEX, 2019-2019.<\/p>\n<div><strong>ATENCI\u00d3N:<\/strong><\/div>\n<div>Recomendamos que la instalaci\u00f3n del producto sea realizada por un profesional capacitado y especializado.<\/div>\n<div>Solo realiza la compra de este producto con la certeza de que es compatible con tu veh\u00edculo, si tienes alguna duda, no dudes en ponerte en contacto con nosotros. Nuestro horario de apertura es de lunes a viernes de 8 a 18 h.<\/div>\n<div><\/div>\n<div><strong>SOBRE NOSOTROS:<\/strong><\/div>\n<div>COM Automotive est\u00e1 especializada en piezas de autom\u00f3vil de dise\u00f1o original para el sector de la reparaci\u00f3n posventa, clientes industriales y fabricantes de veh\u00edculos especiales OEM.<\/div>\n<div>Nuestro equipo tiene m\u00e1s de 28 a\u00f1os de experiencia en la fabricaci\u00f3n y el suministro de piezas de automoci\u00f3n a escala mundial.<\/div>\n<div>Nuestra <strong>MISI\u00d3N <\/strong> es ofrecer productos de dise\u00f1o original con una calidad impecable y una sustituci\u00f3n personalizada.<\/div>\n<div>Nuestra <strong>VISI\u00d3N<\/strong> es promover el crecimiento y un valor inigualable para nuestros clientes.<\/div>\n<div><\/div>\n<div><strong>DISE\u00d1O ORIGINAL<\/strong><\/div>\n<div>El t\u00e9rmino \u00abDise\u00f1o Original\u00bb se refiere a la percepci\u00f3n \u00fanica e innovadora y a la propuesta de valor de los productos de COM Automotive, as\u00ed como a la experiencia ofrecida durante su compra. Esto abarca no solo el empaque y la est\u00e9tica del producto, sino tambi\u00e9n la autenticidad y creatividad de la marca. COM Automotive busca ofrecer productos de alta calidad que satisfagan las necesidades de la industria del mercado de repuestos, aline\u00e1ndose con su Visi\u00f3n, Misi\u00f3n y Valores.  <\/div>\n<div><\/div>\n<div><strong>NOTAR:<\/strong><\/div>\n<div>C\u00f3digo de Protecci\u00f3n al Consumidor (CDC): La Ley N\u00b0 8.078, de 11 de septiembre de 1990, establece que la informaci\u00f3n proporcionada al consumidor debe ser clara y precisa. El art\u00edculo 31 del CDC exige que la publicidad y el etiquetado de los productos y servicios sean veraces y no induzcan a error al consumidor. Esto incluye asegurarse de que la informaci\u00f3n sobre la compatibilidad, la marca y las caracter\u00edsticas se describa correctamente para evitar malentendidos. El uso del t\u00e9rmino \u00abcompatible\u00bb tambi\u00e9n est\u00e1 regulado por los grandes mercados en el mercado para la catalogaci\u00f3n adecuada de productos y la aplicaci\u00f3n automotriz.   <\/div>\n","protected":false},"excerpt":{"rendered":"<p>8000.4727-COM. Compatible con: CN1510300AB, 04C903023P, CN1510300BA, CN1510300BB, CN1510300BC, CN1510300CA, CN1510300CB, DN1510300AA, DN1510300AB, F000BL06Z0 CN1510300A, F000BL0643, F000BL06Y0, F000BL06Z0, 494727, TG12C123, TG12C126, TG12C231, 494727-COM, 8000.4727-COM, 80004727-COM, 80004727.  Marca: COM Automotive &#8211; Producto con calidad y dise\u00f1o originales.<\/p>\n","protected":false},"featured_media":24448,"comment_status":"open","ping_status":"closed","template":"","meta":[],"product_brand":[],"product_cat":[8109],"product_tag":[14958,38286,38289,38290,38292,38291,15424,15425,15426,15427,15428,15429,15430,15431,15421,11606,15420,38285,38287,38288,38284],"class_list":{"0":"post-24539","1":"product","2":"type-product","3":"status-publish","4":"has-post-thumbnail","6":"product_cat-alternador-es-2","7":"product_tag-04c903023p-es","8":"product_tag-494727-es","9":"product_tag-494727-com-es","10":"product_tag-8000-4727-com-es","11":"product_tag-80004727-es","12":"product_tag-80004727-com-es","13":"product_tag-cn1510300ab-es","14":"product_tag-cn1510300ba-es","15":"product_tag-cn1510300bb-es","16":"product_tag-cn1510300bc-es","17":"product_tag-cn1510300ca-es","18":"product_tag-cn1510300cb-es","19":"product_tag-dn1510300aa-es","20":"product_tag-dn1510300ab-es","21":"product_tag-f000bl0643-es","22":"product_tag-f000bl06y0-es","23":"product_tag-f000bl06z0-es","24":"product_tag-f000bl06z0-cn1510300a-es","25":"product_tag-tg12c123-es","26":"product_tag-tg12c126-es","27":"product_tag-tg12c231-es","29":"first","30":"instock","31":"taxable","32":"shipping-taxable","33":"purchasable","34":"product-type-simple"},"_links":{"self":[{"href":"https:\/\/com-automotive.com\/es\/wp-json\/wp\/v2\/product\/24539","targetHints":{"allow":["GET"]}}],"collection":[{"href":"https:\/\/com-automotive.com\/es\/wp-json\/wp\/v2\/product"}],"about":[{"href":"https:\/\/com-automotive.com\/es\/wp-json\/wp\/v2\/types\/product"}],"replies":[{"embeddable":true,"href":"https:\/\/com-automotive.com\/es\/wp-json\/wp\/v2\/comments?post=24539"}],"wp:featuredmedia":[{"embeddable":true,"href":"https:\/\/com-automotive.com\/es\/wp-json\/wp\/v2\/media\/24448"}],"wp:attachment":[{"href":"https:\/\/com-automotive.com\/es\/wp-json\/wp\/v2\/media?parent=24539"}],"wp:term":[{"taxonomy":"product_brand","embeddable":true,"href":"https:\/\/com-automotive.com\/es\/wp-json\/wp\/v2\/product_brand?post=24539"},{"taxonomy":"product_cat","embeddable":true,"href":"https:\/\/com-automotive.com\/es\/wp-json\/wp\/v2\/product_cat?post=24539"},{"taxonomy":"product_tag","embeddable":true,"href":"https:\/\/com-automotive.com\/es\/wp-json\/wp\/v2\/product_tag?post=24539"}],"curies":[{"name":"wp","href":"https:\/\/api.w.org\/{rel}","templated":true}]}}