{"id":24306,"date":"2025-08-27T11:56:03","date_gmt":"2025-08-27T14:56:03","guid":{"rendered":"https:\/\/com-automotive.com\/motor-de-arranque-de-12v-9t-2-2kw-compatible-con-8000751-361004zz10-para-hyundai-hr-2-5d-08-mit-pajero-l200\/"},"modified":"2025-08-28T14:42:23","modified_gmt":"2025-08-28T17:42:23","slug":"motor-de-arranque-de-12v-9t-2-2kw-compatible-con-8000751-361004zz10-para-hyundai-hr-2-5d-08-mit-pajero-l200","status":"publish","type":"product","link":"https:\/\/com-automotive.com\/es\/motor-de-arranque-de-12v-9t-2-2kw-compatible-con-8000751-361004zz10-para-hyundai-hr-2-5d-08-mit-pajero-l200\/","title":{"rendered":"Motor de arranque de 12V 9T 2.2KW compatible con 8000751 361004ZZ10 para Hyundai HR 2.5D 08&gt; MIT Pajero L200<span class=\"product-sku\" style=\"display: block; font-size: 0.85em; color: #777; margin-top: 5px; margin-bottom: 5px;\">SKU: 6000.0751-COM<\/span>"},"content":{"rendered":"<h1><strong>COM-AUTOMOTIVE, producto con Calidad y Dise\u00f1o Original.<\/strong><\/h1>\n<p>Motor de arranque de 12V 9T 2.2KW compatible con 8000751 361004ZZ10 para Hyundai HR 2.5D 08&gt; MIT Pajero L200<\/p>\n<h2>Preguntas m\u00e1s frecuentes<\/h2>\n<h3><strong>\u00bfCu\u00e1les son las referencias cruzadas de este producto de la marca COM Automotive?<\/strong><\/h3>\n<p>361004ZZ10, 36100-4ZZ10, 3610042350, 3610042250, M2T88071, TM000A36101, 102N10004, DR102N10004, 36100-42350, 3610042350, M002T87171, M2T87171, M002T88071, M2T88071, TM000A36101, 8000751,8000751-COM, 6000.0751-COM, 60000751-COM, 60000751<\/p>\n<h2><strong>Tabla de aplicaci\u00f3n<\/strong><\/h2>\n<p>HYUNDAI HR CHASIS LARGO ALTO STD GL , MITSUBISHI 4D56 D4BH 2.5L 8V SOHC L4 DIESEL, 2009-2012.<br \/>\nHYUNDAI HR LONGUE DECK STD, MITSUBISHI 4D56 D4BH 2.5L 8V SOHC L4 DIESEL, 2008-2011.<br \/>\nHYUNDAI HR CHASIS LARGO LOW STD GL , MITSUBISHI 4D56 D4BH 2.5 L 8V SOHC L4 DIESEL, 2010-2014.<br \/>\nMITSUBISHI L200 OUTDOOR, MITSUBISHI 4D56 VGT 4D56 VGT 2.5 L 8V SOHC L4 DIESEL, 2004-2007.<br \/>\nMITSUBISHI L200 HPE , MITSUBISHI 4D56 VGT 4D56 VGT 2.5 L 8V SOHC L4 DIESEL, 2004-2007.<br \/>\nKIA BONGO K2500, 2.5 8V D4BH 2.5L 8V SOHV L4 DIESEL, 2011-2012.<br \/>\nMITSUBISHI L200 GL 4X4 , MITSUBISHI 4D56 VGT 4D56 VGT 2.5 L 8V SOHC L4 DIESEL, 2008-2011.<br \/>\nMITSUBISHI L200 GLS 4X4 , MITSUBISHI 4D56 4D56 2.5 L 8V SOHC L4 DIESEL, 1999-2003.<br \/>\nMITSUBISHI L200 EXTERIOR, MITSUBISHI 4D56 VGT 4D56 VGT 2.5 L 8V SOHC L4 DIESEL, 2008-2008.<br \/>\nMITSUBISHI PAJERO SPORT HPE , MITSUBISHI 4D56 4D56 2.5L 8V SOHC L4 DIESEL, 2008-2010.<br \/>\nMITSUBISHI L200 GL 4X4 , MITSUBISHI 4D56 4D56 2.5 L 8V SOHC L4 DIESEL, 1999-2003.<br \/>\nMITSUBISHI L200 GL 4X4 , MITSUBISHI 4D56 VGT 4D56 VGT 2.5 L 8V SOHC L4 DIESEL, 2004-2007.<br \/>\nMITSUBISHI L200 GL , MITSUBISHI 4D56 4D56 2.5L 8V SOHC L4 DIESEL, 1992-1998.<br \/>\nMITSUBISHI L200 GLS 4X4 , MITSUBISHI 4D56 VGT 4D56 VGT 2.5 L 8V SOHC L4 DIESEL, 2004-2007.<br \/>\nMITSUBISHI L200 L, MITSUBISHI 4D56 4D56 2.5L 8V SOHC L4 DIESEL, 1999-2005.<br \/>\nMITSUBISHI L200 GC , MITSUBISHI 4D56 4D56 2.5L 8V SOHC L4 DIESEL, 2003-2003.<br \/>\nMITSUBISHI L200 HPE, MITSUBISHI 4D56 VGT 4D56 VGT 2.5 L 8V SOHC L4 DIESEL, 2008-2008.<br \/>\nHYUNDAI HR LONGUE DECK STD, MITSUBISHI 4D56 D4BH 2.5L 8V SOHC L4 DIESEL, 2007-2007.<br \/>\nMITSUBISHI L200 L 200 , MITSUBISHI 4D56 4D56 2.5 L 8V SOHC L4 DIESEL, 1992-1995.<br \/>\nMITSUBISHI L200 R 4X4 , MITSUBISHI 4D56 4D56 2.5 L 8V SOHC L4 DIESEL, 1999-2004.<br \/>\nHYUNDAI H-1 STAREX 2.5 DIESEL ,T2 NA D4BB 2.5 L 8V SOHV L4 DIESEL, 2000-2002.<br \/>\nMITSUBISHI L200 R 4X4 , MITSUBISHI 4D56 VGT 4D56 VGT 2.5 L 8V SOHC L4 DIESEL, 2005-2005.<br \/>\nHYUNDAI H-1 STAREX H-1 2.5 DIESEL, HT 2.5 D4BB 2.5 L 8V SOHV L4 DIESEL, 2000-2002.<br \/>\nHYUNDAI H-1 STAREX 2.5 CRDI, HT 2.5 A2,51GEN 2.5 L 8V SOHV L4 DIESEL, 2003-2004.<br \/>\nMITSUBISHI PAJERO GLX , MITSUBISHI 4D56 4D56 2.5L 8V SOHC L4 DIESEL, 1992-1993.<br \/>\nHYUNDAI PORTER 2.6 DIESEL, 2.6 L 8V D4BB 2.6 L 8V SOHC L4 DIESEL, 2001-2004.<br \/>\nMITSUBISHI L200 SPORT, MITSUBISHI 4D56 4D56 2.5L 8V SOHC L4 DIESEL, 2001-2001.<br \/>\nHYUNDAI H-1 STAREX 2.5 CRDI, HT 2.5 A2,51GEN 2.5 L 8V SOHV L4 DIESEL, 2009-2009.<br \/>\nMITSUBISHI L200 EVO , MITSUBISHI 4D56 4D56 2.5L 8V SOHC L4 DIESEL, 2003-2004.<br \/>\nMITSUBISHI L200 EXTERIOR, MITSUBISHI 4D56 VGT 4D56 VGT 2.5L 8V SOHC L4 DIESEL, 2020-2020.<\/p>\n<div><strong>ATENCI\u00d3N:<\/strong><\/div>\n<div>Recomendamos que la instalaci\u00f3n del producto sea realizada por un profesional capacitado y especializado.<\/div>\n<div>Solo realiza la compra de este producto con la certeza de que es compatible con tu veh\u00edculo, si tienes alguna duda, no dudes en ponerte en contacto con nosotros. Nuestro horario de apertura es de lunes a viernes de 8 a 18 h.<\/div>\n<div><\/div>\n<div><strong>SOBRE NOSOTROS:<\/strong><\/div>\n<div>COM Automotive est\u00e1 especializada en piezas de autom\u00f3vil de dise\u00f1o original para el sector de la reparaci\u00f3n posventa, clientes industriales y fabricantes de veh\u00edculos especiales OEM.<\/div>\n<div>Nuestro equipo tiene m\u00e1s de 28 a\u00f1os de experiencia en la fabricaci\u00f3n y el suministro de piezas de automoci\u00f3n a escala mundial.<\/div>\n<div>Nuestra <strong>MISI\u00d3N <\/strong> es ofrecer productos de dise\u00f1o original con una calidad impecable y una sustituci\u00f3n personalizada.<\/div>\n<div>Nuestra <strong>VISI\u00d3N<\/strong> es promover el crecimiento y un valor inigualable para nuestros clientes.<\/div>\n<div><\/div>\n<div><strong>DISE\u00d1O ORIGINAL<\/strong><\/div>\n<div>El t\u00e9rmino \u00abDise\u00f1o Original\u00bb se refiere a la percepci\u00f3n \u00fanica e innovadora y a la propuesta de valor de los productos de COM Automotive, as\u00ed como a la experiencia ofrecida durante su compra. Esto abarca no solo el empaque y la est\u00e9tica del producto, sino tambi\u00e9n la autenticidad y creatividad de la marca. COM Automotive busca ofrecer productos de alta calidad que satisfagan las necesidades de la industria del mercado de repuestos, aline\u00e1ndose con su Visi\u00f3n, Misi\u00f3n y Valores.  <\/div>\n<div><\/div>\n<div><strong>NOTAR:<\/strong><\/div>\n<div>C\u00f3digo de Protecci\u00f3n al Consumidor (CDC): La Ley N\u00b0 8.078, de 11 de septiembre de 1990, establece que la informaci\u00f3n proporcionada al consumidor debe ser clara y precisa. El art\u00edculo 31 del CDC exige que la publicidad y el etiquetado de los productos y servicios sean veraces y no induzcan a error al consumidor. Esto incluye asegurarse de que la informaci\u00f3n sobre la compatibilidad, la marca y las caracter\u00edsticas se describa correctamente para evitar malentendidos. El uso del t\u00e9rmino \u00abcompatible\u00bb tambi\u00e9n est\u00e1 regulado por los grandes mercados en el mercado para la catalogaci\u00f3n adecuada de productos y la aplicaci\u00f3n automotriz.   <\/div>\n","protected":false},"excerpt":{"rendered":"<p>6000.0751-COM. Compatible con: 361004ZZ10, 36100-4ZZ10, 8000751, 3610042350, 3610042250, M2T88071, TM000A36101, 102N10004, DR102N10004, 36100-42350, 3610042350, M002T87171, M2T87171, M002T88071, M2T88071, TM000A36101,8000751-COM, 6000.0751-COM, 60000751-COM, 60000751.  Marca: COM Automotive &#8211; Producto con calidad y dise\u00f1o originales.<\/p>\n","protected":false},"featured_media":24303,"comment_status":"open","ping_status":"closed","template":"","meta":[],"product_brand":[],"product_cat":[8119,41539],"product_tag":[13430,13425,37811,13411,13413,37810,37815,37817,37816,37812,37814,37813,13415,13428,13419,13423,13424],"class_list":{"0":"post-24306","1":"product","2":"type-product","3":"status-publish","4":"has-post-thumbnail","6":"product_cat-motor-de-arranque","7":"product_cat-lancamentos","8":"product_tag-102n10004-es","9":"product_tag-36100-42350-es","10":"product_tag-36100-4zz10-es","11":"product_tag-3610042250-es","12":"product_tag-3610042350-es","13":"product_tag-361004zz10-es","14":"product_tag-6000-0751-com-es","15":"product_tag-60000751-es","16":"product_tag-60000751-com-es","17":"product_tag-8000751-es","18":"product_tag-8000751-com-es","19":"product_tag-dr102n10004-es","20":"product_tag-m002t87171-es","21":"product_tag-m002t88071-es","22":"product_tag-m2t87171-es","23":"product_tag-m2t88071-es","24":"product_tag-tm000a36101-es","26":"first","27":"instock","28":"taxable","29":"shipping-taxable","30":"purchasable","31":"product-type-simple"},"_links":{"self":[{"href":"https:\/\/com-automotive.com\/es\/wp-json\/wp\/v2\/product\/24306","targetHints":{"allow":["GET"]}}],"collection":[{"href":"https:\/\/com-automotive.com\/es\/wp-json\/wp\/v2\/product"}],"about":[{"href":"https:\/\/com-automotive.com\/es\/wp-json\/wp\/v2\/types\/product"}],"replies":[{"embeddable":true,"href":"https:\/\/com-automotive.com\/es\/wp-json\/wp\/v2\/comments?post=24306"}],"wp:featuredmedia":[{"embeddable":true,"href":"https:\/\/com-automotive.com\/es\/wp-json\/wp\/v2\/media\/24303"}],"wp:attachment":[{"href":"https:\/\/com-automotive.com\/es\/wp-json\/wp\/v2\/media?parent=24306"}],"wp:term":[{"taxonomy":"product_brand","embeddable":true,"href":"https:\/\/com-automotive.com\/es\/wp-json\/wp\/v2\/product_brand?post=24306"},{"taxonomy":"product_cat","embeddable":true,"href":"https:\/\/com-automotive.com\/es\/wp-json\/wp\/v2\/product_cat?post=24306"},{"taxonomy":"product_tag","embeddable":true,"href":"https:\/\/com-automotive.com\/es\/wp-json\/wp\/v2\/product_tag?post=24306"}],"curies":[{"name":"wp","href":"https:\/\/api.w.org\/{rel}","templated":true}]}}