{"id":24216,"date":"2025-08-07T15:54:19","date_gmt":"2025-08-07T18:54:19","guid":{"rendered":"https:\/\/com-automotive.com\/alternador-de-12v-90a-compatible-con-f000bl0478-f000bl0477-para-vw-eletr-mwm-new-holland-generator\/"},"modified":"2025-08-07T15:54:19","modified_gmt":"2025-08-07T18:54:19","slug":"alternador-de-12v-90a-compatible-con-f000bl0478-f000bl0477-para-vw-eletr-mwm-new-holland-generator","status":"publish","type":"product","link":"https:\/\/com-automotive.com\/es\/alternador-de-12v-90a-compatible-con-f000bl0478-f000bl0477-para-vw-eletr-mwm-new-holland-generator\/","title":{"rendered":"Alternador de 12V 90A compatible con F000BL0478 F000BL0477 para VW Eletr MWM New Holland Generator<span class=\"product-sku\" style=\"display: block; font-size: 0.85em; color: #777; margin-top: 5px; margin-bottom: 5px;\">SKU: 8000.0478-COM<\/span>"},"content":{"rendered":"<h1><strong>COM-AUTOMOTIVE, producto con Calidad y Dise\u00f1o Original.<\/strong><\/h1>\n<p>Alternador de 12V 90A compatible con F000BL0478 F000BL0477 para VW Eletr MWM New Holland Generator<br \/>\n**Modelo moderno**<\/p>\n<h2>Preguntas m\u00e1s frecuentes<\/h2>\n<h3><strong>\u00bfCu\u00e1les son las referencias cruzadas de este producto de la marca COM Automotive?<\/strong><\/h3>\n<p>7005611C1, 2R0903015, 0124325118, 1986A01064, F000BL0477, F000BL0478, 30040VLP, ZEN 41044, ZM 9010801, EURO 70746, HAL2651, 8EL011712651, DITA 10818, 80000478<\/p>\n<h2><strong>Tabla de aplicaci\u00f3n<\/strong><\/h2>\n<p>VOLKSWAGEN ENTREGA 8-150 E , MWM SPRINT EURO 3 4.08 TCE 3.0 L 12V SOHC L4 DIESEL, 2005-2019.<br \/>\nVOLKSWAGEN 8-120 , MWM SERIE 10, X10 4.10 TCA 4.3 L 8V SOHV L4 DIESEL, 2000-2012.<br \/>\nVOLKSWAGEN 17.230 EOD, MWM SERIE 12, X12 6.12 TCE ACTEON 7.2 L 12V SOHV L6 DIESEL, 2006-2012.<br \/>\nVOLKSWAGEN WORKER 13-180 CN , MWM SERIE 10, X10 6.10 TCA 6.5 L 12V SOHV L6 DIESEL, 2006-2020.<br \/>\nVOLKSWAGEN 8-150 , MWM SERIE 10, X10 4.10 TCA 4.3 L 8V SOHV L4 DIESEL, 2000-2019.<br \/>\nCHEVROLET S10 STD C.CAB TB 4X2 G-1, MWM SPRINT EURO 2 4.07 TCA 2.8 L 12V SOHC L4 DIESEL, 2000-2007.<br \/>\nVOLKSWAGEN DELIVERY 8-150 E PLUS , CUMMINS INTERACT 4 ISBe 4 3.9 L 16V SOHV L4 DIESEL, 2010-2019.<br \/>\nVOLKSWAGEN 15.190 EOD, MWM SERIE 12, X12 4.12 TCE ACTEON 4.8 L 8V SOHV L4 DIESEL, 2006-2012.<br \/>\nVOLKSWAGEN CONSTELLATION 13-180 , MWM SERIE 12, X12 4.12 TCE ACTEON 4.8 L 8V SOHV L4 DIESEL, 2006-2018.<br \/>\nAGRALE MA 8.0T , MWM SERIE 10, X10 4.10 T 4.3 L 8V SOHV L4 DIESEL, 2005-2011.<br \/>\nVOLKSWAGEN WORKER 9-150 E ELECTRONIC , CUMMINS INTERACT 4 ISBe 4 3.9 L 16V SOHV L4 DIESEL, 2009-2011.<br \/>\nCHEVROLET S10 STD C.CAB TB 4X4 G-1, MWM SPRINT EURO 2 4.07 TCA 2.8 L 12V SOHC L4 DIESEL, 2000-2007.<br \/>\nVOLKSWAGEN 9.150 EOD, MWM SERIE 12, X12 4.12 TCE ACTEON 4.8 L 8V SOHV L4 DIESEL, 2004-2012.<br \/>\nVOLKSWAGEN WORKER 15-180 , MWM SERIE 10, X10 6.10 TCA 6.5 L 12V SOHV L6 DIESEL, 2006-2020.<br \/>\nVOLKSWAGEN 13-180 , MWM SERIE 10, X10 6.10 TCA 6.5 L 12V SOHV L6 DIESEL, 2000-2016.<br \/>\nVOLKSWAGEN CONSTELLATION 18-310 E TITAN , CUMMINS 6 CTAA 6 CTAA 8.3 L 12V SOHV L6 DIESEL, 2002-2015.<br \/>\nVOLKSWAGEN WORKER 26-220 , CUMMINS 6 CTAA 6 CTAA 8.3 L 12V SOHV L6 DIESEL, 2006-2017.<br \/>\nVOLKSWAGEN WORKER 17-180 , MWM SERIE 10, X10 6.10 TCA 6.5 L 12V SOHV L6 DIESEL, 2006-2017.<br \/>\nVOLKSWAGEN WORKER 9-150 E , CUMMINS INTERACT 4 ISBe 4 3.9 L 16V SOHV L4 DIESEL, 2003-2011.<br \/>\nVOLKSWAGEN WORKER 24-220 , CUMMINS 6 CTAA 6 CTAA 8.3 L 12V SOHV L6 DIESEL, 2006-2017.<br \/>\nCHEVROLET S10 DLX TURBO 4X2 G-1, MWM SPRINT EURO 2 4.07 TCA 2.8 L 12V SOHC L4 DIESEL, 2000-2005.<br \/>\nVOLKSWAGEN 23-220 , CUMMINS 6 CTAA 6 CTAA 8.3 L 12V SOHV L6 DIESEL, 2002-2005.<br \/>\nVOLKSWAGEN CONSTELLATION 15-180 , MWM SERIE 12, X12 4.12 TCE ACTEON 4.8 L 8V SOHV L4 DIESEL, 2006-2017.<br \/>\nVOLKSWAGEN 16.210 CO , MWM SERIE 10, X10 6.10 TCA 6.5 L 12V SOHV L6 DIESEL, 1997-2002.<br \/>\nVOLKSWAGEN ENTREGA 5-140 E , MWM SPRINT EURO 3 4.08 TCE 3.0 L 12V SOHC L4 DIESEL, 2006-2017.<br \/>\nVOLKSWAGEN 15-180 , MWM SERIE 10, X10 6.10 TCA 6.5 L 12V SOHV L6 DIESEL, 2000-2019.<br \/>\nAGRALE 5075.4 , MWM SERIE 229 D 229-4 3.9 L 8V SOHV L4 DIESEL, 2002-2023.<br \/>\nVOLKSWAGEN 17.210 OD, MWM SERIE 10, X10 6.10 TCA 6.5 L 12V SOHV L6 DIESEL, 2001-2006.<br \/>\nVOLKSWAGEN 16.180 CO, MWM SERIE 10, X10 6.10 TCA 6.5 L 12V SOHV L6 DIESEL, 1992-1998.<br \/>\nAGRALE 575.4 , MWM SERIE 229 D 229-4 3.9 L 8V SOHV L4 DIESEL, 2013-2023.<br \/>\nCHEVROLET S10 C.CAB EXECUTIVE TB 4X4 G-1, MWM SPRINT EURO 2 4.07 TCA 2.8 L 12V SOHC L4 DIESEL, 2002-2007.<br \/>\nCHEVROLET S10 DLX TURBO 4X4 G-1, MWM SPRINT EURO 2 4.07 TCA 2.8 L 12V SOHC L4 DIESEL, 2000-2005.<br \/>\nVOLKSWAGEN 9.150 OD, MWM SERIE 10, X10 4.10 TCA 4.3 L 8V SOHV L4 DIESEL, 2001-2004.<br \/>\nVOLKSWAGEN 17-210 , CUMMINS 6 BTAA 6 BTAA 5.9 L 12V SOHV L6 DIESEL, 2000-2019.<br \/>\nCHEVROLET S10 STD S.CAB TB 4X2 G-1, MWM SPRINT EURO 2 4.07 TCA 2.8 L 12V SOHC L4 DIESEL, 2000-2006.<br \/>\nAGRALE A8 VOLARE D, MWM SERIE 10, X10 4.10 TCA 4.3 L 8V SOHV L4 DIESEL, 2000-2006.<br \/>\nAGRALE 5085.4 , MWM SERIE 229 D 229-4 3.9 L 8V SOHV L4 DIESEL, 2002-2023.<br \/>\nVOLKSWAGEN 8.120 OD, MWM SERIE 10, X10 4.10 TCA 4.3 L 8V SOHV L4 DIESEL, 2003-2012.<br \/>\nVOLKSWAGEN 17.260 EOT, MWM SERIE 12, X12 6.12 TCE ACTEON 7.2 L 12V SOHV L6 DIESEL, 2004-2012.<br \/>\nVOLKSWAGEN 7-110, MWM SERIE 10, X10 4.10 TCA 4.3 L 8V SOHV L4 DIESEL, 2002-2005.<br \/>\nVOLKSWAGEN 8.150 OD, MWM SERIE 10, X10 4.10 TCA 4.3 L 8V SOHV L4 DIESEL, 2001-2005.<br \/>\nAGRALE MA 8.5T , MWM SERIE 10, X10 4.10 TCA 4.3 L 8V SOHV L4 DIESEL, 1997-2007.<br \/>\nAGRALE W8 , MWM SERIE 10, X10 4.10 TCA 4.3 L 8V SOHV L4 DIESEL, 2003-2018.<br \/>\nVOLKSWAGEN 8-150 E , CUMMINS INTERACT 4 ISBe 4 3.9 L 16V SOHV L4 DIESEL, 2004-2007.<br \/>\nCHEVROLET BLAZER DLX TURBO 4X4 , MWM SPRINT EURO 2 4.07 TCA 2.8 L 12V SOHC L4 DIESEL, 2000-2007.<br \/>\nAGRALE 5075.4 COMPACT , MWM SERIE 229 D 229-4 3.9 L 8V SOHV L4 DIESEL, 2011-2023.<br \/>\nCHEVROLET S10 STD S.CAB TB G-1, MWM SPRINT EURO 2 4.07 TCA 2.8 L 12V SOHC L4 DIESEL, 2000-2003.<br \/>\nAGRALE 7000 TDX, MWM SERIE 10, X10 4.10 T 4.3 L 8V SOHV L4 DIESEL, 1996-2005.<br \/>\nAGRALE BX 6150 4X4 , MWM SERIE 229 TD 229-6 5.9 L 12V SOHV L6 DIESEL, 1999-2023.<br \/>\nVOLKSWAGEN 13-150 , MWM SERIE 10, X10 4.10 TCA 4.3 L 8V SOHV L4 DIESEL, 2000-2016.<br \/>\nVOLKSWAGEN 15.180 EOD, MWM SERIE 12, X12 4.12 TCE ACTEON 4.8 L 8V SOHV L4 DIESEL, 2004-2007.<br \/>\nVOLKSWAGEN 17-220 , CUMMINS 6 CTAA 6 CTAA 8.3 L 12V SOHV L6 DIESEL, 2000-2019.<br \/>\nVOLKSWAGEN 23-210 , MWM SERIE 10, X10 6.10 TCA 6.5 L 12V SOHV L6 DIESEL, 2002-2016.<br \/>\nVOLKSWAGEN WORKER 26-260 E , MWM SERIE 12, X12 6.12 TCE ACTEON 7.2 L 12V SOHV L6 DIESEL, 2005-2019.<br \/>\nAGRALE MA 7.9 E, MWM SERIE 10, X10 4.10 TCA 4.3 L 8V SOHV L4 DIESEL, 2010-2016.<br \/>\nAGRALE BX 6180 CAB , MWM SERIE 229 TD 229-6 5.9 L 12V SOHV L6 DIESEL, 2007-2023.<br \/>\nPUMA 914 CD , MWM SERIE 229 D 229-4 3.9 L 8V SOHV L4 DIESEL, 1994-2005.<br \/>\nVOLKSWAGEN 16-200 , CUMMINS 6 BTAA 6 BTAA 5.9 L 12V SOHV L6 DIESEL, 1997-2000.<br \/>\nVOLKSWAGEN 23-210 , CUMMINS 6 BTAA 6 BTAA 5.9 L 12V SOHV L6 DIESEL, 2002-2005.<br \/>\nVOLKSWAGEN 17.240 OT, MWM SERIE 10, X10 6.10 TCA 6.5 L 12V SOHV L6 DIESEL, 2001-2006.<br \/>\nCHEVROLET S10 C.CAB COLINA G-1, MWM SPRINT EURO 2 4.07 TCA 2.8 L 12V SOHC L4 DIESEL, 2004-2006.<br \/>\nVOLKSWAGEN 12-170 BT , CUMMINS 6 BTAA 6 BTAA 5.9 L 12V SOHV L6 DIESEL, 1997-2000.<br \/>\nAGRALE 1800 D , MWM SERIE 229 D 229-4 3.9 L 8V SOHV L4 DIESEL, 1988-1996.<br \/>\nAGRALE 7000 D , MWM SERIE 229 D 229-4 3.9 L 8V SOHV L4 DIESEL, 1993-2003.<br \/>\nVOLKSWAGEN 17-210, MWM SERIE 10, X10 6.10 TCA 6.5 L 12V SOHV L6 DIESEL, 2001-2019.<br \/>\nVOLKSWAGEN WORKER 15-180 E , MWM SERIE 12, X12 4.12 TCE ACTEON 4.8 L 8V SOHV L4 DIESEL, 2005-2019.<br \/>\nCHEVROLET S10 C.CAB COLINA 4X2 G-1, MWM SPRINT EURO 2 4.07 TCA 2.8 L 12V SOHC L4 DIESEL, 2004-2006.<br \/>\nVOLKSWAGEN 14-170 BT , CUMMINS 6 BTAA 6 BTAA 5.9 L 12V SOHV L6 DIESEL, 1997-2000.<br \/>\nVOLKSWAGEN WORKER 13-180 E, MWM SERIE 12, X12 4.12 TCE ACTEON 4.8 L 8V SOHV L4 DIESEL, 2005-2007.<br \/>\nVOLKSWAGEN OBRERO 17-220 , CUMMINS 6 CTAA 6 CTAA 8.3 L 12V SOHV L6 DIESEL, 2007-2012.<br \/>\nVOLKSWAGEN 26-260 , CUMMINS 6 CTAA 6 CTAA 8.3 L 12V SOHV L6 DIESEL, 2002-2005.<br \/>\nVOLKSWAGEN WORKER 15-210 FAB MILITAR, MWM SERIE 10, X10 6.10 TCA 6.5 L 12V SOHV L6 DIESEL, 2006-2017.<br \/>\nCHEVROLET S10 C.CAB EXECUTIVE TB 4X2 G-1, MWM SPRINT EURO 2 4.07 TCA 2.8 L 12V SOHC L4 DIESEL, 2004-2005.<br \/>\nVOLKSWAGEN 26-310 , CUMMINS 6 CTAA 6 CTAA 8.3 L 12V SOHV L6 DIESEL, 2001-2006.<br \/>\nAGRALE 1600 D , MWM SERIE 229 D 229-4 3.9 L 8V SOHV L4 DIESEL, 1986-1989.<br \/>\nVOLKSWAGEN WORKER 31-260 E , MWM SERIE 12, X12 6.12 TCE ACTEON 7.2 L 12V SOHV L6 DIESEL, 2006-2010.<br \/>\nAGRALE 8500 TDX, MWM SERIE 10, X10 4.10 T 4.3 L 8V SOHV L4 DIESEL, 1997-2006.<br \/>\nCHEVROLET S10 S.CAB COLINA 4X2 G-1, MWM SPRINT EURO 2 4.07 TCA 2.8 L 12V SOHC L4 DIESEL, 2004-2006.<br \/>\nAGRALE 8500 E-MEC , MWM SERIE 10, X10 4.10 TCA 4.3 L 8V SOHV L4 DIESEL, 2006-2010.<br \/>\nVOLKSWAGEN 26-220 , CUMMINS 6 CTAA 6 CTAA 8.3 L 12V SOHV L6 DIESEL, 2001-2005.<br \/>\nVOLKSWAGEN 23-310 , CUMMINS 6 CTAA 6 CTAA 8.3 L 12V SOHV L6 DIESEL, 2002-2005.<br \/>\nVOLKSWAGEN CONSTELLATION 31-260 , MWM SERIE 12, X12 6.12 TCE ACTEON 7.2 L 12V SOHV L6 DIESEL, 2008-2012.<br \/>\nAGRALE MA 7.5T AUT. , MWM SERIE 10, X10 4.10 TCA 4.3 L 8V SOHV L4 DIESEL, 1996-2005.<br \/>\nAGRALE 7500 TDX, MWM SERIE 10, X10 4.10 T 4.3 L 8V SOHV L4 DIESEL, 1994-2005.<br \/>\nVOLKSWAGEN 15-190 , CUMMINS 6 BTAA 6 BTAA 5.9 L 12V SOHV L6 DIESEL, 2001-2006.<br \/>\nAGRALE 8500 E-MEC CD , MWM SERIE 10, X10 4.10 TCA 4.3 L 8V SOHV L4 DIESEL, 2005-2015.<br \/>\nVOLKSWAGEN 14-220 , CUMMINS 6 CTAA 6 CTAA 8.3 L 12V SOHV L6 DIESEL, 1991-2000.<br \/>\nCHEVROLET S10 S.CAB COLINA 4X4 G-1, MWM SPRINT EURO 2 4.07 TCA 2.8 L 12V SOHC L4 DIESEL, 2004-2006.<br \/>\nVOLKSWAGEN 31-310 , CUMMINS 6 CTAA 6 CTAA 8.3 L 12V SOHV L6 DIESEL, 2004-2008.<br \/>\nVOLKSWAGEN 35-300 , CUMMINS 6 CTAA 6 CTAA 8.3 L 12V SOHV L6 DIESEL, 1991-1999.<br \/>\nVOLKSWAGEN 13-190 , CUMMINS 6 BTAA 6 BTAA 5.9 L 12V SOHV L6 DIESEL, 2001-2005.<br \/>\nVOLKSWAGEN 40-300 , CUMMINS 6 CTAA 6 CTAA 8.3 L 12V SOHV L6 DIESEL, 1999-2002.<br \/>\nAGRALE 5065.4 COMPACT , MWM SERIE 229 D 229-3 3.0 L 6V SOHV L3 DIESEL, 2009-2023.<br \/>\nVOLKSWAGEN 16-220 , CUMMINS 6 CTAA 6 CTAA 8.3 L 12V SOHV L6 DIESEL, 1991-1994.<br \/>\nCHEVROLET S10 C.CAB TORNADO 4X4 G-1, MWM SPRINT EURO 2 4.07 TCA 2.8 L 12V SOHC L4 DIESEL, 2004-2006.<br \/>\nVOLKSWAGEN 18.310 OT , CUMMINS 6 CTAA 6 CTAA 8.3 L 12V SOHV L6 DIESEL, 2003-2006.<br \/>\nVOLKSWAGEN 13-170 , CUMMINS 6 BTAA 6 BTAA 5.9 L 12V SOHV L6 DIESEL, 2000-2002.<br \/>\nVOLKSWAGEN 17-300 , CUMMINS 6 CTAA 6 CTAA 8.3 L 12V SOHV L6 DIESEL, 2000-2002.<br \/>\nPLATAFORMA AGRALE BX 6180 , MWM SERIE 229 TD 229-6 5.9 L 12V SOHV L6 DIESEL, 2015-2023.<br \/>\nAGRALE 1600 D , MWM SERIE 229 D 229-3 3.0 L 6V SOHV L3 DIESEL, 1986-1991.<br \/>\nVOLKSWAGEN 24-250 , CUMMINS 6 CTAA 6 CTAA 8.3 L 12V SOHV L6 DIESEL, 1991-2002.<br \/>\nAGRALE 9200 , MWM SERIE 10, X10 4.10 T 4.3 L 8V SOHV L4 DIESEL, 2003-2006.<br \/>\nCHEVROLET BLAZER STD TURBO , MWM SPRINT EURO 2 4.07 TCA 2.8 L 12V SOHC L4 DIESEL, 2002-2007.<br \/>\nAGRALE MA 7.9 E-MEC, MWM SERIE 10, X10 4.10 TCA 4.3 L 8V SOHV L4 DIESEL, 2005-2011.<br \/>\nAGRALE 5075 , MWM SERIE 229 D 229-4 3.9 L 8V SOHV L4 DIESEL, 2004-2023.<br \/>\nVOLKSWAGEN 15-170 , CUMMINS 6 BTAA 6 BTAA 5.9 L 12V SOHV L6 DIESEL, 2000-2002.<br \/>\nAGRALE 5105.4 , MWM SERIE 229 D 229-4 3.9 L 8V SOHV L4 DIESEL, 2013-2023.<br \/>\nVOLKSWAGEN 8.150 EOD , MWM SPRINT EURO 3 4.08 TCE 3.0 L 12V SOHC L4 DIESEL, 2004-2010.<br \/>\nCHEVROLET BLAZER COLINA , MWM SPRINT EURO 2 4.07 TCA 2.8 L 12V SOHC L4 DIESEL, 2004-2005.<br \/>\nVOLKSWAGEN 5.140 EOD , MWM SPRINT EURO 3 4.08 TCE 3.0 L 12V SOHC L4 DIESEL, 2005-2010.<br \/>\nAGRALE 6000 E-MEC , MWM SERIE 10, X10 4.10 TCA 4.3 L 8V SOHV L4 DIESEL, 2006-2015.<br \/>\nVOLKSWAGEN 17-310 , CUMMINS 6 CTAA 6 CTAA 8.3 L 12V SOHV L6 DIESEL, 2002-2006.<br \/>\nAGRALE MA 9.2 , MWM SERIE 10, X10 4.10 TCA 4.3 L 8V SOHV L4 DIESEL, 2004-2007.<br \/>\nAGRALE 1600 TX , MWM SERIE 229 D 229-3 3.0 L 6V SOHV L3 DIESEL, 1983-1985.<br \/>\nAGRALE 575.4 SUPER , MWM SERIE 229 D 229-4 3.9 L 8V SOHV L4 DIESEL, 2017-2023.<br \/>\nVOLKSWAGEN 8.150 EOD, MWM SERIE 12, X12 4.12 TCE ACTEON 4.8 L 8V SOHV L4 DIESEL, 2004-2009.<br \/>\nCHEVROLET S10 STD S.CAB TB 4X4 G-1, MWM SPRINT EURO 2 4.07 TCA 2.8 L 12V SOHC L4 DIESEL, 2004-2004.<br \/>\nAGRALE BX 90 , MWM SERIE 229 D 229-4 3.9 L 8V SOHV L4 DIESEL, 1990-1998.<br \/>\nAGRALE 5085 , MWM SERIE 229 D 229-4 3.9 L 8V SOHV L4 DIESEL, 2005-2023.<br \/>\nVOLKSWAGEN WORKER 13-170 E , CUMMINS INTERACT 4 ISBe 4 3.9 L 16V SOHV L4 DIESEL, 2004-2006.<br \/>\nVOLKSWAGEN WORKER 15-170 E , CUMMINS INTERACT 4 ISBe 4 3.9 L 16V SOHV L4 DIESEL, 2004-2009.<br \/>\nCHEVROLET BLAZER EXECUTIVE 4X4 , MWM SPRINT EURO 2 4.07 TCA 2.8 L 12V SOHC L4 DIESEL, 2004-2006.<br \/>\nVOLKSWAGEN 26-300 , CUMMINS 6 CTAA 6 CTAA 8.3 L 12V SOHV L6 DIESEL, 2000-2001.<br \/>\nVOLKSWAGEN 16-300 , CUMMINS 6 CTAA 6 CTAA 8.3 L 12V SOHV L6 DIESEL, 1996-2000.<br \/>\nAGRALE 5065 COMPACT , MWM SERIE 229 D 229-3 3.0 L 6V SOHV L3 DIESEL, 2011-2023.<br \/>\nVOLKSWAGEN 31-260 , CUMMINS 6 CTAA 6 CTAA 8.3 L 12V SOHV L6 DIESEL, 2004-2005.<br \/>\nAGRALE 575.4 COMPACT , MWM SERIE 229 D 229-4 3.9 L 8V SOHV L4 DIESEL, 2016-2023.<br \/>\nAGRALE 565.4 COMPACT , MWM SERIE 229 D 229-3 3.0 L 6V SOHV L3 DIESEL, 2015-2023.<br \/>\nAGRALE 7215 , MWM SERIE 229 TD 229-6 5.9 L 12V SOHV L6 DIESEL, 2015-2023.<br \/>\nAGRALE 5000 D , MWM SERIE 229 D 229-4 3.9 L 8V SOHV L4 DIESEL, 1994-1998.<br \/>\nVOLKSWAGEN 12-180, MWM SERIE 10, X10 6.10 TCA 6.5 L 12V SOHV L6 DIESEL, 1999-2000.<br \/>\nVOLKSWAGEN 8.150 ODC , CUMMINS INTERACT 4 ISBe 4 3.9 L 16V SOHV L4 DIESEL, 2004-2005.<br \/>\nAGRALE 5075 COMPACT , MWM SERIE 229 D 229-4 3.9 L 8V SOHV L4 DIESEL, 2016-2023.<br \/>\nAGRALE BX 6150 CAB , MWM SERIE 229 TD 229-6 5.9 L 12V SOHV L6 DIESEL, 2016-2023.<br \/>\nPLATAFORMA AGRALE BX 6150 , MWM SERIE 229 TD 229-6 5.9 L 12V SOHV L6 DIESEL, 2016-2023.<br \/>\nAGRALE BX 100\/130 , MWM SERIE 229 D 229-4 3.9 L 8V SOHV L4 DIESEL, 1990-1995.<br \/>\nAGRALE 5080 4X4 , MWM SERIE 229 D 229-4 3.9 L 8V SOHV L4 DIESEL, 1999-2003.<br \/>\nVOLKSWAGEN 14-180, MWM SERIE 10, X10 6.10 TCA 6.5 L 12V SOHV L6 DIESEL, 2000-2000.<br \/>\nVOLKSWAGEN 15-210 4X4 , MWM SERIE 10, X10 6.10 TCA 6.5 L 12V SOHV L6 DIESEL, 2018-2023.<br \/>\nVOLKSWAGEN 9.150 ODC , CUMMINS INTERACT 4 ISBe 4 3.9 L 16V SOHV L4 DIESEL, 2004-2007.<br \/>\nAGRALE 8075 C 4X4 , MWM SERIE 229 D 229-4 3.9 L 8V SOHV L4 DIESEL, 2010-2010.<br \/>\nAGRALE 5060 4X4 , MWM SERIE 229 D 229-3 3.0 L 6V SOHV L3 DIESEL, 1999-2002.<br \/>\nAGRALE 5070 4X4 , MWM SERIE 229 D 229-4 3.9 L 8V SOHV L4 DIESEL, 1999-2002.<br \/>\nVOLKSWAGEN DELIVERY 9-150 , CUMMINS INTERACT 4 ISBe 4 3.9 L 16V SOHV L4 DIESEL, 2014-2019.<br \/>\nAGRALE 4500 D , MWM SERIE 229 D 229-3 3.0 L 6V SOHV L3 DIESEL, 1994-1997.<br \/>\nAGRALE V8, MWM SERIE 10, X10 4.10 TCA 4.3 L 8V SOHV L4 DIESEL, 2004-2004.<br \/>\nAGRALE 5070 4X2 , MWM SERIE 229 D 229-4 3.9 L 8V SOHV L4 DIESEL, 2000-2002.<br \/>\nVOLKSWAGEN 16-170 , CUMMINS 6 BTAA 6 BTAA 5.9 L 12V SOHV L6 DIESEL, 2020-2020.<br \/>\nVOLKSWAGEN 17.210 EOD TCAE, MWM SERIE 12, X12 6.12 TCE ACTEON 7.2 L 12V SOHV L6 DIESEL, 2004-2004.<br \/>\nVOLKSWAGEN 18-310 , CUMMINS 6 CTAA 6 CTAA 8.3 L 12V SOHV L6 DIESEL, 2018-2018.<\/p>\n<div><strong>ATENCI\u00d3N:<\/strong><\/div>\n<div>Recomendamos que la instalaci\u00f3n del producto sea realizada por un profesional capacitado y especializado.<\/div>\n<div>Solo realiza la compra de este producto con la certeza de que es compatible con tu veh\u00edculo, si tienes alguna duda, no dudes en ponerte en contacto con nosotros. Nuestro horario de apertura es de lunes a viernes de 8 a 18 h.<\/div>\n<div><\/div>\n<div><strong>SOBRE NOSOTROS:<\/strong><\/div>\n<div>COM Automotive est\u00e1 especializada en piezas de autom\u00f3vil de dise\u00f1o original para el sector de la reparaci\u00f3n posventa, clientes industriales y fabricantes de veh\u00edculos especiales OEM.<\/div>\n<div>Nuestro equipo tiene m\u00e1s de 28 a\u00f1os de experiencia en la fabricaci\u00f3n y el suministro de piezas de automoci\u00f3n a escala mundial.<\/div>\n<div>Nuestra <strong>MISI\u00d3N <\/strong> es ofrecer productos de dise\u00f1o original con una calidad impecable y una sustituci\u00f3n personalizada.<\/div>\n<div>Nuestra <strong>VISI\u00d3N<\/strong> es promover el crecimiento y un valor inigualable para nuestros clientes.<\/div>\n<div><\/div>\n<div><strong>DISE\u00d1O ORIGINAL<\/strong><\/div>\n<div>El t\u00e9rmino \u00abDise\u00f1o Original\u00bb se refiere a la percepci\u00f3n \u00fanica e innovadora y a la propuesta de valor de los productos de COM Automotive, as\u00ed como a la experiencia ofrecida durante su compra. Esto abarca no solo el empaque y la est\u00e9tica del producto, sino tambi\u00e9n la autenticidad y creatividad de la marca. COM Automotive busca ofrecer productos de alta calidad que satisfagan las necesidades de la industria del mercado de repuestos, aline\u00e1ndose con su Visi\u00f3n, Misi\u00f3n y Valores.  <\/div>\n<div><\/div>\n<div><strong>NOTAR:<\/strong><\/div>\n<div>C\u00f3digo de Protecci\u00f3n al Consumidor (CDC): La Ley N\u00b0 8.078, de 11 de septiembre de 1990, establece que la informaci\u00f3n proporcionada al consumidor debe ser clara y precisa. El art\u00edculo 31 del CDC exige que la publicidad y el etiquetado de los productos y servicios sean veraces y no induzcan a error al consumidor. Esto incluye asegurarse de que la informaci\u00f3n sobre la compatibilidad, la marca y las caracter\u00edsticas se describa correctamente para evitar malentendidos. El uso del t\u00e9rmino \u00abcompatible\u00bb tambi\u00e9n est\u00e1 regulado por los grandes mercados en el mercado para la catalogaci\u00f3n adecuada de productos y la aplicaci\u00f3n automotriz.   <\/div>\n","protected":false},"excerpt":{"rendered":"<p>8000.0478-COM. Compatible con: 7005611C1, 2R0903015, 0124325118, 1986A01064, F000BL0477, F000BL0478, 30040VLP, ZEN 41044, ZM 9010801, EURO 70746, HAL2651, 8EL011712651, DITA 10818, 80000478.  Marca: COM Automotive &#8211; Producto con calidad y dise\u00f1o originales.<\/p>\n","protected":false},"featured_media":24217,"comment_status":"open","ping_status":"closed","template":"","meta":[],"product_brand":[],"product_cat":[8109],"product_tag":[11600,37665,11599,37666,11598,37670,37669,37671,36922,36923,37667,11596,11597,37668,11601,11602],"class_list":{"0":"post-24216","1":"product","2":"type-product","3":"status-publish","4":"has-post-thumbnail","6":"product_cat-alternador-es-2","7":"product_tag-0124325118-es","8":"product_tag-1986a01064-es","9":"product_tag-2r0903015-es","10":"product_tag-30040vlp-es","11":"product_tag-7005611c1-es","12":"product_tag-8000-0478-com-es","13":"product_tag-80000478-es","14":"product_tag-80000478-com-es","15":"product_tag-8el011712651-es","16":"product_tag-dita-10818-es","17":"product_tag-euro-70746-es","18":"product_tag-f000bl0477-es","19":"product_tag-f000bl0478-es","20":"product_tag-hal2651-es","21":"product_tag-zen-41044-es","22":"product_tag-zm-9010801-es","24":"first","25":"instock","26":"taxable","27":"shipping-taxable","28":"purchasable","29":"product-type-simple"},"_links":{"self":[{"href":"https:\/\/com-automotive.com\/es\/wp-json\/wp\/v2\/product\/24216","targetHints":{"allow":["GET"]}}],"collection":[{"href":"https:\/\/com-automotive.com\/es\/wp-json\/wp\/v2\/product"}],"about":[{"href":"https:\/\/com-automotive.com\/es\/wp-json\/wp\/v2\/types\/product"}],"replies":[{"embeddable":true,"href":"https:\/\/com-automotive.com\/es\/wp-json\/wp\/v2\/comments?post=24216"}],"wp:featuredmedia":[{"embeddable":true,"href":"https:\/\/com-automotive.com\/es\/wp-json\/wp\/v2\/media\/24217"}],"wp:attachment":[{"href":"https:\/\/com-automotive.com\/es\/wp-json\/wp\/v2\/media?parent=24216"}],"wp:term":[{"taxonomy":"product_brand","embeddable":true,"href":"https:\/\/com-automotive.com\/es\/wp-json\/wp\/v2\/product_brand?post=24216"},{"taxonomy":"product_cat","embeddable":true,"href":"https:\/\/com-automotive.com\/es\/wp-json\/wp\/v2\/product_cat?post=24216"},{"taxonomy":"product_tag","embeddable":true,"href":"https:\/\/com-automotive.com\/es\/wp-json\/wp\/v2\/product_tag?post=24216"}],"curies":[{"name":"wp","href":"https:\/\/api.w.org\/{rel}","templated":true}]}}