{"id":23444,"date":"2025-05-17T15:49:29","date_gmt":"2025-05-17T18:49:29","guid":{"rendered":"https:\/\/com-automotive.com\/24v-100a-8pk-alternador-de-0124655042-compatible-para-aire-acondicionado-mb-vw\/"},"modified":"2025-05-17T15:49:29","modified_gmt":"2025-05-17T18:49:29","slug":"24v-100a-8pk-alternador-de-0124655042-compatible-para-aire-acondicionado-mb-vw","status":"publish","type":"product","link":"https:\/\/com-automotive.com\/es\/24v-100a-8pk-alternador-de-0124655042-compatible-para-aire-acondicionado-mb-vw\/","title":{"rendered":"24V 100A 8PK Alternador de 0124655042 compatible para aire acondicionado MB VW<span class=\"product-sku\" style=\"display: block; font-size: 0.85em; color: #777; margin-top: 5px; margin-bottom: 5px;\">SKU: 8000.0042P8-COM<\/span>"},"content":{"rendered":"<h1><strong>COM-AUTOMOTIVE, producto con Calidad y Dise\u00f1o Original.<\/strong><\/h1>\n<p>Alternador 24V 100A 8PK Compatible con 0124655042P8 para Aire Acondicionado MB VW<\/p>\n<h2>Preguntas m\u00e1s frecuentes<\/h2>\n<h3><strong>\u00bfCu\u00e1les son las referencias cruzadas de este producto de la marca COM Automotive?<\/strong><\/h3>\n<p>A0131547902, 1986A00979, 0124655042, 19070016, ZEN 41049, HAL4151, 8EL012584151, 80000042, 0124655042P8<\/p>\n<h2><strong>Tabla de aplicaci\u00f3n<\/strong><\/h2>\n<p>SISTEMAS DE AIRE ACONDICIONADO: SPHEROS, VALEO, VMG, EBERSPACHER, OTROS<\/p>\n<p>VOLKSWAGEN CONSTELLATION 24-250 , CUMMINS INTERACT 6 ISBe 6 5.9 L 24V SOHV L6 DIESEL, 2006-2019.<br \/>\nVOLKSWAGEN ENTREGA 8-150 E , MWM SPRINT EURO 3 4.08 TCE 3.0 L 12V SOHC L4 DIESEL, 2005-2019.<br \/>\nVOLKSWAGEN 17.230 EOD, MWM SERIE 12, X12 6.12 TCE ACTEON 7.2 L 12V SOHV L6 DIESEL, 2006-2012.<br \/>\nVOLKSWAGEN DELIVERY 8-150 E PLUS , CUMMINS INTERACT 4 ISBe 4 3.9 L 16V SOHV L4 DIESEL, 2010-2019.<br \/>\nTRACTOR VOLKSWAGEN CONSTELLATION 19-320 E TITAN , CUMMINS INTERACT ISC 8.3 8.3 L 24V SOHV L6 DIESEL, 2006-2020.<br \/>\nVOLKSWAGEN 15.190 EOD, MWM SERIE 12, X12 4.12 TCE ACTEON 4.8 L 8V SOHV L4 DIESEL, 2006-2012.<br \/>\nVOLKSWAGEN CONSTELLATION 13-180 , MWM SERIE 12, X12 4.12 TCE ACTEON 4.8 L 8V SOHV L4 DIESEL, 2006-2018.<br \/>\nVOLKSWAGEN WORKER 9-150 E ELECTRONIC , CUMMINS INTERACT 4 ISBe 4 3.9 L 16V SOHV L4 DIESEL, 2009-2011.<br \/>\nVOLKSWAGEN 9.150 EOD, MWM SERIE 12, X12 4.12 TCE ACTEON 4.8 L 8V SOHV L4 DIESEL, 2004-2012.<br \/>\nVOLKSWAGEN CONSTELLATION 31-320 , CUMMINS INTERACT ISC 8.3 8.3 L 24V SOHV L6 DIESEL, 2007-2019.<br \/>\nVOLKSWAGEN WORKER 9-150 E , CUMMINS INTERACT 4 ISBe 4 3.9 L 16V SOHV L4 DIESEL, 2003-2011.<br \/>\nVOLKSWAGEN CONSTELLATION 15-180 , MWM SERIE 12, X12 4.12 TCE ACTEON 4.8 L 8V SOHV L4 DIESEL, 2006-2017.<br \/>\nVOLKSWAGEN ENTREGA 5-140 E , MWM SPRINT EURO 3 4.08 TCE 3.0 L 12V SOHC L4 DIESEL, 2006-2017.<br \/>\nVOLKSWAGEN WORKER 17-250 E , CUMMINS INTERACT 6 ISBe 6 5.9 L 24V SOHV L6 DIESEL, 2004-2016.<br \/>\nVOLKSWAGEN 17.260 EOT, MWM SERIE 12, X12 6.12 TCE ACTEON 7.2 L 12V SOHV L6 DIESEL, 2004-2012.<br \/>\nVOLKSWAGEN 8-150 E , CUMMINS INTERACT 4 ISBe 4 3.9 L 16V SOHV L4 DIESEL, 2004-2007.<br \/>\nVOLKSWAGEN 15.180 EOD, MWM SERIE 12, X12 4.12 TCE ACTEON 4.8 L 8V SOHV L4 DIESEL, 2004-2007.<br \/>\nVOLKSWAGEN WORKER 26-260 E , MWM SERIE 12, X12 6.12 TCE ACTEON 7.2 L 12V SOHV L6 DIESEL, 2005-2019.<br \/>\nVOLKSWAGEN CONSTELLATION 17-250 , CUMMINS INTERACT 6 ISBe 6 5.9 L 24V SOHV L6 DIESEL, 2006-2019.<br \/>\nVOLKSWAGEN WORKER 24-250 E , CUMMINS INTERACT 6 ISBe 6 5.9 L 24V SOHV L6 DIESEL, 2005-2016.<br \/>\nVOLKSWAGEN WORKER 15-180 E , MWM SERIE 12, X12 4.12 TCE ACTEON 4.8 L 8V SOHV L4 DIESEL, 2005-2019.<br \/>\nVOLKSWAGEN WORKER 23-250 E , CUMMINS INTERACT 6 ISBe 6 5.9 L 24V SOHV L6 DIESEL, 2004-2006.<br \/>\nVOLKSWAGEN WORKER 13-180 E, MWM SERIE 12, X12 4.12 TCE ACTEON 4.8 L 8V SOHV L4 DIESEL, 2005-2007.<br \/>\nVOLKSWAGEN WORKER 31-260 E , MWM SERIE 12, X12 6.12 TCE ACTEON 7.2 L 12V SOHV L6 DIESEL, 2006-2010.<br \/>\nVOLKSWAGEN 18.320 EOT , CUMMINS INTERACT ISC 8.3 8.3 L 24V SOHV L6 DIESEL, 2006-2018.<br \/>\nVOLKSWAGEN CONSTELLATION 31-260 , MWM SERIE 12, X12 6.12 TCE ACTEON 7.2 L 12V SOHV L6 DIESEL, 2008-2012.<br \/>\nVOLKSWAGEN CONSTELLATION 24-320 , CUMMINS INTERACT ISC 8.3 8.3 L 24V SOHV L6 DIESEL, 2009-2012.<br \/>\nVOLKSWAGEN CONSTELLATION 25-320 , CUMMINS INTERACT ISC 8.3 8.3 L 24V SOHV L6 DIESEL, 2009-2019.<br \/>\nVOLKSWAGEN 8.150 EOD , MWM SPRINT EURO 3 4.08 TCE 3.0 L 12V SOHC L4 DIESEL, 2004-2010.<br \/>\nVOLKSWAGEN 5.140 EOD , MWM SPRINT EURO 3 4.08 TCE 3.0 L 12V SOHC L4 DIESEL, 2005-2010.<br \/>\nVOLKSWAGEN 8.150 EOD, MWM SERIE 12, X12 4.12 TCE ACTEON 4.8 L 8V SOHV L4 DIESEL, 2004-2009.<br \/>\nVOLKSWAGEN WORKER 13-170 E , CUMMINS INTERACT 4 ISBe 4 3.9 L 16V SOHV L4 DIESEL, 2004-2006.<br \/>\nVOLKSWAGEN WORKER 15-170 E , CUMMINS INTERACT 4 ISBe 4 3.9 L 16V SOHV L4 DIESEL, 2004-2009.<br \/>\nIVECO EUROCARGO 170-E21 , MWM SERIE 10, X10 6.10 TCA 6.5 L 12V SOHV L6 DIESEL, 2004-2006.<br \/>\nVOLKSWAGEN CONSTELLATION 17-320 , CUMMINS INTERACT ISC 8.3 8.3 L 24V SOHV L6 DIESEL, 2010-2012.<br \/>\nVOLKSWAGEN 8.150 ODC , CUMMINS INTERACT 4 ISBe 4 3.9 L 16V SOHV L4 DIESEL, 2004-2005.<br \/>\nVOLKSWAGEN 9.150 ODC , CUMMINS INTERACT 4 ISBe 4 3.9 L 16V SOHV L4 DIESEL, 2004-2007.<br \/>\nVOLKSWAGEN DELIVERY 9-150 , CUMMINS INTERACT 4 ISBe 4 3.9 L 16V SOHV L4 DIESEL, 2014-2019.<br \/>\nVOLKSWAGEN 17.210 EOD TCAE, MWM SERIE 12, X12 6.12 TCE ACTEON 7.2 L 12V SOHV L6 DIESEL, 2004-2004.<\/p>\n<div><strong>ATENCI\u00d3N:<\/strong><\/div>\n<div>Recomendamos que la instalaci\u00f3n del producto sea realizada por un profesional capacitado y especializado.<\/div>\n<div>Solo realiza la compra de este producto con la certeza de que es compatible con tu veh\u00edculo, si tienes alguna duda, no dudes en ponerte en contacto con nosotros. Nuestro horario de apertura es de lunes a viernes de 8 a 18 h.<\/div>\n<div><\/div>\n<div><strong>SOBRE NOSOTROS:<\/strong><\/div>\n<div>COM Automotive est\u00e1 especializada en piezas de autom\u00f3vil de dise\u00f1o original para el sector de la reparaci\u00f3n posventa, clientes industriales y fabricantes de veh\u00edculos especiales OEM.<\/div>\n<div>Nuestro equipo tiene m\u00e1s de 28 a\u00f1os de experiencia en la fabricaci\u00f3n y el suministro de piezas de automoci\u00f3n a escala mundial.<\/div>\n<div>Nuestra <strong>MISI\u00d3N <\/strong> es ofrecer productos de dise\u00f1o original con una calidad impecable y una sustituci\u00f3n personalizada.<\/div>\n<div>Nuestra <strong>VISI\u00d3N<\/strong> es promover el crecimiento y un valor inigualable para nuestros clientes.<\/div>\n<div><\/div>\n<div><strong>DISE\u00d1O ORIGINAL<\/strong><\/div>\n<div>El t\u00e9rmino \u00abDise\u00f1o Original\u00bb se refiere a la percepci\u00f3n \u00fanica e innovadora y a la propuesta de valor de los productos de COM Automotive, as\u00ed como a la experiencia ofrecida durante su compra. Esto abarca no solo el empaque y la est\u00e9tica del producto, sino tambi\u00e9n la autenticidad y creatividad de la marca. COM Automotive busca ofrecer productos de alta calidad que satisfagan las necesidades de la industria del mercado de repuestos, aline\u00e1ndose con su Visi\u00f3n, Misi\u00f3n y Valores.  <\/div>\n<div><\/div>\n<div><strong>NOTAR:<\/strong><\/div>\n<div>C\u00f3digo de Protecci\u00f3n al Consumidor (CDC): La Ley N\u00b0 8.078, de 11 de septiembre de 1990, establece que la informaci\u00f3n proporcionada al consumidor debe ser clara y precisa. El art\u00edculo 31 del CDC exige que la publicidad y el etiquetado de los productos y servicios sean veraces y no induzcan a error al consumidor. Esto incluye asegurarse de que la informaci\u00f3n sobre la compatibilidad, la marca y las caracter\u00edsticas se describa correctamente para evitar malentendidos.   El uso del t\u00e9rmino \u00abcompatible\u00bb tambi\u00e9n est\u00e1 regulado por los grandes mercados en el mercado para la catalogaci\u00f3n adecuada de productos y la aplicaci\u00f3n automotriz.<\/div>\n","protected":false},"excerpt":{"rendered":"<p>8000.0042P8-COM. Compatible con: A0131547902, 1986A00979, 0124655042, 19070016, ZEN 41049, HAL4151, 8EL012584151, 80000042.  Marca: COM Automotive &#8211; Producto con calidad y dise\u00f1o originales.<\/p>\n","protected":false},"featured_media":23436,"comment_status":"open","ping_status":"closed","template":"","meta":[],"product_brand":[],"product_cat":[8109],"product_tag":[8397,20441,27159,8399,36513,36512,36515,36514,8409,36516,8403],"class_list":{"0":"post-23444","1":"product","2":"type-product","3":"status-publish","4":"has-post-thumbnail","6":"product_cat-alternador-es-2","7":"product_tag-0124655042-es","8":"product_tag-0131547902-es","9":"product_tag-19070016-es","10":"product_tag-1986a00979-es","11":"product_tag-8000-0042p8-com-es","12":"product_tag-80000042-es","13":"product_tag-80000042p8-es","14":"product_tag-80000042p8-com-es","15":"product_tag-8el012584151-es","16":"product_tag-hal4151-es","17":"product_tag-zen-41049-es","19":"first","20":"instock","21":"taxable","22":"shipping-taxable","23":"purchasable","24":"product-type-simple"},"_links":{"self":[{"href":"https:\/\/com-automotive.com\/es\/wp-json\/wp\/v2\/product\/23444","targetHints":{"allow":["GET"]}}],"collection":[{"href":"https:\/\/com-automotive.com\/es\/wp-json\/wp\/v2\/product"}],"about":[{"href":"https:\/\/com-automotive.com\/es\/wp-json\/wp\/v2\/types\/product"}],"replies":[{"embeddable":true,"href":"https:\/\/com-automotive.com\/es\/wp-json\/wp\/v2\/comments?post=23444"}],"wp:featuredmedia":[{"embeddable":true,"href":"https:\/\/com-automotive.com\/es\/wp-json\/wp\/v2\/media\/23436"}],"wp:attachment":[{"href":"https:\/\/com-automotive.com\/es\/wp-json\/wp\/v2\/media?parent=23444"}],"wp:term":[{"taxonomy":"product_brand","embeddable":true,"href":"https:\/\/com-automotive.com\/es\/wp-json\/wp\/v2\/product_brand?post=23444"},{"taxonomy":"product_cat","embeddable":true,"href":"https:\/\/com-automotive.com\/es\/wp-json\/wp\/v2\/product_cat?post=23444"},{"taxonomy":"product_tag","embeddable":true,"href":"https:\/\/com-automotive.com\/es\/wp-json\/wp\/v2\/product_tag?post=23444"}],"curies":[{"name":"wp","href":"https:\/\/api.w.org\/{rel}","templated":true}]}}