{"id":21787,"date":"2025-03-20T21:37:16","date_gmt":"2025-03-21T00:37:16","guid":{"rendered":"https:\/\/com-automotive.com\/motor-de-arranque-de-24v-12t-compatible-con-m008t65771za-para-vw-constellation\/"},"modified":"2025-03-28T13:56:30","modified_gmt":"2025-03-28T16:56:30","slug":"motor-de-arranque-de-24v-12t-compatible-con-m008t65771za-para-vw-constellation","status":"publish","type":"product","link":"https:\/\/com-automotive.com\/es\/motor-de-arranque-de-24v-12t-compatible-con-m008t65771za-para-vw-constellation\/","title":{"rendered":"Motor de arranque de 24V 12T compatible con M008T65771ZA para VW Constellation<span class=\"product-sku\" style=\"display: block; font-size: 0.85em; color: #777; margin-top: 5px; margin-bottom: 5px;\">SKU: 6000.65771-COM<\/span>"},"content":{"rendered":"<h1><strong>COM-AUTOMOTIVE, producto con Calidad y Dise\u00f1o Original.<\/strong><\/h1>\n<p>Motor de arranque de 24V 12T compatible con M008T65771ZA para VW Constellation<\/p>\n<h2>Preguntas m\u00e1s frecuentes<\/h2>\n<h3><strong>\u00bfCu\u00e1les son las referencias cruzadas de este producto de la marca COM Automotive?<\/strong><\/h3>\n<p>23H911023, M008T65771ZA, M8T65771, M8T65771ZA, M8T65771-COM, 6000.65771-COM, 600065771-COM, 600065771<\/p>\n<h2><strong>Tabla de aplicaci\u00f3n<\/strong><\/h2>\n<p>Volkswagen: Cami\u00f3n:<br \/>\nConstellation 13-190 con motor MAN D08. A partir de 2012 Constellation 15-190 con motor MAN D08. A partir de 2012<br \/>\nConstellation 17-190 con motor MAN D08. A partir de 2011 Constellation 17-230 con motor MAN D08. A partir de 2015<br \/>\nConstellation 17-260 con motor MAN D08. A partir de 2016 Constellation 17-280 con motor MAN D08. A partir de 2012<br \/>\nConstellation 23-230 con motor MAN D08. A partir de 2015<br \/>\nConstellation 24-280 con motor MAN D08. A partir de 2011<br \/>\nConstellation 26-280 con motor MAN D08. A partir de 2011<br \/>\nConstellation 31-280 con motor MAN D08. A partir de 2012<br \/>\nWorker 13-190 con motor MAN D08. A partir de 2011<br \/>\nWorker 15-190 con motor MAN D08. A partir de 2012<br \/>\nWorker 17-190 con motor MAN D08. A partir de 2011<br \/>\nWorker 17-230 con motor MAN D08. A partir de 2012<br \/>\nWorker 23-230 con motor MAN D08. A partir de 2014<br \/>\nAutob\u00fas:<br \/>\n15.190 OD con motor MAN D08. A partir de 2012 V-Tronic<br \/>\n15.190 ODR con motor MAN D08.                 A partir de 2017 L V-Tronic<br \/>\n15.230 OT con motor MAN D08. A partir de 2014 LOW-ENTRY<br \/>\n17.230 OD con motor MAN D08. Desde 2012<br \/>\nV-Tronic17.230 ODS con motor MAN D08. A partir de 2017 V-Tronic<br \/>\n17.260 OD con motor MAN D08. A partir de 2012 LOW-ENTRY<br \/>\n17.280 OT con motor MAN D08. A partir de 2012 LOW-ENTRY<br \/>\n18.180 OT con motor MAN D08. A partir de 2015      <\/p>\n<div><strong>ATENCI\u00d3N:<\/strong><\/div>\n<div>Recomendamos que la instalaci\u00f3n del producto sea realizada por un profesional capacitado y especializado.<\/div>\n<div>Solo realiza la compra de este producto con la certeza de que es compatible con tu veh\u00edculo, si tienes alguna duda, no dudes en ponerte en contacto con nosotros. Nuestro horario de apertura es de lunes a viernes de 8 a 18 h.<\/div>\n<div><\/div>\n<div><strong>SOBRE NOSOTROS:<\/strong><\/div>\n<div>COM Automotive est\u00e1 especializada en piezas de autom\u00f3vil de dise\u00f1o original para el sector de la reparaci\u00f3n posventa, clientes industriales y fabricantes de veh\u00edculos especiales OEM.<\/div>\n<div>Nuestro equipo tiene m\u00e1s de 28 a\u00f1os de experiencia en la fabricaci\u00f3n y el suministro de piezas de automoci\u00f3n a escala mundial.<\/div>\n<div>Nuestra <strong>MISI\u00d3N <\/strong> es ofrecer productos de dise\u00f1o original con una calidad impecable y una sustituci\u00f3n personalizada.<\/div>\n<div>Nuestra <strong>VISI\u00d3N<\/strong> es promover el crecimiento y un valor inigualable para nuestros clientes.<\/div>\n<div><\/div>\n<div><strong>DISE\u00d1O ORIGINAL<\/strong><\/div>\n<div>El t\u00e9rmino \u00abDise\u00f1o Original\u00bb se refiere a la percepci\u00f3n \u00fanica e innovadora y a la propuesta de valor de los productos de COM Automotive, as\u00ed como a la experiencia ofrecida durante su compra. Esto abarca no solo el empaque y la est\u00e9tica del producto, sino tambi\u00e9n la autenticidad y creatividad de la marca. COM Automotive busca ofrecer productos de alta calidad que satisfagan las necesidades de la industria del mercado de repuestos, aline\u00e1ndose con su Visi\u00f3n, Misi\u00f3n y Valores.  <\/div>\n<div><\/div>\n<div><strong>NOTAR:<\/strong><\/div>\n<div>C\u00f3digo de Protecci\u00f3n al Consumidor (CDC): La Ley N\u00b0 8.078, de 11 de septiembre de 1990, establece que la informaci\u00f3n proporcionada al consumidor debe ser clara y precisa. El art\u00edculo 31 del CDC exige que la publicidad y el etiquetado de los productos y servicios sean veraces y no induzcan a error al consumidor. Esto incluye asegurarse de que la informaci\u00f3n sobre la compatibilidad, la marca y las caracter\u00edsticas se describa correctamente para evitar malentendidos. El uso del t\u00e9rmino \u00abcompatible\u00bb tambi\u00e9n est\u00e1 regulado por los grandes mercados en el mercado para la catalogaci\u00f3n adecuada de productos y la aplicaci\u00f3n automotriz.   <\/div>\n","protected":false},"excerpt":{"rendered":"<p>6000.65771-COM. Compatible con: 23H911023, M008T65771ZA, M8T65771, M8T65771ZA, M8T65771-COM, 6000.65771-COM, 600065771-COM, 600065771.  Marca: COM Automotive &#8211; Producto con calidad y dise\u00f1o originales.<\/p>\n","protected":false},"featured_media":21786,"comment_status":"open","ping_status":"closed","template":"","meta":[],"product_brand":[],"product_cat":[8119],"product_tag":[34208,34212,34214,34213,34209,34210,34211],"class_list":{"0":"post-21787","1":"product","2":"type-product","3":"status-publish","4":"has-post-thumbnail","6":"product_cat-motor-de-arranque","7":"product_tag-23h911023-es","8":"product_tag-6000-65771-com-es","9":"product_tag-600065771-es","10":"product_tag-600065771-com-es","11":"product_tag-m008t65771za-es","12":"product_tag-m8t65771-es","13":"product_tag-m8t65771za-es","15":"first","16":"instock","17":"taxable","18":"shipping-taxable","19":"purchasable","20":"product-type-simple"},"_links":{"self":[{"href":"https:\/\/com-automotive.com\/es\/wp-json\/wp\/v2\/product\/21787","targetHints":{"allow":["GET"]}}],"collection":[{"href":"https:\/\/com-automotive.com\/es\/wp-json\/wp\/v2\/product"}],"about":[{"href":"https:\/\/com-automotive.com\/es\/wp-json\/wp\/v2\/types\/product"}],"replies":[{"embeddable":true,"href":"https:\/\/com-automotive.com\/es\/wp-json\/wp\/v2\/comments?post=21787"}],"wp:featuredmedia":[{"embeddable":true,"href":"https:\/\/com-automotive.com\/es\/wp-json\/wp\/v2\/media\/21786"}],"wp:attachment":[{"href":"https:\/\/com-automotive.com\/es\/wp-json\/wp\/v2\/media?parent=21787"}],"wp:term":[{"taxonomy":"product_brand","embeddable":true,"href":"https:\/\/com-automotive.com\/es\/wp-json\/wp\/v2\/product_brand?post=21787"},{"taxonomy":"product_cat","embeddable":true,"href":"https:\/\/com-automotive.com\/es\/wp-json\/wp\/v2\/product_cat?post=21787"},{"taxonomy":"product_tag","embeddable":true,"href":"https:\/\/com-automotive.com\/es\/wp-json\/wp\/v2\/product_tag?post=21787"}],"curies":[{"name":"wp","href":"https:\/\/api.w.org\/{rel}","templated":true}]}}