{"id":21612,"date":"2024-11-12T17:00:49","date_gmt":"2024-11-12T20:00:49","guid":{"rendered":"https:\/\/com-automotive.com\/alternador-12v-90a-polea1v-compatible-con-f000bl04k2-f000bl04k1-7005776c91-para-mwm-new-holland\/"},"modified":"2024-11-12T17:00:49","modified_gmt":"2024-11-12T20:00:49","slug":"alternador-12v-90a-polea1v-compatible-con-f000bl04k2-f000bl04k1-7005776c91-para-mwm-new-holland","status":"publish","type":"product","link":"https:\/\/com-automotive.com\/es\/alternador-12v-90a-polea1v-compatible-con-f000bl04k2-f000bl04k1-7005776c91-para-mwm-new-holland\/","title":{"rendered":"Alternador 12V 90A Polea1V Compatible con F000BL04K2 F000BL04K1 7005776C91 para MWM New Holland<span class=\"product-sku\" style=\"display: block; font-size: 0.85em; color: #777; margin-top: 5px; margin-bottom: 5px;\">SKU: 8000.7691-COM<\/span>"},"content":{"rendered":"<h1><strong>COM-AUTOMOTIVE, producto con Calidad y Dise\u00f1o Original.<\/strong><\/h1>\n<p>Alternador 12V 90A Polea1V Compatible con F000BL04K2 F000BL04K1 7005776C91 para MWM New Holland<\/p>\n<h2>Preguntas m\u00e1s frecuentes<\/h2>\n<h3><strong>\u00bfCu\u00e1les son las referencias cruzadas?<\/strong><\/h3>\n<p>F000BL04K1, F000BL04K2, 7005776C91, F000BL04K1<\/p>\n<h2><strong>Tabla de aplicaci\u00f3n<\/strong><\/h2>\n<p>CHEVROLET S10 LTZ 4X4 CD G-2, MWM DURAMAX XLD28 2.8L 16V DOHC L4 DIESEL, 2012-2023.<br \/>\nCHEVROLET S10 LT 4X2 CD G-2, MWM DURAMAX XLD28 2.8 L 16V DOHC L4 DIESEL, 2012-2019.<br \/>\nCHEVROLET S10 C.CAB EXECUTIVE G-1, MWM SPRINT EURO 3 4.07 TCE 2.8 L 12V SOHC L4 DIESEL, 2005-2012.<br \/>\nCHEVROLET S10 LT 4X4 CD G-2, MWM DURAMAX XLD28 2.8 L 16V DOHC L4 DIESEL, 2012-2023.<br \/>\nCHEVROLET S10 LTZ 4X2 CD AT G-2, MWM DURAMAX XLD28 2.8 L 16V DOHC L4 DIESEL, 2012-2019.<br \/>\nCHEVROLET S10 LS 4X4 CD G-2, MWM DURAMAX XLD28 2.8 L 16V DOHC L4 DIESEL, 2016-2023.<br \/>\nVOLKSWAGEN ENTREGA 8-150 E , MWM SPRINT EURO 3 4.08 TCE 3.0 L 12V SOHC L4 DIESEL, 2005-2019.<br \/>\nCHEVROLET S10 LS 4X4 CS G-2, MWM DURAMAX XLD28 2.8 L 16V DOHC L4 DIESEL, 2012-2023.<br \/>\nCHEVROLET S10 HIGH COUNTRY 4X4 CD G-2, MWM DURAMAX XLD28 2.8 L 16V DOHC L4 DIESEL, 2016-2023.<br \/>\nVOLKSWAGEN 8-120 , MWM SERIE 10, X10 4.10 TCA 4.3 L 8V SOHV L4 DIESEL, 2000-2012.<br \/>\nVOLKSWAGEN 17.230 EOD, MWM SERIE 12, X12 6.12 TCE ACTEON 7.2 L 12V SOHV L6 DIESEL, 2006-2012.<br \/>\nCHEVROLET TRAILBLAZER LTZ 2.8 CTDI G-1, MWM DURAMAX XLD28 2.8 L 16V DOHC L4 DIESEL, 2012-2023.<br \/>\nVOLKSWAGEN WORKER 13-180 CN , MWM SERIE 10, X10 6.10 TCA 6.5 L 12V SOHV L6 DIESEL, 2006-2020.<br \/>\nCHEVROLET S10 LS 4X2 CS G-2, MWM DURAMAX XLD28 2.8 L 16V DOHC L4 DIESEL, 2012-2023.<br \/>\nVOLKSWAGEN 8-150 , MWM SERIE 10, X10 4.10 TCA 4.3 L 8V SOHV L4 DIESEL, 2000-2019.<br \/>\nCHEVROLET S10 STD C.CAB TB 4X2 G-1, MWM SPRINT EURO 2 4.07 TCA 2.8 L 12V SOHC L4 DIESEL, 2000-2007.<br \/>\nVOLKSWAGEN DELIVERY 8-150 E PLUS , CUMMINS INTERACT 4 ISBe 4 3.9 L 16V SOHV L4 DIESEL, 2010-2019.<br \/>\nCHEVROLET S10 S.CAB HILL G-1, MWM SPRINT EURO 3 4.07 TCE 2.8 L 12V SOHC L4 DIESEL, 2005-2011.<br \/>\nCHEVROLET S10 C.CAB COLINA G-1, MWM SPRINT EURO 3 4.07 TCE 2.8 L 12V SOHC L4 DIESEL, 2005-2012.<br \/>\nVOLKSWAGEN 15.190 EOD, MWM SERIE 12, X12 4.12 TCE ACTEON 4.8 L 8V SOHV L4 DIESEL, 2006-2012.<br \/>\nVOLKSWAGEN CONSTELLATION 13-190 , MAN D08 34 190 D08 34 190 4.6 L 16V DOHC L4 DIESEL, 2012-2023.<br \/>\nVOLKSWAGEN CONSTELLATION 13-180 , MWM SERIE 12, X12 4.12 TCE ACTEON 4.8 L 8V SOHV L4 DIESEL, 2006-2018.<br \/>\nAGRALE MA 8.0T , MWM SERIE 10, X10 4.10 T 4.3 L 8V SOHV L4 DIESEL, 2005-2011.<br \/>\nVOLKSWAGEN WORKER 9-150 E ELECTRONIC , CUMMINS INTERACT 4 ISBe 4 3.9 L 16V SOHV L4 DIESEL, 2009-2011.<br \/>\nCHEVROLET S10 C.CAB TORNADO G-1, MWM SPRINT EURO 3 4.07 TCE 2.8 L 12V SOHC L4 DIESEL, 2005-2011.<br \/>\nVOLKSWAGEN 15.190 OD , MAN D08 34 190 D08 34 190 4.6 L 16V DOHC L4 DIESEL, 2012-2023.<br \/>\nCHEVROLET S10 C.CAB 4X4 G-1, MWM SPRINT EURO 3 4.07 TCE 2.8 L 12V SOHC L4 DIESEL, 2009-2009.<br \/>\nVOLKSWAGEN CONSTELLATION 17-190 , MAN D08 34 190 D08 34 190 4.6 L 16V DOHC L4 DIESEL, 2012-2019.<br \/>\nCHEVROLET S10 STD C.CAB TB 4X4 G-1, MWM SPRINT EURO 2 4.07 TCA 2.8 L 12V SOHC L4 DIESEL, 2000-2007.<br \/>\nVOLKSWAGEN 9.150 EOD, MWM SERIE 12, X12 4.12 TCE ACTEON 4.8 L 8V SOHV L4 DIESEL, 2004-2012.<br \/>\nVOLKSWAGEN WORKER 15-180 , MWM SERIE 10, X10 6.10 TCA 6.5 L 12V SOHV L6 DIESEL, 2006-2020.<br \/>\nVOLKSWAGEN 13-180 , MWM SERIE 10, X10 6.10 TCA 6.5 L 12V SOHV L6 DIESEL, 2000-2016.<br \/>\nVOLKSWAGEN CONSTELLATION 15-190 , MAN D08 34 190 D08 34 190 4.6 L 16V DOHC L4 DIESEL, 2012-2023.<br \/>\nVOLKSWAGEN CONSTELLATION 18-310 E TITAN , CUMMINS 6 CTAA 6 CTAA 8.3 L 12V SOHV L6 DIESEL, 2002-2015.<br \/>\nCHEVROLET TRAILBLAZER PREMIER G-1, MWM DURAMAX XLD28 2.8L 16V DOHC L4 DIESEL, 2019-2023.<br \/>\nVOLKSWAGEN WORKER 26-220 , CUMMINS 6 CTAA 6 CTAA 8.3 L 12V SOHV L6 DIESEL, 2006-2017.<br \/>\nVOLKSWAGEN WORKER 17-180 , MWM SERIE 10, X10 6.10 TCA 6.5 L 12V SOHV L6 DIESEL, 2006-2017.<br \/>\nVOLKSWAGEN WORKER 9-150 E , CUMMINS INTERACT 4 ISBe 4 3.9 L 16V SOHV L4 DIESEL, 2003-2011.<br \/>\nVOLKSWAGEN WORKER 24-220 , CUMMINS 6 CTAA 6 CTAA 8.3 L 12V SOHV L6 DIESEL, 2006-2017.<br \/>\nCHEVROLET S10 DLX TURBO 4X2 G-1, MWM SPRINT EURO 2 4.07 TCA 2.8 L 12V SOHC L4 DIESEL, 2000-2005.<br \/>\nVOLKSWAGEN 23-220 , CUMMINS 6 CTAA 6 CTAA 8.3 L 12V SOHV L6 DIESEL, 2002-2005.<br \/>\nCHEVROLET S10 C.CAB DODGE G-1, MWM SPRINT EURO 3 4.07 TCE 2.8 L 12V SOHC L4 DIESEL, 2010-2012.<br \/>\nVOLKSWAGEN CONSTELLATION 15-180 , MWM SERIE 12, X12 4.12 TCE ACTEON 4.8 L 8V SOHV L4 DIESEL, 2006-2017.<br \/>\nVOLKSWAGEN 16.210 CO , MWM SERIE 10, X10 6.10 TCA 6.5 L 12V SOHV L6 DIESEL, 1997-2002.<br \/>\nVOLKSWAGEN ENTREGA 5-140 E , MWM SPRINT EURO 3 4.08 TCE 3.0 L 12V SOHC L4 DIESEL, 2006-2017.<br \/>\nCHEVROLET S10 LTZ 4X2 CD G-2, MWM DURAMAX XLD28 2.8 L 16V DOHC L4 DIESEL, 2014-2015.<br \/>\nVOLKSWAGEN 15-180 , MWM SERIE 10, X10 6.10 TCA 6.5 L 12V SOHV L6 DIESEL, 2000-2019.<br \/>\nAGRALE 5075.4 , MWM SERIE 229 D 229-4 3.9 L 8V SOHV L4 DIESEL, 2002-2023.<\/p>\n<div><strong>ATENCI\u00d3N:<\/strong><\/div>\n<div>Recomendamos que el producto sea instalado por un profesional formado y especializado.<\/div>\n<div>S\u00f3lo compra este producto si est\u00e1s seguro de que es compatible con tu veh\u00edculo. Si tienes alguna duda, no dudes en ponerte en contacto con nosotros. Nuestro horario de apertura es de lunes a viernes de 8 a 18 h.<\/div>\n<div><\/div>\n<div><strong>SOBRE NOSOTROS:<\/strong><\/div>\n<div>COM Automotive est\u00e1 especializada en piezas de autom\u00f3vil de dise\u00f1o original para el sector de la reparaci\u00f3n posventa, clientes industriales y fabricantes de veh\u00edculos especiales OEM.<\/div>\n<div>Nuestro equipo tiene m\u00e1s de 28 a\u00f1os de experiencia en la fabricaci\u00f3n y el suministro de piezas de automoci\u00f3n a escala mundial.<\/div>\n<div>Nuestra <strong>MISI\u00d3N <\/strong> es ofrecer productos de dise\u00f1o original con una calidad impecable y una sustituci\u00f3n personalizada.<\/div>\n<div>Nuestra <strong>VISI\u00d3N<\/strong> es promover el crecimiento y un valor inigualable para nuestros clientes.<\/div>\n<div><\/div>\n<div><strong>DISE\u00d1O ORIGINAL<\/strong><\/div>\n<div>El t\u00e9rmino \u00abDise\u00f1o Original\u00bb se refiere a la percepci\u00f3n \u00fanica e innovadora y a la propuesta de valor de los productos de COM Automotive, as\u00ed como a la experiencia ofrecida durante su compra. Esto abarca no solo el empaque y la est\u00e9tica del producto, sino tambi\u00e9n la autenticidad y creatividad de la marca. COM Automotive busca ofrecer productos de alta calidad que satisfagan las necesidades de la industria del mercado de repuestos, aline\u00e1ndose con su Visi\u00f3n, Misi\u00f3n y Valores.  <\/div>\n<div><\/div>\n<div><strong>NOTAR:<\/strong><\/div>\n<div>C\u00f3digo de Protecci\u00f3n al Consumidor (CDC): La Ley N\u00b0 8.078, de 11 de septiembre de 1990, establece que la informaci\u00f3n proporcionada al consumidor debe ser clara y precisa. El art\u00edculo 31 del CDC exige que la publicidad y el etiquetado de los productos y servicios sean veraces y no induzcan a error al consumidor. Esto incluye asegurarse de que la informaci\u00f3n sobre la compatibilidad, la marca y las caracter\u00edsticas se describa correctamente para evitar malentendidos. El uso del t\u00e9rmino \u00abcompatible\u00bb tambi\u00e9n est\u00e1 regulado por los grandes mercados en el mercado para la catalogaci\u00f3n adecuada de productos y la aplicaci\u00f3n automotriz.   <\/div>\n","protected":false},"excerpt":{"rendered":"<p>8000.7691-COM. Compatible con: F000BL04K1, F000BL04K2, 7005776C91, F000BL04K1 .  Marca: COM Automotive &#8211; Producto con calidad y dise\u00f1o originales.<\/p>\n","protected":false},"featured_media":21072,"comment_status":"open","ping_status":"closed","template":"","meta":[],"product_brand":[],"product_cat":[8109],"product_tag":[15042,33706,33708,33707,15040,15041],"class_list":{"0":"post-21612","1":"product","2":"type-product","3":"status-publish","4":"has-post-thumbnail","6":"product_cat-alternador-es-2","7":"product_tag-7005776c91-es","8":"product_tag-8000-7691-com-es","9":"product_tag-80007691-es","10":"product_tag-80007691-com-es","11":"product_tag-f000bl04k1-es","12":"product_tag-f000bl04k2-es","14":"first","15":"instock","16":"taxable","17":"shipping-taxable","18":"purchasable","19":"product-type-simple"},"_links":{"self":[{"href":"https:\/\/com-automotive.com\/es\/wp-json\/wp\/v2\/product\/21612","targetHints":{"allow":["GET"]}}],"collection":[{"href":"https:\/\/com-automotive.com\/es\/wp-json\/wp\/v2\/product"}],"about":[{"href":"https:\/\/com-automotive.com\/es\/wp-json\/wp\/v2\/types\/product"}],"replies":[{"embeddable":true,"href":"https:\/\/com-automotive.com\/es\/wp-json\/wp\/v2\/comments?post=21612"}],"wp:featuredmedia":[{"embeddable":true,"href":"https:\/\/com-automotive.com\/es\/wp-json\/wp\/v2\/media\/21072"}],"wp:attachment":[{"href":"https:\/\/com-automotive.com\/es\/wp-json\/wp\/v2\/media?parent=21612"}],"wp:term":[{"taxonomy":"product_brand","embeddable":true,"href":"https:\/\/com-automotive.com\/es\/wp-json\/wp\/v2\/product_brand?post=21612"},{"taxonomy":"product_cat","embeddable":true,"href":"https:\/\/com-automotive.com\/es\/wp-json\/wp\/v2\/product_cat?post=21612"},{"taxonomy":"product_tag","embeddable":true,"href":"https:\/\/com-automotive.com\/es\/wp-json\/wp\/v2\/product_tag?post=21612"}],"curies":[{"name":"wp","href":"https:\/\/api.w.org\/{rel}","templated":true}]}}