{"id":21611,"date":"2024-11-12T17:00:53","date_gmt":"2024-11-12T20:00:53","guid":{"rendered":"https:\/\/com-automotive.com\/alternador-de-f000bl06r2-f000bl06r1-re575254-compatible-de-12v-120a-8pk-para-jdeere\/"},"modified":"2024-11-12T17:00:53","modified_gmt":"2024-11-12T20:00:53","slug":"alternador-de-f000bl06r2-f000bl06r1-re575254-compatible-de-12v-120a-8pk-para-jdeere","status":"publish","type":"product","link":"https:\/\/com-automotive.com\/es\/alternador-de-f000bl06r2-f000bl06r1-re575254-compatible-de-12v-120a-8pk-para-jdeere\/","title":{"rendered":"Alternador de F000BL06R2 F000BL06R1 RE575254 compatible de 12V 120A 8PK para JDeere<span class=\"product-sku\" style=\"display: block; font-size: 0.85em; color: #777; margin-top: 5px; margin-bottom: 5px;\">SKU: 8000.2554-COM<\/span>"},"content":{"rendered":"<h1><strong>COM-AUTOMOTIVE, producto con Calidad y Dise\u00f1o Original.<\/strong><\/h1>\n<p>Alternador de F000BL06R2 F000BL06R1 RE575254 compatible de 12V 120A 8PK para JDeere<\/p>\n<h2>Preguntas m\u00e1s frecuentes<\/h2>\n<h3><strong>\u00bfCu\u00e1les son las referencias cruzadas?<\/strong><\/h3>\n<p>F000BL06R1, F000BL06R2, RE575254, EURO 70709<\/p>\n<h2><strong>Tabla de aplicaci\u00f3n<\/strong><\/h2>\n<p>JOHN DEERE 7225 J, JOHN DEERE 6068 HDIESEL, 2010-2023.<br \/>\nJOHN DEERE 6180 J, JOHN DEERE 6068 HDIESEL, 2011-2023.<br \/>\nJOHN DEERE 6145 J, JOHN DEERE 6068 TDIESEL, 2010-2023.<br \/>\nJOHN DEERE 1175 , JOHN DEERE 6068 T 6.8 L 12V SOHV L6 DIESEL, 1998-2014.<br \/>\nJOHN DEERE 7210 J, JOHN DEERE 6068 HDIESEL, 2012-2023.<br \/>\nJOHN DEERE 7515 4X4 , JOHN DEERE 6068 T 6.8 L 12V SOHV L6 DIESEL, 2005-2010.<br \/>\nJOHN DEERE 7195 J, JOHN DEERE 6068 HDIESEL, 2012-2023.<br \/>\nJOHN DEERE 6165 J, JOHN DEERE 6068 HDIESEL, 2010-2023.<br \/>\nJOHN DEERE 6125J 4X4 , JOHN DEERE 6068 TDIESEL, 2010-2016.<br \/>\nJOHN DEERE 7505 4X4 , JOHN DEERE 6068 T 6.8 L 12V SOHV L6 DIESEL, 2002-2006.<br \/>\nJOHN DEERE 1450 , JOHN DEERE 6068 T 6.8 L 12V SOHV L6 DIESEL, 2001-2010.<br \/>\nJOHN DEERE 7500 4X4 , JOHN DEERE 6059 T 6.4 L 12V SOHV L6 DIESEL, 1996-2002.<br \/>\nJOHN DEERE 9470, JOHN DEERE 6068 TDIESEL, 2010-2014.<br \/>\nJOHN DEERE 6600 4X4 , JOHN DEERE 6068 T 6.8 L 12V SOHV L6 DIESEL, 1996-2003.<br \/>\nJOHN DEERE 6605 4X4 , JOHN DEERE 6068 T 6.8 L 12V SOHV L6 DIESEL, 2002-2006.<br \/>\nJOHN DEERE 7715 4X4, JOHN DEERE 6068 TDIESEL, 2007-2012.<br \/>\nJOHN DEERE 6615 4X4 , JOHN DEERE 6068 TDIESEL, 2005-2012.<br \/>\nJOHN DEERE 7815 4X4 , JOHN DEERE 6068 TDIESEL, 2005-2013.<br \/>\nJOHN DEERE 6205 J, JOHN DEERE 6068 HDIESEL, 2014-2023.<br \/>\nJOHN DEERE 6130 J, JOHN DEERE 6068 TDIESEL, 2015-2023.<br \/>\nJOHN DEERE 1470, JOHN DEERE 6068 TDIESEL, 2009-2014.<br \/>\nJOHN DEERE 1185 , JOHN DEERE 6068 T 6.8 L 12V SOHV L6 DIESEL, 1998-2002.<br \/>\nJOHN DEERE 7185 4X4 , JOHN DEERE 6068 TDIESEL, 2010-2013.<br \/>\nJOHN DEERE 7205 4X4 , JOHN DEERE 6068 TDIESEL, 2010-2013.<br \/>\nJOHN DEERE 1165 , JOHN DEERE 6068 T 6.8 L 12V SOHV L6 DIESEL, 1998-2007.<br \/>\nJOHN DEERE 7810 4X4 , JOHN DEERE 6068 T 6.8 L 12V SOHV L6 DIESEL, 2001-2003.<br \/>\nJOHN DEERE 7500 4X4 , JOHN DEERE 6068 T 6.8 L 12V SOHV L6 DIESEL, 2007-2007.<\/p>\n<div><strong>ATENCI\u00d3N:<\/strong><\/div>\n<div>Recomendamos que el producto sea instalado por un profesional formado y especializado.<\/div>\n<div>S\u00f3lo compra este producto si est\u00e1s seguro de que es compatible con tu veh\u00edculo. Si tienes alguna duda, no dudes en ponerte en contacto con nosotros. Nuestro horario de apertura es de lunes a viernes de 8 a 18 h.<\/div>\n<div><\/div>\n<div><strong>SOBRE NOSOTROS:<\/strong><\/div>\n<div>COM Automotive est\u00e1 especializada en piezas de autom\u00f3vil de dise\u00f1o original para el sector de la reparaci\u00f3n posventa, clientes industriales y fabricantes de veh\u00edculos especiales OEM.<\/div>\n<div>Nuestro equipo tiene m\u00e1s de 28 a\u00f1os de experiencia en la fabricaci\u00f3n y el suministro de piezas de automoci\u00f3n a escala mundial.<\/div>\n<div>Nuestra <strong>MISI\u00d3N <\/strong> es ofrecer productos de dise\u00f1o original con una calidad impecable y una sustituci\u00f3n personalizada.<\/div>\n<div>Nuestra <strong>VISI\u00d3N<\/strong> es promover el crecimiento y un valor inigualable para nuestros clientes.<\/div>\n<div><\/div>\n<div><strong>DISE\u00d1O ORIGINAL<\/strong><\/div>\n<div>El t\u00e9rmino \u00abDise\u00f1o Original\u00bb se refiere a la percepci\u00f3n \u00fanica e innovadora y a la propuesta de valor de los productos de COM Automotive, as\u00ed como a la experiencia ofrecida durante su compra. Esto abarca no solo el empaque y la est\u00e9tica del producto, sino tambi\u00e9n la autenticidad y creatividad de la marca. COM Automotive busca ofrecer productos de alta calidad que satisfagan las necesidades de la industria del mercado de repuestos, aline\u00e1ndose con su Visi\u00f3n, Misi\u00f3n y Valores.  <\/div>\n<div><\/div>\n<div><strong>NOTAR:<\/strong><\/div>\n<div>C\u00f3digo de Protecci\u00f3n al Consumidor (CDC): La Ley N\u00b0 8.078, de 11 de septiembre de 1990, establece que la informaci\u00f3n proporcionada al consumidor debe ser clara y precisa. El art\u00edculo 31 del CDC exige que la publicidad y el etiquetado de los productos y servicios sean veraces y no induzcan a error al consumidor. Esto incluye asegurarse de que la informaci\u00f3n sobre la compatibilidad, la marca y las caracter\u00edsticas se describa correctamente para evitar malentendidos. El uso del t\u00e9rmino \u00abcompatible\u00bb tambi\u00e9n est\u00e1 regulado por los grandes mercados en el mercado para la catalogaci\u00f3n adecuada de productos y la aplicaci\u00f3n automotriz.   <\/div>\n<p>\u00ab<\/p>\n","protected":false},"excerpt":{"rendered":"<p>8000.2554-COM. Compatible con: F000BL06R1, F000BL06R2, RE575254, EURO 70709 .  Marca: COM Automotive &#8211; Producto con calidad y dise\u00f1o originales.<\/p>\n","protected":false},"featured_media":21080,"comment_status":"open","ping_status":"closed","template":"","meta":[],"product_brand":[],"product_cat":[8109],"product_tag":[33703,33704,33705,33702,33699,33700,33701],"class_list":{"0":"post-21611","1":"product","2":"type-product","3":"status-publish","4":"has-post-thumbnail","6":"product_cat-alternador-es-2","7":"product_tag-8000-2554-com-es","8":"product_tag-80002554-es","9":"product_tag-80002554-com-es","10":"product_tag-euro-70709-es","11":"product_tag-f000bl06r1-es","12":"product_tag-f000bl06r2-es","13":"product_tag-re575254-es","15":"first","16":"instock","17":"taxable","18":"shipping-taxable","19":"purchasable","20":"product-type-simple"},"_links":{"self":[{"href":"https:\/\/com-automotive.com\/es\/wp-json\/wp\/v2\/product\/21611","targetHints":{"allow":["GET"]}}],"collection":[{"href":"https:\/\/com-automotive.com\/es\/wp-json\/wp\/v2\/product"}],"about":[{"href":"https:\/\/com-automotive.com\/es\/wp-json\/wp\/v2\/types\/product"}],"replies":[{"embeddable":true,"href":"https:\/\/com-automotive.com\/es\/wp-json\/wp\/v2\/comments?post=21611"}],"wp:featuredmedia":[{"embeddable":true,"href":"https:\/\/com-automotive.com\/es\/wp-json\/wp\/v2\/media\/21080"}],"wp:attachment":[{"href":"https:\/\/com-automotive.com\/es\/wp-json\/wp\/v2\/media?parent=21611"}],"wp:term":[{"taxonomy":"product_brand","embeddable":true,"href":"https:\/\/com-automotive.com\/es\/wp-json\/wp\/v2\/product_brand?post=21611"},{"taxonomy":"product_cat","embeddable":true,"href":"https:\/\/com-automotive.com\/es\/wp-json\/wp\/v2\/product_cat?post=21611"},{"taxonomy":"product_tag","embeddable":true,"href":"https:\/\/com-automotive.com\/es\/wp-json\/wp\/v2\/product_tag?post=21611"}],"curies":[{"name":"wp","href":"https:\/\/api.w.org\/{rel}","templated":true}]}}