{"id":21610,"date":"2024-11-12T17:01:07","date_gmt":"2024-11-12T20:01:07","guid":{"rendered":"https:\/\/com-automotive.com\/alternador-12v-90a-8pk-58-8mm-compatible-con-f000bl0466-2p0903015d-para-volksbus-8150-eod-2008\/"},"modified":"2024-11-12T17:01:07","modified_gmt":"2024-11-12T20:01:07","slug":"alternador-12v-90a-8pk-58-8mm-compatible-con-f000bl0466-2p0903015d-para-volksbus-8150-eod-2008","status":"publish","type":"product","link":"https:\/\/com-automotive.com\/es\/alternador-12v-90a-8pk-58-8mm-compatible-con-f000bl0466-2p0903015d-para-volksbus-8150-eod-2008\/","title":{"rendered":"Alternador 12V 90A 8PK 58.8mm Compatible con F000BL0466 2P0903015D para VolksBus 8150 EOD 2008&gt;<span class=\"product-sku\" style=\"display: block; font-size: 0.85em; color: #777; margin-top: 5px; margin-bottom: 5px;\">SKU: 8000.0466-COM<\/span>"},"content":{"rendered":"<h1><strong>COM-AUTOMOTIVE, producto con Calidad y Dise\u00f1o Original.<\/strong><\/h1>\n<p>Alternador 12V 90A 8PK 58.8mm Compatible con F000BL0466 2P0903015D para VolksBus 8150 EOD 2008&gt;<\/p>\n<h2>Preguntas m\u00e1s frecuentes<\/h2>\n<h3><strong>\u00bfCu\u00e1les son las referencias cruzadas?<\/strong><\/h3>\n<p>F000BL0465, F000BL0466, 2P0903015D, F000BL0465, ZEN 41046, 063533200010, 8EL012427221,8EL737811001<\/p>\n<h2><strong>Tabla de aplicaci\u00f3n<\/strong><\/h2>\n<p>VOLKSWAGEN DELIVERY 8-160 , CUMMINS ISF 3.8 ISF 3.8 3.8 L 16V SOHV L4 DIESEL, 2012-2023.<br \/>\nVOLKSWAGEN ENTREGA 8-150 E , MWM SPRINT EURO 3 4.08 TCE 3.0 L 12V SOHC L4 DIESEL, 2005-2019.<br \/>\nVOLKSWAGEN ENTREGA 11-180 , CUMMINS ISF 3.8 ISF 3.8 3.8 L 16V SOHV L4 DIESEL, 2017-2023.<br \/>\nVOLKSWAGEN ENTREGA 9-170 , CUMMINS ISF 3.8 ISF 3.8 3.8 L 16V SOHV L4 DIESEL, 2017-2023.<br \/>\nVOLKSWAGEN ENTREGA 10-160 , CUMMINS ISF 3.8 ISF 3.8 3.8 L 16V SOHV L4 DIESEL, 2013-2023.<br \/>\nVOLKSWAGEN 15.190 EOD, MWM SERIE 12, X12 4.12 TCE ACTEON 4.8 L 8V SOHV L4 DIESEL, 2006-2012.<br \/>\nVOLKSWAGEN CONSTELLATION 13-180 , MWM SERIE 12, X12 4.12 TCE ACTEON 4.8 L 8V SOHV L4 DIESEL, 2006-2018.<br \/>\nVOLKSWAGEN 9.150 EOD, MWM SERIE 12, X12 4.12 TCE ACTEON 4.8 L 8V SOHV L4 DIESEL, 2004-2012.<br \/>\nVOLKSWAGEN DELIVERY 9-160 , CUMMINS ISF 3.8 ISF 3.8 3.8 L 16V SOHV L4 DIESEL, 2012-2020.<br \/>\nVOLKSWAGEN CONSTELLATION 15-180 , MWM SERIE 12, X12 4.12 TCE ACTEON 4.8 L 8V SOHV L4 DIESEL, 2006-2017.<br \/>\nVOLKSWAGEN ENTREGA 5-140 E , MWM SPRINT EURO 3 4.08 TCE 3.0 L 12V SOHC L4 DIESEL, 2006-2017.<br \/>\nVOLKSWAGEN 9.160 OD PLUS , CUMMINS ISF 3.8 ISF 3.8 3.8 L 16V SOHV L4 DIESEL, 2012-2023.<br \/>\nVOLKSWAGEN ENTREGA 5-150 , CUMMINS ISF 3.8 ISF 3.8 3.8 L 16V SOHV L4 DIESEL, 2012-2023.<br \/>\nVOLKSWAGEN 9.160 OD , CUMMINS ISF 3.8 ISF 3.8 3.8 L 16V SOHV L4 DIESEL, 2015-2023.<br \/>\nVOLKSWAGEN 8.160 OD , CUMMINS ISF 3.8 ISF 3.8 3.8 L 16V SOHV L4 DIESEL, 2012-2023.<br \/>\nVOLKSWAGEN ENTREGA 13-180 , CUMMINS ISF 3.8 ISF 3.8 3.8 L 16V SOHV L4 DIESEL, 2018-2023.<br \/>\nVOLKSWAGEN 8.160 ODR , CUMMINS ISF 3.8 ISF 3.8 3.8 L 16V SOHV L4 DIESEL, 2015-2018.<br \/>\nVOLKSWAGEN 15.180 EOD, MWM SERIE 12, X12 4.12 TCE ACTEON 4.8 L 8V SOHV L4 DIESEL, 2004-2007.<br \/>\nVOLKSWAGEN WORKER 15-180 E , MWM SERIE 12, X12 4.12 TCE ACTEON 4.8 L 8V SOHV L4 DIESEL, 2005-2019.<br \/>\nVOLKSWAGEN DELIVERY 10-160 PLUS , CUMMINS ISF 3.8 ISF 3.8 3.8 L 16V SOHV L4 DIESEL, 2013-2018.<br \/>\nVOLKSWAGEN WORKER 13-180 E, MWM SERIE 12, X12 4.12 TCE ACTEON 4.8 L 8V SOHV L4 DIESEL, 2005-2007.<br \/>\nVOLKSWAGEN ENTREGA 13-160 , CUMMINS ISF 3.8 ISF 3.8 3.8 L 16V SOHV L4 DIESEL, 2016-2019.<br \/>\nVOLKSWAGEN 8.160 OD PB , CUMMINS ISF 3.8 ISF 3.8 3.8 L 16V SOHV L4 DIESEL, 2015-2018.<br \/>\nVOLKSWAGEN 9.160 ODS , CUMMINS ISF 3.8 ISF 3.8 3.8 L 16V SOHV L4 DIESEL, 2019-2023.<br \/>\nVOLKSWAGEN 5.150 OD , CUMMINS ISF 3.8 ISF 3.8 3.8 L 16V SOHV L4 DIESEL, 2013-2018.<br \/>\nVOLKSWAGEN ENTREGA 9-160 FNDE , CUMMINS ISF 160 ISF 3.8 3.8 L 16V SOHV L4 DIESEL, 2020-2023.<br \/>\nVOLKSWAGEN 8.150 EOD , MWM SPRINT EURO 3 4.08 TCE 3.0 L 12V SOHC L4 DIESEL, 2004-2010.<br \/>\nVOLKSWAGEN 5.140 EOD , MWM SPRINT EURO 3 4.08 TCE 3.0 L 12V SOHC L4 DIESEL, 2005-2010.<br \/>\nVOLKSWAGEN 8-160 ECE , CUMMINS ISF 3.8 ISF 3.8 3.8 L 16V SOHV L4 DIESEL, 2015-2018.<br \/>\nVOLKSWAGEN 8.150 EOD, MWM SERIE 12, X12 4.12 TCE ACTEON 4.8 L 8V SOHV L4 DIESEL, 2004-2009.<br \/>\nVOLKSWAGEN 9-160 ECE , CUMMINS ISF 3.8 ISF 3.8 3.8 L 16V SOHV L4 DIESEL, 2016-2019.<br \/>\nVOLKSWAGEN 8.160 OD PB PISO BAJO , CUMMINS ISF 3.8 ISF 3.8 3.8 L 16V SOHV L4 DIESEL, 2017-2019.<br \/>\nVOLKSWAGEN 8.160 ODS LE , CUMMINS ISF 3.8 ISF 3.8 3.8 L 16V SOHV L4 DIESEL, 2021-2023.<br \/>\nVOLKSWAGEN 5-150 ECE , CUMMINS ISF 3.8 ISF 3.8 3.8 L 16V SOHV L4 DIESEL, 2016-2016.<\/p>\n<div><strong>ATENCI\u00d3N:<\/strong><\/div>\n<div>Recomendamos que el producto sea instalado por un profesional formado y especializado.<\/div>\n<div>S\u00f3lo compra este producto si est\u00e1s seguro de que es compatible con tu veh\u00edculo. Si tienes alguna duda, no dudes en ponerte en contacto con nosotros. Nuestro horario de apertura es de lunes a viernes de 8 a 18 h.<\/div>\n<div><\/div>\n<div><strong>SOBRE NOSOTROS:<\/strong><\/div>\n<div>COM Automotive est\u00e1 especializada en piezas de autom\u00f3vil de dise\u00f1o original para el sector de la reparaci\u00f3n posventa, clientes industriales y fabricantes de veh\u00edculos especiales OEM.<\/div>\n<div>Nuestro equipo tiene m\u00e1s de 28 a\u00f1os de experiencia en la fabricaci\u00f3n y el suministro de piezas de automoci\u00f3n a escala mundial.<\/div>\n<div>Nuestra <strong>MISI\u00d3N <\/strong> es ofrecer productos de dise\u00f1o original con una calidad impecable y una sustituci\u00f3n personalizada.<\/div>\n<div>Nuestra <strong>VISI\u00d3N<\/strong> es promover el crecimiento y un valor inigualable para nuestros clientes.<\/div>\n<div><\/div>\n<div><strong>DISE\u00d1O ORIGINAL<\/strong><\/div>\n<div>El t\u00e9rmino \u00abDise\u00f1o Original\u00bb se refiere a la percepci\u00f3n \u00fanica e innovadora y a la propuesta de valor de los productos de COM Automotive, as\u00ed como a la experiencia ofrecida durante su compra. Esto abarca no solo el empaque y la est\u00e9tica del producto, sino tambi\u00e9n la autenticidad y creatividad de la marca. COM Automotive busca ofrecer productos de alta calidad que satisfagan las necesidades de la industria del mercado de repuestos, aline\u00e1ndose con su Visi\u00f3n, Misi\u00f3n y Valores.  <\/div>\n<div><\/div>\n<div><strong>NOTAR:<\/strong><\/div>\n<div>C\u00f3digo de Protecci\u00f3n al Consumidor (CDC): La Ley N\u00b0 8.078, de 11 de septiembre de 1990, establece que la informaci\u00f3n proporcionada al consumidor debe ser clara y precisa. El art\u00edculo 31 del CDC exige que la publicidad y el etiquetado de los productos y servicios sean veraces y no induzcan a error al consumidor. Esto incluye asegurarse de que la informaci\u00f3n sobre la compatibilidad, la marca y las caracter\u00edsticas se describa correctamente para evitar malentendidos. El uso del t\u00e9rmino \u00abcompatible\u00bb tambi\u00e9n est\u00e1 regulado por los grandes mercados en el mercado para la catalogaci\u00f3n adecuada de productos y la aplicaci\u00f3n automotriz.   <\/div>\n","protected":false},"excerpt":{"rendered":"<p>8000.0466-COM. Compatible con: F000BL0465, F000BL0466, 2P0903015D, F000BL0465, ZEN 41046, 063533200010, 8EL012427221,8EL737811001.  Marca: COM Automotive &#8211; Producto con calidad y dise\u00f1o originales.<\/p>\n","protected":false},"featured_media":21064,"comment_status":"open","ping_status":"closed","template":"","meta":[],"product_brand":[],"product_cat":[8109],"product_tag":[33693,33051,33696,33698,33697,33694,33695,33690,33691,33692],"class_list":{"0":"post-21610","1":"product","2":"type-product","3":"status-publish","4":"has-post-thumbnail","6":"product_cat-alternador-es-2","7":"product_tag-063533200010-es","8":"product_tag-2p0903015d-es","9":"product_tag-8000-0466-com-es","10":"product_tag-80000466-es","11":"product_tag-80000466-com-es","12":"product_tag-8el012427221-es","13":"product_tag-8el737811001-es","14":"product_tag-f000bl0465-es","15":"product_tag-f000bl0466-es","16":"product_tag-zen-41046-es","18":"first","19":"instock","20":"taxable","21":"shipping-taxable","22":"purchasable","23":"product-type-simple"},"_links":{"self":[{"href":"https:\/\/com-automotive.com\/es\/wp-json\/wp\/v2\/product\/21610","targetHints":{"allow":["GET"]}}],"collection":[{"href":"https:\/\/com-automotive.com\/es\/wp-json\/wp\/v2\/product"}],"about":[{"href":"https:\/\/com-automotive.com\/es\/wp-json\/wp\/v2\/types\/product"}],"replies":[{"embeddable":true,"href":"https:\/\/com-automotive.com\/es\/wp-json\/wp\/v2\/comments?post=21610"}],"wp:featuredmedia":[{"embeddable":true,"href":"https:\/\/com-automotive.com\/es\/wp-json\/wp\/v2\/media\/21064"}],"wp:attachment":[{"href":"https:\/\/com-automotive.com\/es\/wp-json\/wp\/v2\/media?parent=21610"}],"wp:term":[{"taxonomy":"product_brand","embeddable":true,"href":"https:\/\/com-automotive.com\/es\/wp-json\/wp\/v2\/product_brand?post=21610"},{"taxonomy":"product_cat","embeddable":true,"href":"https:\/\/com-automotive.com\/es\/wp-json\/wp\/v2\/product_cat?post=21610"},{"taxonomy":"product_tag","embeddable":true,"href":"https:\/\/com-automotive.com\/es\/wp-json\/wp\/v2\/product_tag?post=21610"}],"curies":[{"name":"wp","href":"https:\/\/api.w.org\/{rel}","templated":true}]}}