{"id":21158,"date":"2024-11-12T17:09:23","date_gmt":"2024-11-12T20:09:23","guid":{"rendered":"https:\/\/com-automotive.com\/alternador-12v-80a-c-polea-compatible-con-0124315033-at01010039-para-toyota-hilux-pitbull-2-5-3-0-16v-ano0515\/"},"modified":"2025-02-27T17:07:05","modified_gmt":"2025-02-27T20:07:05","slug":"alternador-12v-80a-c-polea-compatible-con-0124315033-at01010039-para-toyota-hilux-pitbull-2-5-3-0-16v-ano0515","status":"publish","type":"product","link":"https:\/\/com-automotive.com\/es\/alternador-12v-80a-c-polea-compatible-con-0124315033-at01010039-para-toyota-hilux-pitbull-2-5-3-0-16v-ano0515\/","title":{"rendered":"Alternador 12V 80A c\/polea compatible con 0124315033 AT01010039 para Toyota Hilux Pitbull 2.5 3.0 16V a\u00f1o05&gt;15<span class=\"product-sku\" style=\"display: block; font-size: 0.85em; color: #777; margin-top: 5px; margin-bottom: 5px;\">SKU: 8000.5034P-COM<\/span>"},"content":{"rendered":"<h1><strong>COM-AUTOMOTIVE, producto con Calidad y Dise\u00f1o Original.<\/strong><\/h1>\n<p>Alternador 12V 80A c\/polea compatible con 0124315033 AT01010039 para Toyota Hilux Pitbull 2.5 3.0 16V year05&gt;15<\/p>\n<h2>Preguntas m\u00e1s frecuentes<\/h2>\n<h3><strong>\u00bfCu\u00e1les son las referencias cruzadas de este producto de la marca COM Automotive?<\/strong><\/h3>\n<p>0124315046, 0124315033, 270600L040, 270600L020, 270600L021, 270600L022, 270600L030, 270600L050, 270600L060, 270600L060B, 270600L060C, 2706030040, 2706030050, 2706030120, 2706030150, 2706030151, 0124315034, 0124315046, 0124315033, 101N10017, 27600L020, D10233, ZEN 41005, ZM 9010811, EURO 70008, 8EL011711331, DITA 10133, 23313N<\/p>\n<h2><strong>Tabla de aplicaci\u00f3n<\/strong><\/h2>\n<p>TOYOTA HILUX SRV 4X4 EN LA PARTE SUPERIOR, D4D 1KD-FTV 3.0L 16V DOHC L4 DIESEL, 2005-2013.<br \/>\nTOYOTA HILUX SW4 SRV AT, D4D 1KD-FTV 3.0L 16V DOHC L4 DIESEL, 2005-2012.<br \/>\nTOYOTA HILUX 3.0 LIMITED AT, D4D 1KD-FTV 3.0 L 16V DOHC L4 DIESEL, 2014-2015.<br \/>\nTOYOTA HILUX SRV 4X4 , D4D 1KD-FTV 3.0L 16V DOHC L4 DIESEL, 2005-2013.<br \/>\nTOYOTA HILUX DX AC 4X4 , D4D 1KD-FTV 3.0 L 16V DOHC L4 DIESEL, 2005-2013.<br \/>\nTOYOTA HILUX SRV 4X4 AT, D4D 1KD-FTV 3.0 L 16V DOHC L4 DIESEL, 2013-2015.<br \/>\nTOYOTA HILUX SR 4X4 , D4D 1KD-FTV 3.0 L 16V DOHC L4 DIESEL, 2005-2013.<br \/>\nTOYOTA HILUX TD DX ACPS, D4D 1KD-FTV 3.0L 16V DOHC L4 DIESEL, 2011-2013.<br \/>\nTOYOTA LAND CRUISER PRADO D-4D, 1KD-FTV 1KD-FTV 3.0L 16V DOHC L4 DIESEL, 2003-2010.<br \/>\nTOYOTA HILUX DX AC 4X2 , D4D 2KD-FTV 2.5L 16V DOHC L4 DIESEL, 2005-2011.<br \/>\nTOYOTA HILUX SW4 SRV MT , D4D 1KD-FTV 3.0L 16V DOHC L4 DIESEL, 2005-2010.<br \/>\nTOYOTA HILUX CD SRV TURBO, D4D 1KD-FTV 3.0L 16V DOHC L4 DIESEL, 2006-2007.<br \/>\nTOYOTA HILUX CD SRV AT TURBO , D4D 1KD-FTV 3.0 L 16V DOHC L4 DIESEL, 2007-2007.<\/p>\n<div><strong>ATENCI\u00d3N:<\/strong><\/div>\n<div>Recomendamos que el producto sea instalado por un profesional formado y especializado.<\/div>\n<div>S\u00f3lo compra este producto si est\u00e1s seguro de que es compatible con tu veh\u00edculo. Si tienes alguna duda, no dudes en ponerte en contacto con nosotros. Nuestro horario de apertura es de lunes a viernes de 8 a 18 h.<\/div>\n<div><\/div>\n<div><strong>SOBRE NOSOTROS:<\/strong><\/div>\n<div>COM Automotive est\u00e1 especializada en piezas de autom\u00f3vil de dise\u00f1o original para el sector de la reparaci\u00f3n posventa, clientes industriales y fabricantes de veh\u00edculos especiales OEM.<\/div>\n<div>Nuestro equipo tiene m\u00e1s de 28 a\u00f1os de experiencia en la fabricaci\u00f3n y el suministro de piezas de automoci\u00f3n a escala mundial.<\/div>\n<div>Nuestra <strong>MISI\u00d3N <\/strong> es ofrecer productos de dise\u00f1o original con una calidad impecable y una sustituci\u00f3n personalizada.<\/div>\n<div>Nuestra <strong>VISI\u00d3N<\/strong> es promover el crecimiento y un valor inigualable para nuestros clientes.<\/div>\n<div><\/div>\n<div><strong>DISE\u00d1O ORIGINAL<\/strong><\/div>\n<div>El t\u00e9rmino \u00abDise\u00f1o Original\u00bb se refiere a la percepci\u00f3n \u00fanica e innovadora y a la propuesta de valor de los productos de COM Automotive, as\u00ed como a la experiencia ofrecida durante su compra. Esto abarca no solo el empaque y la est\u00e9tica del producto, sino tambi\u00e9n la autenticidad y creatividad de la marca. COM Automotive busca ofrecer productos de alta calidad que satisfagan las necesidades de la industria del mercado de repuestos, aline\u00e1ndose con su Visi\u00f3n, Misi\u00f3n y Valores.  <\/div>\n<div><\/div>\n<div><strong>NOTAR:<\/strong><\/div>\n<div>C\u00f3digo de Protecci\u00f3n al Consumidor (CDC): La Ley N\u00b0 8.078, de 11 de septiembre de 1990, establece que la informaci\u00f3n proporcionada al consumidor debe ser clara y precisa. El art\u00edculo 31 del CDC exige que la publicidad y el etiquetado de los productos y servicios sean veraces y no induzcan a error al consumidor. Esto incluye asegurarse de que la informaci\u00f3n sobre la compatibilidad, la marca y las caracter\u00edsticas se describa correctamente para evitar malentendidos. El uso del t\u00e9rmino \u00abcompatible\u00bb tambi\u00e9n est\u00e1 regulado por los grandes mercados en el mercado para la catalogaci\u00f3n adecuada de productos y la aplicaci\u00f3n automotriz.   <\/div>\n","protected":false},"excerpt":{"rendered":"<p>8000.5034P-COM. Compatible con: 0124315046, 0124315033, 270600L040, 270600L020, 270600L021, 270600L022, 270600L030, 270600L050, 270600L060, 270600L060B, 270600L060C, 2706030040, 2706030050, 2706030120, 2706030150, 2706030151, 0124315034, 0124315046, 0124315033, 101N10017, 27600L020, D10233, ZEN 41005, ZM 9010811, EURO 70008, 8EL011711331, DITA 10133, 23313N.  Marca: COM Automotive &#8211; Producto con calidad y dise\u00f1o originales.<\/p>\n","protected":false},"featured_media":21159,"comment_status":"open","ping_status":"closed","template":"","meta":[],"product_brand":[],"product_cat":[8109],"product_tag":[12075,33336,12072,33337,33342,12077,12079,12081,12083,9651,12086,12089,12092,12094,12096,12099,12102,12105,12108,33338,33340,33339,33341,33343,12111,12116],"class_list":{"0":"post-21158","1":"product","2":"type-product","3":"status-publish","4":"has-post-thumbnail","6":"product_cat-alternador-es-2","7":"product_tag-0124315033-es","8":"product_tag-0124315034-es","9":"product_tag-0124315046-es","10":"product_tag-101n10017-es","11":"product_tag-23313n-es","12":"product_tag-270600l020-es","13":"product_tag-270600l021-es","14":"product_tag-270600l022-es","15":"product_tag-270600l030-es","16":"product_tag-270600l040-es","17":"product_tag-270600l050-es","18":"product_tag-270600l060-es","19":"product_tag-270600l060b-es","20":"product_tag-270600l060c-es","21":"product_tag-2706030040-es","22":"product_tag-2706030050-es","23":"product_tag-2706030120-es","24":"product_tag-2706030150-es","25":"product_tag-2706030151-es","26":"product_tag-27600l020-es","27":"product_tag-8el011711331-es","28":"product_tag-d10233-es","29":"product_tag-dita-10133-es","30":"product_tag-euro-70008-es","31":"product_tag-zen-41005-es","32":"product_tag-zm-9010811-es","34":"first","35":"instock","36":"taxable","37":"shipping-taxable","38":"purchasable","39":"product-type-simple"},"_links":{"self":[{"href":"https:\/\/com-automotive.com\/es\/wp-json\/wp\/v2\/product\/21158","targetHints":{"allow":["GET"]}}],"collection":[{"href":"https:\/\/com-automotive.com\/es\/wp-json\/wp\/v2\/product"}],"about":[{"href":"https:\/\/com-automotive.com\/es\/wp-json\/wp\/v2\/types\/product"}],"replies":[{"embeddable":true,"href":"https:\/\/com-automotive.com\/es\/wp-json\/wp\/v2\/comments?post=21158"}],"wp:featuredmedia":[{"embeddable":true,"href":"https:\/\/com-automotive.com\/es\/wp-json\/wp\/v2\/media\/21159"}],"wp:attachment":[{"href":"https:\/\/com-automotive.com\/es\/wp-json\/wp\/v2\/media?parent=21158"}],"wp:term":[{"taxonomy":"product_brand","embeddable":true,"href":"https:\/\/com-automotive.com\/es\/wp-json\/wp\/v2\/product_brand?post=21158"},{"taxonomy":"product_cat","embeddable":true,"href":"https:\/\/com-automotive.com\/es\/wp-json\/wp\/v2\/product_cat?post=21158"},{"taxonomy":"product_tag","embeddable":true,"href":"https:\/\/com-automotive.com\/es\/wp-json\/wp\/v2\/product_tag?post=21158"}],"curies":[{"name":"wp","href":"https:\/\/api.w.org\/{rel}","templated":true}]}}